{"id":9528,"date":"2025-04-20T14:21:30","date_gmt":"2025-04-20T14:21:30","guid":{"rendered":"https:\/\/sitepersojlc.fr\/?page_id=9528"},"modified":"2026-02-12T10:09:18","modified_gmt":"2026-02-12T10:09:18","slug":"actualites-paye-2025","status":"publish","type":"page","link":"https:\/\/sitepersojlc.fr\/?page_id=9528","title":{"rendered":"Actualit\u00e9s Paye 2025"},"content":{"rendered":"\n<p><\/p>\n\n\n\n<p><\/p>\n\n\n\n<h3 style=\"text-align: center;\">Les actualit\u00e9s de la paie en 2025<\/h3>\n\n\n\n<p><\/p>\n\n\n\n<p><\/p>\n\n\n\n<figure class=\"wp-block-image size-large\"><img decoding=\"async\" loading=\"lazy\" width=\"1024\" height=\"768\" src=\"https:\/\/sitepersojlc.fr\/wp-content\/uploads\/2025\/04\/MIMI-2-1024x768.jpg\" alt=\"\" class=\"wp-image-9529\" srcset=\"https:\/\/sitepersojlc.fr\/wp-content\/uploads\/2025\/04\/MIMI-2-1024x768.jpg 1024w, https:\/\/sitepersojlc.fr\/wp-content\/uploads\/2025\/04\/MIMI-2-300x225.jpg 300w, https:\/\/sitepersojlc.fr\/wp-content\/uploads\/2025\/04\/MIMI-2-768x576.jpg 768w, https:\/\/sitepersojlc.fr\/wp-content\/uploads\/2025\/04\/MIMI-2-1536x1152.jpg 1536w, https:\/\/sitepersojlc.fr\/wp-content\/uploads\/2025\/04\/MIMI-2.jpg 1728w\" sizes=\"(max-width: 1024px) 100vw, 1024px\" \/><\/figure>\n\n\n\n<p><\/p>\n\n\n\n<p><\/p>\n\n\n\n<h5 style=\"text-align: justify;\">Le 01\/05\/2025 la cotisation d&rsquo;Assurance Ch\u00f4mage passera de 4,05 % \u00e0 4%. La cotisation AGS restant \u00e0 0,25 % . Avec comme cons\u00e9quence&nbsp; comme cela est indiqu\u00e9 ci-dessous la modification des param\u00e8tres T utilis\u00e9s dans le calcul de la RGCP. Vous trouverez toutes les explications n\u00e9cessaires dans le dossier <em>Comptabilisation d&rsquo;un Bulletin de Paie<\/em> et plus particuli\u00e8rement dans la feuille DISPATCH RGCP.<\/h5>\n\n\n\n<p><\/p>\n\n\n\n<p><\/p>\n\n\n\n<p>La valeur du param\u00e8tre T de la RGCP&nbsp; passera, pour le cas g\u00e9n\u00e9ral, de 0,3194 (avec FNAL de 0,10 %) et 0,3234 (avec FNAL de 0,50 %) \u00e0 0,3193 (FNAL de 0,10 %) et 0,3233 (FNAL de 0,50 %) \u00e0 effet du 1<sup>er<\/sup>&nbsp;mai 2025 <em>(cf ci-dessous les pr\u00e9cisions&nbsp; sur les&nbsp; \u00ab All\u00e9gements g\u00e9n\u00e9raux de cotisations patronales \u00bb)<\/em>.<\/p>\n<h5 style=\"text-align: justify;\">Or, la RGCP est une r\u00e9duction d\u00e9gressive dont le calcul est annualis\u00e9. Se pose donc, pour 2025, la question de la combinaison de ce principe avec le changement de param\u00e8tre T en cours d&rsquo;ann\u00e9e, en l&rsquo;occurrence au 1<sup>er<\/sup>&nbsp;mai.<\/h5>\n<h5 style=\"text-align: justify;\"><strong>M\u00e9thode 1&nbsp;: d\u00e9couper l&rsquo;ann\u00e9e en deux p\u00e9riodes. &#8211;<\/strong> Sur le principe, lorsque les taux des cotisations et contributions incluses dans le p\u00e9rim\u00e8tre de la RGCP \u00e9voluent en cours d\u2019ann\u00e9e et que la valeur de T est ajust\u00e9e en cons\u00e9quence, l&rsquo;administration consid\u00e8re que la r\u00e9duction aff\u00e9rente \u00e0 chacune des p\u00e9riodes doit se calculer comme s\u2019il s\u2019agissait de contrats diff\u00e9rents, en retenant pour chaque p\u00e9riode la valeur T applicable \u00e0 chacune d\u2019entre elles (BOSS, All\u00e8gements g\u00e9n\u00e9raux, \u00a7 460, 01\/01\/2025).<\/h5>\n<h5 style=\"text-align: justify;\">Les calculs effectu\u00e9s au titre de la premi\u00e8re et de la seconde p\u00e9riode sont d\u00e9finitifs et ne font pas l\u2019objet d\u2019une r\u00e9gularisation entre eux. Chaque p\u00e9riode est r\u00e9gularis\u00e9e de fa\u00e7on autonome.<\/h5>\n<p style=\"text-align: justify;\">Quid des primes ? Faut-t-il&nbsp;inclure une prime annuelle exclusivement dans la partie d&rsquo;ann\u00e9e durant laquelle elle est vers\u00e9e ou la r\u00e9partir ?).<\/p>\n<h5 style=\"text-align: justify;\"><strong>M\u00e9thode 2 (en 2025 uniquement)&nbsp;: calcul annualis\u00e9 avec un param\u00e8tre T en moyenne pond\u00e9r\u00e9e. &#8211;<\/strong> Par tol\u00e9rance (et uniquement en 2025), pour prendre en compte l\u2019\u00e9volution du param\u00e8tre T au 1<sup>er<\/sup>&nbsp;mai, il est aussi admis cette ann\u00e9e de calculer la RGCP annuelle en tenant compte de la moyenne pond\u00e9r\u00e9e des deux valeurs du param\u00e8tre T (avant et apr\u00e8s le 1<sup>er<\/sup>&nbsp;mai 2025) (BOSS, All\u00e8gements g\u00e9n\u00e9raux, \u00a7 460, 01\/01\/2025).<\/h5>\n<h5 style=\"text-align: justify;\">Il est ainsi possible, selon l&rsquo;administration, de calculer le montant annuel de la RGCP comme suit, en retenant T1 comme \u00e9tant la valeur du param\u00e8tre T applicable jusqu&rsquo;au 30&nbsp;avril&nbsp;2025 et T2 celle applicable \u00e0 partir de mai&nbsp;2025&nbsp;:<\/h5>\n<p>-montant annuel de la RGCP :&nbsp;r\u00e9mun\u00e9ration annuelle \u00d7 coefficient C annuel&nbsp;;<\/p>\n<p style=\"text-align: center;\">-coefficient C annuel :&nbsp;[((T1 \u00d7 nbre de mois au cours desquels T1 est applicable\/12) + (T2 \u00d7 nbre de mois au cours desquels T2 est applicable\/12))\/0,6] \u00d7 [(1,6 \u00d7 SMIC horaire \u00d7 1\u2009820\/r\u00e9mun\u00e9ration annuelle) \u2013 1 ].<\/p>\n<h5>Concernant l&rsquo;int\u00e9gration de la Prime de Partage de la Valeur Ajout\u00e9e d\u00e9sormais obligatoire (1 er Janvier 2025) dans la base de calcul une tol\u00e9rance existe de ne pas l&rsquo;int\u00e9grer pour les contrats se terminant avant le 1 er Mars 2025<\/h5>\n\n\n\n<h4 style=\"text-align: center;\">Rappel <\/h4>\n<p style=\"text-align: justify;\"><em>La LFSS a programm\u00e9, pour le 1<sup>er<\/sup>&nbsp;janvier 2026, la suppression des m\u00e9canismes de r\u00e9duction de taux sur les cotisations patronales maladie et allocations familiales. En contrepartie, on aura une RGCP reconfigur\u00e9e encore \u00e0 pr\u00e9ciser par d\u00e9cret, toujours d\u00e9gressive mais qui ne deviendra nulle qu&rsquo;au niveau de 3 SMIC.<\/em><\/p>\n\n\n\n<p><\/p>\n\n\n\n<h3 style=\"text-align: center;\"><strong>Le 07\/04\/2025<\/strong><\/h3>\n<h3 style=\"text-align: center;\"><em>All\u00e9gements g\u00e9n\u00e9raux de cotisations patronales&nbsp;: le d\u00e9cret sur le param\u00e9trage 2025<\/em><\/h3>\n<p style=\"text-align: justify;\"><em>NB. Les pr\u00e9cisions qui suivent avaient \u00e9t\u00e9 anticip\u00e9es dans les Bulletins de Paie mis \u00e0 jour sur ce site en 2025 &#8211;&nbsp; en attendant d&rsquo;en savoir davantage sur les modalit\u00e9s pratiques du traitement de la modification au 01\/05&nbsp; du param\u00e8tre T de la RGCP (R\u00e9duction G\u00e9n\u00e9rale de Cotisations Patronales) , non encore int\u00e9gr\u00e9es dans les matrices propos\u00e9es. A suivre ce qu&rsquo;en dira le BOSS (Bulletin Officiel de la S\u00e9curit\u00e9 Sociale) .<\/em><\/p>\n<h4 style=\"text-align: justify;\">Attendu depuis la publication de la loi de financement de la s\u00e9curit\u00e9 sociale (LFSS) pour 2025, le d\u00e9cret fixant les param\u00e8tres de calcul pour 2025 de la r\u00e9duction g\u00e9n\u00e9rale de cotisations patronales, ainsi que les nouveaux points de sortie des dispositifs de r\u00e9duction de taux sur les cotisations patronales d&rsquo;assurance maladie et d&rsquo;allocations familiales, a \u00e9t\u00e9 publi\u00e9 au Journal officiel du dimanche 6&nbsp;avril&nbsp;2025. Pour la r\u00e9duction g\u00e9n\u00e9rale, le param\u00e8tre T \u00e9voluera au 1<sup>er<\/sup>&nbsp;mai 2025, de fa\u00e7on \u00e0 int\u00e9grer en une seule fois la baisse de la cotisation ch\u00f4mage et la hausse de la fraction de cotisation AT\/MP comprise dans le p\u00e9rim\u00e8tre de la r\u00e9duction. Prochaine \u00e9tape, attendue sur certains points&nbsp;: les pr\u00e9cisions de l&rsquo;administration via le Bulletin officiel de la s\u00e9curit\u00e9 sociale.<\/h4>\n\n\n\n<p><\/p>\n\n\n\n<h3 style=\"text-align: center;\"><em><strong>SMIC de r\u00e9f\u00e9rence pour le calcul de la r\u00e9duction g\u00e9n\u00e9rale de cotisations patronales<\/strong><\/em><\/h3>\n<h4 style=\"text-align: justify;\">Le&nbsp; taux du SMIC pris en compte pour calculer la r\u00e9duction g\u00e9n\u00e9rale est <strong>fig\u00e9 \u00e0 la valeur en vigueur au 1<sup>er<\/sup>&nbsp;janvier 2025<\/strong> (taux horaire de 11,88&nbsp;\u20ac, hors Mayotte)<\/h4>\n<h4 style=\"text-align: justify;\">Si d&rsquo;aventure le SMIC devait \u00e9voluer \u00e0 l&rsquo;avenir, cela ne se r\u00e9percutera pas sur la r\u00e9duction g\u00e9n\u00e9rale. \u00c0 l&rsquo;avenir, il appartiendra au gouvernement de d\u00e9cider ou non de le faire \u00e9voluer par d\u00e9cret.<\/h4>\n<p style=\"text-align: justify;\">Les<strong> valeurs du param\u00e8tre T pour l\u2019ann\u00e9e 2025<\/strong>, jusqu&rsquo;au 30&nbsp;avril puis \u00e0 compter du 1<sup>er<\/sup> mai, en distinguant selon que l&rsquo;entreprise est au FNAL de 0,10 % ou de 0,50 %. (cf la comptabilisation du bulletin de paie en 2025 pour de plus amples explications &#8211; \u00e0 venir dans le menu de ce nom )&nbsp;sont donn\u00e9es pour le cas g\u00e9n\u00e9ral (\u00e0 partir du 1<sup>er<\/sup> mai 2025, T = <strong>0,3193<\/strong> ou <strong>0,3233<\/strong>, au lieu de <strong>0,3194<\/strong> ou <strong>0,3234<\/strong>), mais aussi pour les professions au titre desquels les entreprises b\u00e9n\u00e9ficient de taux r\u00e9duits sur certaines cotisations de s\u00e9curit\u00e9 sociale (journalistes, professions m\u00e9dicales \u00e0 temps partiel, VRP multi-cartes).<\/p>\n<p style=\"text-align: justify;\">Les valeurs indiqu\u00e9es le sont <strong>pour une part patronale AGIRC-ARRCO de 6,01 points<\/strong>, hors taux ou r\u00e9partition d\u00e9rogatoires en AGIRC-ARRCO.<\/p>\n<p>On attend&nbsp; les <strong>pr\u00e9cisions de l&rsquo;administration<\/strong>, via le Bulletin officiel de la s\u00e9curit\u00e9 sociale (BOSS)&nbsp; sur les modalit\u00e9s de prise en compte du <strong>changement de param\u00e8tre T en cours d&rsquo;ann\u00e9e<\/strong> (1<sup>er<\/sup> mai 2025). Car plusieurs questions pratiques se posent :<\/p>\n<p>-devra-t-on d\u00e9couper l&rsquo;ann\u00e9e en deux, en consid\u00e9rant qu&rsquo;il y a en quelque sorte deux r\u00e9ductions sur l&rsquo;ann\u00e9e&nbsp;?<\/p>\n<p>-peut-on raisonner avec un param\u00e8tre T unique calcul\u00e9 sur la base d&rsquo;une moyenne&nbsp;?<\/p>\n<p>-que faire des sommes vers\u00e9es selon une p\u00e9riodicit\u00e9 diff\u00e9rente de celle de la paye, comme par exemple les primes annuelles&nbsp;?<\/p>\n<table>\n<tbody>\n<tr>\n<td colspan=\"5\">\n<p><strong>Tableau I &#8211; Param\u00e8tre T en 2025 (avec cas g\u00e9n\u00e9ral AGIRC-ARRCO) (1)<\/strong><\/p>\n<\/td>\n<\/tr>\n<tr>\n<td rowspan=\"2\">&nbsp;<\/td>\n<td colspan=\"2\">\n<p><strong>Avec FNAL de 0,10&nbsp;%<\/strong><\/p>\n<\/td>\n<td colspan=\"2\">\n<p><strong>Avec FNAL de 0,50&nbsp;%<\/strong><\/p>\n<\/td>\n<\/tr>\n<tr>\n<td>\n<p><strong>Jusqu&rsquo;au 30.04.2025<\/strong><\/p>\n<\/td>\n<td>\n<p><strong>\u00c0 partir du 1.05.2025<\/strong><\/p>\n<\/td>\n<td>\n<p><strong>Jusqu&rsquo;au 30.04.2025<\/strong><\/p>\n<\/td>\n<td>\n<p><strong>\u00c0 partir du 1.05.2025<\/strong><\/p>\n<\/td>\n<\/tr>\n<tr>\n<td>\n<p>Cas g\u00e9n\u00e9ral<\/p>\n<\/td>\n<td>\n<p>0,3194<\/p>\n<\/td>\n<td>\n<p>0,3193<\/p>\n<\/td>\n<td>\n<p>0,3234<\/p>\n<\/td>\n<td>\n<p>0,3233<\/p>\n<\/td>\n<\/tr>\n<tr>\n<td>\n<p>Journalistes (*)<\/p>\n<\/td>\n<td>\n<p>0,2905<\/p>\n<\/td>\n<td>\n<p>0,2903<\/p>\n<\/td>\n<td>\n<p>0,2945<\/p>\n<\/td>\n<td>\n<p>0,2943<\/p>\n<\/td>\n<\/tr>\n<tr>\n<td>\n<p>Professions m\u00e9dicales \u00e0 temps partiel (*)<\/p>\n<\/td>\n<td>\n<p>0,2938<\/p>\n<\/td>\n<td>\n<p>0,2937<\/p>\n<\/td>\n<td>\n<p>0,2978<\/p>\n<\/td>\n<td>\n<p>0,2977<\/p>\n<\/td>\n<\/tr>\n<tr>\n<td>\n<p>VRP multicartes (*)<\/p>\n<\/td>\n<td>\n<p>0,3029<\/p>\n<\/td>\n<td>\n<p>0,3028<\/p>\n<\/td>\n<td>\n<p>0,3069<\/p>\n<\/td>\n<td>\n<p>0,3068<\/p>\n<\/td>\n<\/tr>\n<tr>\n<td colspan=\"5\">\n<p><strong>R\u00e9partition du montant de la r\u00e9duction entre l\u2019URSSAF et l\u2019AGIRC-ARRCO<\/strong> (2)<\/p>\n<\/td>\n<\/tr>\n<\/tbody>\n<\/table>\n\n\n\n<table>\n<tbody>\n<tr>\n<td>\n<h3 style=\"text-align: center;\"><strong>La r\u00e9duction g\u00e9n\u00e9rale de cotisations patronales et la prime de partage de la valeur<\/strong><\/h3>\n<\/td>\n<\/tr>\n<tr>\n<td>\n<p>La LFSS contenait une autre mesure sur le calcul de la r\u00e9duction g\u00e9n\u00e9rale de cotisations patronales (RGCP) qui ne n\u00e9cessitait aucune pr\u00e9cision par d\u00e9cret, la loi se suffisant \u00e0 elle-m\u00eame sur ce point.<\/p>\n<p style=\"text-align: justify;\">Pour les cotisations et contributions dues au titre des p\u00e9riodes d\u2019activit\u00e9 courant \u00e0 partir du 1<sup>er<\/sup>&nbsp;janvier 2025, les <strong>primes de partage de la valeur<\/strong> (PPV), m\u00eame exon\u00e9r\u00e9es de cotisations, <strong>doivent \u00eatre int\u00e9gr\u00e9es \u00e0 la r\u00e9mun\u00e9ration brute utilis\u00e9e pour calculer la RGCP<\/strong>, tant au niveau de la formule de calcul du coefficient que de l&rsquo;assiette de la r\u00e9duction<\/p>\n<p>On sait que cette mesure est d\u00e9favorable aux employeurs&nbsp;<\/p>\n<p>\u00c0 titre de <strong>tol\u00e9rance<\/strong>, l&rsquo;administration admet que la prise en compte des PPV dans le calcul de la RGCP ne vaut pas pour les salari\u00e9s dont le contrat de travail a pris fin avant le 1<sup>er<\/sup> mars 2025 <\/p>\n<p>Dans tous les cas, rappelons que <strong>la RGCP est le seul all\u00e9gement<\/strong> dont le calcul doit d\u00e9sormais tenir compte de la PPV. Pour les autres dispositifs (r\u00e9ductions de taux sur les cotisations patronales d\u2019allocations familiales et d\u2019assurance maladie, r\u00e9ductions d\u00e9gressives sp\u00e9cifiques type LOD\u00e9OM, etc.), comme ant\u00e9rieurement, la PPV n\u2019est pas int\u00e9gr\u00e9e dans les calculs, sauf pour son \u00e9ventuelle fraction soumise \u00e0 cotisations de s\u00e9curit\u00e9 sociale.<\/p>\n<\/td>\n<\/tr>\n<\/tbody>\n<\/table>\n\n\n\n<p><\/p>\n\n\n\n<p><\/p>\n\n\n\n<table style=\"width: 100%; height: 1574px;\">\n<tbody>\n<tr style=\"height: 198px;\">\n<td style=\"height: 198px;\" colspan=\"3\">\n<h4 style=\"text-align: center;\"><em><strong>Cotisations patronales maladie et allocations familiales\u00a0: limites de salaire ouvrant droit aux r\u00e9ductions de taux<\/strong><\/em><\/h4>\n<\/td>\n<\/tr>\n<tr style=\"height: 196px;\">\n<td style=\"height: 196px;\">\u00a0<\/td>\n<td style=\"height: 196px;\">\n<p><strong>En 2024<\/strong><\/p>\n<\/td>\n<td style=\"height: 196px;\">\n<p><strong>En 2025 (apr\u00e8s r\u00e9forme)<\/strong><\/p>\n<\/td>\n<\/tr>\n<tr style=\"height: 590px;\">\n<td style=\"height: 590px;\">\n<p>Salaire plafond ouvrant droit \u00e0 la r\u00e9duction de taux sur la <strong>cotisation maladie<\/strong><\/p>\n<\/td>\n<td style=\"height: 590px;\">\n<p>\u2022 2,5 SMIC valeur 31.12.2023<\/p>\n<p>\u2022 Soit 52\u2009416\u00a0\u20ac par an (salari\u00e9 35\u00a0h pr\u00e9sent toute l&rsquo;ann\u00e9e sans incident de pr\u00e9sence)<\/p>\n<\/td>\n<td style=\"height: 590px;\">\n<p>\u2022 2,25 SMIC valeur 01.01.2025<\/p>\n<p>\u2022 Soit 48\u2009648,60\u00a0\u20ac par an (salari\u00e9 35\u00a0h pr\u00e9sent toute l&rsquo;ann\u00e9e sans incident de pr\u00e9sence)<\/p>\n<\/td>\n<\/tr>\n<tr style=\"height: 590px;\">\n<td style=\"height: 590px;\">\n<p>Salaire plafond ouvrant droit \u00e0 la r\u00e9duction de taux sur la <strong>cotisation d&rsquo;allocations familiales<\/strong><\/p>\n<\/td>\n<td style=\"height: 590px;\">\n<p>\u2022 3,5 SMIC valeur 31.12.2023<\/p>\n<p>\u2022 Soit 73\u2009382,40\u00a0\u20ac par an (salari\u00e9 35\u00a0h pr\u00e9sent toute l&rsquo;ann\u00e9e sans incident de pr\u00e9sence)<\/p>\n<\/td>\n<td style=\"height: 590px;\">\n<p>\u2022 3,3 SMIC valeur 01.01.2025<\/p>\n<p>\u2022 Soit 71\u2009351,28\u00a0\u20ac par an (salari\u00e9 35\u00a0h pr\u00e9sent toute l&rsquo;ann\u00e9e sans incident de pr\u00e9sence)<\/p>\n<\/td>\n<\/tr>\n<\/tbody>\n<\/table>\n\n\n\n<p><\/p>\n\n\n\n<p><\/p>\n\n\n\n<p><\/p>\n<div class=\"likebtn_container\" style=\"\"><!-- LikeBtn.com BEGIN --><span class=\"likebtn-wrapper\"  data-identifier=\"page_9528\"  data-site_id=\"6663fc396fd08b3d0b514646\"  data-lang=\"fr\"  data-style=\"\"  data-unlike_allowed=\"\"  data-show_copyright=\"\"  data-item_url=\"https:\/\/sitepersojlc.fr\/?page_id=9528\"  data-item_title=\"Actualit\u00e9s Paye 2025\"  data-item_date=\"2025-04-20T14:21:30+00:00\"  data-engine=\"WordPress\"  data-plugin_v=\"2.6.52\"  data-prx=\"https:\/\/sitepersojlc.fr\/wp-admin\/admin-ajax.php?action=likebtn_prx\"  data-event_handler=\"likebtn_eh\" ><\/span><!-- LikeBtn.com END --><\/div>","protected":false},"excerpt":{"rendered":"<p>Les actualit\u00e9s de la paie en 2025 Le 01\/05\/2025 la cotisation d&rsquo;Assurance Ch\u00f4mage passera de 4,05 % \u00e0 4%. La cotisation AGS restant \u00e0 0,25 % . Avec comme cons\u00e9quence&nbsp; comme cela est indiqu\u00e9 ci-dessous la modification des param\u00e8tres T utilis\u00e9s dans le calcul de la RGCP. Vous trouverez toutes les explications n\u00e9cessaires dans le [&hellip;]<\/p>\n<div class=\"likebtn_container\" style=\"\"><!-- LikeBtn.com BEGIN --><span class=\"likebtn-wrapper\"  data-identifier=\"page_9528\"  data-site_id=\"6663fc396fd08b3d0b514646\"  data-lang=\"fr\"  data-style=\"\"  data-unlike_allowed=\"\"  data-show_copyright=\"\"  data-item_url=\"https:\/\/sitepersojlc.fr\/?page_id=9528\"  data-item_title=\"Actualit\u00e9s Paye 2025\"  data-item_date=\"2025-04-20T14:21:30+00:00\"  data-engine=\"WordPress\"  data-plugin_v=\"2.6.52\"  data-prx=\"https:\/\/sitepersojlc.fr\/wp-admin\/admin-ajax.php?action=likebtn_prx\"  data-event_handler=\"likebtn_eh\" ><\/span><!-- LikeBtn.com END --><\/div>","protected":false},"author":1,"featured_media":0,"parent":0,"menu_order":0,"comment_status":"closed","ping_status":"closed","template":"","meta":{"om_disable_all_campaigns":false,"_uag_custom_page_level_css":"","_monsterinsights_skip_tracking":false,"_monsterinsights_sitenote_active":false,"_monsterinsights_sitenote_note":"","_monsterinsights_sitenote_category":0,"_uf_show_specific_survey":0,"_uf_disable_surveys":false,"footnotes":""},"aioseo_notices":[],"uagb_featured_image_src":{"full":false,"thumbnail":false,"medium":false,"medium_large":false,"large":false,"1536x1536":false,"2048x2048":false},"uagb_author_info":{"display_name":"lechev.1910@gmail.com","author_link":"https:\/\/sitepersojlc.fr\/?author=1"},"uagb_comment_info":0,"uagb_excerpt":"Les actualit\u00e9s de la paie en 2025 Le 01\/05\/2025 la cotisation d&rsquo;Assurance Ch\u00f4mage passera de 4,05 % \u00e0 4%. La cotisation AGS restant \u00e0 0,25 % . Avec comme cons\u00e9quence&nbsp; comme cela est indiqu\u00e9 ci-dessous la modification des param\u00e8tres T utilis\u00e9s dans le calcul de la RGCP. Vous trouverez toutes les explications n\u00e9cessaires dans le\u2026","_links":{"self":[{"href":"https:\/\/sitepersojlc.fr\/index.php?rest_route=\/wp\/v2\/pages\/9528"}],"collection":[{"href":"https:\/\/sitepersojlc.fr\/index.php?rest_route=\/wp\/v2\/pages"}],"about":[{"href":"https:\/\/sitepersojlc.fr\/index.php?rest_route=\/wp\/v2\/types\/page"}],"author":[{"embeddable":true,"href":"https:\/\/sitepersojlc.fr\/index.php?rest_route=\/wp\/v2\/users\/1"}],"replies":[{"embeddable":true,"href":"https:\/\/sitepersojlc.fr\/index.php?rest_route=%2Fwp%2Fv2%2Fcomments&post=9528"}],"version-history":[{"count":19,"href":"https:\/\/sitepersojlc.fr\/index.php?rest_route=\/wp\/v2\/pages\/9528\/revisions"}],"predecessor-version":[{"id":13421,"href":"https:\/\/sitepersojlc.fr\/index.php?rest_route=\/wp\/v2\/pages\/9528\/revisions\/13421"}],"wp:attachment":[{"href":"https:\/\/sitepersojlc.fr\/index.php?rest_route=%2Fwp%2Fv2%2Fmedia&parent=9528"}],"curies":[{"name":"wp","href":"https:\/\/api.w.org\/{rel}","templated":true}]}}