{"id":8875,"date":"2024-10-24T08:58:40","date_gmt":"2024-10-24T08:58:40","guid":{"rendered":"https:\/\/sitepersojlc.fr\/?page_id=8875"},"modified":"2025-12-29T20:57:08","modified_gmt":"2025-12-29T20:57:08","slug":"valeur-cible-maladie-maternite-2024","status":"publish","type":"page","link":"https:\/\/sitepersojlc.fr\/?page_id=8875","title":{"rendered":"Valeur Cible &#8211; Maladie &#8211; Maternit\u00e9 2025"},"content":{"rendered":"\n<p><\/p>\n\n\n\n<figure class=\"wp-block-image size-full\"><img decoding=\"async\" loading=\"lazy\" width=\"1024\" height=\"768\" src=\"https:\/\/sitepersojlc.fr\/wp-content\/uploads\/2024\/03\/abondance-1.jpg\" alt=\"\" class=\"wp-image-7554\" srcset=\"https:\/\/sitepersojlc.fr\/wp-content\/uploads\/2024\/03\/abondance-1.jpg 1024w, https:\/\/sitepersojlc.fr\/wp-content\/uploads\/2024\/03\/abondance-1-300x225.jpg 300w, https:\/\/sitepersojlc.fr\/wp-content\/uploads\/2024\/03\/abondance-1-768x576.jpg 768w\" sizes=\"(max-width: 1024px) 100vw, 1024px\" \/><\/figure>\n\n\n\n<p><\/p>\n\n\n\n<p><\/p>\n\n\n\n<h3 style=\"text-align: center;\"><strong>Chapitres 13 &#8211; 14&nbsp; &#8211; 15<\/strong>&nbsp;<\/h3>\n<h3 style=\"text-align: center;\">&nbsp;La Valeur Cible et Les Indemnit\u00e9s Journali\u00e8res de S\u00e9curit\u00e9 Sociale ( d\u00e9but)<\/h3>\n\n\n\n<p>&nbsp;<\/p>\n<p>&nbsp;<\/p>\n\n\n\n<h3 style=\"text-align: center;\"><strong>Chapitre 13<\/strong><\/h3>\n<h3 style=\"text-align: center;\"><strong>&nbsp; <\/strong><\/h3>\n<h3 style=\"text-align: center;\"><em>La Valeur Cible&nbsp;<\/em><\/h3>\n\n\n\n<p><\/p>\n\n\n\n<p><\/p>\n\n\n\n<p><\/p>\n\n\n\n<h4 style=\"text-align: center;\">Comment utiliser la fonction Excel \u00ab\u00a0Valeur Cible\u00a0\u00bb pour passer du Net \u00e0 payer au salaire brut&nbsp;<\/h4>\n<p>&nbsp;<\/p>\n\n\n\n<p><\/p>\n\n\n\n<p><\/p>\n\n\n\n<div class=\"wp-block-buttons is-content-justification-center is-layout-flex wp-container-1\">\n<div class=\"wp-block-button\"><a class=\"wp-block-button__link has-white-color has-vivid-green-cyan-background-color has-text-color has-background wp-element-button\" href=\"https:\/\/sitepersojlc.fr\/wp-content\/uploads\/2025\/12\/1.-VALEUR-CIBLE-1-2025.zip\" style=\"border-radius:100px\">Valeur Cible 1<\/a><\/div>\n\n\n\n<div class=\"wp-block-button\"><a class=\"wp-block-button__link has-white-color has-vivid-red-background-color has-text-color has-background wp-element-button\" href=\"https:\/\/sitepersojlc.fr\/wp-content\/uploads\/2025\/12\/1.-VALEUR-CIBLE-2-2025.zip\" style=\"border-radius:100px\">Valeur Cible 2<\/a><\/div>\n<\/div>\n\n\n\n<p><\/p>\n\n\n\n<p>&nbsp;<\/p>\n<p>&nbsp;<\/p>\n\n\n\n<p><\/p>\n\n\n\n<h2 class=\"wp-block-heading\" style=\"text-align: center;\"><strong>Chapitre 14<\/strong><\/h2>\n<h2 class=\"wp-block-heading\" style=\"text-align: center;\"><strong>&nbsp;<\/strong><\/h2>\n\n\n\n<h3 class=\"wp-block-heading\" style=\"text-align: center;\"><em>Le calcul des IJSS Maladie non professionnelle<\/em><\/h3>\n<p>&nbsp;<\/p>\n\n\n\n<h4 class=\"wp-block-heading\" style=\"text-align: center;\">Tableau de synth\u00e8se sur la pr\u00e9sentation du bulletin de paie suivant que l\u2019entreprise pratique ou non la subrogation<\/h4>\n\n\n\n<p><a href=\"https:\/\/sitepersojlc.fr\/wp-content\/uploads\/2023\/10\/PRESENTATION-DU-BP-EN-CAS-DE-SUBROGATION-OU-DE-NON-SUBROGATION.zip\"><\/a><\/p>\n\n\n\n<p><\/p>\n\n\n\n<p><\/p>\n\n\n\n<div class=\"wp-block-uagb-buttons uagb-buttons__outer-wrap uagb-btn__default-btn uagb-btn-tablet__default-btn uagb-btn-mobile__default-btn uagb-block-16f42d31\"><div class=\"uagb-buttons__wrap uagb-buttons-layout-wrap\">\n<div class=\"wp-block-uagb-buttons-child uagb-buttons__outer-wrap uagb-block-28a343e1 wp-block-button is-style-outline\"><div class=\"uagb-button__wrapper\"><a class=\"uagb-buttons-repeater wp-block-button__link has-background has-text-color\" href=\"https:\/\/sitepersojlc.fr\/wp-content\/uploads\/2025\/04\/PRESENTATION-DU-BP-EN-CAS-DE-SUBROGATION-OU-DE-NON-SUBROGATION.zip\" onclick=\"return true;\" rel=\"follow noopener\" target=\"_self\"><div class=\"uagb-button__link\">Pr\u00e9sentation du Bulletin de Paie suivant que l&rsquo;entreprise pratique ou non la subrogation <\/div><\/a><\/div><\/div>\n<\/div><\/div>\n\n\n\n<h4>&nbsp;<\/h4>\n<h4 class=\"wp-block-heading\" style=\"text-align: center;\"><em>Pour t\u00e9l\u00e9charger les fichiers cliquez sur les encadr\u00e9s en couleur<\/em><\/h4>\n\n\n\n<h4>&nbsp;<\/h4>\n<h4 class=\"wp-block-heading\" style=\"text-align: justify;\">Dans ce premier exercice vous serez amen\u00e9(e) \u00e0 calculer les Indemnit\u00e9s Journali\u00e8res de S\u00e9curit\u00e9 Sociale dans le cas de la maladie, de la maternit\u00e9 et de l\u2019accident de travail. Bon exercice de pr\u00e9sentation pour conna\u00eetre les r\u00e8gles \u00e0 appliquer dans chacun des cas.<\/h4>\n\n\n\n<p><a href=\"https:\/\/sitepersojlc.fr\/wp-content\/uploads\/2024\/02\/1-EXERCICE-1-IJSS-MALADIE-MATERNITE-AT-2023.zip\"><\/a><\/p>\n\n\n\n<p><\/p>\n\n\n\n<div class=\"wp-block-uagb-buttons uagb-buttons__outer-wrap uagb-btn__default-btn uagb-btn-tablet__default-btn uagb-btn-mobile__default-btn uagb-block-c177149a\"><div class=\"uagb-buttons__wrap uagb-buttons-layout-wrap\">\n<div class=\"wp-block-uagb-buttons-child uagb-buttons__outer-wrap uagb-block-5f890800 wp-block-button is-style-outline\"><div class=\"uagb-button__wrapper\"><a class=\"uagb-buttons-repeater wp-block-button__link has-background has-text-color\" href=\"https:\/\/sitepersojlc.fr\/wp-content\/uploads\/2025\/04\/1-EXERCICE-1-IJSS-MALADIE-MATERNITE-AT-2025.zip\" onclick=\"return true;\" rel=\"follow noopener\" target=\"_self\"><div class=\"uagb-button__link\">L&rsquo;Essentiel \u00e0 conna\u00eetre <\/div><\/a><\/div><\/div>\n<\/div><\/div>\n\n\n\n<p><\/p>\n\n\n\n<p><\/p>\n\n\n\n<div class=\"wp-block-uagb-buttons uagb-buttons__outer-wrap uagb-btn__default-btn uagb-btn-tablet__default-btn uagb-btn-mobile__default-btn uagb-block-5d8c32ec\"><div class=\"uagb-buttons__wrap uagb-buttons-layout-wrap\"><\/div><\/div>\n\n\n\n<h3>&nbsp;<\/h3>\n<h3 class=\"wp-block-heading\" style=\"text-align: center;\"><strong>Maquette et Exercices Corrig\u00e9s<\/strong><\/h3>\n<h3 style=\"text-align: center;\">&nbsp;<\/h3>\n\n\n\n<h4 class=\"wp-block-heading\" style=\"text-align: justify;\">Cet exercice couvre les principales situations auxquelles vous pouvez \u00eatre confront\u00e9 concernant la pr\u00e9sentation du bulletin de paie (subrogation \/ non subrogation) au regard de la maladie (application du code du travail a minima, maintien du brut, maintien du net, maintien du net strict, application de conditions sp\u00e9cifiques \u00e0 une convention)<\/h4>\n<p>&nbsp;<\/p>\n\n\n\n<p><\/p>\n\n\n\n<div class=\"wp-block-uagb-buttons uagb-buttons__outer-wrap uagb-btn__default-btn uagb-btn-tablet__default-btn uagb-btn-mobile__default-btn uagb-block-1c34fe98\"><div class=\"uagb-buttons__wrap uagb-buttons-layout-wrap\">\n<div class=\"wp-block-uagb-buttons-child uagb-buttons__outer-wrap uagb-block-68f2a739 wp-block-button is-style-outline\"><div class=\"uagb-button__wrapper\"><a class=\"uagb-buttons-repeater wp-block-button__link has-background has-text-color\" href=\"https:\/\/sitepersojlc.fr\/wp-content\/uploads\/2025\/06\/MATRICE-IJSS-MALADIE-2025-DEF.zip\" onclick=\"return true;\" rel=\"follow noopener\" target=\"_self\"><div class=\"uagb-button__link\">Maquette IJSS Maladie<\/div><\/a><\/div><\/div>\n<\/div><\/div>\n\n\n\n<p><\/p>\n\n\n\n<p><\/p>\n\n\n\n<div class=\"wp-block-uagb-buttons uagb-buttons__outer-wrap uagb-btn__default-btn uagb-btn-tablet__default-btn uagb-btn-mobile__default-btn uagb-block-4987a269\"><div class=\"uagb-buttons__wrap uagb-buttons-layout-wrap\">\n<div class=\"wp-block-uagb-buttons-child uagb-buttons__outer-wrap uagb-block-97ff07ca wp-block-button is-style-outline\"><div class=\"uagb-button__wrapper\"><a class=\"uagb-buttons-repeater wp-block-button__link has-background has-text-color\" href=\"https:\/\/sitepersojlc.fr\/wp-content\/uploads\/2025\/06\/MALADIE-ENONCE-EXERCICES-1-et-2-DEF.zip\" onclick=\"return true;\" rel=\"follow noopener\" target=\"_self\"><div class=\"uagb-button__link\">Enonc\u00e9  Exercices  Maladie<\/div><\/a><\/div><\/div>\n<\/div><\/div>\n\n\n\n<p><\/p>\n\n\n\n<p><\/p>\n\n\n\n<div class=\"wp-block-uagb-buttons uagb-buttons__outer-wrap uagb-btn__default-btn uagb-btn-tablet__default-btn uagb-btn-mobile__default-btn uagb-block-ad2eec3f\"><div class=\"uagb-buttons__wrap uagb-buttons-layout-wrap\">\n<div class=\"wp-block-uagb-buttons-child uagb-buttons__outer-wrap uagb-block-10fa2f6c wp-block-button is-style-outline\"><div class=\"uagb-button__wrapper\"><a class=\"uagb-buttons-repeater wp-block-button__link has-background has-text-color\" href=\"https:\/\/sitepersojlc.fr\/wp-content\/uploads\/2025\/06\/2.-EXERCICE-1-HYPOTHESE-1.1-NON-SUBROGATION-2025.zip\" onclick=\"return true;\" rel=\"follow noopener\" target=\"_self\"><div class=\"uagb-button__link\">Exercice 1 Hypoth\u00e8se 1.1 Non Subrogation <\/div><\/a><\/div><\/div>\n<\/div><\/div>\n\n\n\n<p><a href=\"https:\/\/sitepersojlc.fr\/wp-content\/uploads\/2024\/02\/2.-EXERCICE-1-HYPOTHESE-1.2-NON-SUBROGATION-2023.zip\"> <\/a><\/p>\n\n\n\n\n\n<p><\/p>\n\n\n\n<p><\/p>\n\n\n\n<div class=\"wp-block-uagb-buttons uagb-buttons__outer-wrap uagb-btn__default-btn uagb-btn-tablet__default-btn uagb-btn-mobile__default-btn uagb-block-70eb0982\"><div class=\"uagb-buttons__wrap uagb-buttons-layout-wrap\">\n<div class=\"wp-block-uagb-buttons-child uagb-buttons__outer-wrap uagb-block-d91d0747 wp-block-button is-style-outline\"><div class=\"uagb-button__wrapper\"><a class=\"uagb-buttons-repeater wp-block-button__link has-background has-text-color\" href=\"https:\/\/sitepersojlc.fr\/wp-content\/uploads\/2025\/06\/2.-EXERCICE-1-HYPOTHESE-1.2-SUBRO-2025.zip\" onclick=\"return true;\" rel=\"follow noopener\" target=\"_self\"><div class=\"uagb-button__link\">Exercice 1 Hypoth\u00e8se 1.2 Subrogation <\/div><\/a><\/div><\/div>\n<\/div><\/div>\n\n\n\n<p><\/p>\n\n\n\n\n\n<p><\/p>\n\n\n\n<div class=\"wp-block-uagb-buttons uagb-buttons__outer-wrap uagb-btn__default-btn uagb-btn-tablet__default-btn uagb-btn-mobile__default-btn uagb-block-bd2b94cb\"><div class=\"uagb-buttons__wrap uagb-buttons-layout-wrap\">\n<div class=\"wp-block-uagb-buttons-child uagb-buttons__outer-wrap uagb-block-5836d038 wp-block-button is-style-outline\"><div class=\"uagb-button__wrapper\"><a class=\"uagb-buttons-repeater wp-block-button__link has-background has-text-color\" href=\"https:\/\/sitepersojlc.fr\/wp-content\/uploads\/2025\/06\/2.-EXERCICE-1-HYPOTHESE-2.1-NON-SUBROGATION-2025.zip\" onclick=\"return true;\" rel=\"follow noopener\" target=\"_self\"><div class=\"uagb-button__link\">Exercice 1 Hypoth\u00e8se 2.1 Non Subrogation <\/div><\/a><\/div><\/div>\n<\/div><\/div>\n\n\n\n\n\n<p><\/p>\n\n\n\n<div class=\"wp-block-uagb-buttons uagb-buttons__outer-wrap uagb-btn__default-btn uagb-btn-tablet__default-btn uagb-btn-mobile__default-btn uagb-block-56d1a709\"><div class=\"uagb-buttons__wrap uagb-buttons-layout-wrap\">\n<div class=\"wp-block-uagb-buttons-child uagb-buttons__outer-wrap uagb-block-c4fec2f0 wp-block-button is-style-outline\"><div class=\"uagb-button__wrapper\"><a class=\"uagb-buttons-repeater wp-block-button__link has-background has-text-color\" href=\"https:\/\/sitepersojlc.fr\/wp-content\/uploads\/2025\/04\/2.-EXERCICE-1-HYPOTHESE-2.1-NON-SUBROGATION-2025.zip\" onclick=\"return true;\" rel=\"follow noopener\" target=\"_self\"><div class=\"uagb-button__link\">Exercice 1 Hypoth\u00e8se 2.2 Subrogation <\/div><\/a><\/div><\/div>\n<\/div><\/div>\n\n\n\n<p><\/p>\n\n\n\n<p><\/p>\n\n\n\n<h4>&nbsp;<\/h4>\n<h4 style=\"text-align: center;\"><strong>Garantie du Brut&nbsp;<\/strong><\/h4>\n<p>&nbsp;<\/p>\n\n\n\n<p><\/p>\n\n\n\n<div class=\"wp-block-uagb-buttons uagb-buttons__outer-wrap uagb-btn__default-btn uagb-btn-tablet__default-btn uagb-btn-mobile__default-btn uagb-block-5ddc947e\"><div class=\"uagb-buttons__wrap uagb-buttons-layout-wrap\"><\/div><\/div>\n\n\n\n<p><\/p>\n\n\n\n<div class=\"wp-block-uagb-buttons uagb-buttons__outer-wrap uagb-btn__default-btn uagb-btn-tablet__default-btn uagb-btn-mobile__default-btn uagb-block-9e765880\"><div class=\"uagb-buttons__wrap uagb-buttons-layout-wrap\">\n<div class=\"wp-block-uagb-buttons-child uagb-buttons__outer-wrap uagb-block-2f371fe5 wp-block-button is-style-outline\"><div class=\"uagb-button__wrapper\"><a class=\"uagb-buttons-repeater wp-block-button__link has-background has-text-color\" href=\"https:\/\/sitepersojlc.fr\/wp-content\/uploads\/2025\/06\/2.-EXERCICE-1-HYPOTHESE-3.1-NON-SUBROGATION-2025.zip\" onclick=\"return true;\" rel=\"follow noopener\" target=\"_self\"><div class=\"uagb-button__link\">Exercice 1 Hypoth\u00e8se 3.1 Maintien du Brut Non Subrogation <\/div><\/a><\/div><\/div>\n<\/div><\/div>\n\n\n\n<p><\/p>\n\n\n\n<p style=\"text-align: center;\"><em>Fichier ci-dessus mis \u00e0 jour le 11\/04\/2025<\/em><\/p>\n\n\n\n<div class=\"wp-block-uagb-buttons uagb-buttons__outer-wrap uagb-btn__default-btn uagb-btn-tablet__default-btn uagb-btn-mobile__default-btn uagb-block-104720cc\"><div class=\"uagb-buttons__wrap uagb-buttons-layout-wrap\">\n<div class=\"wp-block-uagb-buttons-child uagb-buttons__outer-wrap uagb-block-44efb9a5 wp-block-button is-style-outline\"><div class=\"uagb-button__wrapper\"><a class=\"uagb-buttons-repeater wp-block-button__link has-background has-text-color\" href=\"https:\/\/sitepersojlc.fr\/wp-content\/uploads\/2025\/06\/2.-EXERCICE-1-HYPOTHESE-3.2-SUBRO-2025.zip\" onclick=\"return true;\" rel=\"follow noopener\" target=\"_self\"><div class=\"uagb-button__link\">Exercice 1 Hypoth\u00e8se 3.2 Maintien du Brut Subrogation <\/div><\/a><\/div><\/div>\n<\/div><\/div>\n\n\n\n<p><\/p>\n\n\n\n<p><\/p>\n\n\n\n<p>&nbsp;<\/p>\n<h4 style=\"text-align: center;\"><strong>Garantie du Net<\/strong><\/h4>\n<p>&nbsp;<\/p>\n\n\n\n<p><\/p>\n\n\n\n<p><a href=\"https:\/\/sitepersojlc.fr\/wp-content\/uploads\/2024\/02\/2.-EXERCICE-1-HYPOTHESE-4.2-GARANTIE-DU-NET-NON-SUBROGATION-2023.zip\"> <\/a><\/p>\n\n\n\n<p><\/p>\n\n\n\n<div class=\"wp-block-uagb-buttons uagb-buttons__outer-wrap uagb-btn__default-btn uagb-btn-tablet__default-btn uagb-btn-mobile__default-btn uagb-block-804907b5\"><div class=\"uagb-buttons__wrap uagb-buttons-layout-wrap\">\n<div class=\"wp-block-uagb-buttons-child uagb-buttons__outer-wrap uagb-block-ad4d14e9 wp-block-button is-style-outline\"><div class=\"uagb-button__wrapper\"><a class=\"uagb-buttons-repeater wp-block-button__link has-background has-text-color\" href=\"https:\/\/sitepersojlc.fr\/wp-content\/uploads\/2025\/06\/2.-EXERCICE-1-HYPOTHESE-4.-1-GARANTIE-DU-NET-SUBROGATION-2025.zip\" onclick=\"return true;\" rel=\"follow noopener\" target=\"_self\"><div class=\"uagb-button__link\">Exercice 1 Hypoth\u00e8se 4.2 Garantie du Net Subrogation <\/div><\/a><\/div><\/div>\n<\/div><\/div>\n\n\n\n<p><\/p>\n\n\n\n<div class=\"wp-block-uagb-buttons uagb-buttons__outer-wrap uagb-btn__default-btn uagb-btn-tablet__default-btn uagb-btn-mobile__default-btn uagb-block-dcaefbd3\"><div class=\"uagb-buttons__wrap uagb-buttons-layout-wrap\">\n<div class=\"wp-block-uagb-buttons-child uagb-buttons__outer-wrap uagb-block-6b2ea094 wp-block-button is-style-outline\"><div class=\"uagb-button__wrapper\"><a class=\"uagb-buttons-repeater wp-block-button__link has-background has-text-color\" href=\"https:\/\/sitepersojlc.fr\/wp-content\/uploads\/2025\/06\/2.-EXERCICE-1-HYPOTHESE-4.-2-Garantie-du-Net-STRICT-SUBROGATION-2025.zip\" onclick=\"return true;\" rel=\"follow noopener\" target=\"_self\"><div class=\"uagb-button__link\">Exercice 1 Hypoth\u00e8se 4.3 Garantie du Net Strict  Subrogation <\/div><\/a><\/div><\/div>\n<\/div><\/div>\n\n\n\n<p><\/p>\n\n\n\n<p><\/p>\n\n\n\n<div class=\"wp-block-uagb-buttons uagb-buttons__outer-wrap uagb-btn__default-btn uagb-btn-tablet__default-btn uagb-btn-mobile__default-btn uagb-block-f1648476\"><div class=\"uagb-buttons__wrap uagb-buttons-layout-wrap\">\n<div class=\"wp-block-uagb-buttons-child uagb-buttons__outer-wrap uagb-block-3b015674 wp-block-button is-style-outline\"><div class=\"uagb-button__wrapper\"><a class=\"uagb-buttons-repeater wp-block-button__link has-background has-text-color\" href=\"https:\/\/sitepersojlc.fr\/wp-content\/uploads\/2024\/02\/2.-EXERCICE-1-HYPOTHESE-5.1-2.zip\" onclick=\"return true;\" rel=\"follow noopener\" target=\"_self\"><div class=\"uagb-button__link\">Exercice 1 Hypoth\u00e8se 5.1 Application d&rsquo;une Convention sp\u00e9cifique<\/div><\/a><\/div><\/div>\n<\/div><\/div>\n\n\n\n<p><\/p>\n\n\n\n<div class=\"wp-block-uagb-buttons uagb-buttons__outer-wrap uagb-btn__default-btn uagb-btn-tablet__default-btn uagb-btn-mobile__default-btn uagb-block-9f22ae95\"><div class=\"uagb-buttons__wrap uagb-buttons-layout-wrap\"><\/div><\/div>\n\n\n\n<p><\/p>\n\n\n\n<h2 class=\"wp-block-heading\" style=\"text-align: center;\"><strong>Chapitre 15<\/strong><\/h2>\n\n\n\n<p><\/p>\n\n\n\n<p><\/p>\n\n\n\n<h3>&nbsp;<\/h3>\n<h3 class=\"wp-block-heading\" style=\"text-align: center;\"><em>Maternit\u00e9<\/em><\/h3>\n<p>&nbsp;<\/p>\n\n\n\n<h4 style=\"text-align: center;\"><em>Pour t\u00e9l\u00e9charger les fichiers, cliquez sur les encadr\u00e9s en couleur<\/em><\/h4>\n\n\n\n<p><\/p>\n\n\n\n<div class=\"wp-block-uagb-buttons uagb-buttons__outer-wrap uagb-btn__default-btn uagb-btn-tablet__default-btn uagb-btn-mobile__default-btn uagb-block-522e35df\"><div class=\"uagb-buttons__wrap uagb-buttons-layout-wrap\">\n<div class=\"wp-block-uagb-buttons-child uagb-buttons__outer-wrap uagb-block-4e054541 wp-block-button is-style-outline\"><div class=\"uagb-button__wrapper\"><a class=\"uagb-buttons-repeater wp-block-button__link has-background has-text-color\" href=\"https:\/\/sitepersojlc.fr\/wp-content\/uploads\/2024\/05\/FICHIER-EXERCICE-LIVRE-MATERNITE-CORRECTION-TRAME-1D.zip\" onclick=\"return true;\" rel=\"follow noopener\" target=\"_self\"><div class=\"uagb-button__link\">Fichier du Livre Trame 1<\/div><\/a><\/div><\/div>\n\n\n\n<div class=\"wp-block-uagb-buttons-child uagb-buttons__outer-wrap uagb-block-e16d8cc9 wp-block-button is-style-outline\"><div class=\"uagb-button__wrapper\"><a class=\"uagb-buttons-repeater wp-block-button__link has-background has-text-color\" href=\"https:\/\/sitepersojlc.fr\/wp-content\/uploads\/2024\/05\/FICHIER-EXERCICE-LIVRE-MATERNITE-CORRECTION-TRAME-2.zip\" onclick=\"return true;\" rel=\"follow noopener\" target=\"_self\"><div class=\"uagb-button__link\">Fichier du Livre Trame 2<\/div><\/a><\/div><\/div>\n<\/div><\/div>\n\n\n\n<p><\/p>\n\n\n\n<div class=\"wp-block-uagb-buttons uagb-buttons__outer-wrap uagb-btn__default-btn uagb-btn-tablet__default-btn uagb-btn-mobile__default-btn uagb-block-fc8c726c\"><div class=\"uagb-buttons__wrap uagb-buttons-layout-wrap\">\n<div class=\"wp-block-uagb-buttons-child uagb-buttons__outer-wrap uagb-block-d2075dc8 wp-block-button is-style-outline\"><div class=\"uagb-button__wrapper\"><a class=\"uagb-buttons-repeater wp-block-button__link has-background has-text-color\" href=\"https:\/\/sitepersojlc.fr\/wp-content\/uploads\/2025\/06\/1.-EXERCICE-1-MATERNITE-ENONCE-2025.zip\" onclick=\"return true;\" rel=\"follow noopener\" target=\"_self\"><div class=\"uagb-button__link\">Exercice 1   Enonc\u00e9 <\/div><\/a><\/div><\/div>\n<\/div><\/div>\n\n\n\n<p><\/p>\n\n\n\n<p><\/p>\n\n\n\n<div class=\"wp-block-uagb-buttons uagb-buttons__outer-wrap uagb-btn__default-btn uagb-btn-tablet__default-btn uagb-btn-mobile__default-btn uagb-block-2f79bc69\"><div class=\"uagb-buttons__wrap uagb-buttons-layout-wrap\">\n<div class=\"wp-block-uagb-buttons-child uagb-buttons__outer-wrap uagb-block-d0346e26 wp-block-button is-style-outline\"><div class=\"uagb-button__wrapper\"><a class=\"uagb-buttons-repeater wp-block-button__link has-background has-text-color\" href=\"https:\/\/sitepersojlc.fr\/wp-content\/uploads\/2025\/06\/1.-EXERCICE-1-MATERNITE-NON-SUBROGATION-CORRECTION-2025.zip\" onclick=\"return true;\" rel=\"follow noopener\" target=\"_self\"><div class=\"uagb-button__link\">Exercice 1 Non Subrogation Correction <\/div><\/a><\/div><\/div>\n<\/div><\/div>\n\n\n\n<p><\/p>\n\n\n\n<p><\/p>\n\n\n\n<div class=\"wp-block-uagb-buttons uagb-buttons__outer-wrap uagb-btn__default-btn uagb-btn-tablet__default-btn uagb-btn-mobile__default-btn uagb-block-6bb47964\"><div class=\"uagb-buttons__wrap uagb-buttons-layout-wrap\">\n<div class=\"wp-block-uagb-buttons-child uagb-buttons__outer-wrap uagb-block-24aaa362 wp-block-button is-style-outline\"><div class=\"uagb-button__wrapper\"><a class=\"uagb-buttons-repeater wp-block-button__link has-background has-text-color\" href=\"https:\/\/sitepersojlc.fr\/wp-content\/uploads\/2025\/06\/1.-EXERCICE-1-MATERNITE-SUBROGATION-CORRECTION-2025.zip\" onclick=\"return true;\" rel=\"follow noopener\" target=\"_self\"><div class=\"uagb-button__link\">Exercice 1 Subrogation Correction <\/div><\/a><\/div><\/div>\n<\/div><\/div>\n\n\n\n<p><\/p>\n\n\n\n<p><\/p>\n\n\n\n<div class=\"wp-block-uagb-buttons uagb-buttons__outer-wrap uagb-btn__default-btn uagb-btn-tablet__default-btn uagb-btn-mobile__default-btn uagb-block-2efc378f\"><div class=\"uagb-buttons__wrap uagb-buttons-layout-wrap\">\n<div class=\"wp-block-uagb-buttons-child uagb-buttons__outer-wrap uagb-block-57a6407d wp-block-button is-style-outline\"><div class=\"uagb-button__wrapper\"><a class=\"uagb-buttons-repeater wp-block-button__link has-background has-text-color\" href=\"https:\/\/sitepersojlc.fr\/wp-content\/uploads\/2025\/06\/1.-EXERCICE-2-MATERNITE-ENONCE-2025.zip\" onclick=\"return true;\" rel=\"follow noopener\" target=\"_self\"><div class=\"uagb-button__link\">Exercice 2 Enonc\u00e9<\/div><\/a><\/div><\/div>\n<\/div><\/div>\n\n\n\n<p><\/p>\n\n\n\n<p><\/p>\n\n\n\n<p><\/p>\n\n\n\n<div class=\"wp-block-uagb-buttons uagb-buttons__outer-wrap uagb-btn__default-btn uagb-btn-tablet__default-btn uagb-btn-mobile__default-btn uagb-block-aa9f2a4c\"><div class=\"uagb-buttons__wrap uagb-buttons-layout-wrap\">\n<div class=\"wp-block-uagb-buttons-child uagb-buttons__outer-wrap uagb-block-f22ef2f3 wp-block-button is-style-outline\"><div class=\"uagb-button__wrapper\"><a class=\"uagb-buttons-repeater wp-block-button__link has-background has-text-color\" href=\"https:\/\/sitepersojlc.fr\/wp-content\/uploads\/2025\/04\/1.-EXERCICE-2-MATERNITE-SUBROGATION-CORRECTION-2025.zip\" onclick=\"return true;\" rel=\"follow noopener\" target=\"_self\"><div class=\"uagb-button__link\">Exercice 2 Subrogation Correction <\/div><\/a><\/div><\/div>\n<\/div><\/div>\n\n\n\n\n\n<p><\/p>\n\n\n\n<div class=\"wp-block-uagb-buttons uagb-buttons__outer-wrap uagb-btn__default-btn uagb-btn-tablet__default-btn uagb-btn-mobile__default-btn uagb-block-4c8e27e5\"><div class=\"uagb-buttons__wrap uagb-buttons-layout-wrap\">\n<div class=\"wp-block-uagb-buttons-child uagb-buttons__outer-wrap uagb-block-0d0a63df wp-block-button is-style-outline\"><div class=\"uagb-button__wrapper\"><a class=\"uagb-buttons-repeater wp-block-button__link has-background has-text-color\" href=\"https:\/\/sitepersojlc.fr\/wp-content\/uploads\/2025\/06\/IJSS-MATERNITE-MAQUETTE.zip\" onclick=\"return true;\" rel=\"follow noopener\" target=\"_self\"><div class=\"uagb-button__link\">Matrice IJSS Maternit\u00e9 <\/div><\/a><\/div><\/div>\n<\/div><\/div>\n\n\n\n<h3 class=\"wp-block-heading\">&nbsp;<\/h3>\n\n\n\n<p><\/p>\n\n\n\n<p><\/p>\n\n\n\n<p><\/p>\n\n\n\n<p><\/p>\n\n\n\n<p><\/p>\n\n\n\n<p><\/p>\n\n\n\n<p><\/p>\n<div class=\"likebtn_container\" style=\"\"><!-- LikeBtn.com BEGIN --><span class=\"likebtn-wrapper\"  data-identifier=\"page_8875\"  data-site_id=\"6663fc396fd08b3d0b514646\"  data-lang=\"fr\"  data-style=\"\"  data-unlike_allowed=\"\"  data-show_copyright=\"\"  data-item_url=\"https:\/\/sitepersojlc.fr\/?page_id=8875\"  data-item_title=\"Valeur Cible - Maladie - Maternit\u00e9 2025\"  data-item_date=\"2024-10-24T08:58:40+00:00\"  data-engine=\"WordPress\"  data-plugin_v=\"2.6.52\"  data-prx=\"https:\/\/sitepersojlc.fr\/wp-admin\/admin-ajax.php?action=likebtn_prx\"  data-event_handler=\"likebtn_eh\" ><\/span><!-- LikeBtn.com END --><\/div>","protected":false},"excerpt":{"rendered":"<p>Chapitres 13 &#8211; 14&nbsp; &#8211; 15&nbsp; &nbsp;La Valeur Cible et Les Indemnit\u00e9s Journali\u00e8res de S\u00e9curit\u00e9 Sociale ( d\u00e9but) &nbsp; &nbsp; Chapitre 13 &nbsp; La Valeur Cible&nbsp; Comment utiliser la fonction Excel \u00ab\u00a0Valeur Cible\u00a0\u00bb pour passer du Net \u00e0 payer au salaire brut&nbsp; &nbsp; &nbsp; &nbsp; Chapitre 14 &nbsp; Le calcul des IJSS Maladie non professionnelle [&hellip;]<\/p>\n<div class=\"likebtn_container\" style=\"\"><!-- LikeBtn.com BEGIN --><span class=\"likebtn-wrapper\"  data-identifier=\"page_8875\"  data-site_id=\"6663fc396fd08b3d0b514646\"  data-lang=\"fr\"  data-style=\"\"  data-unlike_allowed=\"\"  data-show_copyright=\"\"  data-item_url=\"https:\/\/sitepersojlc.fr\/?page_id=8875\"  data-item_title=\"Valeur Cible - Maladie - Maternit\u00e9 2025\"  data-item_date=\"2024-10-24T08:58:40+00:00\"  data-engine=\"WordPress\"  data-plugin_v=\"2.6.52\"  data-prx=\"https:\/\/sitepersojlc.fr\/wp-admin\/admin-ajax.php?action=likebtn_prx\"  data-event_handler=\"likebtn_eh\" ><\/span><!-- LikeBtn.com END --><\/div>","protected":false},"author":1,"featured_media":0,"parent":0,"menu_order":0,"comment_status":"closed","ping_status":"closed","template":"","meta":{"om_disable_all_campaigns":false,"_uag_custom_page_level_css":"","_monsterinsights_skip_tracking":false,"_monsterinsights_sitenote_active":false,"_monsterinsights_sitenote_note":"","_monsterinsights_sitenote_category":0,"_uf_show_specific_survey":0,"_uf_disable_surveys":false,"footnotes":""},"aioseo_notices":[],"uagb_featured_image_src":{"full":false,"thumbnail":false,"medium":false,"medium_large":false,"large":false,"1536x1536":false,"2048x2048":false},"uagb_author_info":{"display_name":"lechev.1910@gmail.com","author_link":"https:\/\/sitepersojlc.fr\/?author=1"},"uagb_comment_info":0,"uagb_excerpt":"Chapitres 13 &#8211; 14&nbsp; &#8211; 15&nbsp; &nbsp;La Valeur Cible et Les Indemnit\u00e9s Journali\u00e8res de S\u00e9curit\u00e9 Sociale ( d\u00e9but) &nbsp; &nbsp; Chapitre 13 &nbsp; La Valeur Cible&nbsp; Comment utiliser la fonction Excel \u00ab\u00a0Valeur Cible\u00a0\u00bb pour passer du Net \u00e0 payer au salaire brut&nbsp; &nbsp; &nbsp; &nbsp; Chapitre 14 &nbsp; Le calcul des IJSS Maladie non professionnelle\u2026","_links":{"self":[{"href":"https:\/\/sitepersojlc.fr\/index.php?rest_route=\/wp\/v2\/pages\/8875"}],"collection":[{"href":"https:\/\/sitepersojlc.fr\/index.php?rest_route=\/wp\/v2\/pages"}],"about":[{"href":"https:\/\/sitepersojlc.fr\/index.php?rest_route=\/wp\/v2\/types\/page"}],"author":[{"embeddable":true,"href":"https:\/\/sitepersojlc.fr\/index.php?rest_route=\/wp\/v2\/users\/1"}],"replies":[{"embeddable":true,"href":"https:\/\/sitepersojlc.fr\/index.php?rest_route=%2Fwp%2Fv2%2Fcomments&post=8875"}],"version-history":[{"count":73,"href":"https:\/\/sitepersojlc.fr\/index.php?rest_route=\/wp\/v2\/pages\/8875\/revisions"}],"predecessor-version":[{"id":12343,"href":"https:\/\/sitepersojlc.fr\/index.php?rest_route=\/wp\/v2\/pages\/8875\/revisions\/12343"}],"wp:attachment":[{"href":"https:\/\/sitepersojlc.fr\/index.php?rest_route=%2Fwp%2Fv2%2Fmedia&parent=8875"}],"curies":[{"name":"wp","href":"https:\/\/api.w.org\/{rel}","templated":true}]}}