{"id":8855,"date":"2024-10-24T08:30:42","date_gmt":"2024-10-24T08:30:42","guid":{"rendered":"https:\/\/sitepersojlc.fr\/?page_id=8855"},"modified":"2025-10-17T18:26:06","modified_gmt":"2025-10-17T18:26:06","slug":"chapitres-7-8-9-2025","status":"publish","type":"page","link":"https:\/\/sitepersojlc.fr\/?page_id=8855","title":{"rendered":"Chapitres 7 &#8211; 8 &#8211; 9 (2025)"},"content":{"rendered":"\n<p><\/p>\n\n\n\n<p><\/p>\n\n\n\n\n\n<p><\/p>\n\n\n\n<figure class=\"wp-block-image size-large\"><img decoding=\"async\" loading=\"lazy\" width=\"1024\" height=\"768\" src=\"https:\/\/sitepersojlc.fr\/wp-content\/uploads\/2024\/01\/164778263_1163205210801265_3097186355095118201_n-1024x768.jpg\" alt=\"\" class=\"wp-image-7009\" srcset=\"https:\/\/sitepersojlc.fr\/wp-content\/uploads\/2024\/01\/164778263_1163205210801265_3097186355095118201_n-1024x768.jpg 1024w, https:\/\/sitepersojlc.fr\/wp-content\/uploads\/2024\/01\/164778263_1163205210801265_3097186355095118201_n-300x225.jpg 300w, https:\/\/sitepersojlc.fr\/wp-content\/uploads\/2024\/01\/164778263_1163205210801265_3097186355095118201_n-768x576.jpg 768w, https:\/\/sitepersojlc.fr\/wp-content\/uploads\/2024\/01\/164778263_1163205210801265_3097186355095118201_n-1536x1152.jpg 1536w, https:\/\/sitepersojlc.fr\/wp-content\/uploads\/2024\/01\/164778263_1163205210801265_3097186355095118201_n.jpg 1728w\" sizes=\"(max-width: 1024px) 100vw, 1024px\" \/><\/figure>\n\n\n\n<h4 class=\"wp-block-heading\" style=\"text-align: center;\">Pour t\u00e9l\u00e9charger les fichiers cliquez sur les encadr\u00e9s en couleur<\/h4>\n\n\n\n<h3 class=\"wp-block-heading\">&nbsp;<\/h3>\n\n\n\n<h2 class=\"wp-block-heading\" style=\"text-align: center;\"><strong>Chapitre 7<\/strong><\/h2>\n<h2 class=\"wp-block-heading\" style=\"text-align: center;\">&nbsp;<\/h2>\n\n\n\n<h3 class=\"wp-block-heading\" style=\"text-align: center;\">La R\u00e9duction g\u00e9n\u00e9rale de cotisations<\/h3>\n<p>&nbsp;<\/p>\n\n\n\n\n\n<div class=\"wp-block-buttons is-vertical is-content-justification-center is-layout-flex wp-container-1\"><\/div>\n\n\n\n<p><\/p>\n\n\n\n<div class=\"wp-block-uagb-buttons uagb-buttons__outer-wrap uagb-btn__default-btn uagb-btn-tablet__default-btn uagb-btn-mobile__default-btn uagb-block-51045961\"><div class=\"uagb-buttons__wrap uagb-buttons-layout-wrap\">\n<div class=\"wp-block-uagb-buttons-child uagb-buttons__outer-wrap uagb-block-bfb5a5b1 wp-block-button is-style-outline\"><div class=\"uagb-button__wrapper\"><a class=\"uagb-buttons-repeater wp-block-button__link has-background has-text-color\" href=\"https:\/\/sitepersojlc.fr\/wp-content\/uploads\/2025\/04\/RED-GEN-DE-COT-EXERCICES-CORRIGES-AUTO-FORMATION-2025-1.zip\" onclick=\"return true;\" rel=\"follow noopener\" target=\"_self\"><div class=\"uagb-button__link\">Exercices corrig\u00e9s (auto-formation) <\/div><\/a><\/div><\/div>\n<\/div><\/div>\n\n\n\n<p><\/p>\n\n\n\n<p><\/p>\n\n\n\n<div class=\"wp-block-uagb-buttons uagb-buttons__outer-wrap uagb-btn__default-btn uagb-btn-tablet__default-btn uagb-btn-mobile__default-btn uagb-block-17a5ade2\"><div class=\"uagb-buttons__wrap uagb-buttons-layout-wrap\">\n<div class=\"wp-block-uagb-buttons-child uagb-buttons__outer-wrap uagb-block-ed797732 wp-block-button is-style-outline\"><div class=\"uagb-button__wrapper\"><a class=\"uagb-buttons-repeater wp-block-button__link has-background has-text-color\" href=\"https:\/\/sitepersojlc.fr\/wp-content\/uploads\/2025\/04\/MATRICE-MOIS-ISOLE-1-2025-1.zip\" onclick=\"return true;\" rel=\"follow noopener\" target=\"_self\"><div class=\"uagb-button__link\">Matrice RED. GEN. de COT Mois Isole<\/div><\/a><\/div><\/div>\n<\/div><\/div>\n\n\n\n<p><\/p>\n\n\n\n<h5 style=\"text-align: justify;\">Matrices ci-dessous mises \u00e0 jour le 26\/05\/2025&nbsp; ( exemples d&rsquo;applications des m\u00e9thodes pr\u00e9conis\u00e9es par le BOSS \u00e0 la suite du changement des param\u00e8tres T au 01\/05\/2025)<\/h5>\n\n\n\n<p><\/p>\n\n\n\n<div class=\"wp-block-uagb-buttons uagb-buttons__outer-wrap uagb-btn__default-btn uagb-btn-tablet__default-btn uagb-btn-mobile__default-btn uagb-block-2d2db2d3\"><div class=\"uagb-buttons__wrap uagb-buttons-layout-wrap\">\n<div class=\"wp-block-uagb-buttons-child uagb-buttons__outer-wrap uagb-block-c45b5d4a wp-block-button is-style-outline\"><div class=\"uagb-button__wrapper\"><a class=\"uagb-buttons-repeater wp-block-button__link has-background has-text-color\" href=\"https:\/\/sitepersojlc.fr\/wp-content\/uploads\/2025\/05\/MATRICE-CALCUL-RED.-GEN.-de-COT.-2025.zip\" onclick=\"return true;\" rel=\"follow noopener\" target=\"_self\"><div class=\"uagb-button__link\">Matrices Calcul RED.GEN.de COT. 2025<\/div><\/a><\/div><\/div>\n<\/div><\/div>\n\n\n\n<h2>&nbsp;<\/h2>\n<h2 class=\"wp-block-heading\" style=\"text-align: center;\"><strong>Chapitre 8<\/strong><\/h2>\n<h2>&nbsp;<\/h2>\n\n\n\n<h3 class=\"wp-block-heading\" style=\"text-align: center;\">Tableau de suivi de la cotisation de 6% au titre de la maladie, maternit\u00e9, invalidit\u00e9, d\u00e9c\u00e8s<\/h3>\n<p>&nbsp;<\/p>\n\n\n\n<div class=\"wp-block-buttons is-content-justification-center is-layout-flex wp-container-2\">\n<div class=\"wp-block-button has-custom-width wp-block-button__width-75 is-style-outline\"><a class=\"wp-block-button__link has-white-color has-vivid-red-background-color has-text-color has-background wp-element-button\" href=\"https:\/\/sitepersojlc.fr\/wp-content\/uploads\/2025\/04\/LIMITE-225-SMIC-2025.zip\" style=\"border-radius:100px\">SUIVI LIMITE 2,25 SMIC (2025)<\/a><\/div>\n<\/div>\n\n\n\n<h2>&nbsp;<\/h2>\n<h2 class=\"wp-block-heading\" style=\"text-align: center;\"><strong>Chapitre 9<\/strong><\/h2>\n\n\n\n<h3>\u00a0<\/h3>\n<h3 class=\"wp-block-heading\" style=\"text-align: center;\">Tableau de suivi de la cotisation allocations familiales au taux major\u00e9 de 1,8%<\/h3>\n<p>\u00a0<\/p>\n\n\n\n<p><\/p>\n\n\n\n<div class=\"wp-block-uagb-buttons uagb-buttons__outer-wrap uagb-btn__default-btn uagb-btn-tablet__default-btn uagb-btn-mobile__default-btn uagb-block-fa8ed335\"><div class=\"uagb-buttons__wrap uagb-buttons-layout-wrap\">\n<div class=\"wp-block-uagb-buttons-child uagb-buttons__outer-wrap uagb-block-24dade02 wp-block-button is-style-outline\"><div class=\"uagb-button__wrapper\"><a class=\"uagb-buttons-repeater wp-block-button__link has-background has-text-color\" href=\"https:\/\/sitepersojlc.fr\/wp-content\/uploads\/2025\/04\/SUIVI-LIMITE-33-SMIC-2025.zip\" onclick=\"return true;\" rel=\"follow noopener\" target=\"_self\"><div class=\"uagb-button__link\">Suivi Limite de 3,3 SMIC 2025 <\/div><\/a><\/div><\/div>\n<\/div><\/div>\n\n\n\n<p><\/p>\n\n\n\n<p><\/p>\n\n\n\n<p><\/p>\n\n\n\n<p><\/p>\n<div class=\"likebtn_container\" style=\"\"><!-- LikeBtn.com BEGIN --><span class=\"likebtn-wrapper\"  data-identifier=\"page_8855\"  data-site_id=\"6663fc396fd08b3d0b514646\"  data-lang=\"fr\"  data-style=\"\"  data-unlike_allowed=\"\"  data-show_copyright=\"\"  data-item_url=\"https:\/\/sitepersojlc.fr\/?page_id=8855\"  data-item_title=\"Chapitres 7 - 8 - 9 (2025)\"  data-item_date=\"2024-10-24T08:30:42+00:00\"  data-engine=\"WordPress\"  data-plugin_v=\"2.6.52\"  data-prx=\"https:\/\/sitepersojlc.fr\/wp-admin\/admin-ajax.php?action=likebtn_prx\"  data-event_handler=\"likebtn_eh\" ><\/span><!-- LikeBtn.com END --><\/div>","protected":false},"excerpt":{"rendered":"<p>Pour t\u00e9l\u00e9charger les fichiers cliquez sur les encadr\u00e9s en couleur &nbsp; Chapitre 7 &nbsp; La R\u00e9duction g\u00e9n\u00e9rale de cotisations &nbsp; Matrices ci-dessous mises \u00e0 jour le 26\/05\/2025&nbsp; ( exemples d&rsquo;applications des m\u00e9thodes pr\u00e9conis\u00e9es par le BOSS \u00e0 la suite du changement des param\u00e8tres T au 01\/05\/2025) &nbsp; Chapitre 8 &nbsp; Tableau de suivi de la [&hellip;]<\/p>\n<div class=\"likebtn_container\" style=\"\"><!-- LikeBtn.com BEGIN --><span class=\"likebtn-wrapper\"  data-identifier=\"page_8855\"  data-site_id=\"6663fc396fd08b3d0b514646\"  data-lang=\"fr\"  data-style=\"\"  data-unlike_allowed=\"\"  data-show_copyright=\"\"  data-item_url=\"https:\/\/sitepersojlc.fr\/?page_id=8855\"  data-item_title=\"Chapitres 7 - 8 - 9 (2025)\"  data-item_date=\"2024-10-24T08:30:42+00:00\"  data-engine=\"WordPress\"  data-plugin_v=\"2.6.52\"  data-prx=\"https:\/\/sitepersojlc.fr\/wp-admin\/admin-ajax.php?action=likebtn_prx\"  data-event_handler=\"likebtn_eh\" ><\/span><!-- LikeBtn.com END --><\/div>","protected":false},"author":1,"featured_media":0,"parent":0,"menu_order":0,"comment_status":"closed","ping_status":"closed","template":"","meta":{"om_disable_all_campaigns":false,"_uag_custom_page_level_css":"","_monsterinsights_skip_tracking":false,"_monsterinsights_sitenote_active":false,"_monsterinsights_sitenote_note":"","_monsterinsights_sitenote_category":0,"_uf_show_specific_survey":0,"_uf_disable_surveys":false,"footnotes":""},"aioseo_notices":[],"uagb_featured_image_src":{"full":false,"thumbnail":false,"medium":false,"medium_large":false,"large":false,"1536x1536":false,"2048x2048":false},"uagb_author_info":{"display_name":"lechev.1910@gmail.com","author_link":"https:\/\/sitepersojlc.fr\/?author=1"},"uagb_comment_info":0,"uagb_excerpt":"Pour t\u00e9l\u00e9charger les fichiers cliquez sur les encadr\u00e9s en couleur &nbsp; Chapitre 7 &nbsp; La R\u00e9duction g\u00e9n\u00e9rale de cotisations &nbsp; Matrices ci-dessous mises \u00e0 jour le 26\/05\/2025&nbsp; ( exemples d&rsquo;applications des m\u00e9thodes pr\u00e9conis\u00e9es par le BOSS \u00e0 la suite du changement des param\u00e8tres T au 01\/05\/2025) &nbsp; Chapitre 8 &nbsp; Tableau de suivi de la\u2026","_links":{"self":[{"href":"https:\/\/sitepersojlc.fr\/index.php?rest_route=\/wp\/v2\/pages\/8855"}],"collection":[{"href":"https:\/\/sitepersojlc.fr\/index.php?rest_route=\/wp\/v2\/pages"}],"about":[{"href":"https:\/\/sitepersojlc.fr\/index.php?rest_route=\/wp\/v2\/types\/page"}],"author":[{"embeddable":true,"href":"https:\/\/sitepersojlc.fr\/index.php?rest_route=\/wp\/v2\/users\/1"}],"replies":[{"embeddable":true,"href":"https:\/\/sitepersojlc.fr\/index.php?rest_route=%2Fwp%2Fv2%2Fcomments&post=8855"}],"version-history":[{"count":27,"href":"https:\/\/sitepersojlc.fr\/index.php?rest_route=\/wp\/v2\/pages\/8855\/revisions"}],"predecessor-version":[{"id":11141,"href":"https:\/\/sitepersojlc.fr\/index.php?rest_route=\/wp\/v2\/pages\/8855\/revisions\/11141"}],"wp:attachment":[{"href":"https:\/\/sitepersojlc.fr\/index.php?rest_route=%2Fwp%2Fv2%2Fmedia&parent=8855"}],"curies":[{"name":"wp","href":"https:\/\/api.w.org\/{rel}","templated":true}]}}