{"id":8817,"date":"2024-10-14T12:24:38","date_gmt":"2024-10-14T12:24:38","guid":{"rendered":"https:\/\/sitepersojlc.fr\/?page_id=8817"},"modified":"2025-05-31T04:46:46","modified_gmt":"2025-05-31T04:46:46","slug":"chapitre-12-2024-2024","status":"publish","type":"page","link":"https:\/\/sitepersojlc.fr\/?page_id=8817","title":{"rendered":"Chapitre 12   Les heures suppl\u00e9mentaires d\u00e9fiscalis\u00e9es"},"content":{"rendered":"\n<p><\/p>\n\n\n\n<h2 class=\"wp-block-heading has-text-align-center\"><strong>Les heures suppl\u00e9mentaires d\u00e9fiscalis\u00e9es<\/strong> <\/h2>\n\n\n\n<p><\/p>\n\n\n\n<p><\/p>\n\n\n\n<h4 style=\"text-align: center;\">!!! Errata&nbsp; : <em>Dans la cellule qui d\u00e9finit le Montant Net Social il&nbsp; faut supprimer la r\u00e9f\u00e9rence \u00e0 la cellule F72. Les fichiers mis \u00e0 jour sont disponibles ci-dessous<\/em><\/h4>\n\n\n\n<p><\/p>\n\n\n\n<figure class=\"wp-block-image size-full\"><img decoding=\"async\" loading=\"lazy\" width=\"852\" height=\"903\" src=\"https:\/\/sitepersojlc.fr\/wp-content\/uploads\/2024\/02\/13-images-choc-de-la-nasa-qui-revelent-le-visage-du-changement-climatique-3.png\" alt=\"\" class=\"wp-image-7146\" srcset=\"https:\/\/sitepersojlc.fr\/wp-content\/uploads\/2024\/02\/13-images-choc-de-la-nasa-qui-revelent-le-visage-du-changement-climatique-3.png 852w, https:\/\/sitepersojlc.fr\/wp-content\/uploads\/2024\/02\/13-images-choc-de-la-nasa-qui-revelent-le-visage-du-changement-climatique-3-283x300.png 283w, https:\/\/sitepersojlc.fr\/wp-content\/uploads\/2024\/02\/13-images-choc-de-la-nasa-qui-revelent-le-visage-du-changement-climatique-3-768x814.png 768w\" sizes=\"(max-width: 852px) 100vw, 852px\" \/><\/figure>\n\n\n\n<p><\/p>\n\n\n\n<p class=\"has-text-align-center\">Pour t\u00e9l\u00e9charger les fichiers, cliquez sur les encadr\u00e9s en couleur<\/p>\n\n\n\n<p><\/p>\n\n\n\n<p><\/p>\n\n\n\n<h3 style=\"text-align: center;\">1. Comment calculer le nombre d&rsquo; heures suppl\u00e9mentaires effectu\u00e9es&nbsp;<\/h3>\n\n\n\n<p><\/p>\n\n\n\n<div class=\"wp-block-buttons is-content-justification-center is-layout-flex wp-container-1\">\n<div class=\"wp-block-button has-custom-width wp-block-button__width-50 has-custom-font-size is-style-outline has-medium-font-size\"><a class=\"wp-block-button__link has-white-color has-vivid-red-background-color has-text-color has-background wp-element-button\" href=\"https:\/\/sitepersojlc.fr\/wp-content\/uploads\/2023\/08\/ABSENCES-ET-CALCUL-DU-NOMBRE-DHEURES-SUPPLEMENTAIRES.zip\" style=\"border-radius:100px;padding-top:var(--wp--preset--spacing--20);padding-right:var(--wp--preset--spacing--20);padding-bottom:var(--wp--preset--spacing--20);padding-left:var(--wp--preset--spacing--20)\">T\u00e9l\u00e9charger le Fichier Excel <\/a><\/div>\n<\/div>\n\n\n\n<p><\/p>\n\n\n\n<h3 style=\"text-align: center;\">2. Pr\u00e9sentation de la Feuille \u00ab\u00a0Heures Suppl\u00e9mentaires\u00a0\u00bb<\/h3>\n\n\n\n<p><\/p>\n\n\n\n<div class=\"wp-block-buttons has-custom-font-size has-medium-font-size is-content-justification-center is-layout-flex wp-container-2\">\n<div class=\"wp-block-button has-custom-width wp-block-button__width-50 is-style-outline\"><a class=\"wp-block-button__link has-white-color has-vivid-red-background-color has-text-color has-background wp-element-button\" href=\"https:\/\/sitepersojlc.fr\/wp-content\/uploads\/2023\/10\/EXERCICE-1-HEURES-SUPPLEMENTAIIRES-NC-2000-6-H.SUPP_.-CORRECTION-1.zip\" style=\"border-radius:51px;padding-top:var(--wp--preset--spacing--30);padding-right:var(--wp--preset--spacing--30);padding-bottom:var(--wp--preset--spacing--30);padding-left:var(--wp--preset--spacing--30)\">T\u00e9l\u00e9charger le Fichier Excel <\/a><\/div>\n<\/div>\n\n\n\n<p><\/p>\n\n\n\n<h3 style=\"text-align: center;\">3. Exercices d&rsquo;application sur la base CSG \/ CRDS<\/h3>\n\n\n\n<p style=\"text-align: center;\"><em>Fichier modifi\u00e9 le 23\/02\/2024 T\u00e9l\u00e9chargez la nouvelle version !!!&nbsp;<\/em><\/p>\n\n\n\n<div class=\"wp-block-buttons is-content-justification-center is-layout-flex wp-container-3\">\n<div class=\"wp-block-button has-custom-width wp-block-button__width-50 has-custom-font-size is-style-outline has-medium-font-size\"><a class=\"wp-block-button__link has-white-color has-vivid-red-background-color has-text-color has-background wp-element-button\" href=\"https:\/\/sitepersojlc.fr\/wp-content\/uploads\/2024\/02\/ROUTINE-2023.zip\" style=\"border-radius:100px;padding-top:var(--wp--preset--spacing--20);padding-right:var(--wp--preset--spacing--20);padding-bottom:var(--wp--preset--spacing--20);padding-left:var(--wp--preset--spacing--20)\">T\u00e9l\u00e9charger le Fichier Excel <\/a><\/div>\n<\/div>\n\n\n\n<p><\/p>\n\n\n\n<h5 style=\"text-align: center;\"><em>La mise \u00e0 jour des fichiers ci-dessous avec la correction correspondante a \u00e9t\u00e9 faite le 26\/02\/2024<\/em><\/h5>\n\n\n\n<p><\/p>\n\n\n\n<h3 style=\"text-align: center;\">4. Bulletins de paie : Exercice 1<\/h3>\n\n\n\n<p><\/p>\n\n\n\n<div class=\"wp-block-buttons is-content-justification-center is-layout-flex wp-container-4\">\n<div class=\"wp-block-button has-custom-width wp-block-button__width-25 has-custom-font-size is-style-outline has-medium-font-size\"><a class=\"wp-block-button__link has-white-color has-vivid-red-background-color has-text-color has-background wp-element-button\" href=\"https:\/\/sitepersojlc.fr\/wp-content\/uploads\/2024\/02\/EXERCICE-1-HEURES-SUPPLEMENTAIIRES-NC-2000-6-H.SUPP_.-ENONCE.zip\" style=\"border-radius:59px;padding-top:0;padding-right:var(--wp--preset--spacing--20);padding-bottom:0;padding-left:var(--wp--preset--spacing--20)\">Enonc\u00e9<\/a><\/div>\n\n\n\n<div class=\"wp-block-button has-custom-width wp-block-button__width-25 has-custom-font-size is-style-outline has-medium-font-size\"><a class=\"wp-block-button__link has-white-color has-vivid-green-cyan-background-color has-text-color has-background wp-element-button\" href=\"https:\/\/sitepersojlc.fr\/wp-content\/uploads\/2024\/02\/EXERCICE-1-HEURES-SUPPLEMENTAIIRES-NC-2000-6-H.SUPP_.-CORRECTION.zip\" style=\"border-radius:59px;padding-top:0;padding-right:0;padding-bottom:0;padding-left:0\">Correction <\/a><\/div>\n<\/div>\n\n\n\n<p><\/p>\n\n\n\n<h3 style=\"text-align: center;\">5. Bulletins de paie : Exercice 2<\/h3>\n\n\n\n<p><a href=\"https:\/\/sitepersojlc.fr\/liens\/chapitre-8-les-heures-supplementaires-defiscalisees\/\">Voir la page<\/a><\/p>\n\n\n\n<div class=\"wp-block-buttons is-content-justification-center is-layout-flex wp-container-5\">\n<div class=\"wp-block-button has-custom-width wp-block-button__width-25 has-custom-font-size is-style-outline has-medium-font-size\"><a class=\"wp-block-button__link has-white-color has-vivid-red-background-color has-text-color has-background wp-element-button\" href=\"https:\/\/sitepersojlc.fr\/wp-content\/uploads\/2024\/02\/EXERCICE-2-HEURES-SUPPLEMENTAIIRES-C-5000-C-ENONCE.zip\" style=\"border-radius:57px;padding-top:0;padding-right:var(--wp--preset--spacing--20);padding-bottom:0;padding-left:var(--wp--preset--spacing--20)\">Enonc\u00e9<\/a><\/div>\n\n\n\n<div class=\"wp-block-button has-custom-width wp-block-button__width-25 has-custom-font-size is-style-outline has-medium-font-size\"><a class=\"wp-block-button__link has-white-color has-vivid-green-cyan-background-color has-text-color has-background has-text-align-center wp-element-button\" href=\"https:\/\/sitepersojlc.fr\/wp-content\/uploads\/2024\/02\/EXERCICE-2-HEURES-SUPPLEMENTAIIRES-C-5000-CORRECTION-2.zip\" style=\"border-radius:39px;padding-top:0;padding-right:var(--wp--preset--spacing--20);padding-bottom:0;padding-left:var(--wp--preset--spacing--20)\">Correction <\/a><\/div>\n<\/div>\n\n\n\n<p><\/p>\n\n\n\n<h3 style=\"text-align: center;\">6. Bulletins de paie : Exercice 3<\/h3>\n\n\n\n<p><\/p>\n\n\n\n<div class=\"wp-block-buttons is-content-justification-center is-layout-flex wp-container-6\">\n<div class=\"wp-block-button has-custom-width wp-block-button__width-25 has-custom-font-size has-medium-font-size\"><a class=\"wp-block-button__link has-white-color has-vivid-red-background-color has-text-color has-background wp-element-button\" href=\"https:\/\/sitepersojlc.fr\/wp-content\/uploads\/2024\/02\/EXERCICE-3-HEURES-SUPPLEMENTAIIRES-NC-EFFECTIFS-PLUS-DE-250-SAL-ENONCE.zip\" style=\"border-radius:100px;padding-top:0;padding-right:0;padding-bottom:0;padding-left:0\">Enonc\u00e9<\/a><\/div>\n\n\n\n<div class=\"wp-block-button has-custom-width wp-block-button__width-25 has-custom-font-size has-medium-font-size\"><a class=\"wp-block-button__link has-white-color has-vivid-green-cyan-background-color has-text-color has-background wp-element-button\" href=\"https:\/\/sitepersojlc.fr\/wp-content\/uploads\/2024\/02\/EXERCICE-3-HEURES-SUPPLEMENTAIIRES-NC-EFFECTIFS-PLUS-DE-250-SAL-CORRECTION.zip\" style=\"border-radius:100px;padding-top:0;padding-right:0;padding-bottom:0;padding-left:0\">Correction <\/a><\/div>\n<\/div>\n\n\n\n<p><\/p>\n\n\n\n<h3 style=\"text-align: center;\">7. Bulletins de paie : Exercice 4<\/h3>\n\n\n\n<p><\/p>\n\n\n\n<div class=\"wp-block-buttons is-content-justification-center is-layout-flex wp-container-7\">\n<div class=\"wp-block-button has-custom-width wp-block-button__width-25 has-custom-font-size is-style-outline has-medium-font-size\"><a class=\"wp-block-button__link has-white-color has-vivid-red-background-color has-text-color has-background wp-element-button\" href=\"https:\/\/sitepersojlc.fr\/wp-content\/uploads\/2024\/02\/EXERCICE-4-HEURES-SUPPLEMENTAIIRES-C-HSUPP-ABSENCE-ENONCE-1.zip\" style=\"border-radius:97px;padding-top:0;padding-bottom:0\">Enonc\u00e9<\/a><\/div>\n\n\n\n<div class=\"wp-block-button has-custom-width wp-block-button__width-25 has-custom-font-size is-style-outline has-medium-font-size\"><a class=\"wp-block-button__link has-white-color has-vivid-green-cyan-background-color has-text-color has-background wp-element-button\" href=\"https:\/\/sitepersojlc.fr\/wp-content\/uploads\/2024\/02\/EXERCICE-4-HEURES-SUPPLEMENTAIIRES-C-HSUPP-ABSENCE-CORRECTION-1.zip\" style=\"border-radius:91px;padding-top:0;padding-right:0;padding-bottom:0;padding-left:0\">Correction<\/a><\/div>\n<\/div>\n\n\n\n<p><\/p>\n\n\n\n<p><\/p>\n\n\n\n<h3 style=\"text-align: center;\">8. Bulletins de paie : Exercice 5<\/h3>\n\n\n\n<p><\/p>\n\n\n\n<div class=\"wp-block-buttons is-content-justification-center is-layout-flex wp-container-8\">\n<div class=\"wp-block-button has-custom-width wp-block-button__width-25 has-custom-font-size is-style-outline has-medium-font-size\"><a class=\"wp-block-button__link has-white-color has-vivid-red-background-color has-text-color has-background wp-element-button\" href=\"https:\/\/sitepersojlc.fr\/wp-content\/uploads\/2024\/02\/EXERCICE-5-HEURES-SUPPLEMENTAIIRES-NC-AVEC-ABSENCE-ENONCE-1.zip\" style=\"border-radius:100px;padding-top:0;padding-right:0;padding-bottom:0;padding-left:0\">Enonc\u00e9<\/a><\/div>\n\n\n\n<div class=\"wp-block-button has-custom-font-size is-style-outline has-medium-font-size\"><a class=\"wp-block-button__link has-white-color has-vivid-green-cyan-background-color has-text-color has-background wp-element-button\" href=\"https:\/\/sitepersojlc.fr\/wp-content\/uploads\/2024\/02\/EXERCICE-5-HEURES-SUPPLEMENTAIIRES-NC-AVEC-ABSENCE-CORRECTION.zip\" style=\"border-radius:100px;padding-top:0;padding-bottom:0\">Correction <\/a><\/div>\n<\/div>\n\n\n\n<p><\/p>\n\n\n\n<p><\/p>\n\n\n\n<p><\/p>\n\n\n\n<p><\/p>\n\n\n\n<p><\/p>\n\n\n\n<p><\/p>\n\n\n\n<p><\/p>\n\n\n\n<p><\/p>\n\n\n\n<p><\/p>\n\n\n\n<p><\/p>\n\n\n\n<p><\/p>\n\n\n\n<p><\/p>\n\n\n\n<p><\/p>\n\n\n\n<p><\/p>\n\n\n\n<p><\/p>\n\n\n\n<p><\/p>\n<div class=\"likebtn_container\" style=\"\"><!-- LikeBtn.com BEGIN --><span class=\"likebtn-wrapper\"  data-identifier=\"page_8817\"  data-site_id=\"6663fc396fd08b3d0b514646\"  data-lang=\"fr\"  data-style=\"\"  data-unlike_allowed=\"\"  data-show_copyright=\"\"  data-item_url=\"https:\/\/sitepersojlc.fr\/?page_id=8817\"  data-item_title=\"Chapitre 12 Les heures suppl\u00e9mentaires d\u00e9fiscalis\u00e9es\"  data-item_date=\"2024-10-14T12:24:38+00:00\"  data-engine=\"WordPress\"  data-plugin_v=\"2.6.52\"  data-prx=\"https:\/\/sitepersojlc.fr\/wp-admin\/admin-ajax.php?action=likebtn_prx\"  data-event_handler=\"likebtn_eh\" ><\/span><!-- LikeBtn.com END --><\/div>","protected":false},"excerpt":{"rendered":"<p>Les heures suppl\u00e9mentaires d\u00e9fiscalis\u00e9es !!! Errata&nbsp; : Dans la cellule qui d\u00e9finit le Montant Net Social il&nbsp; faut supprimer la r\u00e9f\u00e9rence \u00e0 la cellule F72. Les fichiers mis \u00e0 jour sont disponibles ci-dessous Pour t\u00e9l\u00e9charger les fichiers, cliquez sur les encadr\u00e9s en couleur 1. Comment calculer le nombre d&rsquo; heures suppl\u00e9mentaires effectu\u00e9es&nbsp; 2. Pr\u00e9sentation de [&hellip;]<\/p>\n<div class=\"likebtn_container\" style=\"\"><!-- LikeBtn.com BEGIN --><span class=\"likebtn-wrapper\"  data-identifier=\"page_8817\"  data-site_id=\"6663fc396fd08b3d0b514646\"  data-lang=\"fr\"  data-style=\"\"  data-unlike_allowed=\"\"  data-show_copyright=\"\"  data-item_url=\"https:\/\/sitepersojlc.fr\/?page_id=8817\"  data-item_title=\"Chapitre 12 Les heures suppl\u00e9mentaires d\u00e9fiscalis\u00e9es\"  data-item_date=\"2024-10-14T12:24:38+00:00\"  data-engine=\"WordPress\"  data-plugin_v=\"2.6.52\"  data-prx=\"https:\/\/sitepersojlc.fr\/wp-admin\/admin-ajax.php?action=likebtn_prx\"  data-event_handler=\"likebtn_eh\" ><\/span><!-- LikeBtn.com END --><\/div>","protected":false},"author":1,"featured_media":0,"parent":3909,"menu_order":0,"comment_status":"closed","ping_status":"closed","template":"","meta":{"om_disable_all_campaigns":false,"_uag_custom_page_level_css":"","_monsterinsights_skip_tracking":false,"_monsterinsights_sitenote_active":false,"_monsterinsights_sitenote_note":"","_monsterinsights_sitenote_category":0,"_uf_show_specific_survey":0,"_uf_disable_surveys":false,"footnotes":""},"aioseo_notices":[],"uagb_featured_image_src":{"full":false,"thumbnail":false,"medium":false,"medium_large":false,"large":false,"1536x1536":false,"2048x2048":false},"uagb_author_info":{"display_name":"lechev.1910@gmail.com","author_link":"https:\/\/sitepersojlc.fr\/?author=1"},"uagb_comment_info":0,"uagb_excerpt":"Les heures suppl\u00e9mentaires d\u00e9fiscalis\u00e9es !!! Errata&nbsp; : Dans la cellule qui d\u00e9finit le Montant Net Social il&nbsp; faut supprimer la r\u00e9f\u00e9rence \u00e0 la cellule F72. Les fichiers mis \u00e0 jour sont disponibles ci-dessous Pour t\u00e9l\u00e9charger les fichiers, cliquez sur les encadr\u00e9s en couleur 1. Comment calculer le nombre d&rsquo; heures suppl\u00e9mentaires effectu\u00e9es&nbsp; 2. Pr\u00e9sentation de\u2026","_links":{"self":[{"href":"https:\/\/sitepersojlc.fr\/index.php?rest_route=\/wp\/v2\/pages\/8817"}],"collection":[{"href":"https:\/\/sitepersojlc.fr\/index.php?rest_route=\/wp\/v2\/pages"}],"about":[{"href":"https:\/\/sitepersojlc.fr\/index.php?rest_route=\/wp\/v2\/types\/page"}],"author":[{"embeddable":true,"href":"https:\/\/sitepersojlc.fr\/index.php?rest_route=\/wp\/v2\/users\/1"}],"replies":[{"embeddable":true,"href":"https:\/\/sitepersojlc.fr\/index.php?rest_route=%2Fwp%2Fv2%2Fcomments&post=8817"}],"version-history":[{"count":2,"href":"https:\/\/sitepersojlc.fr\/index.php?rest_route=\/wp\/v2\/pages\/8817\/revisions"}],"predecessor-version":[{"id":10517,"href":"https:\/\/sitepersojlc.fr\/index.php?rest_route=\/wp\/v2\/pages\/8817\/revisions\/10517"}],"up":[{"embeddable":true,"href":"https:\/\/sitepersojlc.fr\/index.php?rest_route=\/wp\/v2\/pages\/3909"}],"wp:attachment":[{"href":"https:\/\/sitepersojlc.fr\/index.php?rest_route=%2Fwp%2Fv2%2Fmedia&parent=8817"}],"curies":[{"name":"wp","href":"https:\/\/api.w.org\/{rel}","templated":true}]}}