{"id":8807,"date":"2024-10-14T12:03:04","date_gmt":"2024-10-14T12:03:04","guid":{"rendered":"https:\/\/sitepersojlc.fr\/?page_id=8807"},"modified":"2024-10-14T16:00:18","modified_gmt":"2024-10-14T16:00:18","slug":"chapitres-7-8-9-2024-2024","status":"publish","type":"page","link":"https:\/\/sitepersojlc.fr\/?page_id=8807","title":{"rendered":"R\u00e9duction G\u00e9n\u00e9rale de Cotisations &#8211; Suivi Limite 2,5 SMIC &#8211; Suivi Limite 3,5 SMIC"},"content":{"rendered":"\n<p><\/p>\n\n\n\n<p><\/p>\n\n\n\n<h2 style=\"text-align: center;\">Chapitres 7 &#8211; 8 &#8211; 9 ( 2024)<\/h2>\n\n\n\n<p><\/p>\n\n\n\n<figure class=\"wp-block-image size-full\"><img decoding=\"async\" src=\"https:\/\/sitepersojlc.fr\/wp-content\/uploads\/2024\/01\/18216625_282377882217340_1563621794227112559_o.jpg\" alt=\"\"\/><\/figure>\n\n\n\n<h4 class=\"wp-block-heading\" style=\"text-align: center;\">Pour t\u00e9l\u00e9charger les fichiers cliquez sur les encadr\u00e9s en couleur<\/h4>\n\n\n\n<h3 class=\"wp-block-heading\">&nbsp;<\/h3>\n\n\n\n<h2 class=\"wp-block-heading\" style=\"text-align: center;\"><strong>Chapitre 7<\/strong><\/h2>\n<h2 class=\"wp-block-heading\" style=\"text-align: center;\">&nbsp;<\/h2>\n\n\n\n<h3 class=\"wp-block-heading\" style=\"text-align: center;\">La R\u00e9duction g\u00e9n\u00e9rale de cotisations<\/h3>\n<p>&nbsp;<\/p>\n\n\n\n\n\n<div class=\"wp-block-buttons is-content-justification-center is-layout-flex wp-container-1\">\n<div class=\"wp-block-button\"><a class=\"wp-block-button__link has-white-color has-vivid-red-background-color has-text-color has-background wp-element-button\" href=\"https:\/\/sitepersojlc.fr\/wp-content\/uploads\/2024\/02\/2.-REDUCTION-GENERALE-DE-COTISATIONS-EXERCICES-CORRIGES-AUTO-FORMATION-2024-Version-2024.zip\" style=\"border-radius:100px\">Exercices Corrig\u00e9s<\/a><\/div>\n<\/div>\n\n\n\n<p><\/p>\n\n\n\n<p><\/p>\n\n\n\n<p><\/p>\n\n\n\n<div class=\"wp-block-uagb-buttons uagb-buttons__outer-wrap uagb-btn__default-btn uagb-btn-tablet__default-btn uagb-btn-mobile__default-btn uagb-block-ad09666a\"><div class=\"uagb-buttons__wrap uagb-buttons-layout-wrap\">\n<div class=\"wp-block-uagb-buttons-child uagb-buttons__outer-wrap uagb-block-4b2fa742 wp-block-button is-style-outline\"><div class=\"uagb-button__wrapper\"><a class=\"uagb-buttons-repeater wp-block-button__link has-background has-text-color\" href=\"https:\/\/sitepersojlc.fr\/wp-content\/uploads\/2024\/04\/1.-MATRICE-MOIS-ISOLE-1-2024-Version-2024-2.zip\" onclick=\"return true;\" rel=\"follow noopener\" target=\"_self\"><div class=\"uagb-button__link\">Matrice RED. GEN. de COT Mois Isole<\/div><\/a><\/div><\/div>\n<\/div><\/div>\n\n\n\n<p><\/p>\n\n\n\n\n\n<h5 style=\"text-align: justify;\"><em>Le calcul de la r\u00e9duction g\u00e9n\u00e9rale de cotisations pour 2024 sera mis \u00e0 jour d\u00e8s que les modalit\u00e9s pr\u00e9cises du calcul seront publi\u00e9es. La matrice ci-dessous tient compte de la majoration du SMIC horaire au 01\/11\/2024 mais\u00a0 n&rsquo;est pas conforme aux\u00a0 modalit\u00e9s particuli\u00e8res du calcul pr\u00e9vues pour 2024<\/em><\/h5>\n\n\n\n<p><\/p>\n\n\n\n<div class=\"wp-block-uagb-buttons uagb-buttons__outer-wrap uagb-btn__default-btn uagb-btn-tablet__default-btn uagb-btn-mobile__default-btn uagb-block-9b876a2e\"><div class=\"uagb-buttons__wrap uagb-buttons-layout-wrap\">\n<div class=\"wp-block-uagb-buttons-child uagb-buttons__outer-wrap uagb-block-ea556c00 wp-block-button is-style-outline\"><div class=\"uagb-button__wrapper\"><a class=\"uagb-buttons-repeater wp-block-button__link has-background has-text-color\" href=\"https:\/\/sitepersojlc.fr\/wp-content\/uploads\/2024\/10\/MATRICE-CALCUL-RED.-GEN.-de-COT.-2024-NOVEMBRE.zip\" onclick=\"return true;\" rel=\"follow noopener\" target=\"_self\"><div class=\"uagb-button__link\">Matrice Calcul RED.GEN.de COT. 2024<\/div><\/a><\/div><\/div>\n<\/div><\/div>\n\n\n\n<h2>&nbsp;<\/h2>\n<h2 class=\"wp-block-heading\" style=\"text-align: center;\"><strong>Chapitre 8<\/strong><\/h2>\n<h2>&nbsp;<\/h2>\n\n\n\n<h3 class=\"wp-block-heading\" style=\"text-align: center;\">Tableau de suivi de la cotisation de 6% au titre de la maladie, maternit\u00e9, invalidit\u00e9, d\u00e9c\u00e8s<\/h3>\n<p>&nbsp;<\/p>\n\n\n\n<div class=\"wp-block-buttons is-content-justification-center is-layout-flex wp-container-2\">\n<div class=\"wp-block-button has-custom-width wp-block-button__width-75 is-style-outline\"><a class=\"wp-block-button__link has-white-color has-vivid-red-background-color has-text-color has-background wp-element-button\" href=\"https:\/\/sitepersojlc.fr\/wp-content\/uploads\/2024\/02\/2.-SUIVI-LIMITE-25-SMIC-2024-Version-2024.zip\" style=\"border-radius:100px\">SUIVI LIMITE 2,5 SMIC 2024<\/a><\/div>\n<\/div>\n\n\n\n<h2>&nbsp;<\/h2>\n<h2 class=\"wp-block-heading\" style=\"text-align: center;\"><strong>Chapitre 9<\/strong><\/h2>\n\n\n\n<h3>\u00a0<\/h3>\n<h3 class=\"wp-block-heading\" style=\"text-align: center;\">Tableau de suivi de la cotisation allocations familiales au taux major\u00e9 de 1,8%<\/h3>\n<p>\u00a0<\/p>\n\n\n\n<p><\/p>\n\n\n\n<div class=\"wp-block-uagb-buttons uagb-buttons__outer-wrap uagb-btn__default-btn uagb-btn-tablet__default-btn uagb-btn-mobile__default-btn uagb-block-f1f08b73\"><div class=\"uagb-buttons__wrap uagb-buttons-layout-wrap\">\n<div class=\"wp-block-uagb-buttons-child uagb-buttons__outer-wrap uagb-block-2b8fbdcd wp-block-button is-style-outline\"><div class=\"uagb-button__wrapper\"><a class=\"uagb-buttons-repeater wp-block-button__link has-background has-text-color\" href=\"https:\/\/sitepersojlc.fr\/wp-content\/uploads\/2024\/02\/3.-SUIVI-LIMITE-35-SMIC-2024-Version-2024.zip\" onclick=\"return true;\" rel=\"follow noopener\" target=\"_self\"><div class=\"uagb-button__link\">Suivi Limite de 3,5 SMIC 2024 <\/div><\/a><\/div><\/div>\n<\/div><\/div>\n\n\n\n<p><\/p>\n\n\n\n<p><\/p>\n\n\n\n<p><\/p>\n\n\n\n<p><\/p>\n<div class=\"likebtn_container\" style=\"\"><!-- LikeBtn.com BEGIN --><span class=\"likebtn-wrapper\"  data-identifier=\"page_8807\"  data-site_id=\"6663fc396fd08b3d0b514646\"  data-lang=\"fr\"  data-style=\"\"  data-unlike_allowed=\"\"  data-show_copyright=\"\"  data-item_url=\"https:\/\/sitepersojlc.fr\/?page_id=8807\"  data-item_title=\"R\u00e9duction G\u00e9n\u00e9rale de Cotisations - Suivi Limite 2,5 SMIC - Suivi Limite 3,5 SMIC\"  data-item_date=\"2024-10-14T12:03:04+00:00\"  data-engine=\"WordPress\"  data-plugin_v=\"2.6.52\"  data-prx=\"https:\/\/sitepersojlc.fr\/wp-admin\/admin-ajax.php?action=likebtn_prx\"  data-event_handler=\"likebtn_eh\" ><\/span><!-- LikeBtn.com END --><\/div>","protected":false},"excerpt":{"rendered":"<p>Chapitres 7 &#8211; 8 &#8211; 9 ( 2024) Pour t\u00e9l\u00e9charger les fichiers cliquez sur les encadr\u00e9s en couleur &nbsp; Chapitre 7 &nbsp; La R\u00e9duction g\u00e9n\u00e9rale de cotisations &nbsp; Le calcul de la r\u00e9duction g\u00e9n\u00e9rale de cotisations pour 2024 sera mis \u00e0 jour d\u00e8s que les modalit\u00e9s pr\u00e9cises du calcul seront publi\u00e9es. La matrice ci-dessous tient [&hellip;]<\/p>\n<div class=\"likebtn_container\" style=\"\"><!-- LikeBtn.com BEGIN --><span class=\"likebtn-wrapper\"  data-identifier=\"page_8807\"  data-site_id=\"6663fc396fd08b3d0b514646\"  data-lang=\"fr\"  data-style=\"\"  data-unlike_allowed=\"\"  data-show_copyright=\"\"  data-item_url=\"https:\/\/sitepersojlc.fr\/?page_id=8807\"  data-item_title=\"R\u00e9duction G\u00e9n\u00e9rale de Cotisations - Suivi Limite 2,5 SMIC - Suivi Limite 3,5 SMIC\"  data-item_date=\"2024-10-14T12:03:04+00:00\"  data-engine=\"WordPress\"  data-plugin_v=\"2.6.52\"  data-prx=\"https:\/\/sitepersojlc.fr\/wp-admin\/admin-ajax.php?action=likebtn_prx\"  data-event_handler=\"likebtn_eh\" ><\/span><!-- LikeBtn.com END --><\/div>","protected":false},"author":1,"featured_media":0,"parent":0,"menu_order":0,"comment_status":"closed","ping_status":"closed","template":"","meta":{"om_disable_all_campaigns":false,"_uag_custom_page_level_css":"","_monsterinsights_skip_tracking":false,"_monsterinsights_sitenote_active":false,"_monsterinsights_sitenote_note":"","_monsterinsights_sitenote_category":0,"_uf_show_specific_survey":0,"_uf_disable_surveys":false,"footnotes":""},"aioseo_notices":[],"uagb_featured_image_src":{"full":false,"thumbnail":false,"medium":false,"medium_large":false,"large":false,"1536x1536":false,"2048x2048":false},"uagb_author_info":{"display_name":"lechev.1910@gmail.com","author_link":"https:\/\/sitepersojlc.fr\/?author=1"},"uagb_comment_info":0,"uagb_excerpt":"Chapitres 7 &#8211; 8 &#8211; 9 ( 2024) Pour t\u00e9l\u00e9charger les fichiers cliquez sur les encadr\u00e9s en couleur &nbsp; Chapitre 7 &nbsp; La R\u00e9duction g\u00e9n\u00e9rale de cotisations &nbsp; Le calcul de la r\u00e9duction g\u00e9n\u00e9rale de cotisations pour 2024 sera mis \u00e0 jour d\u00e8s que les modalit\u00e9s pr\u00e9cises du calcul seront publi\u00e9es. La matrice ci-dessous tient\u2026","_links":{"self":[{"href":"https:\/\/sitepersojlc.fr\/index.php?rest_route=\/wp\/v2\/pages\/8807"}],"collection":[{"href":"https:\/\/sitepersojlc.fr\/index.php?rest_route=\/wp\/v2\/pages"}],"about":[{"href":"https:\/\/sitepersojlc.fr\/index.php?rest_route=\/wp\/v2\/types\/page"}],"author":[{"embeddable":true,"href":"https:\/\/sitepersojlc.fr\/index.php?rest_route=\/wp\/v2\/users\/1"}],"replies":[{"embeddable":true,"href":"https:\/\/sitepersojlc.fr\/index.php?rest_route=%2Fwp%2Fv2%2Fcomments&post=8807"}],"version-history":[{"count":4,"href":"https:\/\/sitepersojlc.fr\/index.php?rest_route=\/wp\/v2\/pages\/8807\/revisions"}],"predecessor-version":[{"id":8839,"href":"https:\/\/sitepersojlc.fr\/index.php?rest_route=\/wp\/v2\/pages\/8807\/revisions\/8839"}],"wp:attachment":[{"href":"https:\/\/sitepersojlc.fr\/index.php?rest_route=%2Fwp%2Fv2%2Fmedia&parent=8807"}],"curies":[{"name":"wp","href":"https:\/\/api.w.org\/{rel}","templated":true}]}}