{"id":8802,"date":"2024-10-14T11:55:57","date_gmt":"2024-10-14T11:55:57","guid":{"rendered":"https:\/\/sitepersojlc.fr\/?page_id=8802"},"modified":"2025-06-28T14:16:16","modified_gmt":"2025-06-28T14:16:16","slug":"chapitres-4-5-6-2024-2024","status":"publish","type":"page","link":"https:\/\/sitepersojlc.fr\/?page_id=8802","title":{"rendered":"Table des taux (suite) &#8211; Param\u00e9trage du bulletin de paie &#8211; Suivi Cotisations retraite et Gestion de la CET"},"content":{"rendered":"\n<h2 class=\"wp-block-heading\" style=\"text-align: center;\">Chapitres 4 &#8211; 5 &#8211; 6<\/h2>\n<p>&nbsp;<\/p>\n\n\n\n<figure class=\"wp-block-image size-large\"><img decoding=\"async\" loading=\"lazy\" width=\"1024\" height=\"768\" src=\"https:\/\/sitepersojlc.fr\/wp-content\/uploads\/2024\/01\/164703298_1163204754134644_379123229658572658_n-2-1024x768.jpg\" alt=\"\" class=\"wp-image-6940\" srcset=\"https:\/\/sitepersojlc.fr\/wp-content\/uploads\/2024\/01\/164703298_1163204754134644_379123229658572658_n-2-1024x768.jpg 1024w, https:\/\/sitepersojlc.fr\/wp-content\/uploads\/2024\/01\/164703298_1163204754134644_379123229658572658_n-2-300x225.jpg 300w, https:\/\/sitepersojlc.fr\/wp-content\/uploads\/2024\/01\/164703298_1163204754134644_379123229658572658_n-2-768x576.jpg 768w, https:\/\/sitepersojlc.fr\/wp-content\/uploads\/2024\/01\/164703298_1163204754134644_379123229658572658_n-2-1536x1152.jpg 1536w, https:\/\/sitepersojlc.fr\/wp-content\/uploads\/2024\/01\/164703298_1163204754134644_379123229658572658_n-2.jpg 1728w\" sizes=\"(max-width: 1024px) 100vw, 1024px\" \/><\/figure>\n\n\n\n<h4 style=\"text-align: justify;\">Les Chapitres 4 et 5 viennent en compl\u00e9ment du Livre \u00ab\u00a0Excel pour la Paie 2025 &#8211; Exercices corrig\u00e9s. Initiation et approfondissements\u00a0\u00bb en vente sur Amazon en e-book (15 euros)<\/h4>\n<p style=\"text-align: center;\"><em>\u00a0<\/em><\/p>\n\n\n\n<h5 style=\"text-align: center;\">Pour t\u00e9l\u00e9charger les fichiers cliquez sur les encadr\u00e9s en couleur<\/h5>\n<p>&nbsp;<\/p>\n\n\n\n<p><\/p>\n\n\n\n<p><\/p>\n\n\n\n<h3 class=\"wp-block-heading\" style=\"text-align: center;\"><strong>Chapitre 3 (suite) <br><\/strong><\/h3>\n<h3 class=\"wp-block-heading\" style=\"text-align: center;\">Terminer la table des taux<\/h3>\n\n\n\n<p><\/p>\n\n\n\n<div class=\"wp-block-buttons has-custom-font-size has-medium-font-size is-content-justification-center is-layout-flex wp-container-1\">\n<div class=\"wp-block-button\"><a class=\"wp-block-button__link has-white-color has-vivid-red-background-color has-text-color has-background wp-element-button\" href=\"https:\/\/sitepersojlc.fr\/wp-content\/uploads\/2025\/05\/TRAVAIL-CHAPITRE-3-DEF-1-1.zip\" style=\"border-radius:87px\">TRAVAIL CHAPITRE 3<\/a><\/div>\n<\/div>\n\n\n\n<p><\/p>\n\n\n\n<p><\/p>\n\n\n\n<p><\/p>\n\n\n\n<p><\/p>\n\n\n\n<h3>&nbsp;<\/h3>\n<h3 style=\"text-align: center;\"><strong>Chapitre 4&nbsp;&nbsp; <br><\/strong><\/h3>\n<h3 style=\"text-align: center;\">Le Param\u00e9trage ligne par ligne du bulletin de paie format Juillet 2023<\/h3>\n\n\n\n<p><\/p>\n\n\n\n<div class=\"wp-block-buttons is-content-justification-center is-layout-flex wp-container-2\">\n<div class=\"wp-block-button has-custom-font-size has-medium-font-size\"><a class=\"wp-block-button__link has-white-color has-vivid-red-background-color has-text-color has-background wp-element-button\" href=\"https:\/\/sitepersojlc.fr\/wp-content\/uploads\/2025\/05\/TRAVAIL-CHAPITRE-4-DEF-1.zip\" style=\"border-radius:87px\">TRAVAIL CHAPITRE 4 <\/a><\/div>\n<\/div>\n\n\n\n\n\n<p><\/p>\n\n\n\n<p><\/p>\n\n\n\n<h3>&nbsp;<\/h3>\n<h3 style=\"text-align: center;\"><strong>Chapitre 6<\/strong><\/h3>\n<h3 style=\"text-align: center;\">Suivi cotisations retraite<\/h3>\n\n\n\n\n\n<p><\/p>\n\n\n\n<div class=\"wp-block-buttons is-layout-flex\">\n<div class=\"wp-block-button has-custom-width wp-block-button__width-100 has-custom-font-size has-medium-font-size\"><a class=\"wp-block-button__link has-white-color has-vivid-red-background-color has-text-color has-background wp-element-button\" href=\"https:\/\/sitepersojlc.fr\/wp-content\/uploads\/2025\/04\/1.-SUIVI-COTISATIONS-RETRAITE-2025.zip\" style=\"border-radius:87px\">1. Suivi cotisations retraite <\/a><\/div>\n\n\n\n\n\n<div class=\"wp-block-button has-custom-width wp-block-button__width-100 has-custom-font-size has-medium-font-size\"><a class=\"wp-block-button__link has-white-color has-vivid-cyan-blue-background-color has-text-color has-background wp-element-button\" href=\"https:\/\/sitepersojlc.fr\/wp-content\/uploads\/2025\/04\/TRAITEMENT-COMPLEMENTAIRE-T1-ET-COMPLEMENTAIRE-T2-SUR-LE-BP-2025.zip\" style=\"border-radius:87px\">2. Traitement Compl\u00e9mentaire T1 et T2 sur le bulletin de paie<\/a><\/div>\n<\/div>\n\n\n\n<p><\/p>\n\n\n\n<p><\/p>\n\n\n\n\n\n<div class=\"wp-block-buttons is-content-justification-center is-layout-flex wp-container-4\">\n<div class=\"wp-block-button\"><a class=\"wp-block-button__link has-white-color has-vivid-green-cyan-background-color has-text-color has-background has-text-align-center wp-element-button\" href=\"https:\/\/sitepersojlc.fr\/wp-content\/uploads\/2025\/04\/GESTION-DE-LA-CET-2025.zip\" style=\"border-radius:92px\">La Gestion de la CET par l&rsquo;exemple<\/a><\/div>\n<\/div>\n<div class=\"likebtn_container\" style=\"\"><!-- LikeBtn.com BEGIN --><span class=\"likebtn-wrapper\"  data-identifier=\"page_8802\"  data-site_id=\"6663fc396fd08b3d0b514646\"  data-lang=\"fr\"  data-style=\"\"  data-unlike_allowed=\"\"  data-show_copyright=\"\"  data-item_url=\"https:\/\/sitepersojlc.fr\/?page_id=8802\"  data-item_title=\"Table des taux (suite) - Param\u00e9trage du bulletin de paie - Suivi Cotisations retraite et Gestion de la CET\"  data-item_date=\"2024-10-14T11:55:57+00:00\"  data-engine=\"WordPress\"  data-plugin_v=\"2.6.52\"  data-prx=\"https:\/\/sitepersojlc.fr\/wp-admin\/admin-ajax.php?action=likebtn_prx\"  data-event_handler=\"likebtn_eh\" ><\/span><!-- LikeBtn.com END --><\/div>","protected":false},"excerpt":{"rendered":"<p>Chapitres 4 &#8211; 5 &#8211; 6 &nbsp; Les Chapitres 4 et 5 viennent en compl\u00e9ment du Livre \u00ab\u00a0Excel pour la Paie 2025 &#8211; Exercices corrig\u00e9s. Initiation et approfondissements\u00a0\u00bb en vente sur Amazon en e-book (15 euros) \u00a0 Pour t\u00e9l\u00e9charger les fichiers cliquez sur les encadr\u00e9s en couleur &nbsp; Chapitre 3 (suite) Terminer la table des [&hellip;]<\/p>\n<div class=\"likebtn_container\" style=\"\"><!-- LikeBtn.com BEGIN --><span class=\"likebtn-wrapper\"  data-identifier=\"page_8802\"  data-site_id=\"6663fc396fd08b3d0b514646\"  data-lang=\"fr\"  data-style=\"\"  data-unlike_allowed=\"\"  data-show_copyright=\"\"  data-item_url=\"https:\/\/sitepersojlc.fr\/?page_id=8802\"  data-item_title=\"Table des taux (suite) - Param\u00e9trage du bulletin de paie - Suivi Cotisations retraite et Gestion de la CET\"  data-item_date=\"2024-10-14T11:55:57+00:00\"  data-engine=\"WordPress\"  data-plugin_v=\"2.6.52\"  data-prx=\"https:\/\/sitepersojlc.fr\/wp-admin\/admin-ajax.php?action=likebtn_prx\"  data-event_handler=\"likebtn_eh\" ><\/span><!-- LikeBtn.com END --><\/div>","protected":false},"author":1,"featured_media":0,"parent":0,"menu_order":0,"comment_status":"closed","ping_status":"closed","template":"","meta":{"om_disable_all_campaigns":false,"_uag_custom_page_level_css":"","_monsterinsights_skip_tracking":false,"_monsterinsights_sitenote_active":false,"_monsterinsights_sitenote_note":"","_monsterinsights_sitenote_category":0,"_uf_show_specific_survey":0,"_uf_disable_surveys":false,"footnotes":""},"aioseo_notices":[],"uagb_featured_image_src":{"full":false,"thumbnail":false,"medium":false,"medium_large":false,"large":false,"1536x1536":false,"2048x2048":false},"uagb_author_info":{"display_name":"lechev.1910@gmail.com","author_link":"https:\/\/sitepersojlc.fr\/?author=1"},"uagb_comment_info":0,"uagb_excerpt":"Chapitres 4 &#8211; 5 &#8211; 6 &nbsp; Les Chapitres 4 et 5 viennent en compl\u00e9ment du Livre \u00ab\u00a0Excel pour la Paie 2025 &#8211; Exercices corrig\u00e9s. Initiation et approfondissements\u00a0\u00bb en vente sur Amazon en e-book (15 euros) \u00a0 Pour t\u00e9l\u00e9charger les fichiers cliquez sur les encadr\u00e9s en couleur &nbsp; Chapitre 3 (suite) Terminer la table des\u2026","_links":{"self":[{"href":"https:\/\/sitepersojlc.fr\/index.php?rest_route=\/wp\/v2\/pages\/8802"}],"collection":[{"href":"https:\/\/sitepersojlc.fr\/index.php?rest_route=\/wp\/v2\/pages"}],"about":[{"href":"https:\/\/sitepersojlc.fr\/index.php?rest_route=\/wp\/v2\/types\/page"}],"author":[{"embeddable":true,"href":"https:\/\/sitepersojlc.fr\/index.php?rest_route=\/wp\/v2\/users\/1"}],"replies":[{"embeddable":true,"href":"https:\/\/sitepersojlc.fr\/index.php?rest_route=%2Fwp%2Fv2%2Fcomments&post=8802"}],"version-history":[{"count":31,"href":"https:\/\/sitepersojlc.fr\/index.php?rest_route=\/wp\/v2\/pages\/8802\/revisions"}],"predecessor-version":[{"id":10964,"href":"https:\/\/sitepersojlc.fr\/index.php?rest_route=\/wp\/v2\/pages\/8802\/revisions\/10964"}],"wp:attachment":[{"href":"https:\/\/sitepersojlc.fr\/index.php?rest_route=%2Fwp%2Fv2%2Fmedia&parent=8802"}],"curies":[{"name":"wp","href":"https:\/\/api.w.org\/{rel}","templated":true}]}}