{"id":8658,"date":"2024-05-13T13:46:05","date_gmt":"2024-05-13T13:46:05","guid":{"rendered":"https:\/\/sitepersojlc.fr\/?page_id=8658"},"modified":"2024-05-28T06:59:54","modified_gmt":"2024-05-28T06:59:54","slug":"se-former-a-excel","status":"publish","type":"page","link":"https:\/\/sitepersojlc.fr\/?page_id=8658","title":{"rendered":"Livre"},"content":{"rendered":"\n<p><\/p>\n\n\n\n<h4 style=\"text-align: center;\">Apprendre la Paie tout en se formant \u00e0 Excel :&nbsp;<\/h4>\n<h4 style=\"text-align: center;\">Initiation et approfondissements&nbsp;<\/h4>\n<h4 style=\"text-align: center;\">&nbsp;<\/h4>\n\n\n\n<p><\/p>\n\n\n\n<figure class=\"wp-block-image size-large\"><img decoding=\"async\" loading=\"lazy\" width=\"1024\" height=\"682\" src=\"https:\/\/sitepersojlc.fr\/wp-content\/uploads\/2024\/05\/41026667942_cf62155c8d_o-1024x682.jpg\" alt=\"\" class=\"wp-image-8659\" srcset=\"https:\/\/sitepersojlc.fr\/wp-content\/uploads\/2024\/05\/41026667942_cf62155c8d_o-1024x682.jpg 1024w, https:\/\/sitepersojlc.fr\/wp-content\/uploads\/2024\/05\/41026667942_cf62155c8d_o-300x200.jpg 300w, https:\/\/sitepersojlc.fr\/wp-content\/uploads\/2024\/05\/41026667942_cf62155c8d_o-768x512.jpg 768w, https:\/\/sitepersojlc.fr\/wp-content\/uploads\/2024\/05\/41026667942_cf62155c8d_o.jpg 1316w\" sizes=\"(max-width: 1024px) 100vw, 1024px\" \/><\/figure>\n\n\n\n<p><\/p>\n\n\n\n<p><\/p>\n\n\n\n<h4 style=\"text-align: center;\"><em>13\/05\/2024<\/em><\/h4>\n<h4 style=\"text-align: justify;\">Vous pouvez d\u00e9sormais trouver en vente (2,77 euros)&nbsp; sur Amazon le livre \u00ab\u00a0<em>Exercices Corrig\u00e9s sur la Paie 2024&nbsp; &#8211; Initiation \u00e0 Excel et&nbsp; &nbsp;Approfondissements<\/em> \u00ab\u00a0. Dans ce livre&nbsp; vous retrouverez les explications d\u00e9taill\u00e9es des Chapitres 1 \u00e0 18.&nbsp;<\/h4>\n\n\n\n\n\n<figure class=\"wp-block-image size-full is-resized\"><img decoding=\"async\" loading=\"lazy\" src=\"https:\/\/sitepersojlc.fr\/wp-content\/uploads\/2024\/05\/image-1.png\" alt=\"\" class=\"wp-image-8671\" width=\"164\" height=\"263\"\/><\/figure>\n\n\n\n<p><\/p>\n<div class=\"likebtn_container\" style=\"\"><!-- LikeBtn.com BEGIN --><span class=\"likebtn-wrapper\"  data-identifier=\"page_8658\"  data-site_id=\"6663fc396fd08b3d0b514646\"  data-lang=\"fr\"  data-style=\"\"  data-unlike_allowed=\"\"  data-show_copyright=\"\"  data-item_url=\"https:\/\/sitepersojlc.fr\/?page_id=8658\"  data-item_title=\"Livre\"  data-item_date=\"2024-05-13T13:46:05+00:00\"  data-engine=\"WordPress\"  data-plugin_v=\"2.6.52\"  data-prx=\"https:\/\/sitepersojlc.fr\/wp-admin\/admin-ajax.php?action=likebtn_prx\"  data-event_handler=\"likebtn_eh\" ><\/span><!-- LikeBtn.com END --><\/div>","protected":false},"excerpt":{"rendered":"<p>Apprendre la Paie tout en se formant \u00e0 Excel :&nbsp; Initiation et approfondissements&nbsp; &nbsp; 13\/05\/2024 Vous pouvez d\u00e9sormais trouver en vente (2,77 euros)&nbsp; sur Amazon le livre \u00ab\u00a0Exercices Corrig\u00e9s sur la Paie 2024&nbsp; &#8211; Initiation \u00e0 Excel et&nbsp; &nbsp;Approfondissements \u00ab\u00a0. Dans ce livre&nbsp; vous retrouverez les explications d\u00e9taill\u00e9es des Chapitres 1 \u00e0 18.&nbsp;<\/p>\n<div class=\"likebtn_container\" style=\"\"><!-- LikeBtn.com BEGIN --><span class=\"likebtn-wrapper\"  data-identifier=\"page_8658\"  data-site_id=\"6663fc396fd08b3d0b514646\"  data-lang=\"fr\"  data-style=\"\"  data-unlike_allowed=\"\"  data-show_copyright=\"\"  data-item_url=\"https:\/\/sitepersojlc.fr\/?page_id=8658\"  data-item_title=\"Livre\"  data-item_date=\"2024-05-13T13:46:05+00:00\"  data-engine=\"WordPress\"  data-plugin_v=\"2.6.52\"  data-prx=\"https:\/\/sitepersojlc.fr\/wp-admin\/admin-ajax.php?action=likebtn_prx\"  data-event_handler=\"likebtn_eh\" ><\/span><!-- LikeBtn.com END --><\/div>","protected":false},"author":1,"featured_media":0,"parent":0,"menu_order":0,"comment_status":"closed","ping_status":"closed","template":"","meta":{"om_disable_all_campaigns":false,"_uag_custom_page_level_css":"","_monsterinsights_skip_tracking":false,"_monsterinsights_sitenote_active":false,"_monsterinsights_sitenote_note":"","_monsterinsights_sitenote_category":0,"_uf_show_specific_survey":0,"_uf_disable_surveys":false,"footnotes":""},"aioseo_notices":[],"uagb_featured_image_src":{"full":false,"thumbnail":false,"medium":false,"medium_large":false,"large":false,"1536x1536":false,"2048x2048":false},"uagb_author_info":{"display_name":"lechev.1910@gmail.com","author_link":"https:\/\/sitepersojlc.fr\/?author=1"},"uagb_comment_info":0,"uagb_excerpt":"Apprendre la Paie tout en se formant \u00e0 Excel :&nbsp; Initiation et approfondissements&nbsp; &nbsp; 13\/05\/2024 Vous pouvez d\u00e9sormais trouver en vente (2,77 euros)&nbsp; sur Amazon le livre \u00ab\u00a0Exercices Corrig\u00e9s sur la Paie 2024&nbsp; &#8211; Initiation \u00e0 Excel et&nbsp; &nbsp;Approfondissements \u00ab\u00a0. Dans ce livre&nbsp; vous retrouverez les explications d\u00e9taill\u00e9es des Chapitres 1 \u00e0 18.&nbsp;","_links":{"self":[{"href":"https:\/\/sitepersojlc.fr\/index.php?rest_route=\/wp\/v2\/pages\/8658"}],"collection":[{"href":"https:\/\/sitepersojlc.fr\/index.php?rest_route=\/wp\/v2\/pages"}],"about":[{"href":"https:\/\/sitepersojlc.fr\/index.php?rest_route=\/wp\/v2\/types\/page"}],"author":[{"embeddable":true,"href":"https:\/\/sitepersojlc.fr\/index.php?rest_route=\/wp\/v2\/users\/1"}],"replies":[{"embeddable":true,"href":"https:\/\/sitepersojlc.fr\/index.php?rest_route=%2Fwp%2Fv2%2Fcomments&post=8658"}],"version-history":[{"count":17,"href":"https:\/\/sitepersojlc.fr\/index.php?rest_route=\/wp\/v2\/pages\/8658\/revisions"}],"predecessor-version":[{"id":8719,"href":"https:\/\/sitepersojlc.fr\/index.php?rest_route=\/wp\/v2\/pages\/8658\/revisions\/8719"}],"wp:attachment":[{"href":"https:\/\/sitepersojlc.fr\/index.php?rest_route=%2Fwp%2Fv2%2Fmedia&parent=8658"}],"curies":[{"name":"wp","href":"https:\/\/api.w.org\/{rel}","templated":true}]}}