{"id":8399,"date":"2024-04-17T19:25:20","date_gmt":"2024-04-17T19:25:20","guid":{"rendered":"https:\/\/sitepersojlc.fr\/?page_id=8399"},"modified":"2025-06-19T20:20:36","modified_gmt":"2025-06-19T20:20:36","slug":"fichiers-dexercices-2024","status":"publish","type":"page","link":"https:\/\/sitepersojlc.fr\/?page_id=8399","title":{"rendered":"Acc\u00e8s aux Fichiers d&rsquo;exercices 2024"},"content":{"rendered":"\n<div class=\"wp-block-buttons is-content-justification-center is-layout-flex wp-container-1\">\n<div class=\"wp-block-button\"><a class=\"wp-block-button__link has-white-color has-vivid-cyan-blue-background-color has-text-color has-background has-text-align-center wp-element-button\" href=\"https:\/\/sitepersojlc.fr\/wp-content\/uploads\/2024\/06\/FICHIER-EXEMPLE.zip\" style=\"border-radius:100px\">Un exemple de fichier en t\u00e9l\u00e9chargement <\/a><\/div>\n<\/div>\n\n\n\n<p><\/p>\n\n\n\n<p><\/p>\n\n\n\n<h4 style=\"text-align: center;\">Acc\u00e8s aux&nbsp; Fichiers Excel 2024 pr\u00e9sents sur le site&nbsp;<\/h4>\n<p>&nbsp;<\/p>\n\n\n\n<h4>Les fichiers Excel pr\u00e9sents sur ce site ne sont pas pour l&rsquo;instant &#8211; pour la plupart d&rsquo;entre eux &#8211; prot\u00e9g\u00e9s par un mot de passe.<\/h4>\n\n\n\n<p><\/p>\n\n\n\n<h4 style=\"text-align: justify;\">&nbsp;<\/h4>\n<h4 style=\"text-align: justify;\">La compilation des exercices du site (dans la version 2024) &#8211; avec une correction d\u00e9taill\u00e9e am\u00e9lior\u00e9e &#8211; sous forme de fichiers en format pdf &#8211; est disponible au prix de 1<strong>0<\/strong> euros ( pour les 4 Tomes)&nbsp;<\/h4>\n<p style=\"text-align: center;\"><em>Consultez le contenu de chaque fichier en t\u00e9l\u00e9chargeant ci-dessous&nbsp; la&nbsp; table des mati\u00e8res de chacun des tomes .<\/em><\/p>\n<h4 style=\"text-align: justify;\">Pour obtenir le mot de passe vous donnant acc\u00e8s au contenu des menus,&nbsp; veuillez remplir le formulaire ci-dessous. Vous serez redirig\u00e9 automatiquement vers la page de paiement&nbsp; ENTIEREMENT SECURISEE.<\/h4>\n<h4 style=\"text-align: justify;\">&nbsp;<\/h4>\n<h4 style=\"text-align: justify;\">D\u00e9s r\u00e9ception de votre mail de confirmation le mot de passe (ou le PDF)&nbsp; vous seront transmis.<\/h4>\n<p>Votre adresse mail ne sera pas utilis\u00e9e \u00e0 des fins autres que celles de la transaction.<\/p>\n<p>&nbsp;<\/p>\n<p>&nbsp;<\/p>\n\n\n\n<div class=\"wp-block-uagb-buttons uagb-buttons__outer-wrap uagb-btn__default-btn uagb-btn-tablet__default-btn uagb-btn-mobile__default-btn uagb-block-ed0ad84d\"><div class=\"uagb-buttons__wrap uagb-buttons-layout-wrap\">\n<div class=\"wp-block-uagb-buttons-child uagb-buttons__outer-wrap uagb-block-da139189 wp-block-button is-style-outline\"><div class=\"uagb-button__wrapper\"><a class=\"uagb-buttons-repeater wp-block-button__link has-background has-text-color\" href=\"#\" onclick=\"return false;\" rel=\"follow noopener\" target=\"_self\"><div class=\"uagb-button__link\">Tome 1<\/div><\/a><\/div><\/div>\n\n\n\n<div class=\"wp-block-uagb-buttons-child uagb-buttons__outer-wrap uagb-block-59097700 wp-block-button is-style-outline\"><div class=\"uagb-button__wrapper\"><a class=\"uagb-buttons-repeater wp-block-button__link has-background has-text-color\" href=\"https:\/\/sitepersojlc.fr\/wp-content\/uploads\/2024\/04\/TABLE-DES-MATIERES-TOME-1.zip\" onclick=\"return true;\" rel=\"follow noopener\" target=\"_self\"><div class=\"uagb-button__link\">Table des Mati\u00e8res <\/div><\/a><\/div><\/div>\n<\/div><\/div>\n\n\n\n<p><\/p>\n\n\n\n<p><\/p>\n\n\n\n<div class=\"wp-block-uagb-buttons uagb-buttons__outer-wrap uagb-btn__default-btn uagb-btn-tablet__default-btn uagb-btn-mobile__default-btn uagb-block-b05a0d45\"><div class=\"uagb-buttons__wrap uagb-buttons-layout-wrap\">\n<div class=\"wp-block-uagb-buttons-child uagb-buttons__outer-wrap uagb-block-d4e62549 wp-block-button is-style-outline\"><div class=\"uagb-button__wrapper\"><a class=\"uagb-buttons-repeater wp-block-button__link has-background has-text-color\" href=\"#\" onclick=\"return false;\" rel=\"follow noopener\" target=\"_self\"><div class=\"uagb-button__link\">Tome 2<\/div><\/a><\/div><\/div>\n\n\n\n<div class=\"wp-block-uagb-buttons-child uagb-buttons__outer-wrap uagb-block-98e170cc wp-block-button is-style-outline\"><div class=\"uagb-button__wrapper\"><a class=\"uagb-buttons-repeater wp-block-button__link has-background has-text-color\" href=\"https:\/\/sitepersojlc.fr\/wp-content\/uploads\/2024\/04\/TABLE-DES-MATIERES-TOME-2.zip\" onclick=\"return true;\" rel=\"follow noopener\" target=\"_self\"><div class=\"uagb-button__link\">Table des Mati\u00e8res<\/div><\/a><\/div><\/div>\n<\/div><\/div>\n\n\n\n<p><\/p>\n\n\n\n<p><\/p>\n\n\n\n<div class=\"wp-block-uagb-buttons uagb-buttons__outer-wrap uagb-btn__default-btn uagb-btn-tablet__default-btn uagb-btn-mobile__default-btn uagb-block-6b09a34a\"><div class=\"uagb-buttons__wrap uagb-buttons-layout-wrap\">\n<div class=\"wp-block-uagb-buttons-child uagb-buttons__outer-wrap uagb-block-b7852649 wp-block-button is-style-outline\"><div class=\"uagb-button__wrapper\"><a class=\"uagb-buttons-repeater wp-block-button__link has-background has-text-color\" href=\"#\" onclick=\"return false;\" rel=\"follow noopener\" target=\"_self\"><div class=\"uagb-button__link\">Tome 3  <\/div><\/a><\/div><\/div>\n\n\n\n<div class=\"wp-block-uagb-buttons-child uagb-buttons__outer-wrap uagb-block-0cae020c wp-block-button is-style-outline\"><div class=\"uagb-button__wrapper\"><a class=\"uagb-buttons-repeater wp-block-button__link has-background has-text-color\" href=\"https:\/\/sitepersojlc.fr\/wp-content\/uploads\/2024\/04\/TABLE-DES-MATIERES-TOME-3-1.zip\" onclick=\"return true;\" rel=\"follow noopener\" target=\"_self\"><div class=\"uagb-button__link\">Table des Mati\u00e8res<\/div><\/a><\/div><\/div>\n<\/div><\/div>\n\n\n\n<p><\/p>\n\n\n\n<p><\/p>\n\n\n\n<div class=\"wp-block-uagb-buttons uagb-buttons__outer-wrap uagb-btn__default-btn uagb-btn-tablet__default-btn uagb-btn-mobile__default-btn uagb-block-c8a897c7\"><div class=\"uagb-buttons__wrap uagb-buttons-layout-wrap\">\n<div class=\"wp-block-uagb-buttons-child uagb-buttons__outer-wrap uagb-block-3fa3fb8b wp-block-button is-style-outline\"><div class=\"uagb-button__wrapper\"><a class=\"uagb-buttons-repeater wp-block-button__link has-background has-text-color\" href=\"#\" onclick=\"return false;\" rel=\"follow noopener\" target=\"_self\"><div class=\"uagb-button__link\">Tome 4<\/div><\/a><\/div><\/div>\n\n\n\n<div class=\"wp-block-uagb-buttons-child uagb-buttons__outer-wrap uagb-block-06f2049d wp-block-button is-style-outline\"><div class=\"uagb-button__wrapper\"><a class=\"uagb-buttons-repeater wp-block-button__link has-background has-text-color\" href=\"https:\/\/sitepersojlc.fr\/wp-content\/uploads\/2024\/04\/TABLE-DES-MATIERES-TOME-4-1.zip\" onclick=\"return true;\" rel=\"follow noopener\" target=\"_self\"><div class=\"uagb-button__link\">Table des Mati\u00e8res<\/div><\/a><\/div><\/div>\n<\/div><\/div>\n\n\n\n<p><\/p>\n\n\n\n<div class=\"wp-block-uagb-buttons uagb-buttons__outer-wrap uagb-btn__default-btn uagb-btn-tablet__default-btn uagb-btn-mobile__default-btn uagb-block-3ce85c49\"><div class=\"uagb-buttons__wrap uagb-buttons-layout-wrap\">\n<div class=\"wp-block-uagb-buttons-child uagb-buttons__outer-wrap uagb-block-f037f1f1 wp-block-button is-style-outline\"><div class=\"uagb-button__wrapper\"><a class=\"uagb-buttons-repeater wp-block-button__link has-background has-text-color\" href=\"https:\/\/sitepersojlc.fr\/wp-content\/uploads\/2024\/04\/FICHIER-EXEMPLE.zip\" onclick=\"return true;\" rel=\"follow noopener\" target=\"_self\"><div class=\"uagb-button__link\">Un exemple T\u00e9l\u00e9chargement <\/div><\/a><\/div><\/div>\n<\/div><\/div>\n\n\n\n<p><\/p>\n\n\n\n<p><\/p>\n\n\n\n<p><\/p>\n\n\n\n\n\n<div class=\"wp-block-uagb-forms uagb-forms__outer-wrap uagb-block-63a1902a uagb-forms__medium-btn\"><form class=\"uagb-forms-main-form\" method=\"post\" autocomplete=\"on\" name=\"uagb-form-63a1902a\">\n<div class=\"wp-block-uagb-forms-name uagb-forms-name-wrap uagb-forms-field-set uagb-block-3e0dff3c\"><div class=\"uagb-forms-name-label obligatoire uagb-forms-input-label\" id=\"3e0dff3c\">Pr\u00e9nom<\/div><input type=\"text\" placeholder=\"John\" required class=\"uagb-forms-name-input uagb-forms-input\" name=\"3e0dff3c\" autocomplete=\"given-name\"\/><\/div>\n\n\n\n<div class=\"wp-block-uagb-forms-name uagb-forms-name-wrap uagb-forms-field-set uagb-block-0fc61b95\"><div class=\"uagb-forms-name-label obligatoire uagb-forms-input-label\" id=\"0fc61b95\">Nom de Famille<\/div><input type=\"text\" placeholder=\"Doe\" required class=\"uagb-forms-name-input uagb-forms-input\" name=\"0fc61b95\" autocomplete=\"family-name\"\/><\/div>\n\n\n\n<div class=\"wp-block-uagb-forms-email uagb-forms-email-wrap uagb-forms-field-set uagb-block-a6fa0415\"><div class=\"uagb-forms-email-label  uagb-forms-input-label\" id=\"a6fa0415\">E-mail<\/div><input type=\"email\" class=\"uagb-forms-email-input uagb-forms-input\" placeholder=\"exemple@mail.com\" name=\"a6fa0415\" autocomplete=\"email\"\/><\/div>\n\n\n\n<div class=\"wp-block-uagb-forms-textarea uagb-forms-textarea-wrap uagb-forms-field-set uagb-block-41932b94\"><div class=\"uagb-forms-textarea-label obligatoire uagb-forms-input-label\" id=\"41932b94\">Message<\/div><textarea required class=\"uagb-forms-textarea-input uagb-forms-input\" rows=\"4\" placeholder=\"Saisissez votre message\" name=\"41932b94\" autocomplete=\"off\"><\/textarea><\/div>\n<div class=\"uagb-forms-form-hidden-data\"><input type=\"hidden\" id=\"g-recaptcha-response\" class=\"uagb-forms-recaptcha\"\/><input type=\"hidden\" class=\"uagb_forms_form_label\" value=\"Formulaire Spectra\"\/><input type=\"hidden\" class=\"uagb_forms_form_id\" value=\"uagb-form-63a1902a\"\/><\/div><div class=\"uagb-form-reacaptcha-error-63a1902a\"><\/div><div class=\"uagb-forms-main-submit-button-wrap wp-block-button\"><button class=\"uagb-forms-main-submit-button wp-block-button__link\"><div class=\"uagb-forms-main-submit-button-text\">Envoyer<\/div><\/button><\/div><\/form><\/div>\n\n\n\n<p><\/p>\n\n\n\n<p>Pour toute question n&rsquo;h\u00e9sitez pas \u00e0 m&rsquo;envoyer un mail \u00e0 l&rsquo;adresse \u00a0\u00bb sitepersojlc@yahoo.com <\/p>\n<div class=\"likebtn_container\" style=\"\"><!-- LikeBtn.com BEGIN --><span class=\"likebtn-wrapper\"  data-identifier=\"page_8399\"  data-site_id=\"6663fc396fd08b3d0b514646\"  data-lang=\"fr\"  data-style=\"\"  data-unlike_allowed=\"\"  data-show_copyright=\"\"  data-item_url=\"https:\/\/sitepersojlc.fr\/?page_id=8399\"  data-item_title=\"Acc\u00e8s aux Fichiers d&#039;exercices 2024\"  data-item_date=\"2024-04-17T19:25:20+00:00\"  data-engine=\"WordPress\"  data-plugin_v=\"2.6.52\"  data-prx=\"https:\/\/sitepersojlc.fr\/wp-admin\/admin-ajax.php?action=likebtn_prx\"  data-event_handler=\"likebtn_eh\" ><\/span><!-- LikeBtn.com END --><\/div>","protected":false},"excerpt":{"rendered":"<p>Acc\u00e8s aux&nbsp; Fichiers Excel 2024 pr\u00e9sents sur le site&nbsp; &nbsp; Les fichiers Excel pr\u00e9sents sur ce site ne sont pas pour l&rsquo;instant &#8211; pour la plupart d&rsquo;entre eux &#8211; prot\u00e9g\u00e9s par un mot de passe. &nbsp; La compilation des exercices du site (dans la version 2024) &#8211; avec une correction d\u00e9taill\u00e9e am\u00e9lior\u00e9e &#8211; sous forme [&hellip;]<\/p>\n<div class=\"likebtn_container\" style=\"\"><!-- LikeBtn.com BEGIN --><span class=\"likebtn-wrapper\"  data-identifier=\"page_8399\"  data-site_id=\"6663fc396fd08b3d0b514646\"  data-lang=\"fr\"  data-style=\"\"  data-unlike_allowed=\"\"  data-show_copyright=\"\"  data-item_url=\"https:\/\/sitepersojlc.fr\/?page_id=8399\"  data-item_title=\"Acc\u00e8s aux Fichiers d&#039;exercices 2024\"  data-item_date=\"2024-04-17T19:25:20+00:00\"  data-engine=\"WordPress\"  data-plugin_v=\"2.6.52\"  data-prx=\"https:\/\/sitepersojlc.fr\/wp-admin\/admin-ajax.php?action=likebtn_prx\"  data-event_handler=\"likebtn_eh\" ><\/span><!-- LikeBtn.com END --><\/div>","protected":false},"author":1,"featured_media":0,"parent":0,"menu_order":0,"comment_status":"closed","ping_status":"closed","template":"","meta":{"om_disable_all_campaigns":false,"_uag_custom_page_level_css":"","_monsterinsights_skip_tracking":false,"_monsterinsights_sitenote_active":false,"_monsterinsights_sitenote_note":"","_monsterinsights_sitenote_category":0,"_uf_show_specific_survey":0,"_uf_disable_surveys":false,"footnotes":""},"aioseo_notices":[],"uagb_featured_image_src":{"full":false,"thumbnail":false,"medium":false,"medium_large":false,"large":false,"1536x1536":false,"2048x2048":false},"uagb_author_info":{"display_name":"lechev.1910@gmail.com","author_link":"https:\/\/sitepersojlc.fr\/?author=1"},"uagb_comment_info":0,"uagb_excerpt":"Acc\u00e8s aux&nbsp; Fichiers Excel 2024 pr\u00e9sents sur le site&nbsp; &nbsp; Les fichiers Excel pr\u00e9sents sur ce site ne sont pas pour l&rsquo;instant &#8211; pour la plupart d&rsquo;entre eux &#8211; prot\u00e9g\u00e9s par un mot de passe. &nbsp; La compilation des exercices du site (dans la version 2024) &#8211; avec une correction d\u00e9taill\u00e9e am\u00e9lior\u00e9e &#8211; sous forme\u2026","_links":{"self":[{"href":"https:\/\/sitepersojlc.fr\/index.php?rest_route=\/wp\/v2\/pages\/8399"}],"collection":[{"href":"https:\/\/sitepersojlc.fr\/index.php?rest_route=\/wp\/v2\/pages"}],"about":[{"href":"https:\/\/sitepersojlc.fr\/index.php?rest_route=\/wp\/v2\/types\/page"}],"author":[{"embeddable":true,"href":"https:\/\/sitepersojlc.fr\/index.php?rest_route=\/wp\/v2\/users\/1"}],"replies":[{"embeddable":true,"href":"https:\/\/sitepersojlc.fr\/index.php?rest_route=%2Fwp%2Fv2%2Fcomments&post=8399"}],"version-history":[{"count":55,"href":"https:\/\/sitepersojlc.fr\/index.php?rest_route=\/wp\/v2\/pages\/8399\/revisions"}],"predecessor-version":[{"id":10841,"href":"https:\/\/sitepersojlc.fr\/index.php?rest_route=\/wp\/v2\/pages\/8399\/revisions\/10841"}],"wp:attachment":[{"href":"https:\/\/sitepersojlc.fr\/index.php?rest_route=%2Fwp%2Fv2%2Fmedia&parent=8399"}],"curies":[{"name":"wp","href":"https:\/\/api.w.org\/{rel}","templated":true}]}}