{"id":8323,"date":"2024-04-13T13:53:46","date_gmt":"2024-04-13T13:53:46","guid":{"rendered":"https:\/\/sitepersojlc.fr\/?page_id=8323"},"modified":"2025-10-17T18:22:01","modified_gmt":"2025-10-17T18:22:01","slug":"comptabilisation-des-bulletins-de-paie-2024","status":"publish","type":"page","link":"https:\/\/sitepersojlc.fr\/?page_id=8323","title":{"rendered":"Chapitre 25  Comptabilisation des Bulletins de Paie (2025)"},"content":{"rendered":"\n<figure class=\"wp-block-image size-large\"><img decoding=\"async\" loading=\"lazy\" width=\"1024\" height=\"361\" src=\"https:\/\/sitepersojlc.fr\/wp-content\/uploads\/2025\/05\/Bali-panorama-1024x361.jpg\" alt=\"\" class=\"wp-image-9834\" srcset=\"https:\/\/sitepersojlc.fr\/wp-content\/uploads\/2025\/05\/Bali-panorama-1024x361.jpg 1024w, https:\/\/sitepersojlc.fr\/wp-content\/uploads\/2025\/05\/Bali-panorama-300x106.jpg 300w, https:\/\/sitepersojlc.fr\/wp-content\/uploads\/2025\/05\/Bali-panorama-768x271.jpg 768w, https:\/\/sitepersojlc.fr\/wp-content\/uploads\/2025\/05\/Bali-panorama-1536x542.jpg 1536w, https:\/\/sitepersojlc.fr\/wp-content\/uploads\/2025\/05\/Bali-panorama.jpg 1700w\" sizes=\"(max-width: 1024px) 100vw, 1024px\" \/><\/figure>\n\n\n\n<p><\/p>\n\n\n\n<h3 style=\"text-align: center;\"><em>Maquette de comptabilisation des bulletins de paie<\/em><\/h3>\n\n\n\n<p><\/p>\n\n\n\n<h5 style=\"text-align: center;\"><em>Nouvelle version mise en ligne le 01\/05\/2025<\/em><\/h5>\n\n\n\n<p><\/p>\n\n\n\n<h4 style=\"text-align: justify;\">Je vous propose cette maquette qui vous permettra&nbsp; de comptabiliser automatiquement vos bulletins de paie. Depuis le masque de saisie vous entrez les variables que vous voulez ( effectifs, salaires, statut du salari\u00e9, taux des couvertures frais de sant\u00e9 et hors frais de sant\u00e9, taux accident du travail applicable, taux du versement mobilit\u00e9 \u00e9ventuellement applicable ) et vous retrouverez dans la feuille COMPTABILISATION&nbsp; l&rsquo;OD de paie correspondante. La modification des bases de calcul de la mutuelle et de la pr\u00e9voyance compl\u00e9mentaire ( en T1, T1+T2 ou autres) n\u00e9cessitera de modifier le param\u00e9trage et devra \u00eatre effectu\u00e9 avec prudence. La feuille \u00ab\u00a0Quelques explications\u00a0\u00bb&nbsp; vous donne les modes op\u00e9ratoires.<\/h4>\n<h4 style=\"text-align: justify;\">Dans ce dossier vous retrouverez \u00e9galement des explications sur la fa\u00e7on de d\u00e9terminer les param\u00e8tres T de la RGCP (d\u00e9sormais de 0,3193 et 0,3233 \u00e0 compter du 01\/05\/2025), et apprendrez comment pr\u00e9parer votre d\u00e9claration \u00e0 l&rsquo;URSSAF et effectuer le recoupement avec la comptabilit\u00e9. Enfin une fois les contr\u00f4les effectu\u00e9s vous passerez l&rsquo;OD de paie au moment du r\u00e8glement \u00e0 l&rsquo;URSSAF.<\/h4>\n\n\n\n<p><\/p>\n\n\n\n<p><\/p>\n\n\n\n<div class=\"wp-block-uagb-buttons uagb-buttons__outer-wrap uagb-btn__default-btn uagb-btn-tablet__default-btn uagb-btn-mobile__default-btn uagb-block-a993664d\"><div class=\"uagb-buttons__wrap uagb-buttons-layout-wrap\">\n<div class=\"wp-block-uagb-buttons-child uagb-buttons__outer-wrap uagb-block-fa9facf4 wp-block-button is-style-outline\"><div class=\"uagb-button__wrapper\"><a class=\"uagb-buttons-repeater wp-block-button__link has-background has-text-color\" href=\"https:\/\/sitepersojlc.fr\/wp-content\/uploads\/2025\/05\/MAQUETTE-COMPTABILISATION-SUR-1-MOIS-ISOLE-2025-1.zip\" onclick=\"return true;\" rel=\"follow noopener\" target=\"_self\"><div class=\"uagb-button__link\">Maquette de Comptabilisation des Bulletins de Paie <\/div><\/a><\/div><\/div>\n<\/div><\/div>\n\n\n\n<p><\/p>\n\n\n\n<p style=\"text-align: center;\">Derni\u00e8re version mise \u00e0 jour le 01\/05\/2025<\/p>\n\n\n\n<p>Vous trouverez par ailleurs dans le fichier ci-dessus des \u00e9l\u00e9ments afin d&rsquo;\u00e9tablir le bordereau de cotisations URSSAF  ( feuille CTP  et BRC2) et les codes CTP  correspondants dans le fichier ci-dessous <\/p>\n\n\n\n<p><\/p>\n\n\n\n<p><\/p>\n\n\n\n<div class=\"wp-block-uagb-buttons uagb-buttons__outer-wrap uagb-btn__default-btn uagb-btn-tablet__default-btn uagb-btn-mobile__default-btn uagb-block-e609f748\"><div class=\"uagb-buttons__wrap uagb-buttons-layout-wrap\">\n<div class=\"wp-block-uagb-buttons-child uagb-buttons__outer-wrap uagb-block-15666f48 wp-block-button is-style-outline\"><div class=\"uagb-button__wrapper\"><a class=\"uagb-buttons-repeater wp-block-button__link has-background has-text-color\" href=\"https:\/\/sitepersojlc.fr\/wp-content\/uploads\/2024\/08\/CODES-CTP.zip\" onclick=\"return true;\" rel=\"follow noopener\" target=\"_self\"><div class=\"uagb-button__link\">Codes CTP <\/div><\/a><\/div><\/div>\n<\/div><\/div>\n\n\n\n<p><\/p>\n\n\n\n<p><\/p>\n\n\n\n<p><\/p>\n\n\n\n<p><\/p>\n\n\n\n<p><\/p>\n\n\n\n<p><\/p>\n<div class=\"likebtn_container\" style=\"\"><!-- LikeBtn.com BEGIN --><span class=\"likebtn-wrapper\"  data-identifier=\"page_8323\"  data-site_id=\"6663fc396fd08b3d0b514646\"  data-lang=\"fr\"  data-style=\"\"  data-unlike_allowed=\"\"  data-show_copyright=\"\"  data-item_url=\"https:\/\/sitepersojlc.fr\/?page_id=8323\"  data-item_title=\"Chapitre 25 Comptabilisation des Bulletins de Paie (2025)\"  data-item_date=\"2024-04-13T13:53:46+00:00\"  data-engine=\"WordPress\"  data-plugin_v=\"2.6.52\"  data-prx=\"https:\/\/sitepersojlc.fr\/wp-admin\/admin-ajax.php?action=likebtn_prx\"  data-event_handler=\"likebtn_eh\" ><\/span><!-- LikeBtn.com END --><\/div>","protected":false},"excerpt":{"rendered":"<p>Maquette de comptabilisation des bulletins de paie Nouvelle version mise en ligne le 01\/05\/2025 Je vous propose cette maquette qui vous permettra&nbsp; de comptabiliser automatiquement vos bulletins de paie. Depuis le masque de saisie vous entrez les variables que vous voulez ( effectifs, salaires, statut du salari\u00e9, taux des couvertures frais de sant\u00e9 et hors [&hellip;]<\/p>\n<div class=\"likebtn_container\" style=\"\"><!-- LikeBtn.com BEGIN --><span class=\"likebtn-wrapper\"  data-identifier=\"page_8323\"  data-site_id=\"6663fc396fd08b3d0b514646\"  data-lang=\"fr\"  data-style=\"\"  data-unlike_allowed=\"\"  data-show_copyright=\"\"  data-item_url=\"https:\/\/sitepersojlc.fr\/?page_id=8323\"  data-item_title=\"Chapitre 25 Comptabilisation des Bulletins de Paie (2025)\"  data-item_date=\"2024-04-13T13:53:46+00:00\"  data-engine=\"WordPress\"  data-plugin_v=\"2.6.52\"  data-prx=\"https:\/\/sitepersojlc.fr\/wp-admin\/admin-ajax.php?action=likebtn_prx\"  data-event_handler=\"likebtn_eh\" ><\/span><!-- LikeBtn.com END --><\/div>","protected":false},"author":1,"featured_media":0,"parent":0,"menu_order":0,"comment_status":"closed","ping_status":"closed","template":"","meta":{"om_disable_all_campaigns":false,"_uag_custom_page_level_css":"","_monsterinsights_skip_tracking":false,"_monsterinsights_sitenote_active":false,"_monsterinsights_sitenote_note":"","_monsterinsights_sitenote_category":0,"_uf_show_specific_survey":0,"_uf_disable_surveys":false,"footnotes":""},"aioseo_notices":[],"uagb_featured_image_src":{"full":false,"thumbnail":false,"medium":false,"medium_large":false,"large":false,"1536x1536":false,"2048x2048":false},"uagb_author_info":{"display_name":"lechev.1910@gmail.com","author_link":"https:\/\/sitepersojlc.fr\/?author=1"},"uagb_comment_info":0,"uagb_excerpt":"Maquette de comptabilisation des bulletins de paie Nouvelle version mise en ligne le 01\/05\/2025 Je vous propose cette maquette qui vous permettra&nbsp; de comptabiliser automatiquement vos bulletins de paie. Depuis le masque de saisie vous entrez les variables que vous voulez ( effectifs, salaires, statut du salari\u00e9, taux des couvertures frais de sant\u00e9 et hors\u2026","_links":{"self":[{"href":"https:\/\/sitepersojlc.fr\/index.php?rest_route=\/wp\/v2\/pages\/8323"}],"collection":[{"href":"https:\/\/sitepersojlc.fr\/index.php?rest_route=\/wp\/v2\/pages"}],"about":[{"href":"https:\/\/sitepersojlc.fr\/index.php?rest_route=\/wp\/v2\/types\/page"}],"author":[{"embeddable":true,"href":"https:\/\/sitepersojlc.fr\/index.php?rest_route=\/wp\/v2\/users\/1"}],"replies":[{"embeddable":true,"href":"https:\/\/sitepersojlc.fr\/index.php?rest_route=%2Fwp%2Fv2%2Fcomments&post=8323"}],"version-history":[{"count":22,"href":"https:\/\/sitepersojlc.fr\/index.php?rest_route=\/wp\/v2\/pages\/8323\/revisions"}],"predecessor-version":[{"id":10120,"href":"https:\/\/sitepersojlc.fr\/index.php?rest_route=\/wp\/v2\/pages\/8323\/revisions\/10120"}],"wp:attachment":[{"href":"https:\/\/sitepersojlc.fr\/index.php?rest_route=%2Fwp%2Fv2%2Fmedia&parent=8323"}],"curies":[{"name":"wp","href":"https:\/\/api.w.org\/{rel}","templated":true}]}}