{"id":8016,"date":"2024-04-01T03:14:44","date_gmt":"2024-04-01T03:14:44","guid":{"rendered":"https:\/\/sitepersojlc.fr\/?page_id=8016"},"modified":"2024-04-09T07:59:37","modified_gmt":"2024-04-09T07:59:37","slug":"contrat-dapprentissage-2024","status":"publish","type":"page","link":"https:\/\/sitepersojlc.fr\/?page_id=8016","title":{"rendered":"Contrat d&rsquo;apprentissage 2024"},"content":{"rendered":"\n<p><\/p>\n\n\n\n<h2 class=\"wp-block-heading\" style=\"text-align: center;\">Bulletins de paie des apprentis<\/h2>\n<p>&nbsp;<\/p>\n\n\n\n<h3 class=\"wp-block-heading\" style=\"text-align: justify;\">Vous trouverez dans l\u2019exercice corrig\u00e9 qui suit les principales mesures \u00e0 conna\u00eetre pour \u00e9tablir le bulletin de paie d\u2019un apprenti<\/h3>\n\n\n\n<p><a href=\"https:\/\/sitepersojlc.fr\/wp-content\/uploads\/2023\/10\/APRRENTI-1-ENONCE.zip\"><\/a><\/p>\n\n\n\n\n\n<div class=\"wp-block-uagb-buttons uagb-buttons__outer-wrap uagb-btn__default-btn uagb-btn-tablet__default-btn uagb-btn-mobile__default-btn uagb-block-3e9ebc62\"><div class=\"uagb-buttons__wrap uagb-buttons-layout-wrap\">\n<div class=\"wp-block-uagb-buttons-child uagb-buttons__outer-wrap uagb-block-a5802a4f wp-block-button is-style-outline\"><div class=\"uagb-button__wrapper\"><a class=\"uagb-buttons-repeater wp-block-button__link has-background has-text-color\" href=\"https:\/\/sitepersojlc.fr\/wp-content\/uploads\/2024\/04\/APPRENTI-ENONCE-2024.zip\" onclick=\"return true;\" rel=\"follow noopener\" target=\"_self\"><div class=\"uagb-button__link\">Exercice 1 Enonc\u00e9 <\/div><\/a><\/div><\/div>\n\n\n\n<div class=\"wp-block-uagb-buttons-child uagb-buttons__outer-wrap uagb-block-0c1b6234 wp-block-button is-style-outline\"><div class=\"uagb-button__wrapper\"><a class=\"uagb-buttons-repeater wp-block-button__link has-background has-text-color\" href=\"https:\/\/sitepersojlc.fr\/wp-content\/uploads\/2024\/04\/APPRENTI-CORRECTION-2024-EXERCICE-2.zip\" onclick=\"return true;\" rel=\"follow noopener\" target=\"_self\"><div class=\"uagb-button__link\">Exercice 1 Correction <\/div><\/a><\/div><\/div>\n<\/div><\/div>\n\n\n\n<p><a href=\"https:\/\/sitepersojlc.fr\/wp-content\/uploads\/2023\/10\/APRRENTI-1-CORRECTION.zip\"><\/a><\/p>\n\n\n\n<p style=\"text-align: justify;\"><em>Nouveau fichier pour la Correction Mis en Ligne le 02\/04\/2024 avec explications compl\u00e9mentaires<\/em><\/p>\n\n\n\n<h4>\u00a0<\/h4>\n<h4 style=\"text-align: justify;\">Quant aux aides dont peuvent b\u00e9n\u00e9ficier les entreprises elles sont pr\u00e9sent\u00e9es dans le document suivant\u00a0<\/h4>\n<p>\u00a0<\/p>\n\n\n\n<div class=\"wp-block-uagb-buttons uagb-buttons__outer-wrap uagb-btn__default-btn uagb-btn-tablet__default-btn uagb-btn-mobile__default-btn uagb-block-039df687\"><div class=\"uagb-buttons__wrap uagb-buttons-layout-wrap\">\n<div class=\"wp-block-uagb-buttons-child uagb-buttons__outer-wrap uagb-block-bedc076b wp-block-button is-style-outline\"><div class=\"uagb-button__wrapper\"><a class=\"uagb-buttons-repeater wp-block-button__link has-background has-text-color\" href=\"https:\/\/sitepersojlc.fr\/wp-content\/uploads\/2024\/04\/AIDES-POUR-LES-CONTRATS-EN-ALTERNANCE.zip\" onclick=\"return true;\" rel=\"follow noopener\" target=\"_self\"><div class=\"uagb-button__link\">Aides <\/div><\/a><\/div><\/div>\n<\/div><\/div>\n\n\n\n<p><\/p>\n<div class=\"likebtn_container\" style=\"\"><!-- LikeBtn.com BEGIN --><span class=\"likebtn-wrapper\"  data-identifier=\"page_8016\"  data-site_id=\"6663fc396fd08b3d0b514646\"  data-lang=\"fr\"  data-style=\"\"  data-unlike_allowed=\"\"  data-show_copyright=\"\"  data-item_url=\"https:\/\/sitepersojlc.fr\/?page_id=8016\"  data-item_title=\"Contrat d&#039;apprentissage 2024\"  data-item_date=\"2024-04-01T03:14:44+00:00\"  data-engine=\"WordPress\"  data-plugin_v=\"2.6.52\"  data-prx=\"https:\/\/sitepersojlc.fr\/wp-admin\/admin-ajax.php?action=likebtn_prx\"  data-event_handler=\"likebtn_eh\" ><\/span><!-- LikeBtn.com END --><\/div>","protected":false},"excerpt":{"rendered":"<p>Bulletins de paie des apprentis &nbsp; Vous trouverez dans l\u2019exercice corrig\u00e9 qui suit les principales mesures \u00e0 conna\u00eetre pour \u00e9tablir le bulletin de paie d\u2019un apprenti Nouveau fichier pour la Correction Mis en Ligne le 02\/04\/2024 avec explications compl\u00e9mentaires \u00a0 Quant aux aides dont peuvent b\u00e9n\u00e9ficier les entreprises elles sont pr\u00e9sent\u00e9es dans le document suivant\u00a0 [&hellip;]<\/p>\n<div class=\"likebtn_container\" style=\"\"><!-- LikeBtn.com BEGIN --><span class=\"likebtn-wrapper\"  data-identifier=\"page_8016\"  data-site_id=\"6663fc396fd08b3d0b514646\"  data-lang=\"fr\"  data-style=\"\"  data-unlike_allowed=\"\"  data-show_copyright=\"\"  data-item_url=\"https:\/\/sitepersojlc.fr\/?page_id=8016\"  data-item_title=\"Contrat d&#039;apprentissage 2024\"  data-item_date=\"2024-04-01T03:14:44+00:00\"  data-engine=\"WordPress\"  data-plugin_v=\"2.6.52\"  data-prx=\"https:\/\/sitepersojlc.fr\/wp-admin\/admin-ajax.php?action=likebtn_prx\"  data-event_handler=\"likebtn_eh\" ><\/span><!-- LikeBtn.com END --><\/div>","protected":false},"author":1,"featured_media":0,"parent":0,"menu_order":0,"comment_status":"closed","ping_status":"closed","template":"","meta":{"om_disable_all_campaigns":false,"_uag_custom_page_level_css":"","_monsterinsights_skip_tracking":false,"_monsterinsights_sitenote_active":false,"_monsterinsights_sitenote_note":"","_monsterinsights_sitenote_category":0,"_uf_show_specific_survey":0,"_uf_disable_surveys":false,"footnotes":""},"aioseo_notices":[],"uagb_featured_image_src":{"full":false,"thumbnail":false,"medium":false,"medium_large":false,"large":false,"1536x1536":false,"2048x2048":false},"uagb_author_info":{"display_name":"lechev.1910@gmail.com","author_link":"https:\/\/sitepersojlc.fr\/?author=1"},"uagb_comment_info":0,"uagb_excerpt":"Bulletins de paie des apprentis &nbsp; Vous trouverez dans l\u2019exercice corrig\u00e9 qui suit les principales mesures \u00e0 conna\u00eetre pour \u00e9tablir le bulletin de paie d\u2019un apprenti Nouveau fichier pour la Correction Mis en Ligne le 02\/04\/2024 avec explications compl\u00e9mentaires \u00a0 Quant aux aides dont peuvent b\u00e9n\u00e9ficier les entreprises elles sont pr\u00e9sent\u00e9es dans le document suivant\u00a0\u2026","_links":{"self":[{"href":"https:\/\/sitepersojlc.fr\/index.php?rest_route=\/wp\/v2\/pages\/8016"}],"collection":[{"href":"https:\/\/sitepersojlc.fr\/index.php?rest_route=\/wp\/v2\/pages"}],"about":[{"href":"https:\/\/sitepersojlc.fr\/index.php?rest_route=\/wp\/v2\/types\/page"}],"author":[{"embeddable":true,"href":"https:\/\/sitepersojlc.fr\/index.php?rest_route=\/wp\/v2\/users\/1"}],"replies":[{"embeddable":true,"href":"https:\/\/sitepersojlc.fr\/index.php?rest_route=%2Fwp%2Fv2%2Fcomments&post=8016"}],"version-history":[{"count":8,"href":"https:\/\/sitepersojlc.fr\/index.php?rest_route=\/wp\/v2\/pages\/8016\/revisions"}],"predecessor-version":[{"id":8047,"href":"https:\/\/sitepersojlc.fr\/index.php?rest_route=\/wp\/v2\/pages\/8016\/revisions\/8047"}],"wp:attachment":[{"href":"https:\/\/sitepersojlc.fr\/index.php?rest_route=%2Fwp%2Fv2%2Fmedia&parent=8016"}],"curies":[{"name":"wp","href":"https:\/\/api.w.org\/{rel}","templated":true}]}}