{"id":7944,"date":"2024-03-31T06:24:40","date_gmt":"2024-03-31T06:24:40","guid":{"rendered":"https:\/\/sitepersojlc.fr\/?page_id=7944"},"modified":"2024-04-09T07:55:12","modified_gmt":"2024-04-09T07:55:12","slug":"avantages-en-nature-et-frais-professionnels-2024","status":"publish","type":"page","link":"https:\/\/sitepersojlc.fr\/?page_id=7944","title":{"rendered":"Avantages en nature et frais professionnels (2024)"},"content":{"rendered":"\n<p><\/p>\n\n\n\n<h3 class=\"wp-block-heading\" style=\"text-align: center;\">Bulletins de Paie comportant des avantages en nature et des frais professionnels<\/h3>\n\n\n\n<p><\/p>\n\n\n\n<h4>&nbsp;<\/h4>\n<h4 class=\"wp-block-heading\" style=\"text-align: justify;\">Dans cette introduction aux avantages en nature et aux frais professionnels vous apprendrez comment les diff\u00e9rencier et la mani\u00e8re de les traiter en paie<\/h4>\n<p>&nbsp;<\/p>\n\n\n\n<div class=\"wp-block-uagb-buttons uagb-buttons__outer-wrap uagb-btn__default-btn uagb-btn-tablet__default-btn uagb-btn-mobile__default-btn uagb-block-0c3b3c50\"><div class=\"uagb-buttons__wrap uagb-buttons-layout-wrap\">\n<div class=\"wp-block-uagb-buttons-child uagb-buttons__outer-wrap uagb-block-1e2928a2 wp-block-button is-style-outline\"><div class=\"uagb-button__wrapper\"><a class=\"uagb-buttons-repeater wp-block-button__link has-background has-text-color\" href=\"https:\/\/sitepersojlc.fr\/wp-content\/uploads\/2024\/03\/AVANTAGES-EN-NATURE-ET-FRAIS-PROFESSIONNELS-COURTE-INTRODUCTION.zip\" onclick=\"return true;\" rel=\"follow noopener\" target=\"_self\"><div class=\"uagb-button__link\">Courte introduction aux avantages en nature et aux frais professionnels <\/div><\/a><\/div><\/div>\n<\/div><\/div>\n\n\n\n<p><a href=\"https:\/\/sitepersojlc.fr\/wp-content\/uploads\/2023\/10\/AVANTAGES-EN-NATURE-ET-FRAIS-PROFESSIONNELS-COURTE-INTRODUCTION.zip\"><\/a><\/p>\n\n\n\n<h2>&nbsp;<\/h2>\n<h2 class=\"wp-block-heading\" style=\"text-align: center;\">1. Avantage en nature v\u00e9hicule<\/h2>\n<p>&nbsp;<\/p>\n\n\n\n<p><\/p>\n\n\n\n<h4 class=\"wp-block-heading\" style=\"text-align: justify;\">Vous pourrez trouver dans les fichiers ci-dessous un r\u00e9sum\u00e9 de la l\u00e9gislation applicable aux avantages en nature v\u00e9hicules sous forme de sch\u00e9ma synth\u00e9tique, 2 exercices corrig\u00e9s, un bulletin de paie correspondant \u00e0 l\u2019un des exercices et des pr\u00e9cisions sur les avantages en nature relatifs aux v\u00e9hicules \u00e9lectriques<\/h4>\n<p>&nbsp;<\/p>\n\n\n\n<p><\/p>\n\n\n\n<div class=\"wp-block-uagb-buttons uagb-buttons__outer-wrap uagb-btn__default-btn uagb-btn-tablet__default-btn uagb-btn-mobile__default-btn uagb-block-2b3a648a\"><div class=\"uagb-buttons__wrap uagb-buttons-layout-wrap\">\n<div class=\"wp-block-uagb-buttons-child uagb-buttons__outer-wrap uagb-block-163b8cb4 wp-block-button is-style-outline\"><div class=\"uagb-button__wrapper\"><a class=\"uagb-buttons-repeater wp-block-button__link has-background has-text-color\" href=\"https:\/\/sitepersojlc.fr\/wp-content\/uploads\/2024\/03\/SCHEMA-AVANTAGE-EN-NATURE-VEHICULE.zip\" onclick=\"return true;\" rel=\"follow noopener\" target=\"_self\"><div class=\"uagb-button__link\">Sch\u00e9ma Synth\u00e8se Avantage en Nature V\u00e9hicule<\/div><\/a><\/div><\/div>\n<\/div><\/div>\n\n\n\n<h3 class=\"wp-block-heading\">&nbsp;<\/h3>\n\n\n\n\n\n<div class=\"wp-block-uagb-buttons uagb-buttons__outer-wrap uagb-btn__default-btn uagb-btn-tablet__default-btn uagb-btn-mobile__default-btn uagb-block-19df00dc\"><div class=\"uagb-buttons__wrap uagb-buttons-layout-wrap\">\n<div class=\"wp-block-uagb-buttons-child uagb-buttons__outer-wrap uagb-block-fc24c107 wp-block-button is-style-outline\"><div class=\"uagb-button__wrapper\"><a class=\"uagb-buttons-repeater wp-block-button__link has-background has-text-color\" href=\"https:\/\/sitepersojlc.fr\/wp-content\/uploads\/2024\/03\/EXERCICES-AVANTAGE-EN-NATURE-VEHICULE-2024.zip\" onclick=\"return true;\" rel=\"follow noopener\" target=\"_self\"><div class=\"uagb-button__link\">2 Exercices corrig\u00e9s <\/div><\/a><\/div><\/div>\n<\/div><\/div>\n\n\n\n<p>&nbsp;<\/p>\n<p>&nbsp;<\/p>\n\n\n\n\n\n<div class=\"wp-block-uagb-buttons uagb-buttons__outer-wrap uagb-btn__default-btn uagb-btn-tablet__default-btn uagb-btn-mobile__default-btn uagb-block-65d62626\"><div class=\"uagb-buttons__wrap uagb-buttons-layout-wrap\">\n<div class=\"wp-block-uagb-buttons-child uagb-buttons__outer-wrap uagb-block-7e8c9ed4 wp-block-button is-style-outline\"><div class=\"uagb-button__wrapper\"><a class=\"uagb-buttons-repeater wp-block-button__link has-background has-text-color\" href=\"https:\/\/sitepersojlc.fr\/wp-content\/uploads\/2024\/03\/AN-VEHICULE-BULLETIN-DE-PAIE-ENONCE-2024.zip\" onclick=\"return true;\" rel=\"follow noopener\" target=\"_self\"><div class=\"uagb-button__link\">Enonc\u00e9  Bulletin de Paie avec Avantage en Nature V\u00e9hicule<\/div><\/a><\/div><\/div>\n<\/div><\/div>\n\n\n\n<p>&nbsp;<\/p>\n<p>&nbsp;<\/p>\n\n\n\n\n\n<div class=\"wp-block-uagb-buttons uagb-buttons__outer-wrap uagb-btn__default-btn uagb-btn-tablet__default-btn uagb-btn-mobile__default-btn uagb-block-62cf57fe\"><div class=\"uagb-buttons__wrap uagb-buttons-layout-wrap\">\n<div class=\"wp-block-uagb-buttons-child uagb-buttons__outer-wrap uagb-block-bddd49da wp-block-button is-style-outline\"><div class=\"uagb-button__wrapper\"><a class=\"uagb-buttons-repeater wp-block-button__link has-background has-text-color\" href=\"https:\/\/sitepersojlc.fr\/wp-content\/uploads\/2024\/03\/AN-VEHICULE-BULLETIN-DE-PAIE-CORRECTION-2024.zip\" onclick=\"return true;\" rel=\"follow noopener\" target=\"_self\"><div class=\"uagb-button__link\">Correction Bulletin de Paie avec Avantage en Nature V\u00e9hicule <\/div><\/a><\/div><\/div>\n<\/div><\/div>\n\n\n\n<p><a href=\"https:\/\/sitepersojlc.fr\/wp-content\/uploads\/2023\/10\/SCHEMA-AVANTAGE-EN-NATURE-VEHICULE.zip\"><\/a><a href=\"https:\/\/sitepersojlc.fr\/wp-content\/uploads\/2023\/10\/EXERCICES-AVANTAGE-EN-NATURE-VEHICULE-2023.zip\"><\/a><\/p>\n\n\n\n<p><\/p>\n\n\n\n<p><a href=\"https:\/\/sitepersojlc.fr\/wp-content\/uploads\/2023\/10\/BULLETIN-DE-PAIE-DECEMBRE-ENONCE-1.zip\"><\/a><\/p>\n\n\n\n<p><a href=\"https:\/\/sitepersojlc.fr\/wp-content\/uploads\/2023\/10\/BULLETIN-DE-PAIE-DECEMBRE-CORRECTION-1.zip\"><\/a><\/p>\n\n\n\n<h2>&nbsp;<\/h2>\n<h2 class=\"wp-block-heading\" style=\"text-align: center;\">2. Avantage en Nature Logement<\/h2>\n<p>&nbsp;<\/p>\n\n\n\n<h3 class=\"wp-block-heading\" style=\"text-align: justify;\">Une pr\u00e9sentation simplifi\u00e9e de l\u2019Avantage en nature Logement et un cours plus complet vous sont propos\u00e9s dans les 2 fichiers ci-dessous. Un QCM vient pr\u00e9ciser quelques points particuliers.<\/h3>\n<p>&nbsp;<\/p>\n\n\n\n<p><a href=\"https:\/\/sitepersojlc.fr\/wp-content\/uploads\/2023\/10\/AN-LOGEMENT-COURS-ESSENTIEL-2023.zip\"><\/a><\/p>\n\n\n\n<div class=\"wp-block-uagb-buttons uagb-buttons__outer-wrap uagb-btn__default-btn uagb-btn-tablet__default-btn uagb-btn-mobile__default-btn uagb-block-3ce3be33\"><div class=\"uagb-buttons__wrap uagb-buttons-layout-wrap\">\n<div class=\"wp-block-uagb-buttons-child uagb-buttons__outer-wrap uagb-block-a3fdb174 wp-block-button is-style-outline\"><div class=\"uagb-button__wrapper\"><a class=\"uagb-buttons-repeater wp-block-button__link has-background has-text-color\" href=\"https:\/\/sitepersojlc.fr\/wp-content\/uploads\/2024\/03\/AN-LOGEMENT-COURS-ESSENTIEL-2024.zip\" onclick=\"return true;\" rel=\"follow noopener\" target=\"_self\"><div class=\"uagb-button__link\">Pr\u00e9sentation Simplifi\u00e9e <\/div><\/a><\/div><\/div>\n<\/div><\/div>\n\n\n\n<p><\/p>\n\n\n\n<p><a href=\"https:\/\/sitepersojlc.fr\/wp-content\/uploads\/2023\/10\/AN-LOGEMENT-2023-COURS-COMPLET.zip\"><\/a><\/p>\n\n\n\n<div class=\"wp-block-uagb-buttons uagb-buttons__outer-wrap uagb-btn__default-btn uagb-btn-tablet__default-btn uagb-btn-mobile__default-btn uagb-block-44608964\"><div class=\"uagb-buttons__wrap uagb-buttons-layout-wrap\">\n<div class=\"wp-block-uagb-buttons-child uagb-buttons__outer-wrap uagb-block-096d5328 wp-block-button is-style-outline\"><div class=\"uagb-button__wrapper\"><a class=\"uagb-buttons-repeater wp-block-button__link has-background has-text-color\" href=\"https:\/\/sitepersojlc.fr\/wp-content\/uploads\/2024\/03\/AN-LOGEMENT-COURS-COMPLET-2024.zip\" onclick=\"return true;\" rel=\"follow noopener\" target=\"_self\"><div class=\"uagb-button__link\">Cours Complet 2024<\/div><\/a><\/div><\/div>\n\n\n\n<div class=\"wp-block-uagb-buttons-child uagb-buttons__outer-wrap uagb-block-5296be1e wp-block-button is-style-outline\"><div class=\"uagb-button__wrapper\"><a class=\"uagb-buttons-repeater wp-block-button__link has-background has-text-color\" href=\"https:\/\/sitepersojlc.fr\/wp-content\/uploads\/2024\/03\/AN-LOGEMENT-QCM-CORRIGE.zip\" onclick=\"return true;\" rel=\"follow noopener\" target=\"_self\"><div class=\"uagb-button__link\">QCM <\/div><\/a><\/div><\/div>\n<\/div><\/div>\n\n\n\n<p><a href=\"https:\/\/sitepersojlc.fr\/wp-content\/uploads\/2023\/10\/AN-LOGEMENT-QCM-CORRIGE.zip\"><\/a><\/p>\n\n\n\n<p><\/p>\n\n\n\n<h3>&nbsp;<\/h3>\n<h3 class=\"wp-block-heading\" style=\"text-align: justify;\">Bulletin de paie comportant&nbsp; un Avantage en Nature Logement<\/h3>\n<p>&nbsp;<\/p>\n\n\n\n<p><a href=\"https:\/\/sitepersojlc.fr\/wp-content\/uploads\/2023\/10\/BP-AN-LOGEMENT-ENONCE-2.zip\"><\/a><\/p>\n\n\n\n<div class=\"wp-block-uagb-buttons uagb-buttons__outer-wrap uagb-btn__default-btn uagb-btn-tablet__default-btn uagb-btn-mobile__default-btn uagb-block-32a0ced9\"><div class=\"uagb-buttons__wrap uagb-buttons-layout-wrap\">\n<div class=\"wp-block-uagb-buttons-child uagb-buttons__outer-wrap uagb-block-91acc8a3 wp-block-button is-style-outline\"><div class=\"uagb-button__wrapper\"><a class=\"uagb-buttons-repeater wp-block-button__link has-background has-text-color\" href=\"https:\/\/sitepersojlc.fr\/wp-content\/uploads\/2024\/03\/AN-LOGEMENT-EXERCICE-ENONCE-2024.zip\" onclick=\"return true;\" rel=\"follow noopener\" target=\"_self\"><div class=\"uagb-button__link\">Enonc\u00e9 <\/div><\/a><\/div><\/div>\n\n\n\n<div class=\"wp-block-uagb-buttons-child uagb-buttons__outer-wrap uagb-block-fe14715b wp-block-button is-style-outline\"><div class=\"uagb-button__wrapper\"><a class=\"uagb-buttons-repeater wp-block-button__link has-background has-text-color\" href=\"https:\/\/sitepersojlc.fr\/wp-content\/uploads\/2024\/03\/AN-LOGEMENT-EXERCICE-CORRECTION-2024.zip\" onclick=\"return true;\" rel=\"follow noopener\" target=\"_self\"><div class=\"uagb-button__link\">Correction <\/div><\/a><\/div><\/div>\n<\/div><\/div>\n\n\n\n<p><a href=\"https:\/\/sitepersojlc.fr\/wp-content\/uploads\/2023\/10\/BP-AN-LOGEMENT-CORRECTION-3.zip\"><\/a><\/p>\n\n\n\n<p><\/p>\n\n\n\n<h2>&nbsp;<\/h2>\n<h2 class=\"wp-block-heading\" style=\"text-align: justify;\">3. Avantage en nature nourriture<\/h2>\n<p>&nbsp;<\/p>\n\n\n\n<h3>&nbsp;<\/h3>\n<h3 class=\"wp-block-heading\" style=\"text-align: justify;\">Dans l\u2019exemple propos\u00e9 un salari\u00e9 est nourri \u00e0 la cantine de l\u2019entreprise moyennant une participation modique. Doit-t-on consid\u00e9rer qu\u2019il b\u00e9n\u00e9ficie d\u2019un avantage en nature, \u00e0 quelle condition ?<\/h3>\n<p>&nbsp;<\/p>\n\n\n\n<p><a href=\"https:\/\/sitepersojlc.fr\/wp-content\/uploads\/2023\/10\/AN-NOURRITURE.zip\"><\/a><\/p>\n\n\n\n<div class=\"wp-block-uagb-buttons uagb-buttons__outer-wrap uagb-btn__default-btn uagb-btn-tablet__default-btn uagb-btn-mobile__default-btn uagb-block-814db077\"><div class=\"uagb-buttons__wrap uagb-buttons-layout-wrap\">\n<div class=\"wp-block-uagb-buttons-child uagb-buttons__outer-wrap uagb-block-753e9c24 wp-block-button is-style-outline\"><div class=\"uagb-button__wrapper\"><a class=\"uagb-buttons-repeater wp-block-button__link has-background has-text-color\" href=\"https:\/\/sitepersojlc.fr\/wp-content\/uploads\/2024\/03\/AN-NOURRITURE-2024.zip\" onclick=\"return true;\" rel=\"follow noopener\" target=\"_self\"><div class=\"uagb-button__link\">Bulletin de Paie Corrrig\u00e9 <\/div><\/a><\/div><\/div>\n<\/div><\/div>\n\n\n\n<h2 class=\"wp-block-heading\">&nbsp;<\/h2>\n\n\n\n<h2>&nbsp;<\/h2>\n<h2 class=\"wp-block-heading\" style=\"text-align: justify;\">4. Avantage en nature et outils issus des Nouvelles Technologies de l\u2019Information et de la Communication (NTIC)<\/h2>\n<p>&nbsp;<\/p>\n\n\n\n<h3 class=\"wp-block-heading\" style=\"text-align: justify;\">Les documents qui vous sont propos\u00e9s comprennent le rappel de la l\u00e9gislation applicable et une synth\u00e8se des principes \u00e0 appliquer . Une application pratique corrig\u00e9e vous est propos\u00e9e.<\/h3>\n\n\n\n<p><a href=\"https:\/\/sitepersojlc.fr\/wp-content\/uploads\/2023\/10\/NTIC-ESSENTIEL.zip\"><\/a><\/p>\n\n\n\n<p><\/p>\n\n\n\n<div class=\"wp-block-uagb-buttons uagb-buttons__outer-wrap uagb-btn__default-btn uagb-btn-tablet__default-btn uagb-btn-mobile__default-btn uagb-block-8d27340b\"><div class=\"uagb-buttons__wrap uagb-buttons-layout-wrap\">\n<div class=\"wp-block-uagb-buttons-child uagb-buttons__outer-wrap uagb-block-472c8338 wp-block-button is-style-outline\"><div class=\"uagb-button__wrapper\"><a class=\"uagb-buttons-repeater wp-block-button__link has-background has-text-color\" href=\"https:\/\/sitepersojlc.fr\/wp-content\/uploads\/2024\/03\/NTIC-SYNTHESE-2024.zip\" onclick=\"return true;\" rel=\"follow noopener\" target=\"_self\"><div class=\"uagb-button__link\">L\u00e9gislation applicable <\/div><\/a><\/div><\/div>\n\n\n\n<div class=\"wp-block-uagb-buttons-child uagb-buttons__outer-wrap uagb-block-242106fa wp-block-button is-style-outline\"><div class=\"uagb-button__wrapper\"><a class=\"uagb-buttons-repeater wp-block-button__link has-background has-text-color\" href=\"https:\/\/sitepersojlc.fr\/wp-content\/uploads\/2024\/03\/NTIC-ESSENTIEL-2024.zip\" onclick=\"return true;\" rel=\"follow noopener\" target=\"_self\"><div class=\"uagb-button__link\">Synth\u00e8se<\/div><\/a><\/div><\/div>\n<\/div><\/div>\n\n\n\n<p><a href=\"https:\/\/sitepersojlc.fr\/wp-content\/uploads\/2023\/10\/NTIC-SYNTHESE.zip\"><\/a><\/p>\n\n\n\n<p><\/p>\n\n\n\n<div class=\"wp-block-uagb-buttons uagb-buttons__outer-wrap uagb-btn__default-btn uagb-btn-tablet__default-btn uagb-btn-mobile__default-btn uagb-block-7490222f\"><div class=\"uagb-buttons__wrap uagb-buttons-layout-wrap\">\n<div class=\"wp-block-uagb-buttons-child uagb-buttons__outer-wrap uagb-block-ef8c0589 wp-block-button is-style-outline\"><div class=\"uagb-button__wrapper\"><a class=\"uagb-buttons-repeater wp-block-button__link has-background has-text-color\" href=\"https:\/\/sitepersojlc.fr\/wp-content\/uploads\/2024\/03\/1.-APPLICATIONS-PRATIQUES-AN-NTIC-ENONCE-2024.zip\" onclick=\"return true;\" rel=\"follow noopener\" target=\"_self\"><div class=\"uagb-button__link\">Application Pratique : Enonc\u00e9 <\/div><\/a><\/div><\/div>\n\n\n\n<div class=\"wp-block-uagb-buttons-child uagb-buttons__outer-wrap uagb-block-d50c99c8 wp-block-button is-style-outline\"><div class=\"uagb-button__wrapper\"><a class=\"uagb-buttons-repeater wp-block-button__link has-background has-text-color\" href=\"https:\/\/sitepersojlc.fr\/wp-content\/uploads\/2024\/03\/APPLICATIONS-PRATIQUES-AN-NTIC-2023-CORRECTION.zip\" onclick=\"return true;\" rel=\"follow noopener\" target=\"_self\"><div class=\"uagb-button__link\">Correction <\/div><\/a><\/div><\/div>\n<\/div><\/div>\n\n\n\n<p><a href=\"https:\/\/sitepersojlc.fr\/wp-content\/uploads\/2023\/10\/1.-APPLICATIONS-PRATIQUES-AN-NTIC-ENONCE.zip\"><\/a><\/p>\n\n\n\n<p><\/p>\n\n\n\n<p><a href=\"https:\/\/sitepersojlc.fr\/wp-content\/uploads\/2023\/10\/APPLICATIONS-PRATIQUES-AN-NTIC-2023-CORRECTION.zip\"><\/a><\/p>\n\n\n\n<p><\/p>\n\n\n\n<h2>&nbsp;<\/h2>\n<h2 class=\"wp-block-heading\" style=\"text-align: center;\">5. Frais professionnels<\/h2>\n<p>&nbsp;<\/p>\n\n\n\n<h3 class=\"wp-block-heading\" style=\"text-align: justify;\">Dans le fichier ci-dessous vous trouverez un rappel de la l\u00e9gislation applicable aux frais professionnels et une application pratique qui pose les principales r\u00e8gles \u00e0 conna\u00eetre. Un bulletin de paie correspondant vous est propos\u00e9<\/h3>\n<p>\u00a0<\/p>\n\n\n\n<p><a href=\"https:\/\/sitepersojlc.fr\/wp-content\/uploads\/2023\/10\/FRAIS-PROFESSIONNELS-2023.zip\"><\/a><\/p>\n\n\n\n<div class=\"wp-block-uagb-buttons uagb-buttons__outer-wrap uagb-btn__default-btn uagb-btn-tablet__default-btn uagb-btn-mobile__default-btn uagb-block-4b64c1d1\"><div class=\"uagb-buttons__wrap uagb-buttons-layout-wrap\">\n<div class=\"wp-block-uagb-buttons-child uagb-buttons__outer-wrap uagb-block-1d06b8d1 wp-block-button is-style-outline\"><div class=\"uagb-button__wrapper\"><a class=\"uagb-buttons-repeater wp-block-button__link has-background has-text-color\" href=\"https:\/\/sitepersojlc.fr\/wp-content\/uploads\/2024\/03\/FRAIS-PROFESSIONNELS-2024.zip\" onclick=\"return true;\" rel=\"follow noopener\" target=\"_self\"><div class=\"uagb-button__link\">Frais professionnels <\/div><\/a><\/div><\/div>\n<\/div><\/div>\n\n\n\n<p><a href=\"https:\/\/sitepersojlc.fr\/wp-content\/uploads\/2023\/10\/BP-FRAIS-PROFESSIONNELS-1.zip\"><\/a><\/p>\n\n\n\n<p><\/p>\n\n\n\n<div class=\"wp-block-uagb-buttons uagb-buttons__outer-wrap uagb-btn__default-btn uagb-btn-tablet__default-btn uagb-btn-mobile__default-btn uagb-block-f331d908\"><div class=\"uagb-buttons__wrap uagb-buttons-layout-wrap\">\n<div class=\"wp-block-uagb-buttons-child uagb-buttons__outer-wrap uagb-block-03f6604f wp-block-button is-style-outline\"><div class=\"uagb-button__wrapper\"><a class=\"uagb-buttons-repeater wp-block-button__link has-background has-text-color\" href=\"https:\/\/sitepersojlc.fr\/wp-content\/uploads\/2024\/03\/FRAIS-PROFESSIONNELS-2024-BP-CORRIGE.zip\" onclick=\"return true;\" rel=\"follow noopener\" target=\"_self\"><div class=\"uagb-button__link\">Bulletin de Paie comportant des AN et des Frais professionnels<\/div><\/a><\/div><\/div>\n<\/div><\/div>\n\n\n\n<p>\u00a9 2024&nbsp;<a href=\"https:\/\/sitepersojlc.fr\/\">Menu principal<\/a>. Propuls\u00e9 par&nbsp;<a href=\"https:\/\/zakratheme.com\/\" target=\"_blank\" rel=\"noreferrer noopener\">Zakra<\/a>&nbsp;et&nbsp;<a href=\"https:\/\/wordpress.org\/\" target=\"_blank\" rel=\"noreferrer noopener\">Word<\/a><\/p>\n\n\n\n<p><\/p>\n\n\n\n<p><\/p>\n\n\n\n<p><\/p>\n<div class=\"likebtn_container\" style=\"\"><!-- LikeBtn.com BEGIN --><span class=\"likebtn-wrapper\"  data-identifier=\"page_7944\"  data-site_id=\"6663fc396fd08b3d0b514646\"  data-lang=\"fr\"  data-style=\"\"  data-unlike_allowed=\"\"  data-show_copyright=\"\"  data-item_url=\"https:\/\/sitepersojlc.fr\/?page_id=7944\"  data-item_title=\"Avantages en nature et frais professionnels (2024)\"  data-item_date=\"2024-03-31T06:24:40+00:00\"  data-engine=\"WordPress\"  data-plugin_v=\"2.6.52\"  data-prx=\"https:\/\/sitepersojlc.fr\/wp-admin\/admin-ajax.php?action=likebtn_prx\"  data-event_handler=\"likebtn_eh\" ><\/span><!-- LikeBtn.com END --><\/div>","protected":false},"excerpt":{"rendered":"<p>Bulletins de Paie comportant des avantages en nature et des frais professionnels &nbsp; Dans cette introduction aux avantages en nature et aux frais professionnels vous apprendrez comment les diff\u00e9rencier et la mani\u00e8re de les traiter en paie &nbsp; &nbsp; 1. Avantage en nature v\u00e9hicule &nbsp; Vous pourrez trouver dans les fichiers ci-dessous un r\u00e9sum\u00e9 de [&hellip;]<\/p>\n<div class=\"likebtn_container\" style=\"\"><!-- LikeBtn.com BEGIN --><span class=\"likebtn-wrapper\"  data-identifier=\"page_7944\"  data-site_id=\"6663fc396fd08b3d0b514646\"  data-lang=\"fr\"  data-style=\"\"  data-unlike_allowed=\"\"  data-show_copyright=\"\"  data-item_url=\"https:\/\/sitepersojlc.fr\/?page_id=7944\"  data-item_title=\"Avantages en nature et frais professionnels (2024)\"  data-item_date=\"2024-03-31T06:24:40+00:00\"  data-engine=\"WordPress\"  data-plugin_v=\"2.6.52\"  data-prx=\"https:\/\/sitepersojlc.fr\/wp-admin\/admin-ajax.php?action=likebtn_prx\"  data-event_handler=\"likebtn_eh\" ><\/span><!-- LikeBtn.com END --><\/div>","protected":false},"author":1,"featured_media":0,"parent":0,"menu_order":0,"comment_status":"closed","ping_status":"closed","template":"","meta":{"om_disable_all_campaigns":false,"_uag_custom_page_level_css":"","_monsterinsights_skip_tracking":false,"_monsterinsights_sitenote_active":false,"_monsterinsights_sitenote_note":"","_monsterinsights_sitenote_category":0,"_uf_show_specific_survey":0,"_uf_disable_surveys":false,"footnotes":""},"aioseo_notices":[],"uagb_featured_image_src":{"full":false,"thumbnail":false,"medium":false,"medium_large":false,"large":false,"1536x1536":false,"2048x2048":false},"uagb_author_info":{"display_name":"lechev.1910@gmail.com","author_link":"https:\/\/sitepersojlc.fr\/?author=1"},"uagb_comment_info":0,"uagb_excerpt":"Bulletins de Paie comportant des avantages en nature et des frais professionnels &nbsp; Dans cette introduction aux avantages en nature et aux frais professionnels vous apprendrez comment les diff\u00e9rencier et la mani\u00e8re de les traiter en paie &nbsp; &nbsp; 1. Avantage en nature v\u00e9hicule &nbsp; Vous pourrez trouver dans les fichiers ci-dessous un r\u00e9sum\u00e9 de\u2026","_links":{"self":[{"href":"https:\/\/sitepersojlc.fr\/index.php?rest_route=\/wp\/v2\/pages\/7944"}],"collection":[{"href":"https:\/\/sitepersojlc.fr\/index.php?rest_route=\/wp\/v2\/pages"}],"about":[{"href":"https:\/\/sitepersojlc.fr\/index.php?rest_route=\/wp\/v2\/types\/page"}],"author":[{"embeddable":true,"href":"https:\/\/sitepersojlc.fr\/index.php?rest_route=\/wp\/v2\/users\/1"}],"replies":[{"embeddable":true,"href":"https:\/\/sitepersojlc.fr\/index.php?rest_route=%2Fwp%2Fv2%2Fcomments&post=7944"}],"version-history":[{"count":26,"href":"https:\/\/sitepersojlc.fr\/index.php?rest_route=\/wp\/v2\/pages\/7944\/revisions"}],"predecessor-version":[{"id":7992,"href":"https:\/\/sitepersojlc.fr\/index.php?rest_route=\/wp\/v2\/pages\/7944\/revisions\/7992"}],"wp:attachment":[{"href":"https:\/\/sitepersojlc.fr\/index.php?rest_route=%2Fwp%2Fv2%2Fmedia&parent=7944"}],"curies":[{"name":"wp","href":"https:\/\/api.w.org\/{rel}","templated":true}]}}