{"id":7911,"date":"2024-03-29T15:25:32","date_gmt":"2024-03-29T15:25:32","guid":{"rendered":"https:\/\/sitepersojlc.fr\/?page_id=7911"},"modified":"2024-10-24T10:12:03","modified_gmt":"2024-10-24T10:12:03","slug":"mises-a-jour","status":"publish","type":"page","link":"https:\/\/sitepersojlc.fr\/?page_id=7911","title":{"rendered":"Mises \u00e0 jour"},"content":{"rendered":"\n<figure class=\"wp-block-image size-full\"><img decoding=\"async\" loading=\"lazy\" width=\"1024\" height=\"768\" src=\"https:\/\/sitepersojlc.fr\/wp-content\/uploads\/2024\/03\/ABSENCE-D-EGOISME.jpg\" alt=\"\" class=\"wp-image-7916\" srcset=\"https:\/\/sitepersojlc.fr\/wp-content\/uploads\/2024\/03\/ABSENCE-D-EGOISME.jpg 1024w, https:\/\/sitepersojlc.fr\/wp-content\/uploads\/2024\/03\/ABSENCE-D-EGOISME-300x225.jpg 300w, https:\/\/sitepersojlc.fr\/wp-content\/uploads\/2024\/03\/ABSENCE-D-EGOISME-768x576.jpg 768w\" sizes=\"(max-width: 1024px) 100vw, 1024px\" \/><\/figure>\n\n\n\n<p><\/p>\n\n\n\n<p><\/p>\n\n\n\n<p><\/p>\n\n\n\n<p><\/p>\n\n\n\n<p><\/p>\n\n\n\n<p><\/p>\n\n\n\n<h3 style=\"text-align: center;\"><em>Des mises \u00e0 jour sont effectu\u00e9es r\u00e9guli\u00e8rement sur le site&nbsp; &#8211; vous en retrouverez ici l&rsquo;historique&nbsp;<\/em><\/h3>\n<h3><em>&nbsp;<\/em><\/h3>\n\n\n\n<p><strong>14\/10\/2024\u00a0<\/strong><\/p>\n<p><strong>11\/09\/2024<\/strong> <em>Mise \u00e0 jour Proratisation du PMSS Exercice 4 Chapitre 3 Menu Paie 2024 ( Rectification Exercices 6 et 7)<\/em><\/p>\n\n\n\n<p><\/p>\n\n\n\n<h5 style=\"text-align: justify;\">Le <strong>04\/06\/2024<\/strong> : Paie 2024\u00a0 &#8211; Tome 1 &#8211; Chapitre 10\u00a0 : des explications compl\u00e9mentaires \u00e0 l&rsquo;utilisation de la maquette sont donn\u00e9es dans les 2 classeurs de Correction des premiers bulletins de paie<\/h5>\n<h5 style=\"text-align: justify;\">Le <strong>13\/05\/2024<\/strong> : <em>Information sur la mise en Ligne de l&rsquo;e-book \u00ab\u00a0Exercices Corrig\u00e9s sur la Paie 2024\u00a0 &#8211; Initiation \u00e0 Excel et Approfondissements\u00a0\u00bb . Cf le menu Livre.\u00a0<\/em><\/h5>\n<h5 style=\"text-align: justify;\">Le <strong>05\/05\/2024<\/strong> <em>Dans le Menu\u00a0 Paie 2024 Tome 1 Chapitre 12 La pr\u00e9sentation\u00a0 de la feuille Heures Suppl\u00e9mentaires a \u00e9t\u00e9 mise en ligne<\/em><\/h5>\n<h5>Le <strong>30\/04\/2024<\/strong><em> La maquette sur 1 mois isol\u00e9 a \u00e9t\u00e9 mise \u00e0 jour\u00a0<\/em><\/h5>\n<p>Le <strong>24\/04\/2024<\/strong><\/p>\n<h5 style=\"text-align: justify;\"><em>Deux nouveaux menus :\u00a0 \u00ab\u00a0Fichiers d&rsquo; Exercices 2024\u00a0\u00bb et \u00ab\u00a0T\u00e9l\u00e9chargement Exercices\u00a0\u00bb\u00a0 Mis en Ligne<\/em><\/h5>\n<h5 style=\"text-align: justify;\"><em>Troph\u00e9e de la Paie Exercices corrig\u00e9s actualis\u00e9s en 2024 Mis en Ligne\u00a0<\/em><\/h5>\n<p>Le <strong>20\/04\/2024<\/strong><\/p>\n<h5 style=\"text-align: justify;\"><em>Indemnit\u00e9s de d\u00e9part en cours de relecture. Ne pas tenir compte des versions mises en ligne avant cette date.<\/em><\/h5>\n<p>Le <strong>19\/04\/2024<\/strong><\/p>\n<h5 style=\"text-align: justify;\"><em>R\u00e9gime social et fiscal des Indemnit\u00e9s vers\u00e9es dans le cadre d&rsquo;une rupture conventionnelle individuelle\u00a0 &#8211; le salari\u00e9 (ou le mandataire \/ dirigeant) ne pouvant b\u00e9n\u00e9ficier du droit \u00e0 la retraite . Comprend \u00e9galement le traitement du r\u00e9gime des Parachutes dor\u00e9s. Mis en ligne\u00a0<\/em><\/h5>\n<p>Le <strong>18\/04\/2024 <\/strong><\/p>\n<p><em>Mise en Ligne dans le Menu Paie 2024 (suite) d&rsquo;une maquette de d\u00e9termination du r\u00e9gime fiscal et social de <strong>l&rsquo;indemnit\u00e9 vers\u00e9e<\/strong> \u00e0 un salari\u00e9 ou un mandataire lorsqu&rsquo;il sont <strong>mis \u00e0 la retraite<\/strong><\/em><\/p>\n<p>Le<strong> 16\/04\/2024<\/strong><\/p>\n<p style=\"text-align: justify;\"><em>Mise en ligne dans le Menu Paie 2024 Tome 2 Bulletins de Paie I<strong>ndemnit\u00e9s de d\u00e9part<\/strong> (2024) Nouvelle Version Correction Exercice 1<\/em><\/p>\n<p><em>Dans le m\u00eame menu Mise \u00e0 jour Enonc\u00e9 et Correction <strong>Exercice sur la Mise \u00e0 la Retraite\u00a0<\/strong><\/em><\/p>\n<p style=\"text-align: justify;\">E<em>xercice Corrig\u00e9 sur la Rupture <strong>Conventionnelle<\/strong> revu et mis \u00e0 jour<\/em><\/p>\n<p style=\"text-align: justify;\">Le <strong>15\/04\/2024<\/strong><\/p>\n<p style=\"text-align: justify;\"><em>Mise en ligne dans le Menu <strong>Saisie sur Salaire (2024)<\/strong> d&rsquo;une nouvelle version de Bulletin de Paie 1 Correction\u00a0<\/em><\/p>\n<p style=\"text-align: justify;\"><em>Mise en ligne d&rsquo;une nouvelle version revue et corrig\u00e9e des Exercices Corrig\u00e9s sur la saisie\u00a0 et les Applications du bar\u00e8me \u00e0 compter de Janvier 2024<\/em><\/p>\n<p>Le <strong>13\/04\/2024\u00a0<\/strong><\/p>\n<p><em>\u00a0Mise en ligne de la Page \u00a0\u00bb <strong>Comptabilisation d&rsquo;un bulletin de Paie (2024) \u00a0\u00bb\u00a0<\/strong> dans le Menu Tome 2 2024 (suite)\u00a0<\/em><\/p>\n<p>Le<strong> 12\/04\/2024\u00a0<\/strong><\/p>\n<p style=\"text-align: left;\"><em>Mise \u00e0 jour Correction Exercice 2 Maternit\u00e9 Subrogation et Non Subrogation<\/em><\/p>\n<p><em>Mise \u00e0 jour Exercice 1\u00a0 et Exercice 2 Accident de trajet (subrogation et non subrogation)\u00a0<\/em><\/p>\n<p>Le<strong> 11\/04\/2024<\/strong>\u00a0<\/p>\n<p><em>Mises \u00e0 jour Temps partiel ( 2 bulletins de paie)\u00a0 et exercice sur la Gestion de Tickets restaurant\u00a0<\/em><\/p>\n<p><em>Mises \u00e0 jour Maquettes sur 3 mois (feuilles heures suppl. l\u00e9g\u00e8rement modifi\u00e9es)\u00a0 et exercice d&rsquo;application<\/em><\/p>\n<p>Le<strong> 10\/04\/2024<\/strong><\/p>\n<p><em>Mise \u00e0 jour des 3\u00a0 bulletins de paie sur les <strong>CDD\u00a0<\/strong><\/em><\/p>\n<p>Le<strong> 09\/04\/2024 <\/strong><\/p>\n<p style=\"text-align: justify;\"><em>Mises \u00e0 jour Maquette <strong>Bulletins de paie sur 3 mois en R\u00e9gularisation progressive<\/strong> et exercice d&rsquo;application <\/em><\/p>\n<p><em>Fichiers<strong> Cong\u00e9s Pay\u00e9s 2024<\/strong> et <strong>Maladie 2024<\/strong> mis \u00e0 jour. Maternit\u00e9, Accident du travail et accident de trajet en cours de relecture<\/em><\/p>\n<p><strong>Le 05\/04\/1014<\/strong><\/p>\n<p><em>Fichiers mis en Ligne Paie 2024 Sous-menu Tome 1 Chapitres 10-11\u00a0<\/em><\/p>\n<p>L<strong>e 03\/04\/2024<\/strong><\/p>\n<p><em>Mise en Ligne du sous-menu \u00ab\u00a0<strong>Dirigeants 2024<\/strong>\u00ab\u00a0<\/em><\/p>\n<p><em>Le\u00a0 fichier &lsquo;<strong>G\u00e9rant minoritaire SARL avec contrat de travail et mandat de g\u00e9rance<\/strong>\u00a0\u00bb dans\u00a0 le sous-menu \u00ab\u00a0Dirigeant\u00a0\u00bb dans la Paie 2023 a \u00e9t\u00e9 modifi\u00e9 (une cotisation d\u00e9sactiv\u00e9e)\u00a0<\/em><\/p>\n<p><strong>02\/04\/2024<\/strong><\/p>\n<p><em>Le Bulletin de Paie 1 dans le sous-menu \u00ab\u00a0<strong>Stagiaire 2024<\/strong>\u00a0\u00bb a \u00e9t\u00e9 mis \u00e0 jour<\/em><\/p>\n<p style=\"text-align: justify;\"><em>Mise \u00e0 jour de la \u00ab\u00a0<strong>R\u00e9duction g\u00e9n\u00e9rale de Cotisations<\/strong>\u00a0\u00bb Chapitre 7 et sur les \u00ab\u00a0Maquettes BP\u00a0 2024\u00a0\u00bb (une condition sur la d\u00e9termination du coefficient a \u00e9t\u00e9 ajout\u00e9e)\u00a0<\/em><\/p>\n<p style=\"text-align: justify;\"><em>Des explications compl\u00e9mentaires \u00e0 la Correction du Bulletin de Paie propos\u00e9 dans le sous-menu \u00ab\u00a0<strong>Contrat d&rsquo;apprentissage 2024&Prime;<\/strong> ont \u00e9t\u00e9 mises en ligne le 02\/04\/2024<\/em><\/p>\n<p><strong>Le 01\/04\/2024<\/strong><\/p>\n<p><em>Les sous-menus \u00ab\u00a0<strong>Contrat d&rsquo;apprentissage 2024<\/strong> \u00a0\u00bb\u00a0 et \u00ab\u00a0<strong>Stagiaire 2024&Prime;<\/strong> ont\u00a0 \u00e9t\u00e9 mis en ligne<\/em><\/p>\n<p><strong>Le 31\/03\/2024\u00a0<\/strong><\/p>\n<p><em>Le sous-menu \u00ab\u00a0<strong>Avantages en nature et frais professionnels 2024<\/strong>\u00a0\u00bb a \u00e9t\u00e9 mis en ligne<\/em><\/p>\n<p><em>Un fichier Word a \u00e9t\u00e9 ajout\u00e9 au menu \u00ab\u00a0<strong>CDD (2024)<\/strong>\u00a0\u00bb . R\u00e8gle applicable aux CDD courts en cas d&rsquo;application du taux neutre\u00a0<\/em><\/p>\n<p>Synth\u00e8se g\u00e9n\u00e9rale des mises \u00e0 jour applicables en 2024<\/p>\n<p><blockquote class=\"wp-embedded-content\" data-secret=\"8gaAdlsdFQ\"><a href=\"https:\/\/hrconseil.com\/2024\/01\/16\/actualites-paie-dsn-secteur-prive-janvier-2024\/\">Actualit\u00e9s Paie-DSN secteur priv\u00e9 \u2022 janvier 2024<\/a><\/blockquote><iframe class=\"wp-embedded-content\" sandbox=\"allow-scripts\" security=\"restricted\" style=\"position: absolute; clip: rect(1px, 1px, 1px, 1px);\" title=\"\u00ab\u00a0Actualit\u00e9s Paie-DSN secteur priv\u00e9 \u2022 janvier 2024\u00a0\u00bb &#8212; HRConseil\" src=\"https:\/\/hrconseil.com\/2024\/01\/16\/actualites-paie-dsn-secteur-prive-janvier-2024\/embed\/#?secret=4EkSa66KiV#?secret=8gaAdlsdFQ\" data-secret=\"8gaAdlsdFQ\" width=\"600\" height=\"338\" frameborder=\"0\" marginwidth=\"0\" marginheight=\"0\" scrolling=\"no\"><\/iframe><\/p>\n<p><strong>Le 29\/03\/2024\u00a0<\/strong><\/p>\n<h5 style=\"text-align: justify;\"><em>Mise \u00e0 jour \u00ab\u00a0<strong>Saisie sur salaires<\/strong>\u00a0\u00bb (ajout de 2 nouveaux fichiers de cours)\u00a0<\/em><\/h5>\n<h5 style=\"text-align: justify;\"><em>Mise \u00e0 jour \u00ab\u00a0I<strong>ndemnit\u00e9s de d\u00e9part<\/strong>\u00ab\u00a0(Modification fichier Correction Exercice 2 &#8211; All\u00e9gements de cotisations Mois 2<\/em><\/h5>\n<p>\u00ab\u00a0<strong>F<\/strong><em><strong>orfait jours Forfait Heures 2024<\/strong>&lsquo; Mis en Ligne\u00a0<\/em><\/p>\n<p><em>Forfait jours Forfait Heures 2023 Fichier Probl\u00e9matiques paie du Forfait Jours remplac\u00e9\u00a0<\/em><\/p>\n\n\n\n<p><\/p>\n\n\n\n<p><\/p>\n<div class=\"likebtn_container\" style=\"\"><!-- LikeBtn.com BEGIN --><span class=\"likebtn-wrapper\"  data-identifier=\"page_7911\"  data-site_id=\"6663fc396fd08b3d0b514646\"  data-lang=\"fr\"  data-style=\"\"  data-unlike_allowed=\"\"  data-show_copyright=\"\"  data-item_url=\"https:\/\/sitepersojlc.fr\/?page_id=7911\"  data-item_title=\"Mises \u00e0 jour\"  data-item_date=\"2024-03-29T15:25:32+00:00\"  data-engine=\"WordPress\"  data-plugin_v=\"2.6.52\"  data-prx=\"https:\/\/sitepersojlc.fr\/wp-admin\/admin-ajax.php?action=likebtn_prx\"  data-event_handler=\"likebtn_eh\" ><\/span><!-- LikeBtn.com END --><\/div>","protected":false},"excerpt":{"rendered":"<p>Des mises \u00e0 jour sont effectu\u00e9es r\u00e9guli\u00e8rement sur le site&nbsp; &#8211; vous en retrouverez ici l&rsquo;historique&nbsp; &nbsp; 14\/10\/2024\u00a0 11\/09\/2024 Mise \u00e0 jour Proratisation du PMSS Exercice 4 Chapitre 3 Menu Paie 2024 ( Rectification Exercices 6 et 7) Le 04\/06\/2024 : Paie 2024\u00a0 &#8211; Tome 1 &#8211; Chapitre 10\u00a0 : des explications compl\u00e9mentaires \u00e0 l&rsquo;utilisation [&hellip;]<\/p>\n<div class=\"likebtn_container\" style=\"\"><!-- LikeBtn.com BEGIN --><span class=\"likebtn-wrapper\"  data-identifier=\"page_7911\"  data-site_id=\"6663fc396fd08b3d0b514646\"  data-lang=\"fr\"  data-style=\"\"  data-unlike_allowed=\"\"  data-show_copyright=\"\"  data-item_url=\"https:\/\/sitepersojlc.fr\/?page_id=7911\"  data-item_title=\"Mises \u00e0 jour\"  data-item_date=\"2024-03-29T15:25:32+00:00\"  data-engine=\"WordPress\"  data-plugin_v=\"2.6.52\"  data-prx=\"https:\/\/sitepersojlc.fr\/wp-admin\/admin-ajax.php?action=likebtn_prx\"  data-event_handler=\"likebtn_eh\" ><\/span><!-- LikeBtn.com END --><\/div>","protected":false},"author":1,"featured_media":0,"parent":0,"menu_order":0,"comment_status":"closed","ping_status":"closed","template":"","meta":{"om_disable_all_campaigns":false,"_uag_custom_page_level_css":"","_monsterinsights_skip_tracking":false,"_monsterinsights_sitenote_active":false,"_monsterinsights_sitenote_note":"","_monsterinsights_sitenote_category":0,"_uf_show_specific_survey":0,"_uf_disable_surveys":false,"footnotes":""},"aioseo_notices":[],"uagb_featured_image_src":{"full":false,"thumbnail":false,"medium":false,"medium_large":false,"large":false,"1536x1536":false,"2048x2048":false},"uagb_author_info":{"display_name":"lechev.1910@gmail.com","author_link":"https:\/\/sitepersojlc.fr\/?author=1"},"uagb_comment_info":0,"uagb_excerpt":"Des mises \u00e0 jour sont effectu\u00e9es r\u00e9guli\u00e8rement sur le site&nbsp; &#8211; vous en retrouverez ici l&rsquo;historique&nbsp; &nbsp; 14\/10\/2024\u00a0 11\/09\/2024 Mise \u00e0 jour Proratisation du PMSS Exercice 4 Chapitre 3 Menu Paie 2024 ( Rectification Exercices 6 et 7) Le 04\/06\/2024 : Paie 2024\u00a0 &#8211; Tome 1 &#8211; Chapitre 10\u00a0 : des explications compl\u00e9mentaires \u00e0 l&rsquo;utilisation\u2026","_links":{"self":[{"href":"https:\/\/sitepersojlc.fr\/index.php?rest_route=\/wp\/v2\/pages\/7911"}],"collection":[{"href":"https:\/\/sitepersojlc.fr\/index.php?rest_route=\/wp\/v2\/pages"}],"about":[{"href":"https:\/\/sitepersojlc.fr\/index.php?rest_route=\/wp\/v2\/types\/page"}],"author":[{"embeddable":true,"href":"https:\/\/sitepersojlc.fr\/index.php?rest_route=\/wp\/v2\/users\/1"}],"replies":[{"embeddable":true,"href":"https:\/\/sitepersojlc.fr\/index.php?rest_route=%2Fwp%2Fv2%2Fcomments&post=7911"}],"version-history":[{"count":67,"href":"https:\/\/sitepersojlc.fr\/index.php?rest_route=\/wp\/v2\/pages\/7911\/revisions"}],"predecessor-version":[{"id":8920,"href":"https:\/\/sitepersojlc.fr\/index.php?rest_route=\/wp\/v2\/pages\/7911\/revisions\/8920"}],"wp:attachment":[{"href":"https:\/\/sitepersojlc.fr\/index.php?rest_route=%2Fwp%2Fv2%2Fmedia&parent=7911"}],"curies":[{"name":"wp","href":"https:\/\/api.w.org\/{rel}","templated":true}]}}