{"id":7745,"date":"2024-03-25T11:34:08","date_gmt":"2024-03-25T11:34:08","guid":{"rendered":"https:\/\/sitepersojlc.fr\/?page_id=7745"},"modified":"2024-04-11T07:01:05","modified_gmt":"2024-04-11T07:01:05","slug":"gestion-des-tickets-restaurant-2024","status":"publish","type":"page","link":"https:\/\/sitepersojlc.fr\/?page_id=7745","title":{"rendered":"Gestion des Tickets Restaurant (2024)"},"content":{"rendered":"\n<p><\/p>\n\n\n\n<p><\/p>\n\n\n\n<div class=\"wp-block-uagb-buttons uagb-buttons__outer-wrap uagb-btn__default-btn uagb-btn-tablet__default-btn uagb-btn-mobile__default-btn uagb-block-982656b5\"><div class=\"uagb-buttons__wrap uagb-buttons-layout-wrap\">\n<div class=\"wp-block-uagb-buttons-child uagb-buttons__outer-wrap uagb-block-145c8c75 wp-block-button is-style-outline\"><div class=\"uagb-button__wrapper\"><a class=\"uagb-buttons-repeater wp-block-button__link has-background has-text-color\" href=\"https:\/\/sitepersojlc.fr\/wp-content\/uploads\/2024\/03\/MATRICE-2024-TR.zip\" onclick=\"return true;\" rel=\"follow noopener\" target=\"_self\"><div class=\"uagb-button__link\">Maquette de gestion des Tickets Restaurant <\/div><\/a><\/div><\/div>\n<\/div><\/div>\n\n\n\n<p><\/p>\n\n\n\n<p><\/p>\n\n\n\n<div class=\"wp-block-uagb-buttons uagb-buttons__outer-wrap uagb-btn__default-btn uagb-btn-tablet__default-btn uagb-btn-mobile__default-btn uagb-block-b3b89022\"><div class=\"uagb-buttons__wrap uagb-buttons-layout-wrap\">\n<div class=\"wp-block-uagb-buttons-child uagb-buttons__outer-wrap uagb-block-9d18d3e7 wp-block-button is-style-outline\"><div class=\"uagb-button__wrapper\"><a class=\"uagb-buttons-repeater wp-block-button__link has-background has-text-color\" href=\"https:\/\/sitepersojlc.fr\/wp-content\/uploads\/2024\/03\/EXERCICE-1-TR-2024-ENONCE-DEF.zip\" onclick=\"return true;\" rel=\"follow noopener\" target=\"_self\"><div class=\"uagb-button__link\">Enonc\u00e9 Exercice 1<\/div><\/a><\/div><\/div>\n\n\n\n<div class=\"wp-block-uagb-buttons-child uagb-buttons__outer-wrap uagb-block-71924073 wp-block-button is-style-outline\"><div class=\"uagb-button__wrapper\"><a class=\"uagb-buttons-repeater wp-block-button__link has-background has-text-color\" href=\"https:\/\/sitepersojlc.fr\/wp-content\/uploads\/2024\/04\/EXERCICE-1-TR-2024-CORRECTION.zip\" onclick=\"return true;\" rel=\"follow noopener\" target=\"_self\"><div class=\"uagb-button__link\">Correction Exercice 1<\/div><\/a><\/div><\/div>\n<\/div><\/div>\n\n\n\n<p><\/p>\n\n\n\n<p style=\"text-align: center;\"><em>Fichier mis \u00e0 jour le 21\/04\/2024<\/em><\/p>\n\n\n\n<div class=\"wp-block-uagb-buttons uagb-buttons__outer-wrap uagb-btn__default-btn uagb-btn-tablet__default-btn uagb-btn-mobile__default-btn uagb-block-a4f0ba1e\"><div class=\"uagb-buttons__wrap uagb-buttons-layout-wrap\"><\/div><\/div>\n\n\n\n<h4 style=\"text-align: center;\">\u00a0<\/h4>\n<h2 style=\"text-align: center;\">Gestion des Tickets Restaurant<\/h2>\n<h4 style=\"text-align: justify;\">Lorsqu\u2019une entreprise fournit \u00e0 ses salari\u00e9s des Tickets Restaurant, ceux-ci ont un valeur (on parle de valeur faciale) et une partie est prise en charge par l\u2019employeur , une autre par le salari\u00e9. Pour ne pas avoir de cotisations \u00e0 payer sur la part patronale, celle-ci doit respecter une certain nombre de conditions. De m\u00eame pour qu\u2019elle ne soit pas imposable. Vous trouvez ci-dessus une <strong><em>maquette de calcul automatis\u00e9.<\/em><\/strong> Il vous suffira de saisir la valeur faciale du Ticket restaurant, la part patronale, et le nombre de tickets restaurant attribu\u00e9s au salari\u00e9, pour savoir si vous devrez payer des cotisations ou imposer tout ou une partie de la part patronale. Deux exercices d\u2019application vous sont ensuite propos\u00e9s.<\/h4>\n<h4>\u00a0<\/h4>\n<h4 style=\"text-align: justify;\">Dans l&rsquo;exercice d&rsquo;application propos\u00e9 les limites d&rsquo;exon\u00e9ration de cotisations et d&rsquo;imposition ne sont pas respect\u00e9es.\u00a0<\/h4>\n<h4>\u00a0<\/h4>\n<h4 style=\"text-align: justify;\">Vous trouverez dans la plupart des exercices propos\u00e9s par ailleurs des exemples o\u00f9 les limites d&rsquo;exon\u00e9rations et d&rsquo;imposition sont respect\u00e9es.<\/h4>\n<div class=\"wp-block-uagb-buttons uagb-buttons__outer-wrap uagb-btn__default-btn uagb-btn-tablet__default-btn uagb-btn-mobile__default-btn uagb-block-9acda057\">\u00a0<\/div>\n<div class=\"likebtn_container\" style=\"\"><!-- LikeBtn.com BEGIN --><span class=\"likebtn-wrapper\"  data-identifier=\"page_7745\"  data-site_id=\"6663fc396fd08b3d0b514646\"  data-lang=\"fr\"  data-style=\"\"  data-unlike_allowed=\"\"  data-show_copyright=\"\"  data-item_url=\"https:\/\/sitepersojlc.fr\/?page_id=7745\"  data-item_title=\"Gestion des Tickets Restaurant (2024)\"  data-item_date=\"2024-03-25T11:34:08+00:00\"  data-engine=\"WordPress\"  data-plugin_v=\"2.6.52\"  data-prx=\"https:\/\/sitepersojlc.fr\/wp-admin\/admin-ajax.php?action=likebtn_prx\"  data-event_handler=\"likebtn_eh\" ><\/span><!-- LikeBtn.com END --><\/div>","protected":false},"excerpt":{"rendered":"<p>Fichier mis \u00e0 jour le 21\/04\/2024 \u00a0 Gestion des Tickets Restaurant Lorsqu\u2019une entreprise fournit \u00e0 ses salari\u00e9s des Tickets Restaurant, ceux-ci ont un valeur (on parle de valeur faciale) et une partie est prise en charge par l\u2019employeur , une autre par le salari\u00e9. Pour ne pas avoir de cotisations \u00e0 payer sur la part [&hellip;]<\/p>\n<div class=\"likebtn_container\" style=\"\"><!-- LikeBtn.com BEGIN --><span class=\"likebtn-wrapper\"  data-identifier=\"page_7745\"  data-site_id=\"6663fc396fd08b3d0b514646\"  data-lang=\"fr\"  data-style=\"\"  data-unlike_allowed=\"\"  data-show_copyright=\"\"  data-item_url=\"https:\/\/sitepersojlc.fr\/?page_id=7745\"  data-item_title=\"Gestion des Tickets Restaurant (2024)\"  data-item_date=\"2024-03-25T11:34:08+00:00\"  data-engine=\"WordPress\"  data-plugin_v=\"2.6.52\"  data-prx=\"https:\/\/sitepersojlc.fr\/wp-admin\/admin-ajax.php?action=likebtn_prx\"  data-event_handler=\"likebtn_eh\" ><\/span><!-- LikeBtn.com END --><\/div>","protected":false},"author":1,"featured_media":0,"parent":0,"menu_order":0,"comment_status":"closed","ping_status":"closed","template":"","meta":{"om_disable_all_campaigns":false,"_uag_custom_page_level_css":"","_monsterinsights_skip_tracking":false,"_monsterinsights_sitenote_active":false,"_monsterinsights_sitenote_note":"","_monsterinsights_sitenote_category":0,"_uf_show_specific_survey":0,"_uf_disable_surveys":false,"footnotes":""},"aioseo_notices":[],"uagb_featured_image_src":{"full":false,"thumbnail":false,"medium":false,"medium_large":false,"large":false,"1536x1536":false,"2048x2048":false},"uagb_author_info":{"display_name":"lechev.1910@gmail.com","author_link":"https:\/\/sitepersojlc.fr\/?author=1"},"uagb_comment_info":0,"uagb_excerpt":"Fichier mis \u00e0 jour le 21\/04\/2024 \u00a0 Gestion des Tickets Restaurant Lorsqu\u2019une entreprise fournit \u00e0 ses salari\u00e9s des Tickets Restaurant, ceux-ci ont un valeur (on parle de valeur faciale) et une partie est prise en charge par l\u2019employeur , une autre par le salari\u00e9. Pour ne pas avoir de cotisations \u00e0 payer sur la part\u2026","_links":{"self":[{"href":"https:\/\/sitepersojlc.fr\/index.php?rest_route=\/wp\/v2\/pages\/7745"}],"collection":[{"href":"https:\/\/sitepersojlc.fr\/index.php?rest_route=\/wp\/v2\/pages"}],"about":[{"href":"https:\/\/sitepersojlc.fr\/index.php?rest_route=\/wp\/v2\/types\/page"}],"author":[{"embeddable":true,"href":"https:\/\/sitepersojlc.fr\/index.php?rest_route=\/wp\/v2\/users\/1"}],"replies":[{"embeddable":true,"href":"https:\/\/sitepersojlc.fr\/index.php?rest_route=%2Fwp%2Fv2%2Fcomments&post=7745"}],"version-history":[{"count":12,"href":"https:\/\/sitepersojlc.fr\/index.php?rest_route=\/wp\/v2\/pages\/7745\/revisions"}],"predecessor-version":[{"id":8276,"href":"https:\/\/sitepersojlc.fr\/index.php?rest_route=\/wp\/v2\/pages\/7745\/revisions\/8276"}],"wp:attachment":[{"href":"https:\/\/sitepersojlc.fr\/index.php?rest_route=%2Fwp%2Fv2%2Fmedia&parent=7745"}],"curies":[{"name":"wp","href":"https:\/\/api.w.org\/{rel}","templated":true}]}}