{"id":7737,"date":"2024-03-25T08:51:19","date_gmt":"2024-03-25T08:51:19","guid":{"rendered":"https:\/\/sitepersojlc.fr\/?page_id=7737"},"modified":"2024-04-16T16:58:24","modified_gmt":"2024-04-16T16:58:24","slug":"bulletins-de-paie-indemnites-de-depart-2024","status":"publish","type":"page","link":"https:\/\/sitepersojlc.fr\/?page_id=7737","title":{"rendered":"Bulletins de Paie Indemnit\u00e9s de d\u00e9part (2024)"},"content":{"rendered":"\n<figure class=\"wp-block-image\"><img alt=\"\"\/><\/figure>\n\n\n\n<p style=\"text-align: center;\">Mis \u00e0 Jour&nbsp; le 29\/03\/2024<\/p>\n\n\n\n<h2 class=\"wp-block-heading\" style=\"text-align: center;\"><strong>Exercices corrig\u00e9s sur les Indemnit\u00e9s de d\u00e9part<\/strong><\/h2>\n<p>&nbsp;<\/p>\n\n\n\n<h4 class=\"wp-block-heading\" style=\"text-align: justify;\">Dans ce premier exercice, vous serez amen\u00e9 \u00e0 calculer les indemnit\u00e9s compensatrices de cong\u00e9s pay\u00e9s des 2 p\u00e9riodes pr\u00e9c\u00e9dant le d\u00e9part.<\/h4>\n<h4 class=\"wp-block-heading\" style=\"text-align: center;\">Exercice simple mais complet<\/h4>\n\n\n\n<p><a href=\"https:\/\/sitepersojlc.fr\/wp-content\/uploads\/2023\/10\/F-2023-BP-REGULARISATION-PROGRESSIVE-ENONCE.zip\"><\/a><\/p>\n\n\n\n<div class=\"wp-block-uagb-buttons uagb-buttons__outer-wrap uagb-btn__default-btn uagb-btn-tablet__default-btn uagb-btn-mobile__default-btn uagb-block-fafa958d\"><div class=\"uagb-buttons__wrap uagb-buttons-layout-wrap\">\n<div class=\"wp-block-uagb-buttons-child uagb-buttons__outer-wrap uagb-block-6ba5dee3 wp-block-button is-style-outline\"><div class=\"uagb-button__wrapper\"><a class=\"uagb-buttons-repeater wp-block-button__link has-background has-text-color\" href=\"https:\/\/sitepersojlc.fr\/wp-content\/uploads\/2024\/03\/EXERCICE-1-INDEMNITES-DE-DEPART-2024-ENONCE-2.zip\" onclick=\"return true;\" rel=\"follow noopener\" target=\"_self\"><div class=\"uagb-button__link\">Indemnit\u00e9s de d\u00e9part Enonc\u00e9 1<\/div><\/a><\/div><\/div>\n\n\n\n<div class=\"wp-block-uagb-buttons-child uagb-buttons__outer-wrap uagb-block-27f94a64 wp-block-button is-style-outline\"><div class=\"uagb-button__wrapper\"><a class=\"uagb-buttons-repeater wp-block-button__link has-background has-text-color\" href=\"https:\/\/sitepersojlc.fr\/wp-content\/uploads\/2024\/04\/EXERCICE-1-INDEMNITES-DE-DEPART-2024.zip\" onclick=\"return true;\" rel=\"follow noopener\" target=\"_self\"><div class=\"uagb-button__link\">Indemnit\u00e9 de d\u00e9part Correction 1<\/div><\/a><\/div><\/div>\n<\/div><\/div>\n\n\n\n<p><a href=\"https:\/\/sitepersojlc.fr\/wp-content\/uploads\/2023\/10\/F-2023-BP-REGULARISATION-PROGRESSIVE-CORRECTION.zip\"><\/a><\/p>\n\n\n\n<p style=\"text-align: center;\"><em>Nouvelle Correction mise en ligne le 16\/04\/2024&nbsp;<\/em><\/p>\n\n\n\n<h4 class=\"wp-block-heading\"><\/h4>\n\n\n\n<p><\/p>\n\n\n\n<p><\/p>\n\n\n\n<p><a href=\"https:\/\/sitepersojlc.fr\/?page_id=5260#\"><\/a><\/p>\n\n\n\n<h3 class=\"wp-block-heading\">&nbsp;<\/h3>\n\n\n\n<h3 class=\"wp-block-heading\" style=\"text-align: center;\"><strong>Bulletins de Paie dans le Cadre d\u2019une Rupture Conventionnelle<\/strong><\/h3>\n<p>\u00a0<\/p>\n\n\n\n<h4 style=\"text-align: center;\">Le salari\u00e9 est en droit de faire valoir ses droits \u00e0 la retraite ( L\u00e9gislation applicable depuis le 1 er Septembre 2023)<\/h4>\n\n\n\n<p><a href=\"https:\/\/sitepersojlc.fr\/wp-content\/uploads\/2023\/09\/EXERCICE-CORRIGE-1-CAS-2-RCI-SEPT-2023.zip\"><\/a><\/p>\n\n\n\n<div class=\"wp-block-uagb-buttons uagb-buttons__outer-wrap uagb-btn__default-btn uagb-btn-tablet__default-btn uagb-btn-mobile__default-btn uagb-block-da7d760d\"><div class=\"uagb-buttons__wrap uagb-buttons-layout-wrap\">\n<div class=\"wp-block-uagb-buttons-child uagb-buttons__outer-wrap uagb-block-aece01c3 wp-block-button is-style-outline\"><div class=\"uagb-button__wrapper\"><a class=\"uagb-buttons-repeater wp-block-button__link has-background has-text-color\" href=\"https:\/\/sitepersojlc.fr\/wp-content\/uploads\/2024\/03\/RC-EXERCICE-1-ENONCE-2.zip\" onclick=\"return true;\" rel=\"follow noopener\" target=\"_self\"><div class=\"uagb-button__link\">Enonc\u00e9 2<\/div><\/a><\/div><\/div>\n\n\n\n<div class=\"wp-block-uagb-buttons-child uagb-buttons__outer-wrap uagb-block-a7be2ae3 wp-block-button is-style-outline\"><div class=\"uagb-button__wrapper\"><a class=\"uagb-buttons-repeater wp-block-button__link has-background has-text-color\" href=\"https:\/\/sitepersojlc.fr\/wp-content\/uploads\/2024\/04\/RC-EXERCICE-1-CORRECTION.zip\" onclick=\"return true;\" rel=\"follow noopener\" target=\"_self\"><div class=\"uagb-button__link\">Correction 2<\/div><\/a><\/div><\/div>\n<\/div><\/div>\n\n\n\n<p style=\"text-align: center;\"><em>Fichier Correction revu mis \u00e0 jour le 16\/04\/2024<\/em><\/p>\n\n\n\n<p><a href=\"https:\/\/sitepersojlc.fr\/wp-content\/uploads\/2023\/09\/EXERCICE-CORRIGE-1-CAS-3-RCI-AOUT-2023.zip\"><\/a><\/p>\n\n\n\n<h4 style=\"text-align: center;\">Le salari\u00e9 n&rsquo;est pas en droit de faire valoir ses droits \u00e0 la retraite ( L\u00e9gislation applicable depuis le 1 er Septembre 2023)<\/h4>\n\n\n\n<p><a href=\"https:\/\/sitepersojlc.fr\/wp-content\/uploads\/2023\/09\/EXERCICE-CORRIGE-1-CAS-4-RCI-SEPT-2023.zip\"><\/a><\/p>\n\n\n\n<div class=\"wp-block-uagb-buttons uagb-buttons__outer-wrap uagb-btn__default-btn uagb-btn-tablet__default-btn uagb-btn-mobile__default-btn uagb-block-8b3d4873\"><div class=\"uagb-buttons__wrap uagb-buttons-layout-wrap\">\n<div class=\"wp-block-uagb-buttons-child uagb-buttons__outer-wrap uagb-block-ac42f393 wp-block-button is-style-outline\"><div class=\"uagb-button__wrapper\"><a class=\"uagb-buttons-repeater wp-block-button__link has-background has-text-color\" href=\"https:\/\/sitepersojlc.fr\/wp-content\/uploads\/2024\/03\/RC-EXERCICE-2-ENONCE-1.zip\" onclick=\"return true;\" rel=\"follow noopener\" target=\"_self\"><div class=\"uagb-button__link\">Enonc\u00e9 3<\/div><\/a><\/div><\/div>\n\n\n\n<div class=\"wp-block-uagb-buttons-child uagb-buttons__outer-wrap uagb-block-f8506f0d wp-block-button is-style-outline\"><div class=\"uagb-button__wrapper\"><a class=\"uagb-buttons-repeater wp-block-button__link has-background has-text-color\" href=\"https:\/\/sitepersojlc.fr\/wp-content\/uploads\/2024\/03\/RC-EXERCICE-2-CORRECTION-2.zip\" onclick=\"return true;\" rel=\"follow noopener\" target=\"_self\"><div class=\"uagb-button__link\">Correction 3<\/div><\/a><\/div><\/div>\n<\/div><\/div>\n\n\n\n<p style=\"text-align: center;\"><em>En attente de relecture<\/em><\/p>\n\n\n\n<div class=\"wp-block-buttons is-layout-flex\"><\/div>\n\n\n\n<h4>&nbsp;<\/h4>\n<h3 style=\"text-align: center;\"><strong>Mise \u00e0 la retraite<\/strong><\/h3>\n<p>&nbsp;<\/p>\n\n\n\n<p><a href=\"https:\/\/sitepersojlc.fr\/?page_id=5260#\"><\/a><\/p>\n\n\n\n<div class=\"wp-block-uagb-buttons uagb-buttons__outer-wrap uagb-btn__default-btn uagb-btn-tablet__default-btn uagb-btn-mobile__default-btn uagb-block-25f18434\"><div class=\"uagb-buttons__wrap uagb-buttons-layout-wrap\">\n<div class=\"wp-block-uagb-buttons-child uagb-buttons__outer-wrap uagb-block-fecae03f wp-block-button is-style-outline\"><div class=\"uagb-button__wrapper\"><a class=\"uagb-buttons-repeater wp-block-button__link has-background has-text-color\" href=\"https:\/\/sitepersojlc.fr\/wp-content\/uploads\/2024\/04\/MISE-A-LA-RETRAITE-2024-ENONCE.zip\" onclick=\"return true;\" rel=\"follow noopener\" target=\"_self\"><div class=\"uagb-button__link\">Enonc\u00e9 4 <\/div><\/a><\/div><\/div>\n\n\n\n<div class=\"wp-block-uagb-buttons-child uagb-buttons__outer-wrap uagb-block-8286a925 wp-block-button is-style-outline\"><div class=\"uagb-button__wrapper\"><a class=\"uagb-buttons-repeater wp-block-button__link has-background has-text-color\" href=\"https:\/\/sitepersojlc.fr\/wp-content\/uploads\/2024\/04\/MISE-A-LA-RETRAITE-2024-CORRECTION.zip\" onclick=\"return true;\" rel=\"follow noopener\" target=\"_self\"><div class=\"uagb-button__link\">Correction 4<\/div><\/a><\/div><\/div>\n<\/div><\/div>\n\n\n\n<p style=\"text-align: center;\"><em>Fichiers ci-dessus mis \u00e0 jour le 16\/04\/2024<\/em><\/p>\n\n\n\n<p><\/p>\n<div class=\"likebtn_container\" style=\"\"><!-- LikeBtn.com BEGIN --><span class=\"likebtn-wrapper\"  data-identifier=\"page_7737\"  data-site_id=\"6663fc396fd08b3d0b514646\"  data-lang=\"fr\"  data-style=\"\"  data-unlike_allowed=\"\"  data-show_copyright=\"\"  data-item_url=\"https:\/\/sitepersojlc.fr\/?page_id=7737\"  data-item_title=\"Bulletins de Paie Indemnit\u00e9s de d\u00e9part (2024)\"  data-item_date=\"2024-03-25T08:51:19+00:00\"  data-engine=\"WordPress\"  data-plugin_v=\"2.6.52\"  data-prx=\"https:\/\/sitepersojlc.fr\/wp-admin\/admin-ajax.php?action=likebtn_prx\"  data-event_handler=\"likebtn_eh\" ><\/span><!-- LikeBtn.com END --><\/div>","protected":false},"excerpt":{"rendered":"<p>Mis \u00e0 Jour&nbsp; le 29\/03\/2024 Exercices corrig\u00e9s sur les Indemnit\u00e9s de d\u00e9part &nbsp; Dans ce premier exercice, vous serez amen\u00e9 \u00e0 calculer les indemnit\u00e9s compensatrices de cong\u00e9s pay\u00e9s des 2 p\u00e9riodes pr\u00e9c\u00e9dant le d\u00e9part. Exercice simple mais complet Nouvelle Correction mise en ligne le 16\/04\/2024&nbsp; &nbsp; Bulletins de Paie dans le Cadre d\u2019une Rupture Conventionnelle [&hellip;]<\/p>\n<div class=\"likebtn_container\" style=\"\"><!-- LikeBtn.com BEGIN --><span class=\"likebtn-wrapper\"  data-identifier=\"page_7737\"  data-site_id=\"6663fc396fd08b3d0b514646\"  data-lang=\"fr\"  data-style=\"\"  data-unlike_allowed=\"\"  data-show_copyright=\"\"  data-item_url=\"https:\/\/sitepersojlc.fr\/?page_id=7737\"  data-item_title=\"Bulletins de Paie Indemnit\u00e9s de d\u00e9part (2024)\"  data-item_date=\"2024-03-25T08:51:19+00:00\"  data-engine=\"WordPress\"  data-plugin_v=\"2.6.52\"  data-prx=\"https:\/\/sitepersojlc.fr\/wp-admin\/admin-ajax.php?action=likebtn_prx\"  data-event_handler=\"likebtn_eh\" ><\/span><!-- LikeBtn.com END --><\/div>","protected":false},"author":1,"featured_media":0,"parent":0,"menu_order":0,"comment_status":"closed","ping_status":"closed","template":"","meta":{"om_disable_all_campaigns":false,"_uag_custom_page_level_css":"","_monsterinsights_skip_tracking":false,"_monsterinsights_sitenote_active":false,"_monsterinsights_sitenote_note":"","_monsterinsights_sitenote_category":0,"_uf_show_specific_survey":0,"_uf_disable_surveys":false,"footnotes":""},"aioseo_notices":[],"uagb_featured_image_src":{"full":false,"thumbnail":false,"medium":false,"medium_large":false,"large":false,"1536x1536":false,"2048x2048":false},"uagb_author_info":{"display_name":"lechev.1910@gmail.com","author_link":"https:\/\/sitepersojlc.fr\/?author=1"},"uagb_comment_info":0,"uagb_excerpt":"Mis \u00e0 Jour&nbsp; le 29\/03\/2024 Exercices corrig\u00e9s sur les Indemnit\u00e9s de d\u00e9part &nbsp; Dans ce premier exercice, vous serez amen\u00e9 \u00e0 calculer les indemnit\u00e9s compensatrices de cong\u00e9s pay\u00e9s des 2 p\u00e9riodes pr\u00e9c\u00e9dant le d\u00e9part. Exercice simple mais complet Nouvelle Correction mise en ligne le 16\/04\/2024&nbsp; &nbsp; Bulletins de Paie dans le Cadre d\u2019une Rupture Conventionnelle\u2026","_links":{"self":[{"href":"https:\/\/sitepersojlc.fr\/index.php?rest_route=\/wp\/v2\/pages\/7737"}],"collection":[{"href":"https:\/\/sitepersojlc.fr\/index.php?rest_route=\/wp\/v2\/pages"}],"about":[{"href":"https:\/\/sitepersojlc.fr\/index.php?rest_route=\/wp\/v2\/types\/page"}],"author":[{"embeddable":true,"href":"https:\/\/sitepersojlc.fr\/index.php?rest_route=\/wp\/v2\/users\/1"}],"replies":[{"embeddable":true,"href":"https:\/\/sitepersojlc.fr\/index.php?rest_route=%2Fwp%2Fv2%2Fcomments&post=7737"}],"version-history":[{"count":40,"href":"https:\/\/sitepersojlc.fr\/index.php?rest_route=\/wp\/v2\/pages\/7737\/revisions"}],"predecessor-version":[{"id":8390,"href":"https:\/\/sitepersojlc.fr\/index.php?rest_route=\/wp\/v2\/pages\/7737\/revisions\/8390"}],"wp:attachment":[{"href":"https:\/\/sitepersojlc.fr\/index.php?rest_route=%2Fwp%2Fv2%2Fmedia&parent=7737"}],"curies":[{"name":"wp","href":"https:\/\/api.w.org\/{rel}","templated":true}]}}