{"id":7670,"date":"2024-03-23T02:57:01","date_gmt":"2024-03-23T02:57:01","guid":{"rendered":"https:\/\/sitepersojlc.fr\/?page_id=7670"},"modified":"2024-04-17T10:23:34","modified_gmt":"2024-04-17T10:23:34","slug":"saisie-sur-salaire-2024","status":"publish","type":"page","link":"https:\/\/sitepersojlc.fr\/?page_id=7670","title":{"rendered":"Saisie sur Salaire (2024)"},"content":{"rendered":"\n<p><\/p>\n\n\n\n<figure class=\"wp-block-image size-full\"><img decoding=\"async\" loading=\"lazy\" width=\"980\" height=\"651\" src=\"https:\/\/sitepersojlc.fr\/wp-content\/uploads\/2024\/03\/ABANDON-DE-TOUT-MENSONGE-3.jpg\" alt=\"\" class=\"wp-image-7908\" srcset=\"https:\/\/sitepersojlc.fr\/wp-content\/uploads\/2024\/03\/ABANDON-DE-TOUT-MENSONGE-3.jpg 980w, https:\/\/sitepersojlc.fr\/wp-content\/uploads\/2024\/03\/ABANDON-DE-TOUT-MENSONGE-3-300x199.jpg 300w, https:\/\/sitepersojlc.fr\/wp-content\/uploads\/2024\/03\/ABANDON-DE-TOUT-MENSONGE-3-768x510.jpg 768w\" sizes=\"(max-width: 980px) 100vw, 980px\" \/><\/figure>\n\n\n\n<p><\/p>\n\n\n\n<p><\/p>\n\n\n\n<h3 style=\"text-align: center;\"><strong>Saisie sur salaire (2024)<\/strong><\/h3>\n<p>&nbsp;<\/p>\n\n\n\n<p><\/p>\n\n\n\n<h3 style=\"text-align: center;\"><em>Un r\u00e9sum\u00e9 des notions essentielles \u00e0 conna\u00eetre&nbsp;<\/em><\/h3>\n<p>&nbsp;<\/p>\n\n\n\n<div class=\"wp-block-uagb-buttons uagb-buttons__outer-wrap uagb-btn__default-btn uagb-btn-tablet__default-btn uagb-btn-mobile__default-btn uagb-block-8e12ed63\"><div class=\"uagb-buttons__wrap uagb-buttons-layout-wrap\">\n<div class=\"wp-block-uagb-buttons-child uagb-buttons__outer-wrap uagb-block-d22631f6 wp-block-button is-style-outline\"><div class=\"uagb-button__wrapper\"><a class=\"uagb-buttons-repeater wp-block-button__link has-background has-text-color\" href=\"https:\/\/sitepersojlc.fr\/wp-content\/uploads\/2024\/03\/SAISIE-SUR-SALAIRES-COURS-1.zip\" onclick=\"return true;\" rel=\"follow noopener\" target=\"_self\"><div class=\"uagb-button__link\">R\u00e9sum\u00e9 Cours<\/div><\/a><\/div><\/div>\n\n\n\n<div class=\"wp-block-uagb-buttons-child uagb-buttons__outer-wrap uagb-block-6455b1a7 wp-block-button is-style-outline\"><div class=\"uagb-button__wrapper\"><a class=\"uagb-buttons-repeater wp-block-button__link has-background has-text-color\" href=\"https:\/\/sitepersojlc.fr\/wp-content\/uploads\/2024\/03\/Saisie-sur-salaire-2025.zip\" onclick=\"return true;\" rel=\"follow noopener\" target=\"_self\"><div class=\"uagb-button__link\">Nouvelles proc\u00e9dures \u00e0 l&rsquo;Horizon 2025<\/div><\/a><\/div><\/div>\n<\/div><\/div>\n\n\n\n<p><\/p>\n\n\n\n\n\n<h3>&nbsp;<\/h3>\n<h3 class=\"wp-block-heading\" style=\"text-align: center;\"><em>Exercices corrig\u00e9s sur la Saisie sur Salaire<\/em><\/h3>\n<p>&nbsp;<\/p>\n\n\n\n<h3 class=\"wp-block-heading\" style=\"text-align: justify;\">Cette maquette vous donnera la fraction directement saisissable et la fraction relativement insaisissable et hi\u00e9rarchisera les pr\u00e9l\u00e8vements en fonction de la nature des saisies \u00e0 op\u00e9rer<\/h3>\n<p>&nbsp;<\/p>\n\n\n\n<p><\/p>\n\n\n\n<div class=\"wp-block-buttons is-layout-flex\"><\/div>\n\n\n\n<p><\/p>\n\n\n\n<div class=\"wp-block-uagb-buttons uagb-buttons__outer-wrap uagb-btn__default-btn uagb-btn-tablet__default-btn uagb-btn-mobile__default-btn uagb-block-3f8d8e1f\"><div class=\"uagb-buttons__wrap uagb-buttons-layout-wrap\">\n<div class=\"wp-block-uagb-buttons-child uagb-buttons__outer-wrap uagb-block-339d2b64 wp-block-button is-style-outline\"><div class=\"uagb-button__wrapper\"><a class=\"uagb-buttons-repeater wp-block-button__link\" href=\"#\" onclick=\"return false;\" rel=\"follow noopener\" target=\"_self\"><div class=\"uagb-button__link\">Click Here<\/div><\/a><\/div><\/div>\n\n\n\n<div class=\"wp-block-uagb-buttons-child uagb-buttons__outer-wrap uagb-block-98a1af46 wp-block-button is-style-outline\"><div class=\"uagb-button__wrapper\"><a class=\"uagb-buttons-repeater wp-block-button__link\" href=\"#\" onclick=\"return false;\" rel=\"follow noopener\" target=\"_self\"><div class=\"uagb-button__link\">Click Here<\/div><\/a><\/div><\/div>\n<\/div><\/div>\n\n\n\n<p><\/p>\n\n\n\n<p><\/p>\n\n\n\n<h3>&nbsp;<\/h3>\n<h3 class=\"wp-block-heading\" style=\"text-align: center;\"><em>Comme premi\u00e8re introduction \u00e0 l\u2019utilisation du bar\u00e8me 2024, ces quelques exercices&nbsp; corrig\u00e9s<\/em><\/h3>\n<p>&nbsp;<\/p>\n\n\n\n<p><a href=\"https:\/\/sitepersojlc.fr\/wp-content\/uploads\/2023\/10\/COURRIERS-ET-SOMMES-SAISISSABLES-1.zip\"><\/a><\/p>\n\n\n\n<div class=\"wp-block-uagb-buttons uagb-buttons__outer-wrap uagb-btn__default-btn uagb-btn-tablet__default-btn uagb-btn-mobile__default-btn uagb-block-5a08c28c\"><div class=\"uagb-buttons__wrap uagb-buttons-layout-wrap\">\n<div class=\"wp-block-uagb-buttons-child uagb-buttons__outer-wrap uagb-block-99d030bc wp-block-button is-style-outline\"><div class=\"uagb-button__wrapper\"><a class=\"uagb-buttons-repeater wp-block-button__link has-background has-text-color\" href=\"https:\/\/sitepersojlc.fr\/wp-content\/uploads\/2024\/04\/EXERCICES-CORRIGES-BAREME-2024.zip\" onclick=\"return true;\" rel=\"follow noopener\" target=\"_self\"><div class=\"uagb-button__link\">Exercices corrig\u00e9s (bar\u00e8me applicable \u00e0 compter du 01\/01\/2024<\/div><\/a><\/div><\/div>\n<\/div><\/div>\n\n\n\n<p style=\"text-align: center;\"><em>Fichier ci-dessus revu et corrig\u00e9 le 15\/04\/2024<\/em><\/p>\n\n\n\n<h3 style=\"text-align: center;\">&nbsp;<\/h3>\n<h3 class=\"wp-block-heading\" style=\"text-align: center;\"><em>Puis 2 bulletins de paie corrig\u00e9s complets<\/em><\/h3>\n<p>&nbsp;<\/p>\n\n\n\n<p><a href=\"https:\/\/sitepersojlc.fr\/wp-content\/uploads\/2023\/10\/BP-CHAUFFOUR-SAISIE-SUR-SALAIRE-E.zip\"><\/a><\/p>\n\n\n\n<div class=\"wp-block-uagb-buttons uagb-buttons__outer-wrap uagb-btn__default-btn uagb-btn-tablet__default-btn uagb-btn-mobile__default-btn uagb-block-e89ba5e2\"><div class=\"uagb-buttons__wrap uagb-buttons-layout-wrap\">\n<div class=\"wp-block-uagb-buttons-child uagb-buttons__outer-wrap uagb-block-7e98ce12 wp-block-button is-style-outline\"><div class=\"uagb-button__wrapper\"><a class=\"uagb-buttons-repeater wp-block-button__link has-background has-text-color\" href=\"https:\/\/sitepersojlc.fr\/wp-content\/uploads\/2024\/04\/EXERCICE-1-SAISIE-SUR-SALAIRE-CHAUFFOUR-2024-ENONCE-1.zip\" onclick=\"return true;\" rel=\"follow noopener\" target=\"_self\"><div class=\"uagb-button__link\">Bulletin de Paie 1 Enonc\u00e9 <\/div><\/a><\/div><\/div>\n\n\n\n<div class=\"wp-block-uagb-buttons-child uagb-buttons__outer-wrap uagb-block-33765326 wp-block-button is-style-outline\"><div class=\"uagb-button__wrapper\"><a class=\"uagb-buttons-repeater wp-block-button__link has-background has-text-color\" href=\"https:\/\/sitepersojlc.fr\/wp-content\/uploads\/2024\/04\/EXERCICE-1-SAISIE-SUR-SALAIRE-CHAUFFOUR-2024-CORRECTION.zip\" onclick=\"return true;\" rel=\"follow noopener\" target=\"_self\"><div class=\"uagb-button__link\">Bulletin de Paie 1 Correction <\/div><\/a><\/div><\/div>\n<\/div><\/div>\n\n\n\n<p><a href=\"https:\/\/sitepersojlc.fr\/wp-content\/uploads\/2023\/10\/BP-CHAUFFOUR-SAISIE-SUR-SALAIRE-C.zip\"><\/a><\/p>\n\n\n\n<p style=\"text-align: center;\"><em>Le fichier ci-dessus a \u00e9t\u00e9 mis \u00e0 jour le 15\/04\/2024<\/em><\/p>\n\n\n\n<p><a href=\"https:\/\/sitepersojlc.fr\/wp-content\/uploads\/2023\/10\/SAISIE-SUR-SALAIRES-EXERCICE-2-C-DEF.zip\"><\/a><\/p>\n\n\n\n<div class=\"wp-block-uagb-buttons uagb-buttons__outer-wrap uagb-btn__default-btn uagb-btn-tablet__default-btn uagb-btn-mobile__default-btn uagb-block-129852c9\"><div class=\"uagb-buttons__wrap uagb-buttons-layout-wrap\">\n<div class=\"wp-block-uagb-buttons-child uagb-buttons__outer-wrap uagb-block-1d48c229 wp-block-button is-style-outline\"><div class=\"uagb-button__wrapper\"><a class=\"uagb-buttons-repeater wp-block-button__link has-background has-text-color\" href=\"https:\/\/sitepersojlc.fr\/wp-content\/uploads\/2024\/03\/EXERCICE-2-SAISIE-SUR-SALAIRE-2-MOIS-2024-ENONCE.zip\" onclick=\"return true;\" rel=\"follow noopener\" target=\"_self\"><div class=\"uagb-button__link\">Bulletins de Paie 2 Enonc\u00e9<\/div><\/a><\/div><\/div>\n\n\n\n<div class=\"wp-block-uagb-buttons-child uagb-buttons__outer-wrap uagb-block-0720c334 wp-block-button is-style-outline\"><div class=\"uagb-button__wrapper\"><a class=\"uagb-buttons-repeater wp-block-button__link has-background has-text-color\" href=\"https:\/\/sitepersojlc.fr\/wp-content\/uploads\/2024\/04\/EXERCICE-2-SAISIE-SUR-SALAIRE-2-MOIS-2024-CORRECTION.zip\" onclick=\"return true;\" rel=\"follow noopener\" target=\"_self\"><div class=\"uagb-button__link\">Bulletins de Paie 2 Correction <\/div><\/a><\/div><\/div>\n<\/div><\/div>\n\n\n\n<p><\/p>\n\n\n\n<p><\/p>\n\n\n\n<p><\/p>\n<div class=\"likebtn_container\" style=\"\"><!-- LikeBtn.com BEGIN --><span class=\"likebtn-wrapper\"  data-identifier=\"page_7670\"  data-site_id=\"6663fc396fd08b3d0b514646\"  data-lang=\"fr\"  data-style=\"\"  data-unlike_allowed=\"\"  data-show_copyright=\"\"  data-item_url=\"https:\/\/sitepersojlc.fr\/?page_id=7670\"  data-item_title=\"Saisie sur Salaire (2024)\"  data-item_date=\"2024-03-23T02:57:01+00:00\"  data-engine=\"WordPress\"  data-plugin_v=\"2.6.52\"  data-prx=\"https:\/\/sitepersojlc.fr\/wp-admin\/admin-ajax.php?action=likebtn_prx\"  data-event_handler=\"likebtn_eh\" ><\/span><!-- LikeBtn.com END --><\/div>","protected":false},"excerpt":{"rendered":"<p>Saisie sur salaire (2024) &nbsp; Un r\u00e9sum\u00e9 des notions essentielles \u00e0 conna\u00eetre&nbsp; &nbsp; &nbsp; Exercices corrig\u00e9s sur la Saisie sur Salaire &nbsp; Cette maquette vous donnera la fraction directement saisissable et la fraction relativement insaisissable et hi\u00e9rarchisera les pr\u00e9l\u00e8vements en fonction de la nature des saisies \u00e0 op\u00e9rer &nbsp; &nbsp; Comme premi\u00e8re introduction \u00e0 l\u2019utilisation [&hellip;]<\/p>\n<div class=\"likebtn_container\" style=\"\"><!-- LikeBtn.com BEGIN --><span class=\"likebtn-wrapper\"  data-identifier=\"page_7670\"  data-site_id=\"6663fc396fd08b3d0b514646\"  data-lang=\"fr\"  data-style=\"\"  data-unlike_allowed=\"\"  data-show_copyright=\"\"  data-item_url=\"https:\/\/sitepersojlc.fr\/?page_id=7670\"  data-item_title=\"Saisie sur Salaire (2024)\"  data-item_date=\"2024-03-23T02:57:01+00:00\"  data-engine=\"WordPress\"  data-plugin_v=\"2.6.52\"  data-prx=\"https:\/\/sitepersojlc.fr\/wp-admin\/admin-ajax.php?action=likebtn_prx\"  data-event_handler=\"likebtn_eh\" ><\/span><!-- LikeBtn.com END --><\/div>","protected":false},"author":1,"featured_media":0,"parent":0,"menu_order":0,"comment_status":"closed","ping_status":"closed","template":"","meta":{"om_disable_all_campaigns":false,"_uag_custom_page_level_css":"","_monsterinsights_skip_tracking":false,"_monsterinsights_sitenote_active":false,"_monsterinsights_sitenote_note":"","_monsterinsights_sitenote_category":0,"_uf_show_specific_survey":0,"_uf_disable_surveys":false,"footnotes":""},"aioseo_notices":[],"uagb_featured_image_src":{"full":false,"thumbnail":false,"medium":false,"medium_large":false,"large":false,"1536x1536":false,"2048x2048":false},"uagb_author_info":{"display_name":"lechev.1910@gmail.com","author_link":"https:\/\/sitepersojlc.fr\/?author=1"},"uagb_comment_info":0,"uagb_excerpt":"Saisie sur salaire (2024) &nbsp; Un r\u00e9sum\u00e9 des notions essentielles \u00e0 conna\u00eetre&nbsp; &nbsp; &nbsp; Exercices corrig\u00e9s sur la Saisie sur Salaire &nbsp; Cette maquette vous donnera la fraction directement saisissable et la fraction relativement insaisissable et hi\u00e9rarchisera les pr\u00e9l\u00e8vements en fonction de la nature des saisies \u00e0 op\u00e9rer &nbsp; &nbsp; Comme premi\u00e8re introduction \u00e0 l\u2019utilisation\u2026","_links":{"self":[{"href":"https:\/\/sitepersojlc.fr\/index.php?rest_route=\/wp\/v2\/pages\/7670"}],"collection":[{"href":"https:\/\/sitepersojlc.fr\/index.php?rest_route=\/wp\/v2\/pages"}],"about":[{"href":"https:\/\/sitepersojlc.fr\/index.php?rest_route=\/wp\/v2\/types\/page"}],"author":[{"embeddable":true,"href":"https:\/\/sitepersojlc.fr\/index.php?rest_route=\/wp\/v2\/users\/1"}],"replies":[{"embeddable":true,"href":"https:\/\/sitepersojlc.fr\/index.php?rest_route=%2Fwp%2Fv2%2Fcomments&post=7670"}],"version-history":[{"count":38,"href":"https:\/\/sitepersojlc.fr\/index.php?rest_route=\/wp\/v2\/pages\/7670\/revisions"}],"predecessor-version":[{"id":8398,"href":"https:\/\/sitepersojlc.fr\/index.php?rest_route=\/wp\/v2\/pages\/7670\/revisions\/8398"}],"wp:attachment":[{"href":"https:\/\/sitepersojlc.fr\/index.php?rest_route=%2Fwp%2Fv2%2Fmedia&parent=7670"}],"curies":[{"name":"wp","href":"https:\/\/api.w.org\/{rel}","templated":true}]}}