{"id":7639,"date":"2024-03-21T21:37:09","date_gmt":"2024-03-21T21:37:09","guid":{"rendered":"https:\/\/sitepersojlc.fr\/?page_id=7639"},"modified":"2024-05-13T14:38:37","modified_gmt":"2024-05-13T14:38:37","slug":"maquettes-bulletins-de-paie-2024","status":"publish","type":"page","link":"https:\/\/sitepersojlc.fr\/?page_id=7639","title":{"rendered":"Maquettes Bulletins de Paie 2024"},"content":{"rendered":"\n<p><\/p>\n\n\n\n<figure class=\"wp-block-image size-full is-resized\"><img decoding=\"async\" loading=\"lazy\" src=\"https:\/\/sitepersojlc.fr\/wp-content\/uploads\/2024\/05\/EVEREST-BASE-CAMP.jpg\" alt=\"\" class=\"wp-image-8676\" width=\"760\" height=\"954\" srcset=\"https:\/\/sitepersojlc.fr\/wp-content\/uploads\/2024\/05\/EVEREST-BASE-CAMP.jpg 717w, https:\/\/sitepersojlc.fr\/wp-content\/uploads\/2024\/05\/EVEREST-BASE-CAMP-239x300.jpg 239w\" sizes=\"(max-width: 760px) 100vw, 760px\" \/><\/figure>\n\n\n\n<p><\/p>\n\n\n\n<h3 style=\"text-align: center;\">Maquettes Bulletins de Paie 2024<\/h3>\n\n\n\n<p>&nbsp;<\/p>\n<h4 style=\"text-align: center;\"><em>Mises \u00e0 jour le 11\/04\/2024<\/em><\/h4>\n\n\n\n<h4>&nbsp;<\/h4>\n<h4 style=\"text-align: justify;\">Je vous propose 2 maquettes : 1 maquette sur 1 mois isol\u00e9 et 1 maquette sur 3 mois avec gestion des cotisations en r\u00e9gularisation progressive &#8211; ainsi qu&rsquo;un exercice d&rsquo;application de la deuxi\u00e8me maquette&nbsp; comprenant 3 bulletins de paie \u00e0 \u00e9tablir en r\u00e9gularisation progressive avec heures suppl\u00e9mentaires et et gestion de la CET.&nbsp;<\/h4>\n<p>&nbsp;<\/p>\n\n\n\n<p><\/p>\n\n\n\n<div class=\"wp-block-buttons is-content-justification-center is-layout-flex wp-container-1\">\n<div class=\"wp-block-button\"><a class=\"wp-block-button__link has-white-color has-vivid-green-cyan-background-color has-text-color has-background wp-element-button\" href=\"https:\/\/sitepersojlc.fr\/wp-content\/uploads\/2024\/04\/1.-MAQUETTES-SUR-UN-MOIS-ISOLE-2024-2.zip\" style=\"border-radius:100px\">Maquette 1 sur 1 mois isol\u00e9 <\/a><\/div>\n<\/div>\n\n\n\n<p><\/p>\n\n\n\n<p style=\"text-align: center;\"><em>Maquette ci-dessus mise&nbsp; \u00e0 jour le 30\/04\/2024<\/em><\/p>\n\n\n\n<p><\/p>\n\n\n\n<div class=\"wp-block-uagb-buttons uagb-buttons__outer-wrap uagb-btn__default-btn uagb-btn-tablet__default-btn uagb-btn-mobile__default-btn uagb-block-d02290d3\"><div class=\"uagb-buttons__wrap uagb-buttons-layout-wrap\">\n<div class=\"wp-block-uagb-buttons-child uagb-buttons__outer-wrap uagb-block-9b6b7f0c wp-block-button is-style-outline\"><div class=\"uagb-button__wrapper\"><a class=\"uagb-buttons-repeater wp-block-button__link has-background has-text-color\" href=\"https:\/\/sitepersojlc.fr\/wp-content\/uploads\/2024\/04\/Copie-de-BP-REGULARISATION-PROGRESSIVE-GESTION-HEURES-SUPPLEMENTAIRES-ET-CET-2024-VERSION-DEF.zip\" onclick=\"return true;\" rel=\"follow noopener\" target=\"_self\"><div class=\"uagb-button__link\">Maquette 2 sur 3 mois en r\u00e9gularisation progressive <\/div><\/a><\/div><\/div>\n<\/div><\/div>\n\n\n\n<p><\/p>\n\n\n\n\n\n<div class=\"wp-block-buttons is-content-justification-center is-layout-flex wp-container-2\">\n<div class=\"wp-block-button\"><a class=\"wp-block-button__link has-white-color has-vivid-cyan-blue-background-color has-text-color has-background wp-element-button\" href=\"https:\/\/sitepersojlc.fr\/wp-content\/uploads\/2024\/04\/Copie-de-BP-REGULARISATION-PROGRESSIVE-GESTION-HEURES-SUPPLEMENTAIRES-ET-CET-2024-VERSION-DEF.zip\" style=\"border-radius:100px\">Exercice d&rsquo;application de la deuxi\u00e8me maquette <\/a><\/div>\n<\/div>\n\n\n\n<p><\/p>\n\n\n\n<p style=\"text-align: center;\"><em>Ces 2 derniers fichiers&nbsp; ont&nbsp; \u00e9t\u00e9 mis \u00e0 jour le 11\/04\/2024<\/em><\/p>\n\n\n\n<h4 style=\"text-align: justify;\">Afin de vous entra\u00eener vous pourrez faire varier le statut du salari\u00e9, les effectifs de l&rsquo;entreprise,\u00a0 le salaire de base, le nombre d&rsquo;heures suppl\u00e9mentaires et le taux de r\u00e9mun\u00e9ration de celles-ci<\/h4>\n\n\n\n<p><\/p>\n\n\n\n<p><\/p>\n\n\n\n<p><\/p>\n\n\n\n<p><\/p>\n\n\n\n<p><\/p>\n\n\n\n<p><\/p>\n<div class=\"likebtn_container\" style=\"\"><!-- LikeBtn.com BEGIN --><span class=\"likebtn-wrapper\"  data-identifier=\"page_7639\"  data-site_id=\"6663fc396fd08b3d0b514646\"  data-lang=\"fr\"  data-style=\"\"  data-unlike_allowed=\"\"  data-show_copyright=\"\"  data-item_url=\"https:\/\/sitepersojlc.fr\/?page_id=7639\"  data-item_title=\"Maquettes Bulletins de Paie 2024\"  data-item_date=\"2024-03-21T21:37:09+00:00\"  data-engine=\"WordPress\"  data-plugin_v=\"2.6.52\"  data-prx=\"https:\/\/sitepersojlc.fr\/wp-admin\/admin-ajax.php?action=likebtn_prx\"  data-event_handler=\"likebtn_eh\" ><\/span><!-- LikeBtn.com END --><\/div>","protected":false},"excerpt":{"rendered":"<p>Maquettes Bulletins de Paie 2024 &nbsp; Mises \u00e0 jour le 11\/04\/2024 &nbsp; Je vous propose 2 maquettes : 1 maquette sur 1 mois isol\u00e9 et 1 maquette sur 3 mois avec gestion des cotisations en r\u00e9gularisation progressive &#8211; ainsi qu&rsquo;un exercice d&rsquo;application de la deuxi\u00e8me maquette&nbsp; comprenant 3 bulletins de paie \u00e0 \u00e9tablir en r\u00e9gularisation [&hellip;]<\/p>\n<div class=\"likebtn_container\" style=\"\"><!-- LikeBtn.com BEGIN --><span class=\"likebtn-wrapper\"  data-identifier=\"page_7639\"  data-site_id=\"6663fc396fd08b3d0b514646\"  data-lang=\"fr\"  data-style=\"\"  data-unlike_allowed=\"\"  data-show_copyright=\"\"  data-item_url=\"https:\/\/sitepersojlc.fr\/?page_id=7639\"  data-item_title=\"Maquettes Bulletins de Paie 2024\"  data-item_date=\"2024-03-21T21:37:09+00:00\"  data-engine=\"WordPress\"  data-plugin_v=\"2.6.52\"  data-prx=\"https:\/\/sitepersojlc.fr\/wp-admin\/admin-ajax.php?action=likebtn_prx\"  data-event_handler=\"likebtn_eh\" ><\/span><!-- LikeBtn.com END --><\/div>","protected":false},"author":1,"featured_media":0,"parent":0,"menu_order":0,"comment_status":"closed","ping_status":"closed","template":"","meta":{"om_disable_all_campaigns":false,"_uag_custom_page_level_css":"","_monsterinsights_skip_tracking":false,"_monsterinsights_sitenote_active":false,"_monsterinsights_sitenote_note":"","_monsterinsights_sitenote_category":0,"_uf_show_specific_survey":0,"_uf_disable_surveys":false,"footnotes":""},"aioseo_notices":[],"uagb_featured_image_src":{"full":false,"thumbnail":false,"medium":false,"medium_large":false,"large":false,"1536x1536":false,"2048x2048":false},"uagb_author_info":{"display_name":"lechev.1910@gmail.com","author_link":"https:\/\/sitepersojlc.fr\/?author=1"},"uagb_comment_info":0,"uagb_excerpt":"Maquettes Bulletins de Paie 2024 &nbsp; Mises \u00e0 jour le 11\/04\/2024 &nbsp; Je vous propose 2 maquettes : 1 maquette sur 1 mois isol\u00e9 et 1 maquette sur 3 mois avec gestion des cotisations en r\u00e9gularisation progressive &#8211; ainsi qu&rsquo;un exercice d&rsquo;application de la deuxi\u00e8me maquette&nbsp; comprenant 3 bulletins de paie \u00e0 \u00e9tablir en r\u00e9gularisation\u2026","_links":{"self":[{"href":"https:\/\/sitepersojlc.fr\/index.php?rest_route=\/wp\/v2\/pages\/7639"}],"collection":[{"href":"https:\/\/sitepersojlc.fr\/index.php?rest_route=\/wp\/v2\/pages"}],"about":[{"href":"https:\/\/sitepersojlc.fr\/index.php?rest_route=\/wp\/v2\/types\/page"}],"author":[{"embeddable":true,"href":"https:\/\/sitepersojlc.fr\/index.php?rest_route=\/wp\/v2\/users\/1"}],"replies":[{"embeddable":true,"href":"https:\/\/sitepersojlc.fr\/index.php?rest_route=%2Fwp%2Fv2%2Fcomments&post=7639"}],"version-history":[{"count":40,"href":"https:\/\/sitepersojlc.fr\/index.php?rest_route=\/wp\/v2\/pages\/7639\/revisions"}],"predecessor-version":[{"id":8678,"href":"https:\/\/sitepersojlc.fr\/index.php?rest_route=\/wp\/v2\/pages\/7639\/revisions\/8678"}],"wp:attachment":[{"href":"https:\/\/sitepersojlc.fr\/index.php?rest_route=%2Fwp%2Fv2%2Fmedia&parent=7639"}],"curies":[{"name":"wp","href":"https:\/\/api.w.org\/{rel}","templated":true}]}}