{"id":7597,"date":"2024-03-20T10:37:57","date_gmt":"2024-03-20T10:37:57","guid":{"rendered":"https:\/\/sitepersojlc.fr\/?page_id=7597"},"modified":"2024-04-11T00:11:38","modified_gmt":"2024-04-11T00:11:38","slug":"temps-partiel-2024","status":"publish","type":"page","link":"https:\/\/sitepersojlc.fr\/?page_id=7597","title":{"rendered":"Temps partiel (2024)"},"content":{"rendered":"\n<p><\/p>\n\n\n\n<p><\/p>\n\n\n\n<h3 class=\"wp-block-heading\" style=\"text-align: center;\">Bulletins de Paie d\u2019un salari\u00e9 \u00e0 temps partiel<\/h3>\n<p>&nbsp;<\/p>\n\n\n\n<h4 class=\"wp-block-heading\" style=\"text-align: justify;\">Le temps partiel ob\u00e9it \u00e0 des r\u00e8gles particuli\u00e8res. La fiche de synth\u00e8se ci-dessous devrait vous permettre d\u2019y voir clair sur les heures compl\u00e9mentaires, les compl\u00e9ments d\u2019heures et les heures minimum \u00e0 respecter et sur ce dernier point les d\u00e9rogations possibles<\/h4>\n\n\n\n<div class=\"wp-block-uagb-buttons uagb-buttons__outer-wrap uagb-btn__default-btn uagb-btn-tablet__default-btn uagb-btn-mobile__default-btn uagb-block-7b989e00\"><div class=\"uagb-buttons__wrap uagb-buttons-layout-wrap\">\n<div class=\"wp-block-uagb-buttons-child uagb-buttons__outer-wrap uagb-block-10c98e91 wp-block-button is-style-outline\"><div class=\"uagb-button__wrapper\"><a class=\"uagb-buttons-repeater wp-block-button__link has-background has-text-color\" href=\"https:\/\/sitepersojlc.fr\/wp-content\/uploads\/2024\/03\/1.-FICHE-DE-SYNTHESE-TEMPS-PARTIEL-2024.zip\" onclick=\"return true;\" rel=\"follow noopener\" target=\"_self\"><div class=\"uagb-button__link\">Fiche de synth\u00e8se Temps partiel <\/div><\/a><\/div><\/div>\n<\/div><\/div>\n\n\n\n<p><a href=\"https:\/\/sitepersojlc.fr\/wp-content\/uploads\/2023\/10\/FICHE-DE-SYNTHESE-TEMPS-PARTIEL.zip\"><\/a><\/p>\n\n\n\n\n\n<h3 class=\"wp-block-heading\" style=\"text-align: center;\">Vous trouverez ci-dessous&nbsp; 2 bulletins de paie corrig\u00e9s<\/h3>\n<p>&nbsp;<\/p>\n\n\n\n<p><\/p>\n\n\n\n<div class=\"wp-block-buttons is-content-justification-center is-layout-flex wp-container-1\">\n<div class=\"wp-block-button\"><a class=\"wp-block-button__link has-white-color has-vivid-green-cyan-background-color has-text-color has-background wp-element-button\" href=\"https:\/\/sitepersojlc.fr\/wp-content\/uploads\/2024\/03\/EX-1-TEMPS-PARTIEL-HEURES-COMPLEMENTAIRES-ENONCE-2024.zip\" style=\"border-radius:100px\">Exercice 1 Enonc\u00e9<\/a><\/div>\n\n\n\n<div class=\"wp-block-button\"><a class=\"wp-block-button__link has-white-color has-vivid-red-background-color has-text-color has-background wp-element-button\" href=\"https:\/\/sitepersojlc.fr\/wp-content\/uploads\/2024\/04\/EX-1-TEMPS-PARTIEL-HEURES-COMPLEMENTAIRES-CORRECTION-2024.zip\" style=\"border-radius:100px\">Exercice 1 Correction <\/a><\/div>\n<\/div>\n\n\n\n<p><a href=\"https:\/\/sitepersojlc.fr\/wp-content\/uploads\/2023\/10\/TEMPS-PARTIEL-HEURES-COMPLEMENTAIRES-CORRECTION-EX1.zip\"><\/a><\/p>\n\n\n\n<div class=\"wp-block-buttons is-content-justification-center is-layout-flex wp-container-2\">\n<div class=\"wp-block-button\"><a class=\"wp-block-button__link has-white-color has-vivid-cyan-blue-background-color has-text-color has-background wp-element-button\" href=\"https:\/\/sitepersojlc.fr\/wp-content\/uploads\/2024\/03\/EX-2-TEMPS-PARTIEL-HEURES-COMPLEMENTAIRES-ENONCE.zip\" style=\"border-radius:100px\">Exercice 2 Enonc\u00e9 <\/a><\/div>\n\n\n\n<div class=\"wp-block-button\"><a class=\"wp-block-button__link has-white-color has-luminous-vivid-amber-background-color has-text-color has-background wp-element-button\" href=\"https:\/\/sitepersojlc.fr\/wp-content\/uploads\/2024\/04\/EX-2-TEMPS-PARTIEL-HEURES-COMPLEMENTAIRES-CORRECTION-EX2-2024-DEF.zip\" style=\"border-radius:100px\">Exercice 2 Correction <\/a><\/div>\n<\/div>\n\n\n\n<p><a href=\"https:\/\/sitepersojlc.fr\/wp-content\/uploads\/2023\/10\/TEMPS-PARTIEL-HEURES-COMPLE-MENTAIRES-EXERCICE-2-ENONCE.zip\"><\/a><\/p>\n\n\n\n<p style=\"text-align: center;\">E<em>xercice 1\u00a0 et 2 Corrections mises \u00e0 jour le 11\/04\/2024<\/em><\/p>\n\n\n\n<p><a href=\"https:\/\/sitepersojlc.fr\/wp-content\/uploads\/2023\/10\/TEMPS-PARTIEL-HEURES-COMPLE-MENTAIRES-EXERCICE-2.zip\"><\/a><\/p>\n\n\n\n<p><\/p>\n\n\n\n<p><\/p>\n\n\n\n<p><\/p>\n\n\n\n<p><\/p>\n\n\n\n<p><\/p>\n\n\n\n<p><\/p>\n\n\n\n<p><\/p>\n\n\n\n<p><\/p>\n<div class=\"likebtn_container\" style=\"\"><!-- LikeBtn.com BEGIN --><span class=\"likebtn-wrapper\"  data-identifier=\"page_7597\"  data-site_id=\"6663fc396fd08b3d0b514646\"  data-lang=\"fr\"  data-style=\"\"  data-unlike_allowed=\"\"  data-show_copyright=\"\"  data-item_url=\"https:\/\/sitepersojlc.fr\/?page_id=7597\"  data-item_title=\"Temps partiel (2024)\"  data-item_date=\"2024-03-20T10:37:57+00:00\"  data-engine=\"WordPress\"  data-plugin_v=\"2.6.52\"  data-prx=\"https:\/\/sitepersojlc.fr\/wp-admin\/admin-ajax.php?action=likebtn_prx\"  data-event_handler=\"likebtn_eh\" ><\/span><!-- LikeBtn.com END --><\/div>","protected":false},"excerpt":{"rendered":"<p>Bulletins de Paie d\u2019un salari\u00e9 \u00e0 temps partiel &nbsp; Le temps partiel ob\u00e9it \u00e0 des r\u00e8gles particuli\u00e8res. La fiche de synth\u00e8se ci-dessous devrait vous permettre d\u2019y voir clair sur les heures compl\u00e9mentaires, les compl\u00e9ments d\u2019heures et les heures minimum \u00e0 respecter et sur ce dernier point les d\u00e9rogations possibles Vous trouverez ci-dessous&nbsp; 2 bulletins de [&hellip;]<\/p>\n<div class=\"likebtn_container\" style=\"\"><!-- LikeBtn.com BEGIN --><span class=\"likebtn-wrapper\"  data-identifier=\"page_7597\"  data-site_id=\"6663fc396fd08b3d0b514646\"  data-lang=\"fr\"  data-style=\"\"  data-unlike_allowed=\"\"  data-show_copyright=\"\"  data-item_url=\"https:\/\/sitepersojlc.fr\/?page_id=7597\"  data-item_title=\"Temps partiel (2024)\"  data-item_date=\"2024-03-20T10:37:57+00:00\"  data-engine=\"WordPress\"  data-plugin_v=\"2.6.52\"  data-prx=\"https:\/\/sitepersojlc.fr\/wp-admin\/admin-ajax.php?action=likebtn_prx\"  data-event_handler=\"likebtn_eh\" ><\/span><!-- LikeBtn.com END --><\/div>","protected":false},"author":1,"featured_media":0,"parent":0,"menu_order":0,"comment_status":"closed","ping_status":"closed","template":"","meta":{"om_disable_all_campaigns":false,"_uag_custom_page_level_css":"","_monsterinsights_skip_tracking":false,"_monsterinsights_sitenote_active":false,"_monsterinsights_sitenote_note":"","_monsterinsights_sitenote_category":0,"_uf_show_specific_survey":0,"_uf_disable_surveys":false,"footnotes":""},"aioseo_notices":[],"uagb_featured_image_src":{"full":false,"thumbnail":false,"medium":false,"medium_large":false,"large":false,"1536x1536":false,"2048x2048":false},"uagb_author_info":{"display_name":"lechev.1910@gmail.com","author_link":"https:\/\/sitepersojlc.fr\/?author=1"},"uagb_comment_info":0,"uagb_excerpt":"Bulletins de Paie d\u2019un salari\u00e9 \u00e0 temps partiel &nbsp; Le temps partiel ob\u00e9it \u00e0 des r\u00e8gles particuli\u00e8res. La fiche de synth\u00e8se ci-dessous devrait vous permettre d\u2019y voir clair sur les heures compl\u00e9mentaires, les compl\u00e9ments d\u2019heures et les heures minimum \u00e0 respecter et sur ce dernier point les d\u00e9rogations possibles Vous trouverez ci-dessous&nbsp; 2 bulletins de\u2026","_links":{"self":[{"href":"https:\/\/sitepersojlc.fr\/index.php?rest_route=\/wp\/v2\/pages\/7597"}],"collection":[{"href":"https:\/\/sitepersojlc.fr\/index.php?rest_route=\/wp\/v2\/pages"}],"about":[{"href":"https:\/\/sitepersojlc.fr\/index.php?rest_route=\/wp\/v2\/types\/page"}],"author":[{"embeddable":true,"href":"https:\/\/sitepersojlc.fr\/index.php?rest_route=\/wp\/v2\/users\/1"}],"replies":[{"embeddable":true,"href":"https:\/\/sitepersojlc.fr\/index.php?rest_route=%2Fwp%2Fv2%2Fcomments&post=7597"}],"version-history":[{"count":18,"href":"https:\/\/sitepersojlc.fr\/index.php?rest_route=\/wp\/v2\/pages\/7597\/revisions"}],"predecessor-version":[{"id":8271,"href":"https:\/\/sitepersojlc.fr\/index.php?rest_route=\/wp\/v2\/pages\/7597\/revisions\/8271"}],"wp:attachment":[{"href":"https:\/\/sitepersojlc.fr\/index.php?rest_route=%2Fwp%2Fv2%2Fmedia&parent=7597"}],"curies":[{"name":"wp","href":"https:\/\/api.w.org\/{rel}","templated":true}]}}