{"id":7486,"date":"2024-03-15T14:52:06","date_gmt":"2024-03-15T14:52:06","guid":{"rendered":"https:\/\/sitepersojlc.fr\/?page_id=7486"},"modified":"2024-04-10T08:24:19","modified_gmt":"2024-04-10T08:24:19","slug":"conges-payes-2024","status":"publish","type":"page","link":"https:\/\/sitepersojlc.fr\/?page_id=7486","title":{"rendered":"Chapitre 18  Cong\u00e9s Pay\u00e9s 2024"},"content":{"rendered":"\n<p><\/p>\n\n\n\n<figure class=\"wp-block-image size-full\"><img decoding=\"async\" loading=\"lazy\" width=\"1024\" height=\"764\" src=\"https:\/\/sitepersojlc.fr\/wp-content\/uploads\/2024\/03\/AIR-D-AUROVILLE-2.jpg\" alt=\"\" class=\"wp-image-7565\" srcset=\"https:\/\/sitepersojlc.fr\/wp-content\/uploads\/2024\/03\/AIR-D-AUROVILLE-2.jpg 1024w, https:\/\/sitepersojlc.fr\/wp-content\/uploads\/2024\/03\/AIR-D-AUROVILLE-2-300x224.jpg 300w, https:\/\/sitepersojlc.fr\/wp-content\/uploads\/2024\/03\/AIR-D-AUROVILLE-2-768x573.jpg 768w\" sizes=\"(max-width: 1024px) 100vw, 1024px\" \/><\/figure>\n\n\n\n<p><\/p>\n\n\n\n<h3 style=\"text-align: center;\">Chapitre 18 (2024)<\/h3>\n\n\n\n<h3>&nbsp;<\/h3>\n<h3 class=\"wp-block-heading\" style=\"text-align: center;\"><em>Bulletins de paie et Cong\u00e9s Pay\u00e9s<\/em><\/h3>\n<p>&nbsp;<\/p>\n\n\n\n<h5 style=\"text-align: center;\">Pour t\u00e9l\u00e9charger les fichiers cliquez sur les encadr\u00e9s en couleur<\/h5>\n\n\n\n<p><\/p>\n\n\n\n<div class=\"wp-block-buttons is-content-justification-center is-layout-flex wp-container-1\">\n<div class=\"wp-block-button\"><a class=\"wp-block-button__link has-white-color has-vivid-red-background-color has-text-color has-background wp-element-button\" href=\"https:\/\/sitepersojlc.fr\/wp-content\/uploads\/2024\/03\/CONGES-PAYES-DEF-2024-VERSION-DEFINITIVE.zip\" style=\"border-radius:100px\">Cours + Exercices du Livre<\/a><\/div>\n<\/div>\n\n\n\n<h3 class=\"wp-block-heading\">&nbsp;<\/h3>\n\n\n\n<h3 class=\"wp-block-heading\" style=\"text-align: center;\">Quelques exercices compl\u00e9mentaires<\/h3>\n<p>&nbsp;<\/p>\n\n\n\n<p><\/p>\n\n\n\n<div class=\"wp-block-buttons is-content-justification-center is-layout-flex wp-container-2\">\n<div class=\"wp-block-button\"><a class=\"wp-block-button__link has-white-color has-vivid-red-background-color has-text-color has-background wp-element-button\" href=\"https:\/\/sitepersojlc.fr\/wp-content\/uploads\/2024\/04\/1.EXERCICE-1-CONGES-PAYES-ENONCE-2024.zip\" style=\"border-radius:100px\">Exercice 1 Enonc\u00e9 <\/a><\/div>\n\n\n\n<div class=\"wp-block-button\"><a class=\"wp-block-button__link has-white-color has-vivid-cyan-blue-background-color has-text-color has-background wp-element-button\" href=\"https:\/\/sitepersojlc.fr\/wp-content\/uploads\/2024\/04\/1.EXERCICE-1-CONGES-PAYES-2024-CORRECTION.zip\" style=\"border-radius:100px\">Exercice 1 Correction <\/a><\/div>\n<\/div>\n\n\n\n<p><\/p>\n\n\n\n<div class=\"wp-block-buttons is-content-justification-center is-layout-flex wp-container-3\">\n<div class=\"wp-block-button\"><a class=\"wp-block-button__link has-white-color has-vivid-red-background-color has-text-color has-background wp-element-button\" href=\"https:\/\/sitepersojlc.fr\/wp-content\/uploads\/2024\/03\/1.EXERCICE-2-CONGES-PAYES-ENONCE-2024-DEF.zip\" style=\"border-radius:100px\">Exercice 2 Enonc\u00e9 <\/a><\/div>\n\n\n\n<div class=\"wp-block-button\"><a class=\"wp-block-button__link has-white-color has-vivid-cyan-blue-background-color has-text-color has-background wp-element-button\" href=\"https:\/\/sitepersojlc.fr\/wp-content\/uploads\/2024\/04\/2.-EXERCICE-2-CONGES-PAYES-CORRECTION-2024.zip\" style=\"border-radius:100px\">Exercice 2 Correction <\/a><\/div>\n<\/div>\n\n\n\n<p style=\"text-align: center;\"><em>Les fichiers ci-dessus ont&nbsp; \u00e9t\u00e9 mis \u00e0 jour le 08\/04\/2024<\/em><\/p>\n\n\n\n<div class=\"wp-block-buttons is-content-justification-center is-layout-flex wp-container-4\"><\/div>\n\n\n\n<h3>&nbsp;<\/h3>\n<h3 style=\"text-align: center;\"><em>Exercice 4&nbsp; : exercice complet abordant qq unes des probl\u00e9matiques essentielles sur les Cong\u00e9s Pay\u00e9s. Comprend \u00e9galement un exemple de gestion de la CET sur le BP&nbsp;<\/em><\/h3>\n<p>&nbsp;<\/p>\n\n\n\n<p><\/p>\n\n\n\n<div class=\"wp-block-buttons is-content-justification-center is-layout-flex wp-container-5\">\n<div class=\"wp-block-button\"><a class=\"wp-block-button__link has-white-color has-vivid-red-background-color has-text-color has-background has-text-align-center wp-element-button\" href=\"https:\/\/sitepersojlc.fr\/wp-content\/uploads\/2024\/04\/4.-EXERCICE-4-CONGES-PAYES-2024-CORRECTION-2.zip\" style=\"border-radius:100px\">Exercice 4 Enonc\u00e9  et Correction<\/a><\/div>\n<\/div>\n\n\n\n<p style=\"text-align: center;\"><em>Fichier mis \u00e0 jour le 09\/04\/2024<\/em><\/p>\n\n\n\n<p><\/p>\n\n\n\n<p><\/p>\n\n\n\n<p>\u00a0<\/p>\n<h4 style=\"text-align: justify;\">Nb. Dans le sous-menu CDD (2024) le premier exercice propos\u00e9 traite du bulletin de paie de d\u00e9part d&rsquo;un CDD. Vous y retrouverez en particulier le calcul de l&rsquo;indemnit\u00e9 compensatrice de cong\u00e9s pay\u00e9s.\u00a0<\/h4>\n\n\n\n<p><\/p>\n\n\n\n<p><\/p>\n\n\n\n<p><\/p>\n\n\n\n<p><\/p>\n\n\n\n<p><\/p>\n<div class=\"likebtn_container\" style=\"\"><!-- LikeBtn.com BEGIN --><span class=\"likebtn-wrapper\"  data-identifier=\"page_7486\"  data-site_id=\"6663fc396fd08b3d0b514646\"  data-lang=\"fr\"  data-style=\"\"  data-unlike_allowed=\"\"  data-show_copyright=\"\"  data-item_url=\"https:\/\/sitepersojlc.fr\/?page_id=7486\"  data-item_title=\"Chapitre 18 Cong\u00e9s Pay\u00e9s 2024\"  data-item_date=\"2024-03-15T14:52:06+00:00\"  data-engine=\"WordPress\"  data-plugin_v=\"2.6.52\"  data-prx=\"https:\/\/sitepersojlc.fr\/wp-admin\/admin-ajax.php?action=likebtn_prx\"  data-event_handler=\"likebtn_eh\" ><\/span><!-- LikeBtn.com END --><\/div>","protected":false},"excerpt":{"rendered":"<p>Chapitre 18 (2024) &nbsp; Bulletins de paie et Cong\u00e9s Pay\u00e9s &nbsp; Pour t\u00e9l\u00e9charger les fichiers cliquez sur les encadr\u00e9s en couleur &nbsp; Quelques exercices compl\u00e9mentaires &nbsp; Les fichiers ci-dessus ont&nbsp; \u00e9t\u00e9 mis \u00e0 jour le 08\/04\/2024 &nbsp; Exercice 4&nbsp; : exercice complet abordant qq unes des probl\u00e9matiques essentielles sur les Cong\u00e9s Pay\u00e9s. Comprend \u00e9galement un [&hellip;]<\/p>\n<div class=\"likebtn_container\" style=\"\"><!-- LikeBtn.com BEGIN --><span class=\"likebtn-wrapper\"  data-identifier=\"page_7486\"  data-site_id=\"6663fc396fd08b3d0b514646\"  data-lang=\"fr\"  data-style=\"\"  data-unlike_allowed=\"\"  data-show_copyright=\"\"  data-item_url=\"https:\/\/sitepersojlc.fr\/?page_id=7486\"  data-item_title=\"Chapitre 18 Cong\u00e9s Pay\u00e9s 2024\"  data-item_date=\"2024-03-15T14:52:06+00:00\"  data-engine=\"WordPress\"  data-plugin_v=\"2.6.52\"  data-prx=\"https:\/\/sitepersojlc.fr\/wp-admin\/admin-ajax.php?action=likebtn_prx\"  data-event_handler=\"likebtn_eh\" ><\/span><!-- LikeBtn.com END --><\/div>","protected":false},"author":1,"featured_media":0,"parent":0,"menu_order":0,"comment_status":"closed","ping_status":"closed","template":"","meta":{"om_disable_all_campaigns":false,"_uag_custom_page_level_css":"","_monsterinsights_skip_tracking":false,"_monsterinsights_sitenote_active":false,"_monsterinsights_sitenote_note":"","_monsterinsights_sitenote_category":0,"_uf_show_specific_survey":0,"_uf_disable_surveys":false,"footnotes":""},"aioseo_notices":[],"uagb_featured_image_src":{"full":false,"thumbnail":false,"medium":false,"medium_large":false,"large":false,"1536x1536":false,"2048x2048":false},"uagb_author_info":{"display_name":"lechev.1910@gmail.com","author_link":"https:\/\/sitepersojlc.fr\/?author=1"},"uagb_comment_info":0,"uagb_excerpt":"Chapitre 18 (2024) &nbsp; Bulletins de paie et Cong\u00e9s Pay\u00e9s &nbsp; Pour t\u00e9l\u00e9charger les fichiers cliquez sur les encadr\u00e9s en couleur &nbsp; Quelques exercices compl\u00e9mentaires &nbsp; Les fichiers ci-dessus ont&nbsp; \u00e9t\u00e9 mis \u00e0 jour le 08\/04\/2024 &nbsp; Exercice 4&nbsp; : exercice complet abordant qq unes des probl\u00e9matiques essentielles sur les Cong\u00e9s Pay\u00e9s. Comprend \u00e9galement un\u2026","_links":{"self":[{"href":"https:\/\/sitepersojlc.fr\/index.php?rest_route=\/wp\/v2\/pages\/7486"}],"collection":[{"href":"https:\/\/sitepersojlc.fr\/index.php?rest_route=\/wp\/v2\/pages"}],"about":[{"href":"https:\/\/sitepersojlc.fr\/index.php?rest_route=\/wp\/v2\/types\/page"}],"author":[{"embeddable":true,"href":"https:\/\/sitepersojlc.fr\/index.php?rest_route=\/wp\/v2\/users\/1"}],"replies":[{"embeddable":true,"href":"https:\/\/sitepersojlc.fr\/index.php?rest_route=%2Fwp%2Fv2%2Fcomments&post=7486"}],"version-history":[{"count":24,"href":"https:\/\/sitepersojlc.fr\/index.php?rest_route=\/wp\/v2\/pages\/7486\/revisions"}],"predecessor-version":[{"id":8253,"href":"https:\/\/sitepersojlc.fr\/index.php?rest_route=\/wp\/v2\/pages\/7486\/revisions\/8253"}],"wp:attachment":[{"href":"https:\/\/sitepersojlc.fr\/index.php?rest_route=%2Fwp%2Fv2%2Fmedia&parent=7486"}],"curies":[{"name":"wp","href":"https:\/\/api.w.org\/{rel}","templated":true}]}}