{"id":7416,"date":"2024-03-13T07:24:14","date_gmt":"2024-03-13T07:24:14","guid":{"rendered":"https:\/\/sitepersojlc.fr\/?page_id=7416"},"modified":"2024-05-13T08:42:19","modified_gmt":"2024-05-13T08:42:19","slug":"chapitres-16-17-2024","status":"publish","type":"page","link":"https:\/\/sitepersojlc.fr\/?page_id=7416","title":{"rendered":"Chapitres 16 &#8211; 17 (2024)"},"content":{"rendered":"\n<p><\/p>\n\n\n\n<figure class=\"wp-block-image size-full\"><img decoding=\"async\" loading=\"lazy\" width=\"1024\" height=\"768\" src=\"https:\/\/sitepersojlc.fr\/wp-content\/uploads\/2024\/03\/abandon-de-tout-mensonge-1.jpg\" alt=\"\" class=\"wp-image-7558\" srcset=\"https:\/\/sitepersojlc.fr\/wp-content\/uploads\/2024\/03\/abandon-de-tout-mensonge-1.jpg 1024w, https:\/\/sitepersojlc.fr\/wp-content\/uploads\/2024\/03\/abandon-de-tout-mensonge-1-300x225.jpg 300w, https:\/\/sitepersojlc.fr\/wp-content\/uploads\/2024\/03\/abandon-de-tout-mensonge-1-768x576.jpg 768w\" sizes=\"(max-width: 1024px) 100vw, 1024px\" \/><\/figure>\n\n\n\n<p><\/p>\n\n\n\n<p style=\"text-align: center;\"><em>!!! Fichiers mis \u00e0 jour le 17\/03\/2024 <\/em><\/p>\n<p style=\"text-align: center;\"><em>Assurez-vous d&rsquo;avoir cette derni\u00e8re version&nbsp;<\/em><\/p>\n\n\n\n<p><\/p>\n\n\n\n<h3 class=\"wp-block-heading\" style=\"text-align: center;\"><strong>Chapitres 16 \u2013 17 (2024)<\/strong><\/h3>\n<p>&nbsp;<\/p>\n\n\n\n<h3 class=\"wp-block-heading\" style=\"text-align: center;\"><em>Accident du Travail, Accident de Trajet, Maladie Professionnelle<\/em><\/h3>\n\n\n\n<p><em>Pour t\u00e9l\u00e9charger les fichiers cliquez sur les encadr\u00e9s en couleur<\/em><\/p>\n\n\n\n<h3>&nbsp;<\/h3>\n<h3 class=\"wp-block-heading\" style=\"text-align: center;\"><strong>Chapitre 16<\/strong><\/h3>\n<p>&nbsp;<\/p>\n\n\n\n<h3 class=\"wp-block-heading\" style=\"text-align: center;\"><em>Accident du Travail<\/em><\/h3>\n<p>&nbsp;<\/p>\n\n\n\n<div class=\"wp-block-buttons is-content-justification-center is-layout-flex wp-container-1\">\n<div class=\"wp-block-button\"><a class=\"wp-block-button__link has-white-color has-vivid-red-background-color has-text-color has-background has-text-align-center wp-element-button\" href=\"https:\/\/sitepersojlc.fr\/wp-content\/uploads\/2024\/03\/CALCUL-AUTOMATISE-IJSS-AT-2024.zip\" style=\"border-radius:100px\">Matrice IJSS AT <\/a><\/div>\n<\/div>\n\n\n\n<h3 class=\"wp-block-heading\">&nbsp;<\/h3>\n\n\n\n<p><\/p>\n\n\n\n<div class=\"wp-block-uagb-buttons uagb-buttons__outer-wrap uagb-btn__default-btn uagb-btn-tablet__default-btn uagb-btn-mobile__default-btn uagb-block-ad16013f\"><div class=\"uagb-buttons__wrap uagb-buttons-layout-wrap\">\n<div class=\"wp-block-uagb-buttons-child uagb-buttons__outer-wrap uagb-block-2a3ad45b wp-block-button is-style-outline\"><div class=\"uagb-button__wrapper\"><a class=\"uagb-buttons-repeater wp-block-button__link has-background has-text-color\" href=\"https:\/\/sitepersojlc.fr\/wp-content\/uploads\/2024\/05\/MAQUETTE-IJSS-AT-LIVRE.zip\" onclick=\"return true;\" rel=\"follow noopener\" target=\"_self\"><div class=\"uagb-button__link\">Maquette IJSS AT Livre <\/div><\/a><\/div><\/div>\n<\/div><\/div>\n\n\n\n<p><\/p>\n\n\n\n<p><\/p>\n\n\n\n<h3 style=\"text-align: center;\"><em>Applications Corrig\u00e9es&nbsp;<\/em><\/h3>\n\n\n\n<p><\/p>\n\n\n\n<p><\/p>\n\n\n\n<div class=\"wp-block-uagb-buttons uagb-buttons__outer-wrap uagb-btn__default-btn uagb-btn-tablet__default-btn uagb-btn-mobile__default-btn uagb-block-e3144a2a\"><div class=\"uagb-buttons__wrap uagb-buttons-layout-wrap\">\n<div class=\"wp-block-uagb-buttons-child uagb-buttons__outer-wrap uagb-block-54fc82cc wp-block-button is-style-outline\"><div class=\"uagb-button__wrapper\"><a class=\"uagb-buttons-repeater wp-block-button__link has-background has-text-color\" href=\"https:\/\/sitepersojlc.fr\/wp-content\/uploads\/2024\/03\/EXERCICE-1-ACCIDENT-DU-TRAVAIL-ENONCE-ET-MAQUETTE-DE-TRAVAIL-2024-1800NC-1.zip\" onclick=\"return true;\" rel=\"follow noopener\" target=\"_self\"><div class=\"uagb-button__link\">Exercice 1 Enonc\u00e9 <\/div><\/a><\/div><\/div>\n<\/div><\/div>\n\n\n\n<p><\/p>\n\n\n\n<p><\/p>\n\n\n\n<div class=\"wp-block-buttons is-content-justification-center is-layout-flex wp-container-2\">\n<div class=\"wp-block-button\"><a class=\"wp-block-button__link has-white-color has-vivid-red-background-color has-text-color has-background wp-element-button\" href=\"https:\/\/sitepersojlc.fr\/wp-content\/uploads\/2024\/03\/EXERCICE-1-ACCIDENT-DU-TRAVAIL-CORRECTION-SUBROGATION-2024-1800NC-1.zip\" style=\"border-radius:100px\">Exercice 1 Subrogation Correction <\/a><\/div>\n<\/div>\n\n\n\n<p><\/p>\n\n\n\n<p><\/p>\n\n\n\n<div class=\"wp-block-buttons is-content-justification-center is-layout-flex wp-container-3\">\n<div class=\"wp-block-button\"><a class=\"wp-block-button__link has-white-color has-vivid-cyan-blue-background-color has-text-color has-background wp-element-button\" href=\"https:\/\/sitepersojlc.fr\/wp-content\/uploads\/2024\/03\/EXERCICE-1-ACCIDENT-DU-TRAVAIL-CORRECTION-NON-SUBROGATION-2024-1800NC-1.zip\" style=\"border-radius:100px\">Exercice 1 Non Subrogation Correction <\/a><\/div>\n<\/div>\n\n\n\n<p><\/p>\n\n\n\n<p><\/p>\n\n\n\n<div class=\"wp-block-buttons is-content-justification-center is-layout-flex wp-container-4\">\n<div class=\"wp-block-button\"><a class=\"wp-block-button__link has-white-color has-vivid-red-background-color has-text-color has-background wp-element-button\" href=\"https:\/\/sitepersojlc.fr\/wp-content\/uploads\/2024\/03\/EXERCICE-2-ACCIDENT-DU-TRAVAIL-ENONCE-ET-MAQUETTE-DE-TRAVAIL-2024-3800C.zip\" style=\"border-radius:100px\">Exercice 2 Enonc\u00e9<\/a><\/div>\n<\/div>\n\n\n\n<p><\/p>\n\n\n\n<p><\/p>\n\n\n\n<div class=\"wp-block-buttons is-content-justification-center is-layout-flex wp-container-5\">\n<div class=\"wp-block-button\"><a class=\"wp-block-button__link has-white-color has-luminous-vivid-orange-background-color has-text-color has-background wp-element-button\" href=\"https:\/\/sitepersojlc.fr\/wp-content\/uploads\/2024\/03\/EXERCICE-2-ACCIDENT-DU-TRAVAIL-CORRECTION-SUBROGATION-2024-3800-C-1.zip\" style=\"border-radius:100px\">Exercice 2 Correction <\/a><\/div>\n<\/div>\n\n\n\n<p><\/p>\n\n\n\n<p><\/p>\n\n\n\n<p><\/p>\n\n\n\n<h3>&nbsp;<\/h3>\n<h3 class=\"wp-block-heading\" style=\"text-align: center;\"><strong>Chapitre 17<\/strong><\/h3>\n<p>&nbsp;<\/p>\n\n\n\n<h3 class=\"wp-block-heading\" style=\"text-align: center;\"><em>Accident de Trajet<\/em><\/h3>\n<p>&nbsp;<\/p>\n\n\n\n\n\n<div class=\"wp-block-buttons is-content-justification-center is-layout-flex wp-container-6\">\n<div class=\"wp-block-button\"><a class=\"wp-block-button__link has-white-color has-vivid-purple-background-color has-text-color has-background wp-element-button\" href=\"https:\/\/sitepersojlc.fr\/wp-content\/uploads\/2024\/03\/Copie-de-1-EXERCICE-1-ACCIDENT-DE-TRAJET-ENONCE-ET-MAQUETTE-DE-TRAVAIL-2024-1800NC-1.zip\" style=\"border-radius:100px\">Exercice 1 Enonc\u00e9 <\/a><\/div>\n<\/div>\n\n\n\n<p><\/p>\n\n\n\n<p><\/p>\n\n\n\n<div class=\"wp-block-buttons is-content-justification-center is-layout-flex wp-container-7\">\n<div class=\"wp-block-button\"><a class=\"wp-block-button__link has-white-color has-vivid-green-cyan-background-color has-text-color has-background wp-element-button\" href=\"https:\/\/sitepersojlc.fr\/wp-content\/uploads\/2024\/04\/1-EXERCICE-1-ACCIDENT-DE-TRAJET-CORRECTION-NON-SUBROGATION-2024-1800NC-VERSION-DEF.zip\" style=\"border-radius:100px\">Exercice 1 Non Subrogation Correction <\/a><\/div>\n<\/div>\n\n\n\n<p style=\"text-align: center;\"><em>Fichier mis \u00e0 jour le 12\/04\/2023<\/em><\/p>\n\n\n\n<p><\/p>\n\n\n\n<div class=\"wp-block-uagb-buttons uagb-buttons__outer-wrap uagb-btn__default-btn uagb-btn-tablet__default-btn uagb-btn-mobile__default-btn uagb-block-924ff78b\"><div class=\"uagb-buttons__wrap uagb-buttons-layout-wrap\">\n<div class=\"wp-block-uagb-buttons-child uagb-buttons__outer-wrap uagb-block-f2a3378b wp-block-button is-style-outline\"><div class=\"uagb-button__wrapper\"><a class=\"uagb-buttons-repeater wp-block-button__link has-background has-text-color\" href=\"https:\/\/sitepersojlc.fr\/wp-content\/uploads\/2024\/04\/Copie-de-1-EXERCICE-1-ACCIDENT-DE-TRAJET-CORRECTION-SUBROGATION-2024-1800NC.zip\" onclick=\"return true;\" rel=\"follow noopener\" target=\"_self\"><div class=\"uagb-button__link\">Exercice 1 Subrogation Correction <\/div><\/a><\/div><\/div>\n<\/div><\/div>\n\n\n\n<p style=\"text-align: center;\"><em>Fichier mis \u00e0 jour le 12\/04\/2024<\/em><\/p>\n\n\n\n<p><\/p>\n\n\n\n<div class=\"wp-block-buttons is-content-justification-center is-layout-flex wp-container-8\">\n<div class=\"wp-block-button\"><a class=\"wp-block-button__link has-white-color has-vivid-cyan-blue-background-color has-text-color has-background wp-element-button\" href=\"https:\/\/sitepersojlc.fr\/wp-content\/uploads\/2024\/05\/Copie-de-2.-EXERCICE-2-ACCIDENT-DE-TRAJET-ENONCE-ET-MAQUETTE-DE-TRAVAIL-2024-3800-C.zip\" style=\"border-radius:100px\">Exercice 2 Enonc\u00e9<\/a><\/div>\n<\/div>\n\n\n\n<p><\/p>\n\n\n\n<p><\/p>\n\n\n\n<div class=\"wp-block-buttons is-content-justification-center is-layout-flex wp-container-9\">\n<div class=\"wp-block-button\"><a class=\"wp-block-button__link has-white-color has-vivid-red-background-color has-text-color has-background wp-element-button\" href=\"https:\/\/sitepersojlc.fr\/wp-content\/uploads\/2024\/04\/Copie-de-2-.-EXERCICE-2-ACCIDENT-DE-TRAJET-CORRECTION-SUBROGATION-2024-3800-C-2.zip\" style=\"border-radius:100px\">Exercice 2 Subrogation Correction <\/a><\/div>\n<\/div>\n\n\n\n<p><\/p>\n\n\n\n<p><\/p>\n\n\n\n<p><\/p>\n\n\n\n<p><\/p>\n\n\n\n<p>\u00a9 2024&nbsp;<a href=\"https:\/\/sitepersojlc.fr\/\">Menu principal<\/a>. Propuls\u00e9 par&nbsp;<a href=\"https:\/\/zakratheme.com\/\" target=\"_blank\" rel=\"noreferrer noopener\">Zakra<\/a>&nbsp;et&nbsp;<a href=\"https:\/\/wordpress.org\/\" target=\"_blank\" rel=\"noreferrer noopener\">WordPress<\/a>.<\/p>\n\n\n\n<p><\/p>\n\n\n\n<p><\/p>\n\n\n\n<p><\/p>\n\n\n\n<p><\/p>\n<div class=\"likebtn_container\" style=\"\"><!-- LikeBtn.com BEGIN --><span class=\"likebtn-wrapper\"  data-identifier=\"page_7416\"  data-site_id=\"6663fc396fd08b3d0b514646\"  data-lang=\"fr\"  data-style=\"\"  data-unlike_allowed=\"\"  data-show_copyright=\"\"  data-item_url=\"https:\/\/sitepersojlc.fr\/?page_id=7416\"  data-item_title=\"Chapitres 16 - 17 (2024)\"  data-item_date=\"2024-03-13T07:24:14+00:00\"  data-engine=\"WordPress\"  data-plugin_v=\"2.6.52\"  data-prx=\"https:\/\/sitepersojlc.fr\/wp-admin\/admin-ajax.php?action=likebtn_prx\"  data-event_handler=\"likebtn_eh\" ><\/span><!-- LikeBtn.com END --><\/div>","protected":false},"excerpt":{"rendered":"<p>!!! Fichiers mis \u00e0 jour le 17\/03\/2024 Assurez-vous d&rsquo;avoir cette derni\u00e8re version&nbsp; Chapitres 16 \u2013 17 (2024) &nbsp; Accident du Travail, Accident de Trajet, Maladie Professionnelle Pour t\u00e9l\u00e9charger les fichiers cliquez sur les encadr\u00e9s en couleur &nbsp; Chapitre 16 &nbsp; Accident du Travail &nbsp; &nbsp; Applications Corrig\u00e9es&nbsp; &nbsp; Chapitre 17 &nbsp; Accident de Trajet &nbsp; [&hellip;]<\/p>\n<div class=\"likebtn_container\" style=\"\"><!-- LikeBtn.com BEGIN --><span class=\"likebtn-wrapper\"  data-identifier=\"page_7416\"  data-site_id=\"6663fc396fd08b3d0b514646\"  data-lang=\"fr\"  data-style=\"\"  data-unlike_allowed=\"\"  data-show_copyright=\"\"  data-item_url=\"https:\/\/sitepersojlc.fr\/?page_id=7416\"  data-item_title=\"Chapitres 16 - 17 (2024)\"  data-item_date=\"2024-03-13T07:24:14+00:00\"  data-engine=\"WordPress\"  data-plugin_v=\"2.6.52\"  data-prx=\"https:\/\/sitepersojlc.fr\/wp-admin\/admin-ajax.php?action=likebtn_prx\"  data-event_handler=\"likebtn_eh\" ><\/span><!-- LikeBtn.com END --><\/div>","protected":false},"author":1,"featured_media":0,"parent":0,"menu_order":0,"comment_status":"closed","ping_status":"closed","template":"","meta":{"om_disable_all_campaigns":false,"_uag_custom_page_level_css":"","_monsterinsights_skip_tracking":false,"_monsterinsights_sitenote_active":false,"_monsterinsights_sitenote_note":"","_monsterinsights_sitenote_category":0,"_uf_show_specific_survey":0,"_uf_disable_surveys":false,"footnotes":""},"aioseo_notices":[],"uagb_featured_image_src":{"full":false,"thumbnail":false,"medium":false,"medium_large":false,"large":false,"1536x1536":false,"2048x2048":false},"uagb_author_info":{"display_name":"lechev.1910@gmail.com","author_link":"https:\/\/sitepersojlc.fr\/?author=1"},"uagb_comment_info":0,"uagb_excerpt":"!!! Fichiers mis \u00e0 jour le 17\/03\/2024 Assurez-vous d&rsquo;avoir cette derni\u00e8re version&nbsp; Chapitres 16 \u2013 17 (2024) &nbsp; Accident du Travail, Accident de Trajet, Maladie Professionnelle Pour t\u00e9l\u00e9charger les fichiers cliquez sur les encadr\u00e9s en couleur &nbsp; Chapitre 16 &nbsp; Accident du Travail &nbsp; &nbsp; Applications Corrig\u00e9es&nbsp; &nbsp; Chapitre 17 &nbsp; Accident de Trajet &nbsp;\u2026","_links":{"self":[{"href":"https:\/\/sitepersojlc.fr\/index.php?rest_route=\/wp\/v2\/pages\/7416"}],"collection":[{"href":"https:\/\/sitepersojlc.fr\/index.php?rest_route=\/wp\/v2\/pages"}],"about":[{"href":"https:\/\/sitepersojlc.fr\/index.php?rest_route=\/wp\/v2\/types\/page"}],"author":[{"embeddable":true,"href":"https:\/\/sitepersojlc.fr\/index.php?rest_route=\/wp\/v2\/users\/1"}],"replies":[{"embeddable":true,"href":"https:\/\/sitepersojlc.fr\/index.php?rest_route=%2Fwp%2Fv2%2Fcomments&post=7416"}],"version-history":[{"count":43,"href":"https:\/\/sitepersojlc.fr\/index.php?rest_route=\/wp\/v2\/pages\/7416\/revisions"}],"predecessor-version":[{"id":8646,"href":"https:\/\/sitepersojlc.fr\/index.php?rest_route=\/wp\/v2\/pages\/7416\/revisions\/8646"}],"wp:attachment":[{"href":"https:\/\/sitepersojlc.fr\/index.php?rest_route=%2Fwp%2Fv2%2Fmedia&parent=7416"}],"curies":[{"name":"wp","href":"https:\/\/api.w.org\/{rel}","templated":true}]}}