{"id":6888,"date":"2024-01-11T13:00:13","date_gmt":"2024-01-11T13:00:13","guid":{"rendered":"https:\/\/sitepersojlc.fr\/?page_id=6888"},"modified":"2025-04-03T03:09:25","modified_gmt":"2025-04-03T03:09:25","slug":"chapitres-4-5-6-2024","status":"publish","type":"page","link":"https:\/\/sitepersojlc.fr\/?page_id=6888","title":{"rendered":"Chapitres 4 &#8211; 5 &#8211; 6  (2024)"},"content":{"rendered":"\n<h2 class=\"wp-block-heading\" style=\"text-align: center;\">Chapitres 4 &#8211; 5 &#8211; 6<\/h2>\n<p>&nbsp;<\/p>\n\n\n\n<figure class=\"wp-block-image size-large\"><img decoding=\"async\" loading=\"lazy\" width=\"1024\" height=\"768\" src=\"https:\/\/sitepersojlc.fr\/wp-content\/uploads\/2024\/01\/164703298_1163204754134644_379123229658572658_n-2-1024x768.jpg\" alt=\"\" class=\"wp-image-6940\" srcset=\"https:\/\/sitepersojlc.fr\/wp-content\/uploads\/2024\/01\/164703298_1163204754134644_379123229658572658_n-2-1024x768.jpg 1024w, https:\/\/sitepersojlc.fr\/wp-content\/uploads\/2024\/01\/164703298_1163204754134644_379123229658572658_n-2-300x225.jpg 300w, https:\/\/sitepersojlc.fr\/wp-content\/uploads\/2024\/01\/164703298_1163204754134644_379123229658572658_n-2-768x576.jpg 768w, https:\/\/sitepersojlc.fr\/wp-content\/uploads\/2024\/01\/164703298_1163204754134644_379123229658572658_n-2-1536x1152.jpg 1536w, https:\/\/sitepersojlc.fr\/wp-content\/uploads\/2024\/01\/164703298_1163204754134644_379123229658572658_n-2.jpg 1728w\" sizes=\"(max-width: 1024px) 100vw, 1024px\" \/><\/figure>\n\n\n\n<h3>&nbsp;<\/h3>\n<h3 style=\"text-align: center;\">Attention !!!<\/h3>\n<h3 style=\"text-align: justify;\">Pensez \u00e0 v\u00e9rifier la conformit\u00e9 de votre table des taux avec celle en t\u00e9l\u00e9chargement ci-dessous.<\/h3>\n<p style=\"text-align: center;\"><em>Mise \u00e0 jour le 18\/03\/2024 : un nouveau fichier sur la gestion de la CET est disponible (voir en bas de page)&nbsp;<\/em><\/p>\n<p>&nbsp;<\/p>\n\n\n\n<h5 style=\"text-align: center;\">Pour t\u00e9l\u00e9charger les fichiers cliquez sur les encadr\u00e9s en couleur<\/h5>\n<p>&nbsp;<\/p>\n\n\n\n<p><\/p>\n\n\n\n<p><\/p>\n\n\n\n<h3 class=\"wp-block-heading\" style=\"text-align: center;\"><strong>Chapitre 4<\/strong><\/h3>\n<h3 class=\"wp-block-heading\" style=\"text-align: center;\">Terminer la table des taux<\/h3>\n\n\n\n<p><\/p>\n\n\n\n<div class=\"wp-block-buttons has-custom-font-size has-medium-font-size is-content-justification-center is-layout-flex wp-container-1\">\n<div class=\"wp-block-button\"><a class=\"wp-block-button__link has-white-color has-vivid-red-background-color has-text-color has-background wp-element-button\" href=\"https:\/\/sitepersojlc.fr\/wp-content\/uploads\/2024\/02\/TABLE-DES-TAUX-2024.zip\" style=\"border-radius:87px\">Table des taux  2024<\/a><\/div>\n<\/div>\n\n\n\n<p><\/p>\n\n\n\n<p><\/p>\n\n\n\n<p><\/p>\n\n\n\n<p><\/p>\n\n\n\n<h3>&nbsp;<\/h3>\n<h3 style=\"text-align: center;\"><strong>Chapitre 5&nbsp;<\/strong><\/h3>\n<h3 style=\"text-align: center;\">Le Param\u00e9trage ligne par ligne du bulletin de paie format Juillet 2023<\/h3>\n\n\n\n<p><\/p>\n\n\n\n<div class=\"wp-block-buttons is-content-justification-center is-layout-flex wp-container-2\">\n<div class=\"wp-block-button has-custom-font-size has-medium-font-size\"><a class=\"wp-block-button__link has-white-color has-vivid-red-background-color has-text-color has-background wp-element-button\" href=\"https:\/\/sitepersojlc.fr\/wp-content\/uploads\/2024\/02\/MAQUETTE-BP-Juillet-2023-Version-2024.zip\" style=\"border-radius:87px\">Maquette BP Juillet 2023<\/a><\/div>\n<\/div>\n\n\n\n\n\n<p><\/p>\n\n\n\n<p><\/p>\n\n\n\n<h3>&nbsp;<\/h3>\n<h3 style=\"text-align: center;\"><strong>Chapitre 6<\/strong><\/h3>\n<h3 style=\"text-align: center;\">Suivi cotisations retraite<\/h3>\n\n\n\n\n\n<p><\/p>\n\n\n\n<div class=\"wp-block-buttons is-layout-flex\">\n<div class=\"wp-block-button has-custom-width wp-block-button__width-100 has-custom-font-size has-medium-font-size\"><a class=\"wp-block-button__link has-white-color has-vivid-red-background-color has-text-color has-background wp-element-button\" href=\"https:\/\/sitepersojlc.fr\/wp-content\/uploads\/2024\/02\/1.-SUIVI-COTISATIONS-RETRAITE-2024-1.zip\" style=\"border-radius:87px\">1. Suivi cotisations retraite <\/a><\/div>\n\n\n\n<div class=\"wp-block-button has-custom-width wp-block-button__width-100 has-custom-font-size has-medium-font-size\"><a class=\"wp-block-button__link has-white-color has-vivid-red-background-color has-text-color has-background wp-element-button\" href=\"https:\/\/sitepersojlc.fr\/wp-content\/uploads\/2024\/02\/TRAITEMENT-COMPLEMENTAIRE-T1-ET-COMPLEMENTAIRE-T2-SUR-LE-BP-Version-2024.zip\" style=\"border-radius:87px\">2. Traitement Compl\u00e9mentaire T1 et T2 sur le bulletin de paie<\/a><\/div>\n<\/div>\n\n\n\n\n\n<p>\u00a0<\/p>\n<p>\u00a0<\/p>\n\n\n\n<div class=\"wp-block-buttons is-content-justification-center is-layout-flex wp-container-4\">\n<div class=\"wp-block-button\"><a class=\"wp-block-button__link has-white-color has-vivid-green-cyan-background-color has-text-color has-background has-text-align-center wp-element-button\" href=\"https:\/\/sitepersojlc.fr\/wp-content\/uploads\/2024\/03\/GESTION-DE-LA-CET-2024.zip\" style=\"border-radius:92px\">La Gestion de la CET par l&rsquo;exemple<\/a><\/div>\n<\/div>\n\n\n\n<p><\/p>\n<div class=\"likebtn_container\" style=\"\"><!-- LikeBtn.com BEGIN --><span class=\"likebtn-wrapper\"  data-identifier=\"page_6888\"  data-site_id=\"6663fc396fd08b3d0b514646\"  data-lang=\"fr\"  data-style=\"\"  data-unlike_allowed=\"\"  data-show_copyright=\"\"  data-item_url=\"https:\/\/sitepersojlc.fr\/?page_id=6888\"  data-item_title=\"Chapitres 4 - 5 - 6 (2024)\"  data-item_date=\"2024-01-11T13:00:13+00:00\"  data-engine=\"WordPress\"  data-plugin_v=\"2.6.52\"  data-prx=\"https:\/\/sitepersojlc.fr\/wp-admin\/admin-ajax.php?action=likebtn_prx\"  data-event_handler=\"likebtn_eh\" ><\/span><!-- LikeBtn.com END --><\/div>","protected":false},"excerpt":{"rendered":"<p>Chapitres 4 &#8211; 5 &#8211; 6 &nbsp; &nbsp; Attention !!! Pensez \u00e0 v\u00e9rifier la conformit\u00e9 de votre table des taux avec celle en t\u00e9l\u00e9chargement ci-dessous. Mise \u00e0 jour le 18\/03\/2024 : un nouveau fichier sur la gestion de la CET est disponible (voir en bas de page)&nbsp; &nbsp; Pour t\u00e9l\u00e9charger les fichiers cliquez sur les [&hellip;]<\/p>\n<div class=\"likebtn_container\" style=\"\"><!-- LikeBtn.com BEGIN --><span class=\"likebtn-wrapper\"  data-identifier=\"page_6888\"  data-site_id=\"6663fc396fd08b3d0b514646\"  data-lang=\"fr\"  data-style=\"\"  data-unlike_allowed=\"\"  data-show_copyright=\"\"  data-item_url=\"https:\/\/sitepersojlc.fr\/?page_id=6888\"  data-item_title=\"Chapitres 4 - 5 - 6 (2024)\"  data-item_date=\"2024-01-11T13:00:13+00:00\"  data-engine=\"WordPress\"  data-plugin_v=\"2.6.52\"  data-prx=\"https:\/\/sitepersojlc.fr\/wp-admin\/admin-ajax.php?action=likebtn_prx\"  data-event_handler=\"likebtn_eh\" ><\/span><!-- LikeBtn.com END --><\/div>","protected":false},"author":1,"featured_media":0,"parent":0,"menu_order":0,"comment_status":"closed","ping_status":"closed","template":"","meta":{"om_disable_all_campaigns":false,"_uag_custom_page_level_css":"","_monsterinsights_skip_tracking":false,"_monsterinsights_sitenote_active":false,"_monsterinsights_sitenote_note":"","_monsterinsights_sitenote_category":0,"_uf_show_specific_survey":0,"_uf_disable_surveys":false,"footnotes":""},"aioseo_notices":[],"uagb_featured_image_src":{"full":false,"thumbnail":false,"medium":false,"medium_large":false,"large":false,"1536x1536":false,"2048x2048":false},"uagb_author_info":{"display_name":"lechev.1910@gmail.com","author_link":"https:\/\/sitepersojlc.fr\/?author=1"},"uagb_comment_info":0,"uagb_excerpt":"Chapitres 4 &#8211; 5 &#8211; 6 &nbsp; &nbsp; Attention !!! Pensez \u00e0 v\u00e9rifier la conformit\u00e9 de votre table des taux avec celle en t\u00e9l\u00e9chargement ci-dessous. Mise \u00e0 jour le 18\/03\/2024 : un nouveau fichier sur la gestion de la CET est disponible (voir en bas de page)&nbsp; &nbsp; Pour t\u00e9l\u00e9charger les fichiers cliquez sur les\u2026","_links":{"self":[{"href":"https:\/\/sitepersojlc.fr\/index.php?rest_route=\/wp\/v2\/pages\/6888"}],"collection":[{"href":"https:\/\/sitepersojlc.fr\/index.php?rest_route=\/wp\/v2\/pages"}],"about":[{"href":"https:\/\/sitepersojlc.fr\/index.php?rest_route=\/wp\/v2\/types\/page"}],"author":[{"embeddable":true,"href":"https:\/\/sitepersojlc.fr\/index.php?rest_route=\/wp\/v2\/users\/1"}],"replies":[{"embeddable":true,"href":"https:\/\/sitepersojlc.fr\/index.php?rest_route=%2Fwp%2Fv2%2Fcomments&post=6888"}],"version-history":[{"count":22,"href":"https:\/\/sitepersojlc.fr\/index.php?rest_route=\/wp\/v2\/pages\/6888\/revisions"}],"predecessor-version":[{"id":7550,"href":"https:\/\/sitepersojlc.fr\/index.php?rest_route=\/wp\/v2\/pages\/6888\/revisions\/7550"}],"wp:attachment":[{"href":"https:\/\/sitepersojlc.fr\/index.php?rest_route=%2Fwp%2Fv2%2Fmedia&parent=6888"}],"curies":[{"name":"wp","href":"https:\/\/api.w.org\/{rel}","templated":true}]}}