{"id":6824,"date":"2024-01-11T09:39:14","date_gmt":"2024-01-11T09:39:14","guid":{"rendered":"https:\/\/sitepersojlc.fr\/?page_id=6824"},"modified":"2025-12-30T08:53:48","modified_gmt":"2025-12-30T08:53:48","slug":"chapitres-1-2-3-2024-2","status":"publish","type":"page","link":"https:\/\/sitepersojlc.fr\/?page_id=6824","title":{"rendered":"Chapitres  1 &#8211;  2  et  3   (2025)"},"content":{"rendered":"\n<p><\/p>\n\n\n\n<p><\/p>\n\n\n\n<p><\/p>\n\n\n\n<figure class=\"wp-block-image size-full is-resized\"><img decoding=\"async\" loading=\"lazy\" src=\"https:\/\/sitepersojlc.fr\/wp-content\/uploads\/2024\/05\/438159936_972782604857182_6839874912462083966_n.jpg\" alt=\"\" class=\"wp-image-8679\" width=\"760\" height=\"928\" srcset=\"https:\/\/sitepersojlc.fr\/wp-content\/uploads\/2024\/05\/438159936_972782604857182_6839874912462083966_n.jpg 720w, https:\/\/sitepersojlc.fr\/wp-content\/uploads\/2024\/05\/438159936_972782604857182_6839874912462083966_n-246x300.jpg 246w\" sizes=\"(max-width: 760px) 100vw, 760px\" \/><\/figure>\n\n\n\n<p><\/p>\n\n\n\n<p><\/p>\n\n\n\n\n\n\n\n<p><\/p>\n\n\n\n<div class=\"wp-block-uagb-buttons uagb-buttons__outer-wrap uagb-btn__default-btn uagb-btn-tablet__default-btn uagb-btn-mobile__default-btn uagb-block-404b834c\"><div class=\"uagb-buttons__wrap uagb-buttons-layout-wrap\"><\/div><\/div>\n\n\n\n<p><\/p>\n\n\n\n\n\n<p><\/p>\n\n\n\n<div class=\"wp-block-buttons is-layout-flex\"><\/div>\n\n\n\n<h4 style=\"text-align: justify;\"><em>Les Chapitres 1 et 2 et le d\u00e9but du Chapitre 3 (construction d&rsquo;une table des taux) viennent en compl\u00e9ment du Livre \u00a0\u00bb E<strong>xcel pour la Paie 2025 : Exercices corrig\u00e9s sur la paie. Initiation et approfondissements\u00a0\u00bb<\/strong><\/em><\/h4>\n<h4 style=\"text-align: justify;\"><em>Retrouvez les premiers bulletins de paie et une explication de l&rsquo;utilisation propos\u00e9e d&rsquo;une maquette au <strong>Chapitre 10<\/strong>&nbsp;<\/em><\/h4>\n\n\n\n<p><\/p>\n\n\n\n<p><\/p>\n\n\n\n<h4 style=\"text-align: justify;\">Une nouvelle version (enrichie) du fichier Trame \u00e0 R\u00e9aliser a \u00e9t\u00e9 mise en ligne le 18\/05\/2025<\/h4>\n\n\n\n<p><\/p>\n\n\n\n<p><\/p>\n\n\n\n<figure class=\"wp-block-table\">\n<table style=\"width: 100%; height: 309px;\">\n<tbody>\n<tr style=\"height: 309px;\">\n<td style=\"height: 309px;\">\n<h2 style=\"text-align: center;\"><strong>Chapitre 1<\/strong><\/h2>\n<h3 style=\"text-align: center;\">R\u00e9aliser sur Excel la trame d\u2019un bulletin de paie au format applicable \u00e0 compter de Juillet 2023 (conforme en 2025)<\/h3>\n<\/td>\n<\/tr>\n<\/tbody>\n<\/table>\n<\/figure>\n\n\n\n<h3 class=\"wp-block-heading\" style=\"text-align: center;\">Pour&nbsp; t\u00e9l\u00e9charger les fichiers cliquez sur les encadr\u00e9s en couleur<\/h3>\n\n\n\n<div class=\"wp-block-group is-nowrap is-layout-flex wp-container-5\">\n<div class=\"wp-block-buttons is-layout-flex\">\n<div class=\"wp-block-button\"><a class=\"wp-block-button__link has-white-color has-vivid-red-background-color has-text-color has-background wp-element-button\" href=\"https:\/\/sitepersojlc.fr\/wp-content\/uploads\/2025\/05\/TRAME-A-REALISER.zip\" style=\"border-radius:100px\">Trame \u00e0 R\u00e9aliser<\/a><\/div>\n<\/div>\n\n\n\n<div class=\"wp-block-buttons is-layout-flex\">\n<div class=\"wp-block-button\"><a class=\"wp-block-button__link has-white-color has-vivid-green-cyan-background-color has-text-color has-background wp-element-button\" href=\"https:\/\/sitepersojlc.fr\/wp-content\/uploads\/2023\/08\/GLOSSAIRE.zip\" style=\"border-radius:100px\">Le Glossaire<\/a><\/div>\n<\/div>\n\n\n\n<div class=\"wp-block-buttons is-layout-flex\">\n<div class=\"wp-block-button\"><a class=\"wp-block-button__link has-white-color has-vivid-red-background-color has-text-color has-background wp-element-button\" href=\"https:\/\/sitepersojlc.fr\/wp-content\/uploads\/2025\/06\/COMPLEMENT-AU-GLOSSAIRE-2025.zip\" style=\"border-radius:100px\">Compl\u00e9ment au Glossaire<\/a><\/div>\n<\/div>\n<\/div>\n\n\n\n<h3>&nbsp;<\/h3>\n<h2 class=\"wp-block-heading\" style=\"text-align: center;\"><strong>Chapitre 2<\/strong><\/h2>\n<p>&nbsp;<\/p>\n\n\n\n<h3 class=\"wp-block-heading\" style=\"text-align: center;\">Construire une table des taux (d\u00e9but)<\/h3>\n<p>\u00a0<\/p>\n<h3 style=\"text-align: center;\">Attention !!!<\/h3>\n<h3 style=\"text-align: justify;\">Pour celles et ceux qui auraient d\u00e9j\u00e0 t\u00e9l\u00e9charg\u00e9 une table des taux v\u00e9rifiez avec la table des taux ci-dessous les derni\u00e8res mises \u00e0 jour. L&rsquo;int\u00e9r\u00eat de construire vous-m\u00eame une table des taux est que cela va vous familiariser avec les cotisations et param\u00e8tres n\u00e9cessaires \u00e0 l&rsquo;\u00e9tablissement d&rsquo;un bulletin de paie. M\u00eame si cela vous para\u00eet inutile ou fastidieux je le conseille.<\/h3>\n<h4 style=\"text-align: justify;\">\u00a0<\/h4>\n<p>\u00a0<\/p>\n\n\n\n<div class=\"wp-block-buttons is-content-justification-center is-layout-flex wp-container-6\">\n<div class=\"wp-block-button\"><a class=\"wp-block-button__link has-white-color has-vivid-cyan-blue-background-color has-text-color has-background wp-element-button\" href=\"https:\/\/sitepersojlc.fr\/wp-content\/uploads\/2025\/05\/TRAVAIL-CHAPITRE-2-DEF-1-2.zip\" style=\"border-radius:100px\">TRAVAIL CHAPITRE 2<\/a><\/div>\n<\/div>\n\n\n\n<p>&nbsp;<\/p>\n<p>&nbsp;<\/p>\n\n\n\n<div class=\"wp-block-buttons is-content-justification-center is-layout-flex wp-container-7\"><\/div>\n\n\n\n<div class=\"wp-block-uagb-buttons uagb-buttons__outer-wrap uagb-btn__default-btn uagb-btn-tablet__default-btn uagb-btn-mobile__default-btn uagb-block-f338b813\"><div class=\"uagb-buttons__wrap uagb-buttons-layout-wrap\"><\/div><\/div>\n\n\n\n<h2 class=\"wp-block-heading\" style=\"text-align: center;\"><strong>Chapitre 3<\/strong><\/h2>\n\n\n\n<div class=\"wp-block-buttons is-layout-flex\"><\/div>\n\n\n\n<div class=\"wp-block-uagb-buttons uagb-buttons__outer-wrap uagb-btn__default-btn uagb-btn-tablet__default-btn uagb-btn-mobile__default-btn uagb-block-09fa4613\"><div class=\"uagb-buttons__wrap uagb-buttons-layout-wrap\"><\/div><\/div>\n\n\n\n<div class=\"wp-block-buttons is-layout-flex\"><\/div>\n\n\n\n<h3 class=\"wp-block-heading\" style=\"text-align: center;\">La table des taux (suite) et le tableau de suivi du plafond de la s\u00e9curit\u00e9 sociale<\/h3>\n<p>&nbsp;<\/p>\n\n\n\n<div class=\"wp-block-buttons is-content-justification-center is-layout-flex wp-container-10\">\n<div class=\"wp-block-button\"><a class=\"wp-block-button__link has-white-color has-vivid-red-background-color has-text-color has-background wp-element-button\" href=\"https:\/\/sitepersojlc.fr\/wp-content\/uploads\/2025\/05\/TRAVAIL-CHAPITRE-3-DEF-1-3.zip\" style=\"border-radius:100px\">TRAVAIL CHAPITRE 3 <\/a><\/div>\n<\/div>\n\n\n\n<div class=\"wp-block-buttons is-layout-flex\"><\/div>\n\n\n\n<p>&nbsp;<\/p>\n<p>&nbsp;<\/p>\n\n\n\n\n\n<div class=\"wp-block-uagb-buttons uagb-buttons__outer-wrap uagb-btn__default-btn uagb-btn-tablet__default-btn uagb-btn-mobile__default-btn uagb-block-70d82a64\"><div class=\"uagb-buttons__wrap uagb-buttons-layout-wrap\">\n<div class=\"wp-block-uagb-buttons-child uagb-buttons__outer-wrap uagb-block-6421348c wp-block-button is-style-outline\"><div class=\"uagb-button__wrapper\"><a class=\"uagb-buttons-repeater wp-block-button__link has-background has-text-color\" href=\"https:\/\/sitepersojlc.fr\/wp-content\/uploads\/2025\/05\/2025.-LE-PMSS-SUR-1-MOIS-ISOLE-ET-REGULARISATION-EN-FIN-DANNEE-CORRECTION1.zip\" onclick=\"return true;\" rel=\"follow noopener\" target=\"_self\"><div class=\"uagb-button__link\">1.Le PMSS sur 1 mois isol\u00e9 et r\u00e9gularisation en fin d&rsquo;ann\u00e9e Enonc\u00e9 et Correction <\/div><\/a><\/div><\/div>\n<\/div><\/div>\n\n\n\n\n\n<p>&nbsp;<\/p>\n<h4 style=\"text-align: justify;\"><em>Les Fichiers&nbsp; ci-dessus&nbsp; et ci-dessous sont mis \u00e0 jour pour 2025<\/em><\/h4>\n<p>&nbsp;<\/p>\n\n\n\n<div class=\"wp-block-uagb-buttons uagb-buttons__outer-wrap uagb-btn__default-btn uagb-btn-tablet__default-btn uagb-btn-mobile__default-btn uagb-block-7988a16e\"><div class=\"uagb-buttons__wrap uagb-buttons-layout-wrap\">\n<div class=\"wp-block-uagb-buttons-child uagb-buttons__outer-wrap uagb-block-3329a895 wp-block-button is-style-outline\"><div class=\"uagb-button__wrapper\"><a class=\"uagb-buttons-repeater wp-block-button__link has-background has-text-color\" href=\"https:\/\/sitepersojlc.fr\/wp-content\/uploads\/2025\/04\/2025-EXERCICES-CORRIGES-TA-T1-TB-T2-REGULARISATION-PROGRESSIVE.xlsx\" onclick=\"return true;\" rel=\"follow noopener\" target=\"_self\"><div class=\"uagb-button__link\">2. Exercices corrig\u00e9s TA\/T1\/T2\/TB en r\u00e9gularisation progressive <\/div><\/a><\/div><\/div>\n<\/div><\/div>\n\n\n\n<p>&nbsp;<\/p>\n<p>&nbsp;<\/p>\n\n\n\n\n\n<div class=\"wp-block-uagb-buttons uagb-buttons__outer-wrap uagb-btn__default-btn uagb-btn-tablet__default-btn uagb-btn-mobile__default-btn uagb-block-170f5faa\"><div class=\"uagb-buttons__wrap uagb-buttons-layout-wrap\">\n<div class=\"wp-block-uagb-buttons-child uagb-buttons__outer-wrap uagb-block-1bb80f02 wp-block-button is-style-outline\"><div class=\"uagb-button__wrapper\"><a class=\"uagb-buttons-repeater wp-block-button__link has-background has-text-color\" href=\"https:\/\/sitepersojlc.fr\/wp-content\/uploads\/2025\/04\/2025.-EXPLICATION-MAQUETTE-T1-T2-REGULARISATION-PROGRESSIVE.xlsx\" onclick=\"return true;\" rel=\"follow noopener\" target=\"_self\"><div class=\"uagb-button__link\">3.  Explication maquette T1\/T2 en r\u00e9gularisation progressive <\/div><\/a><\/div><\/div>\n<\/div><\/div>\n\n\n\n<p>\u00a0<\/p>\n<p>\u00a0<\/p>\n\n\n\n<p><\/p>\n\n\n\n<div class=\"wp-block-uagb-buttons uagb-buttons__outer-wrap uagb-btn__default-btn uagb-btn-tablet__default-btn uagb-btn-mobile__default-btn uagb-block-247bfe5f\"><div class=\"uagb-buttons__wrap uagb-buttons-layout-wrap\">\n<div class=\"wp-block-uagb-buttons-child uagb-buttons__outer-wrap uagb-block-507cc9d3 wp-block-button is-style-outline\"><div class=\"uagb-button__wrapper\"><a class=\"uagb-buttons-repeater wp-block-button__link has-background has-text-color\" href=\"https:\/\/sitepersojlc.fr\/wp-content\/uploads\/2025\/04\/2025-PRORATISATION-DU-PMS.xlsx\" onclick=\"return true;\" rel=\"follow noopener\" target=\"_self\"><div class=\"uagb-button__link\">4.  Exemples de proratisation du PMSS <\/div><\/a><\/div><\/div>\n<\/div><\/div>\n\n\n\n<p><\/p>\n\n\n\n<p><\/p>\n<div class=\"likebtn_container\" style=\"\"><!-- LikeBtn.com BEGIN --><span class=\"likebtn-wrapper\"  data-identifier=\"page_6824\"  data-site_id=\"6663fc396fd08b3d0b514646\"  data-lang=\"fr\"  data-style=\"\"  data-unlike_allowed=\"\"  data-show_copyright=\"\"  data-item_url=\"https:\/\/sitepersojlc.fr\/?page_id=6824\"  data-item_title=\"Chapitres 1 - 2 et 3 (2025)\"  data-item_date=\"2024-01-11T09:39:14+00:00\"  data-engine=\"WordPress\"  data-plugin_v=\"2.6.52\"  data-prx=\"https:\/\/sitepersojlc.fr\/wp-admin\/admin-ajax.php?action=likebtn_prx\"  data-event_handler=\"likebtn_eh\" ><\/span><!-- LikeBtn.com END --><\/div>","protected":false},"excerpt":{"rendered":"<p>Les Chapitres 1 et 2 et le d\u00e9but du Chapitre 3 (construction d&rsquo;une table des taux) viennent en compl\u00e9ment du Livre \u00a0\u00bb Excel pour la Paie 2025 : Exercices corrig\u00e9s sur la paie. Initiation et approfondissements\u00a0\u00bb Retrouvez les premiers bulletins de paie et une explication de l&rsquo;utilisation propos\u00e9e d&rsquo;une maquette au Chapitre 10&nbsp; Une nouvelle [&hellip;]<\/p>\n<div class=\"likebtn_container\" style=\"\"><!-- LikeBtn.com BEGIN --><span class=\"likebtn-wrapper\"  data-identifier=\"page_6824\"  data-site_id=\"6663fc396fd08b3d0b514646\"  data-lang=\"fr\"  data-style=\"\"  data-unlike_allowed=\"\"  data-show_copyright=\"\"  data-item_url=\"https:\/\/sitepersojlc.fr\/?page_id=6824\"  data-item_title=\"Chapitres 1 - 2 et 3 (2025)\"  data-item_date=\"2024-01-11T09:39:14+00:00\"  data-engine=\"WordPress\"  data-plugin_v=\"2.6.52\"  data-prx=\"https:\/\/sitepersojlc.fr\/wp-admin\/admin-ajax.php?action=likebtn_prx\"  data-event_handler=\"likebtn_eh\" ><\/span><!-- LikeBtn.com END --><\/div>","protected":false},"author":1,"featured_media":0,"parent":0,"menu_order":0,"comment_status":"closed","ping_status":"closed","template":"","meta":{"om_disable_all_campaigns":false,"_uag_custom_page_level_css":"","_monsterinsights_skip_tracking":false,"_monsterinsights_sitenote_active":false,"_monsterinsights_sitenote_note":"","_monsterinsights_sitenote_category":0,"_uf_show_specific_survey":0,"_uf_disable_surveys":false,"footnotes":""},"aioseo_notices":[],"uagb_featured_image_src":{"full":false,"thumbnail":false,"medium":false,"medium_large":false,"large":false,"1536x1536":false,"2048x2048":false},"uagb_author_info":{"display_name":"lechev.1910@gmail.com","author_link":"https:\/\/sitepersojlc.fr\/?author=1"},"uagb_comment_info":0,"uagb_excerpt":"Les Chapitres 1 et 2 et le d\u00e9but du Chapitre 3 (construction d&rsquo;une table des taux) viennent en compl\u00e9ment du Livre \u00a0\u00bb Excel pour la Paie 2025 : Exercices corrig\u00e9s sur la paie. Initiation et approfondissements\u00a0\u00bb Retrouvez les premiers bulletins de paie et une explication de l&rsquo;utilisation propos\u00e9e d&rsquo;une maquette au Chapitre 10&nbsp; Une nouvelle\u2026","_links":{"self":[{"href":"https:\/\/sitepersojlc.fr\/index.php?rest_route=\/wp\/v2\/pages\/6824"}],"collection":[{"href":"https:\/\/sitepersojlc.fr\/index.php?rest_route=\/wp\/v2\/pages"}],"about":[{"href":"https:\/\/sitepersojlc.fr\/index.php?rest_route=\/wp\/v2\/types\/page"}],"author":[{"embeddable":true,"href":"https:\/\/sitepersojlc.fr\/index.php?rest_route=\/wp\/v2\/users\/1"}],"replies":[{"embeddable":true,"href":"https:\/\/sitepersojlc.fr\/index.php?rest_route=%2Fwp%2Fv2%2Fcomments&post=6824"}],"version-history":[{"count":137,"href":"https:\/\/sitepersojlc.fr\/index.php?rest_route=\/wp\/v2\/pages\/6824\/revisions"}],"predecessor-version":[{"id":12364,"href":"https:\/\/sitepersojlc.fr\/index.php?rest_route=\/wp\/v2\/pages\/6824\/revisions\/12364"}],"wp:attachment":[{"href":"https:\/\/sitepersojlc.fr\/index.php?rest_route=%2Fwp%2Fv2%2Fmedia&parent=6824"}],"curies":[{"name":"wp","href":"https:\/\/api.w.org\/{rel}","templated":true}]}}