{"id":6055,"date":"2023-11-11T05:14:33","date_gmt":"2023-11-11T05:14:33","guid":{"rendered":"https:\/\/sitepersojlc.fr\/?page_id=6055"},"modified":"2024-04-05T00:44:35","modified_gmt":"2024-04-05T00:44:35","slug":"dirigeants","status":"publish","type":"page","link":"https:\/\/sitepersojlc.fr\/?page_id=6055","title":{"rendered":"Dirigeants"},"content":{"rendered":"\n<p><\/p>\n\n\n\n<p><\/p>\n\n\n\n<p><\/p>\n\n\n\n<h2 style=\"text-align: center;\">Bulletins de paie des Dirigeants <\/h2>\n\n\n\n<p><\/p>\n\n\n\n<p><\/p>\n\n\n\n<h3 style=\"text-align: justify;\">Dans le fichier ci-dessous vous trouverez l&rsquo;essentiel des dispositions \u00e0 conna\u00eetre les&nbsp; dirigeants dits \u00ab\u00a0assimil\u00e9s salari\u00e9s\u00a0\u00bb.<\/h3>\n\n\n\n<p><\/p>\n\n\n\n<p><\/p>\n\n\n\n<div class=\"wp-block-uagb-buttons uagb-buttons__outer-wrap uagb-btn__default-btn uagb-btn-tablet__default-btn uagb-btn-mobile__default-btn uagb-block-66cd51b6\"><div class=\"uagb-buttons__wrap uagb-buttons-layout-wrap\">\n<div class=\"wp-block-uagb-buttons-child uagb-buttons__outer-wrap uagb-block-7f9ef352 wp-block-button is-style-outline\"><div class=\"uagb-button__wrapper\"><a class=\"uagb-buttons-repeater wp-block-button__link has-background has-text-color\" href=\"#\" onclick=\"return false;\" rel=\"follow noopener\" target=\"_self\"><div class=\"uagb-button__link\">Dirigeants assimil\u00e9s salari\u00e9s : l&rsquo;essentiel <\/div><\/a><\/div><\/div>\n<\/div><\/div>\n\n\n\n<p><\/p>\n\n\n\n<p><\/p>\n\n\n\n<h3 style=\"text-align: justify;\">Suivent ici 2 exemples de bulletins de paie : l&rsquo;un concerne un g\u00e9rant minoritaire de SARL n&rsquo;ayant pas de contrat de travail, percevant une\u00a0 indemnit\u00e9 de g\u00e9rance et b\u00e9n\u00e9ficiant d&rsquo;un avantage en nature logement ; l&rsquo;autre o\u00f9 le g\u00e9rant minoritaire d&rsquo;une SARL per\u00e7oit \u00e0 la fois une r\u00e9mun\u00e9ration en tant que salari\u00e9\u00a0 et une indemnit\u00e9 de g\u00e9rance<\/h3>\n<p>\u00a0<\/p>\n\n\n\n<p><\/p>\n\n\n\n<p><\/p>\n\n\n\n<div class=\"wp-block-uagb-buttons uagb-buttons__outer-wrap uagb-btn__default-btn uagb-btn-tablet__default-btn uagb-btn-mobile__default-btn uagb-block-6c37a498\"><div class=\"uagb-buttons__wrap uagb-buttons-layout-wrap\">\n<div class=\"wp-block-uagb-buttons-child uagb-buttons__outer-wrap uagb-block-70735ff1 wp-block-button is-style-outline\"><div class=\"uagb-button__wrapper\"><a class=\"uagb-buttons-repeater wp-block-button__link has-background has-text-color\" href=\"https:\/\/sitepersojlc.fr\/wp-content\/uploads\/2023\/11\/REMUNERATION-GERANT-MINORITAIRE-SARL-PAS-DE-CONTRAT-DE-TRAVAIL.zip\" onclick=\"return true;\" rel=\"follow noopener\" target=\"_self\"><div class=\"uagb-button__link\">Indemnit\u00e9 de g\u00e9rance  + Avantage en nature Logement <\/div><\/a><\/div><\/div>\n<\/div><\/div>\n\n\n\n<p><\/p>\n\n\n\n<p><\/p>\n\n\n\n<div class=\"wp-block-uagb-buttons uagb-buttons__outer-wrap uagb-btn__default-btn uagb-btn-tablet__default-btn uagb-btn-mobile__default-btn uagb-block-7176dd60\"><div class=\"uagb-buttons__wrap uagb-buttons-layout-wrap\">\n<div class=\"wp-block-uagb-buttons-child uagb-buttons__outer-wrap uagb-block-1b37e702 wp-block-button is-style-outline\"><div class=\"uagb-button__wrapper\"><a class=\"uagb-buttons-repeater wp-block-button__link has-background has-text-color\" href=\"https:\/\/sitepersojlc.fr\/wp-content\/uploads\/2024\/04\/INDEMNITE-DE-GERANCE-ET-CONTRAT-DE-TRAVAIL-2023.zip\" onclick=\"return true;\" rel=\"follow noopener\" target=\"_self\"><div class=\"uagb-button__link\">G\u00e9rant minoritaire SARL  avec contrat de travail et mandat de g\u00e9rance<\/div><\/a><\/div><\/div>\n<\/div><\/div>\n\n\n\n<p><\/p>\n\n\n\n<p style=\"text-align: center;\"><em>Ce dernier fichier a \u00e9t\u00e9 mis \u00e0 jour le 03\/04\/2024<\/em><\/p>\n<p>\u00a0<\/p>\n\n\n\n<p><\/p>\n\n\n\n<p><\/p>\n\n\n\n<p><\/p>\n\n\n\n<p><\/p>\n\n\n\n<p><\/p>\n\n\n\n<p><\/p>\n\n\n\n<p><\/p>\n\n\n\n<p><\/p>\n\n\n\n<p><\/p>\n\n\n\n<p><\/p>\n\n\n\n<p><\/p>\n<div class=\"likebtn_container\" style=\"\"><!-- LikeBtn.com BEGIN --><span class=\"likebtn-wrapper\"  data-identifier=\"page_6055\"  data-site_id=\"6663fc396fd08b3d0b514646\"  data-lang=\"fr\"  data-style=\"\"  data-unlike_allowed=\"\"  data-show_copyright=\"\"  data-item_url=\"https:\/\/sitepersojlc.fr\/?page_id=6055\"  data-item_title=\"Dirigeants\"  data-item_date=\"2023-11-11T05:14:33+00:00\"  data-engine=\"WordPress\"  data-plugin_v=\"2.6.52\"  data-prx=\"https:\/\/sitepersojlc.fr\/wp-admin\/admin-ajax.php?action=likebtn_prx\"  data-event_handler=\"likebtn_eh\" ><\/span><!-- LikeBtn.com END --><\/div>","protected":false},"excerpt":{"rendered":"<p>Bulletins de paie des Dirigeants Dans le fichier ci-dessous vous trouverez l&rsquo;essentiel des dispositions \u00e0 conna\u00eetre les&nbsp; dirigeants dits \u00ab\u00a0assimil\u00e9s salari\u00e9s\u00a0\u00bb. Suivent ici 2 exemples de bulletins de paie : l&rsquo;un concerne un g\u00e9rant minoritaire de SARL n&rsquo;ayant pas de contrat de travail, percevant une\u00a0 indemnit\u00e9 de g\u00e9rance et b\u00e9n\u00e9ficiant d&rsquo;un avantage en nature logement [&hellip;]<\/p>\n<div class=\"likebtn_container\" style=\"\"><!-- LikeBtn.com BEGIN --><span class=\"likebtn-wrapper\"  data-identifier=\"page_6055\"  data-site_id=\"6663fc396fd08b3d0b514646\"  data-lang=\"fr\"  data-style=\"\"  data-unlike_allowed=\"\"  data-show_copyright=\"\"  data-item_url=\"https:\/\/sitepersojlc.fr\/?page_id=6055\"  data-item_title=\"Dirigeants\"  data-item_date=\"2023-11-11T05:14:33+00:00\"  data-engine=\"WordPress\"  data-plugin_v=\"2.6.52\"  data-prx=\"https:\/\/sitepersojlc.fr\/wp-admin\/admin-ajax.php?action=likebtn_prx\"  data-event_handler=\"likebtn_eh\" ><\/span><!-- LikeBtn.com END --><\/div>","protected":false},"author":1,"featured_media":0,"parent":0,"menu_order":0,"comment_status":"closed","ping_status":"closed","template":"","meta":{"om_disable_all_campaigns":false,"_uag_custom_page_level_css":"","_monsterinsights_skip_tracking":false,"_monsterinsights_sitenote_active":false,"_monsterinsights_sitenote_note":"","_monsterinsights_sitenote_category":0,"_uf_show_specific_survey":0,"_uf_disable_surveys":false,"footnotes":""},"aioseo_notices":[],"uagb_featured_image_src":{"full":false,"thumbnail":false,"medium":false,"medium_large":false,"large":false,"1536x1536":false,"2048x2048":false},"uagb_author_info":{"display_name":"lechev.1910@gmail.com","author_link":"https:\/\/sitepersojlc.fr\/?author=1"},"uagb_comment_info":0,"uagb_excerpt":"Bulletins de paie des Dirigeants Dans le fichier ci-dessous vous trouverez l&rsquo;essentiel des dispositions \u00e0 conna\u00eetre les&nbsp; dirigeants dits \u00ab\u00a0assimil\u00e9s salari\u00e9s\u00a0\u00bb. Suivent ici 2 exemples de bulletins de paie : l&rsquo;un concerne un g\u00e9rant minoritaire de SARL n&rsquo;ayant pas de contrat de travail, percevant une\u00a0 indemnit\u00e9 de g\u00e9rance et b\u00e9n\u00e9ficiant d&rsquo;un avantage en nature logement\u2026","_links":{"self":[{"href":"https:\/\/sitepersojlc.fr\/index.php?rest_route=\/wp\/v2\/pages\/6055"}],"collection":[{"href":"https:\/\/sitepersojlc.fr\/index.php?rest_route=\/wp\/v2\/pages"}],"about":[{"href":"https:\/\/sitepersojlc.fr\/index.php?rest_route=\/wp\/v2\/types\/page"}],"author":[{"embeddable":true,"href":"https:\/\/sitepersojlc.fr\/index.php?rest_route=\/wp\/v2\/users\/1"}],"replies":[{"embeddable":true,"href":"https:\/\/sitepersojlc.fr\/index.php?rest_route=%2Fwp%2Fv2%2Fcomments&post=6055"}],"version-history":[{"count":7,"href":"https:\/\/sitepersojlc.fr\/index.php?rest_route=\/wp\/v2\/pages\/6055\/revisions"}],"predecessor-version":[{"id":8091,"href":"https:\/\/sitepersojlc.fr\/index.php?rest_route=\/wp\/v2\/pages\/6055\/revisions\/8091"}],"wp:attachment":[{"href":"https:\/\/sitepersojlc.fr\/index.php?rest_route=%2Fwp%2Fv2%2Fmedia&parent=6055"}],"curies":[{"name":"wp","href":"https:\/\/api.w.org\/{rel}","templated":true}]}}