{"id":5867,"date":"2023-10-31T16:16:21","date_gmt":"2023-10-31T16:16:21","guid":{"rendered":"https:\/\/sitepersojlc.fr\/?page_id=5867"},"modified":"2025-11-12T14:05:18","modified_gmt":"2025-11-12T14:05:18","slug":"tome-1-suite","status":"publish","type":"page","link":"https:\/\/sitepersojlc.fr\/?page_id=5867","title":{"rendered":"TOME 2"},"content":{"rendered":"\n<h3 style=\"text-align: center;\">Tome 2<\/h3>\n\n\n\n<p><\/p>\n\n\n\n<figure class=\"wp-block-image size-full\"><img decoding=\"async\" loading=\"lazy\" width=\"807\" height=\"540\" src=\"https:\/\/sitepersojlc.fr\/wp-content\/uploads\/2025\/05\/495390623_4072550656366401_2116796240471469294_n.jpg\" alt=\"\" class=\"wp-image-10080\" srcset=\"https:\/\/sitepersojlc.fr\/wp-content\/uploads\/2025\/05\/495390623_4072550656366401_2116796240471469294_n.jpg 807w, https:\/\/sitepersojlc.fr\/wp-content\/uploads\/2025\/05\/495390623_4072550656366401_2116796240471469294_n-300x201.jpg 300w, https:\/\/sitepersojlc.fr\/wp-content\/uploads\/2025\/05\/495390623_4072550656366401_2116796240471469294_n-768x514.jpg 768w\" sizes=\"(max-width: 807px) 100vw, 807px\" \/><\/figure>\n\n\n\n<p><\/p>\n\n\n\n<div class=\"wp-block-uagb-buttons uagb-buttons__outer-wrap uagb-btn__default-btn uagb-btn-tablet__default-btn uagb-btn-mobile__default-btn uagb-block-50e63d98\"><div class=\"uagb-buttons__wrap uagb-buttons-layout-wrap\">\n<div class=\"wp-block-uagb-buttons-child uagb-buttons__outer-wrap uagb-block-73a17c0c wp-block-button is-style-outline\"><div class=\"uagb-button__wrapper\"><a class=\"uagb-buttons-repeater wp-block-button__link has-background has-text-color\" href=\"https:\/\/sitepersojlc.fr\/?page_id=8875\" onclick=\"return true;\" rel=\"follow noopener\" target=\"_self\"><div class=\"uagb-button__link\">Chapitres 13 &#8211; 14 -15<\/div><\/a><\/div><\/div>\n<\/div><\/div>\n\n\n\n<p><\/p>\n\n\n\n<h4 style=\"text-align: justify;\"><strong>Chapitre 13 <\/strong>La Valeur Cible&nbsp;Comment utiliser la fonction Excel \u00ab&nbsp;Valeur Cible&nbsp;\u00bb pour passer du Net \u00e0 payer au salaire brut&nbsp;<\/h4>\n<h4 class=\"wp-block-heading\" style=\"text-align: justify;\"><strong>Chapitre 14 :&nbsp;<\/strong> Le calcul des <strong>IJSS Maladie non professionnelle.<\/strong> Maquette de Calcul automatis\u00e9 Tableau de synth\u00e8se sur la pr\u00e9sentation du bulletin de paie suivant que l\u2019entreprise pratique ou non la subrogation. Exercices corrig\u00e9s d&rsquo;application(tous cas de figure)&nbsp;<\/h4>\n<h4><strong>Chapitre 15<\/strong> : Maquette de calcul automatis\u00e9 des I<strong>JSS Maternit\u00e9<\/strong>. Exercices d&rsquo;applications<\/h4>\n\n\n\n<p><\/p>\n\n\n\n<div class=\"wp-block-uagb-buttons uagb-buttons__outer-wrap uagb-btn__default-btn uagb-btn-tablet__default-btn uagb-btn-mobile__default-btn uagb-block-efe5d2ae\"><div class=\"uagb-buttons__wrap uagb-buttons-layout-wrap\">\n<div class=\"wp-block-uagb-buttons-child uagb-buttons__outer-wrap uagb-block-94a0dc9d wp-block-button is-style-outline\"><div class=\"uagb-button__wrapper\"><a class=\"uagb-buttons-repeater wp-block-button__link has-background has-text-color\" href=\"https:\/\/sitepersojlc.fr\/?page_id=8846\" onclick=\"return true;\" rel=\"follow noopener\" target=\"_self\"><div class=\"uagb-button__link\">Chapitres 16 &#8211; 17<\/div><\/a><\/div><\/div>\n<\/div><\/div>\n\n\n\n<p><\/p>\n\n\n\n<h4 style=\"text-align: justify;\"><strong>Chapitre 16<\/strong> : Accident du travail. Maquette de calcul automatis\u00e9 et exercices d&rsquo;application (tous cas de figure )<\/h4>\n<h4 style=\"text-align: justify;\"><strong>Chapitre 17<\/strong> : Accident de trajet Exercices d&rsquo;application&nbsp;&nbsp;<\/h4>\n<p>&nbsp;<\/p>\n\n\n\n<p><\/p>\n\n\n\n<div class=\"wp-block-uagb-buttons uagb-buttons__outer-wrap uagb-btn__default-btn uagb-btn-tablet__default-btn uagb-btn-mobile__default-btn uagb-block-7e9c5cb7\"><div class=\"uagb-buttons__wrap uagb-buttons-layout-wrap\">\n<div class=\"wp-block-uagb-buttons-child uagb-buttons__outer-wrap uagb-block-7e1e4734 wp-block-button is-style-outline\"><div class=\"uagb-button__wrapper\"><a class=\"uagb-buttons-repeater wp-block-button__link has-background has-text-color\" href=\"https:\/\/sitepersojlc.fr\/?page_id=8881\" onclick=\"return true;\" rel=\"follow noopener\" target=\"_self\"><div class=\"uagb-button__link\">Chapitre 18 : Les Cong\u00e9s Pay\u00e9s <\/div><\/a><\/div><\/div>\n<\/div><\/div>\n\n\n\n<p><\/p>\n\n\n\n<h4 style=\"text-align: justify;\"><strong>Chapitre 18<\/strong> : Gestion des Cong\u00e9s Pay\u00e9s. Cours et Exercices Corrig\u00e9s&nbsp;<\/h4>\n\n\n\n<p><\/p>\n\n\n\n<p><\/p>\n\n\n\n<div class=\"wp-block-uagb-buttons uagb-buttons__outer-wrap uagb-btn__default-btn uagb-btn-tablet__default-btn uagb-btn-mobile__default-btn uagb-block-92b8c11e\"><div class=\"uagb-buttons__wrap uagb-buttons-layout-wrap\">\n<div class=\"wp-block-uagb-buttons-child uagb-buttons__outer-wrap uagb-block-d347b1a8 wp-block-button is-style-outline\"><div class=\"uagb-button__wrapper\"><a class=\"uagb-buttons-repeater wp-block-button__link has-background has-text-color\" href=\"https:\/\/sitepersojlc.fr\/?page_id=9478\" onclick=\"return true;\" rel=\"follow noopener\" target=\"_self\"><div class=\"uagb-button__link\">Chapitre 19 : CDD <\/div><\/a><\/div><\/div>\n<\/div><\/div>\n\n\n\n<p><\/p>\n\n\n\n<p><\/p>\n\n\n\n<h4 style=\"text-align: justify;\"><strong>Chapitre 19<\/strong> : Cours et exercices corrig\u00e9s<\/h4>\n\n\n\n<p><\/p>\n\n\n\n<p><\/p>\n\n\n\n<div class=\"wp-block-uagb-buttons uagb-buttons__outer-wrap uagb-btn__default-btn uagb-btn-tablet__default-btn uagb-btn-mobile__default-btn uagb-block-ea7e217a\"><div class=\"uagb-buttons__wrap uagb-buttons-layout-wrap\">\n<div class=\"wp-block-uagb-buttons-child uagb-buttons__outer-wrap uagb-block-5777b233 wp-block-button is-style-outline\"><div class=\"uagb-button__wrapper\"><a class=\"uagb-buttons-repeater wp-block-button__link has-background has-text-color\" href=\"#\" onclick=\"return false;\" rel=\"follow noopener\" target=\"_self\"><div class=\"uagb-button__link\">Chapitre 20 :  Temps partiel <\/div><\/a><\/div><\/div>\n<\/div><\/div>\n\n\n\n<p><\/p>\n\n\n\n<h4 style=\"text-align: justify;\"><strong>Chapitre 20<\/strong> : Fiche de Synth\u00e8se Temps partiel et Exercices corrig\u00e9s\u00a0<\/h4>\n\n\n\n<p><\/p>\n\n\n\n<div class=\"wp-block-uagb-buttons uagb-buttons__outer-wrap uagb-btn__default-btn uagb-btn-tablet__default-btn uagb-btn-mobile__default-btn uagb-block-d51f1097\"><div class=\"uagb-buttons__wrap uagb-buttons-layout-wrap\">\n<div class=\"wp-block-uagb-buttons-child uagb-buttons__outer-wrap uagb-block-7ccfe173 wp-block-button is-style-outline\"><div class=\"uagb-button__wrapper\"><a class=\"uagb-buttons-repeater wp-block-button__link has-background has-text-color\" href=\"https:\/\/sitepersojlc.fr\/?page_id=8888\" onclick=\"return true;\" rel=\"follow noopener\" target=\"_self\"><div class=\"uagb-button__link\">Chapitre 21 : Forfait jours et Forfait heures<\/div><\/a><\/div><\/div>\n<\/div><\/div>\n\n\n\n<p><\/p>\n\n\n\n<h4><strong>Chapitre 21<\/strong> : Fiche de synth\u00e8se et exercices corrig\u00e9s\u00a0<\/h4>\n\n\n\n<p><\/p>\n\n\n\n<p><\/p>\n\n\n\n<p><\/p>\n\n\n\n<p><\/p>\n\n\n\n<p><\/p>\n\n\n\n<p><\/p>\n\n\n\n<p><\/p>\n\n\n\n<p><\/p>\n\n\n\n<p><\/p>\n\n\n\n<p><\/p>\n\n\n\n<p><\/p>\n\n\n\n<p><\/p>\n\n\n\n<p><\/p>\n\n\n\n<p><\/p>\n\n\n\n<p><\/p>\n\n\n\n<p><\/p>\n\n\n\n<p><\/p>\n\n\n\n<p><\/p>\n\n\n\n<p><\/p>\n\n\n\n<p><\/p>\n\n\n\n<p><\/p>\n\n\n\n<p><\/p>\n\n\n\n<p><\/p>\n<div class=\"likebtn_container\" style=\"\"><!-- LikeBtn.com BEGIN --><span class=\"likebtn-wrapper\"  data-identifier=\"page_5867\"  data-site_id=\"6663fc396fd08b3d0b514646\"  data-lang=\"fr\"  data-style=\"\"  data-unlike_allowed=\"\"  data-show_copyright=\"\"  data-item_url=\"https:\/\/sitepersojlc.fr\/?page_id=5867\"  data-item_title=\"TOME 2\"  data-item_date=\"2023-10-31T16:16:21+00:00\"  data-engine=\"WordPress\"  data-plugin_v=\"2.6.52\"  data-prx=\"https:\/\/sitepersojlc.fr\/wp-admin\/admin-ajax.php?action=likebtn_prx\"  data-event_handler=\"likebtn_eh\" ><\/span><!-- LikeBtn.com END --><\/div>","protected":false},"excerpt":{"rendered":"<p>Tome 2 Chapitre 13 La Valeur Cible&nbsp;Comment utiliser la fonction Excel \u00ab&nbsp;Valeur Cible&nbsp;\u00bb pour passer du Net \u00e0 payer au salaire brut&nbsp; Chapitre 14 :&nbsp; Le calcul des IJSS Maladie non professionnelle. Maquette de Calcul automatis\u00e9 Tableau de synth\u00e8se sur la pr\u00e9sentation du bulletin de paie suivant que l\u2019entreprise pratique ou non la subrogation. Exercices [&hellip;]<\/p>\n<div class=\"likebtn_container\" style=\"\"><!-- LikeBtn.com BEGIN --><span class=\"likebtn-wrapper\"  data-identifier=\"page_5867\"  data-site_id=\"6663fc396fd08b3d0b514646\"  data-lang=\"fr\"  data-style=\"\"  data-unlike_allowed=\"\"  data-show_copyright=\"\"  data-item_url=\"https:\/\/sitepersojlc.fr\/?page_id=5867\"  data-item_title=\"TOME 2\"  data-item_date=\"2023-10-31T16:16:21+00:00\"  data-engine=\"WordPress\"  data-plugin_v=\"2.6.52\"  data-prx=\"https:\/\/sitepersojlc.fr\/wp-admin\/admin-ajax.php?action=likebtn_prx\"  data-event_handler=\"likebtn_eh\" ><\/span><!-- LikeBtn.com END --><\/div>","protected":false},"author":1,"featured_media":0,"parent":0,"menu_order":0,"comment_status":"closed","ping_status":"closed","template":"","meta":{"om_disable_all_campaigns":false,"_uag_custom_page_level_css":"","_monsterinsights_skip_tracking":false,"_monsterinsights_sitenote_active":false,"_monsterinsights_sitenote_note":"","_monsterinsights_sitenote_category":0,"_uf_show_specific_survey":0,"_uf_disable_surveys":false,"footnotes":""},"aioseo_notices":[],"uagb_featured_image_src":{"full":false,"thumbnail":false,"medium":false,"medium_large":false,"large":false,"1536x1536":false,"2048x2048":false},"uagb_author_info":{"display_name":"lechev.1910@gmail.com","author_link":"https:\/\/sitepersojlc.fr\/?author=1"},"uagb_comment_info":0,"uagb_excerpt":"Tome 2 Chapitre 13 La Valeur Cible&nbsp;Comment utiliser la fonction Excel \u00ab&nbsp;Valeur Cible&nbsp;\u00bb pour passer du Net \u00e0 payer au salaire brut&nbsp; Chapitre 14 :&nbsp; Le calcul des IJSS Maladie non professionnelle. Maquette de Calcul automatis\u00e9 Tableau de synth\u00e8se sur la pr\u00e9sentation du bulletin de paie suivant que l\u2019entreprise pratique ou non la subrogation. Exercices\u2026","_links":{"self":[{"href":"https:\/\/sitepersojlc.fr\/index.php?rest_route=\/wp\/v2\/pages\/5867"}],"collection":[{"href":"https:\/\/sitepersojlc.fr\/index.php?rest_route=\/wp\/v2\/pages"}],"about":[{"href":"https:\/\/sitepersojlc.fr\/index.php?rest_route=\/wp\/v2\/types\/page"}],"author":[{"embeddable":true,"href":"https:\/\/sitepersojlc.fr\/index.php?rest_route=\/wp\/v2\/users\/1"}],"replies":[{"embeddable":true,"href":"https:\/\/sitepersojlc.fr\/index.php?rest_route=%2Fwp%2Fv2%2Fcomments&post=5867"}],"version-history":[{"count":17,"href":"https:\/\/sitepersojlc.fr\/index.php?rest_route=\/wp\/v2\/pages\/5867\/revisions"}],"predecessor-version":[{"id":12170,"href":"https:\/\/sitepersojlc.fr\/index.php?rest_route=\/wp\/v2\/pages\/5867\/revisions\/12170"}],"wp:attachment":[{"href":"https:\/\/sitepersojlc.fr\/index.php?rest_route=%2Fwp%2Fv2%2Fmedia&parent=5867"}],"curies":[{"name":"wp","href":"https:\/\/api.w.org\/{rel}","templated":true}]}}