{"id":5356,"date":"2023-09-26T07:04:02","date_gmt":"2023-09-26T07:04:02","guid":{"rendered":"https:\/\/sitepersojlc.fr\/?page_id=5356"},"modified":"2026-02-01T05:33:10","modified_gmt":"2026-02-01T05:33:10","slug":"maquettes","status":"publish","type":"page","link":"https:\/\/sitepersojlc.fr\/?page_id=5356","title":{"rendered":"Maquettes de bulletins de paie (2025)"},"content":{"rendered":"\n\n\n<p><\/p>\n\n\n\n<figure class=\"wp-block-image size-large is-resized\"><img decoding=\"async\" loading=\"lazy\" src=\"https:\/\/sitepersojlc.fr\/wp-content\/uploads\/2025\/05\/JARDIN-ZEN--683x1024.jpg\" alt=\"\" class=\"wp-image-9960\" width=\"760\" height=\"1139\" srcset=\"https:\/\/sitepersojlc.fr\/wp-content\/uploads\/2025\/05\/JARDIN-ZEN--683x1024.jpg 683w, https:\/\/sitepersojlc.fr\/wp-content\/uploads\/2025\/05\/JARDIN-ZEN--200x300.jpg 200w, https:\/\/sitepersojlc.fr\/wp-content\/uploads\/2025\/05\/JARDIN-ZEN-.jpg 700w\" sizes=\"(max-width: 760px) 100vw, 760px\" \/><\/figure>\n\n\n\n<p><\/p>\n\n\n\n<p><\/p>\n\n\n\n<div class=\"wp-block-uagb-buttons uagb-buttons__outer-wrap uagb-btn__default-btn uagb-btn-tablet__default-btn uagb-btn-mobile__default-btn uagb-block-a3f03b0e\"><div class=\"uagb-buttons__wrap uagb-buttons-layout-wrap\">\n<div class=\"wp-block-uagb-buttons-child uagb-buttons__outer-wrap uagb-block-e607ff2f wp-block-button is-style-outline\"><div class=\"uagb-button__wrapper\"><a class=\"uagb-buttons-repeater wp-block-button__link has-background has-text-color\" href=\"https:\/\/sitepersojlc.fr\/wp-content\/uploads\/2025\/05\/GRILLES-DE-TAUX-NEUTRE-2025-1.zip\" onclick=\"return true;\" rel=\"follow noopener\" target=\"_self\"><div class=\"uagb-button__link\">Grille du Taux Neutre au 01\/01\/2025 et \u00e0 compter du 01\/05\/2025<\/div><\/a><\/div><\/div>\n<\/div><\/div>\n\n\n\n<p><\/p>\n\n\n\n<p style=\"text-align: justify;\"><em>Vous trouverez dans ce classeur une courte note explicative sur la fa\u00e7on de recopier la grille de TAUX NEUTRE applicable \u00e0 compter du 01\/05\/2025 dans le cas o\u00f9 celle-ci devrait s&rsquo;appliquer ( bulletins de paie \u00e9tablis \u00e0 compter du 01\/05\/2025) et n&rsquo;aurait pas \u00e9t\u00e9 actualis\u00e9e dans le&nbsp; classeur sur lequel vous travaillez.&nbsp; <br><\/em><\/p>\n\n\n\n<div class=\"wp-block-buttons is-content-justification-center is-layout-flex wp-container-1\">\n<div class=\"wp-block-button has-custom-width wp-block-button__width-75\"><a class=\"wp-block-button__link has-white-color has-vivid-cyan-blue-background-color has-text-color has-background has-text-align-center wp-element-button\" href=\"https:\/\/sitepersojlc.fr\/wp-content\/uploads\/2026\/02\/PRESENTATION-DE-LA-MAQUETTE.zip\" style=\"border-radius:100px\">Pr\u00e9sentation des Maquettes <\/a><\/div>\n<\/div>\n\n\n\n<p><\/p>\n\n\n\n<h4 style=\"text-align: justify;\">La feuille Pr\u00e9sentation des Maquettes ci-dessus remplace la feuille SCHEMA pr\u00e9sente dans les classeurs (actualis\u00e9e et pr\u00e9cis\u00e9e)&nbsp;&nbsp;<\/h4>\n\n\n\n<p><\/p>\n\n\n\n<p><\/p>\n\n\n\n<h3 style=\"text-align: center;\"><strong>Maquettes de bulletins de paie 2025<\/strong><\/h3>\n<p>&nbsp;<\/p>\n\n\n\n<p><\/p>\n\n\n\n<h4 style=\"text-align: justify;\">La premi\u00e8re maquette vous permet d&rsquo;\u00e9tablir &#8211; sur 1 mois isol\u00e9 &#8211; le bulletin de paie d&rsquo;un salari\u00e9, selon&nbsp; 2 formats&nbsp; (Bulletin de Paie Version Janvier 2023&nbsp; et Bulletin de Paie Version Juillet 2023- ce dernier applicable en 2025) &#8211; quel que soit son salaire, quels que soient les effectifs de l&rsquo;entreprise,&nbsp; et quel que soit son statut (cadre ou non cadre). Elle vous permet en particulier de traiter la d\u00e9fiscalisation des heures suppl\u00e9mentaires et des heures compl\u00e9mentaires. Une note explicative vous donne des informations sur la fa\u00e7on de l&rsquo;utiliser. Un excellent outil pour cr\u00e9er vos bulletins de paie et vous aider \u00e0 l&rsquo;apprentissage des cotisations et du calcul des principales rubriques.&nbsp; (net \u00e0 payer, net imposable, base du PAS, exon\u00e9ration de cotisations&#8230;) Quelques autres maquettes de calcul automatis\u00e9 font partie du classeur (valorisation des absences, IJJS Maladie, IJSS Maternit\u00e9, IJSS AT, Gestion des Tickets Restaurant)<\/h4>\n\n\n\n<p><\/p>\n\n\n\n<p style=\"text-align: center;\">A jour des modifications pr\u00e9vues \u00e0 compter du 01\/05\/2025&nbsp; y compris Taux Neutre au 01\/05\/2025 automatiquement mis \u00e0 jour en fonction de la date du bulletin de paie<\/p>\n<p>&nbsp;<\/p>\n\n\n\n<div class=\"wp-block-uagb-buttons uagb-buttons__outer-wrap uagb-btn__default-btn uagb-btn-tablet__default-btn uagb-btn-mobile__default-btn uagb-block-efea0e36\"><div class=\"uagb-buttons__wrap uagb-buttons-layout-wrap\">\n<div class=\"wp-block-uagb-buttons-child uagb-buttons__outer-wrap uagb-block-e7a3b2e2 wp-block-button is-style-outline\"><div class=\"uagb-button__wrapper\"><a class=\"uagb-buttons-repeater wp-block-button__link has-background has-text-color\" href=\"https:\/\/sitepersojlc.fr\/wp-content\/uploads\/2025\/06\/MAQUETTE-SUR-1-MOIS-ISOLE-2025-JUIN-2.zip\" onclick=\"return true;\" rel=\"follow noopener\" target=\"_self\"><div class=\"uagb-button__link\">Maquette sur 1 mois isol\u00e9 2025 <\/div><\/a><\/div><\/div>\n<\/div><\/div>\n\n\n\n<p><\/p>\n\n\n\n<h4 style=\"text-align: justify;\">La deuxi\u00e8me maquette vous permet de travailler en r\u00e9gularisation progressive sur 3 mois sur un bulletin de paie au format applicable \u00e0 compter du 1er Juillet 2023 (\u00e0 jour donc pour 2025 et conforme avec quelques l\u00e9g\u00e8res modifications au format 2026) quel que soit le salaire, les effectifs de l&rsquo;entreprise, le statut du salari\u00e9 (cadre ou non cadre). Cette maquette comprend les&nbsp; diff\u00e9rents tableaux de suivi en r\u00e9gularisation progressive, Plafond Mensuel de la S\u00e9curit\u00e9 Sociale et&nbsp; cotisations (limite de 2,25 SMIC, de 3,3 SMIC, de 1,6 SMIC sur la r\u00e9duction g\u00e9n\u00e9rale de cotisations) la gestion de la CET ainsi que celle des heures suppl\u00e9mentaires d\u00e9fiscalis\u00e9es et relie les diff\u00e9rents tableaux \u00e0 chaque ligne du bulletin de paie concern\u00e9e. Une note explicative&nbsp;&nbsp; vous donne des conseils sur la meilleure mani\u00e8re de l&rsquo;utiliser. Illustration avec un exemple complet. En modifiant les param\u00e8tres du masque de saisie vous pourrez ainsi cr\u00e9er une multitude de Bulletins de Paie<\/h4>\n\n\n\n<p><\/p>\n\n\n\n<p style=\"text-align: center;\">Maquette&nbsp; ci-dessous derni\u00e8re version mise en ligne le 01\/05\/2025 Taux Neutre actualis\u00e9 le 08\/05\/2025<\/p>\n\n\n\n<h5 style=\"text-align: center;\">La&nbsp; maquette ci-dessous vous permet de travailler sur 3&nbsp; mois cons\u00e9cutifs de l&rsquo;ann\u00e9e \u00e0 cheval ou non sur la p\u00e9riode 1 ( avant le 01\/05\/2025) et la p\u00e9riode 2 (\u00e0 compter du 01\/05\/2025).En particulier, Les particularit\u00e9s du traitement de la RGCP \u00e0 compter du 1 er Mai 2025 y sont pr\u00e9sent\u00e9es. Les tables de taux neutre sont param\u00e9tr\u00e9es pour renvoyer automatiquement les taux applicables suivant que la date du mois se situe avant le 01\/05\/2025 ou \u00e0 compter du 01\/05\/2025 <\/h5>\n<p>&nbsp;<\/p>\n\n\n\n<div class=\"wp-block-uagb-buttons uagb-buttons__outer-wrap uagb-btn__default-btn uagb-btn-tablet__default-btn uagb-btn-mobile__default-btn uagb-block-48c879fb\"><div class=\"uagb-buttons__wrap uagb-buttons-layout-wrap\">\n<div class=\"wp-block-uagb-buttons-child uagb-buttons__outer-wrap uagb-block-6dd73ef2 wp-block-button is-style-outline\"><div class=\"uagb-button__wrapper\"><a class=\"uagb-buttons-repeater wp-block-button__link has-background has-text-color\" href=\"https:\/\/sitepersojlc.fr\/wp-content\/uploads\/2025\/06\/MAQUETTE-SUR-1-MOIS-ISOLE-2025-JUIN.zip\" onclick=\"return true;\" rel=\"follow noopener\" target=\"_self\"><div class=\"uagb-button__link\">Maquette 1 en r\u00e9gularisation progressive sur 3 mois  <\/div><\/a><\/div><\/div>\n<\/div><\/div>\n\n\n\n\n\n<h4>&nbsp;<\/h4>\n<h4 style=\"text-align: justify;\">Dans le dossier ci-dessous vous trouverez la comptabilisation automatis\u00e9e d&rsquo;un bulletin de paie<\/h4>\n<h4 style=\"text-align: justify;\">Vous apprendrez comment reconstituer les param\u00e8tres T de la RGCP ( modifications au 01\/05\/2025 prises en compte), comment dispatcher la RGCP entre l&rsquo;URSSAF et les caisses AGIRC-ARRCO , comment comptabiliser les BP (charges salariales et patronales) et effectuer le rapprochement entre la d\u00e9claration des cotisations \u00e0 l&rsquo;URSSAF et la comptabilit\u00e9 puis passer l&rsquo;OD de r\u00e8glement des cotisations.<\/h4>\n\n\n\n\n\n\n\n<div class=\"wp-block-uagb-buttons uagb-buttons__outer-wrap uagb-btn__default-btn uagb-btn-tablet__default-btn uagb-btn-mobile__default-btn uagb-block-c062a0a7\"><div class=\"uagb-buttons__wrap uagb-buttons-layout-wrap\">\n<div class=\"wp-block-uagb-buttons-child uagb-buttons__outer-wrap uagb-block-76038baf wp-block-button is-style-outline\"><div class=\"uagb-button__wrapper\"><a class=\"uagb-buttons-repeater wp-block-button__link has-background has-text-color\" href=\"https:\/\/sitepersojlc.fr\/wp-content\/uploads\/2025\/05\/MAQUETTE-COMPTABILISATION-SUR-1-MOIS-ISOLE-2025-1.zip\" onclick=\"return true;\" rel=\"follow noopener\" target=\"_self\"><div class=\"uagb-button__link\">Comptabilisation du bulletin de paie <\/div><\/a><\/div><\/div>\n<\/div><\/div>\n\n\n\n<p><\/p>\n\n\n\n<p><\/p>\n\n\n\n<p><\/p>\n\n\n\n<p><\/p>\n\n\n\n<h4 style=\"text-align: justify;\">Deuxi\u00e8me exemple d&rsquo;utilisation de la maquette en r\u00e9gularisation progressive ci-dessous. M\u00eames remarques que pour la Maquette 1<\/h4>\n<p>\u00a0<\/p>\n\n\n\n<p><\/p>\n\n\n\n<p><\/p>\n\n\n\n<p><\/p>\n\n\n\n<div class=\"wp-block-uagb-buttons uagb-buttons__outer-wrap uagb-btn__default-btn uagb-btn-tablet__default-btn uagb-btn-mobile__default-btn uagb-block-48661659\"><div class=\"uagb-buttons__wrap uagb-buttons-layout-wrap\">\n<div class=\"wp-block-uagb-buttons-child uagb-buttons__outer-wrap uagb-block-b6a5e14c wp-block-button is-style-outline\"><div class=\"uagb-button__wrapper\"><a class=\"uagb-buttons-repeater wp-block-button__link has-background has-text-color\" href=\"https:\/\/sitepersojlc.fr\/wp-content\/uploads\/2025\/05\/MAQUETTE-REG-PROG-3-MOIS-EX-2-2.zip\" onclick=\"return true;\" rel=\"follow noopener\" target=\"_self\"><div class=\"uagb-button__link\">Maquette 2 R\u00e9gularisation progressive sur 3 mois <\/div><\/a><\/div><\/div>\n<\/div><\/div>\n\n\n\n<p><\/p>\n\n\n\n<p><\/p>\n\n\n\n<p><\/p>\n\n\n\n<p><\/p>\n\n\n\n<p><\/p>\n\n\n\n<p><\/p>\n\n\n\n<p><\/p>\n\n\n\n<p><\/p>\n\n\n\n<p><\/p>\n\n\n\n<p><\/p>\n\n\n\n<p><\/p>\n\n\n\n<p><\/p>\n\n\n\n<p><\/p>\n<div class=\"likebtn_container\" style=\"\"><!-- LikeBtn.com BEGIN --><span class=\"likebtn-wrapper\"  data-identifier=\"page_5356\"  data-site_id=\"6663fc396fd08b3d0b514646\"  data-lang=\"fr\"  data-style=\"\"  data-unlike_allowed=\"\"  data-show_copyright=\"\"  data-item_url=\"https:\/\/sitepersojlc.fr\/?page_id=5356\"  data-item_title=\"Maquettes de bulletins de paie (2025)\"  data-item_date=\"2023-09-26T07:04:02+00:00\"  data-engine=\"WordPress\"  data-plugin_v=\"2.6.52\"  data-prx=\"https:\/\/sitepersojlc.fr\/wp-admin\/admin-ajax.php?action=likebtn_prx\"  data-event_handler=\"likebtn_eh\" ><\/span><!-- LikeBtn.com END --><\/div>","protected":false},"excerpt":{"rendered":"<p>Vous trouverez dans ce classeur une courte note explicative sur la fa\u00e7on de recopier la grille de TAUX NEUTRE applicable \u00e0 compter du 01\/05\/2025 dans le cas o\u00f9 celle-ci devrait s&rsquo;appliquer ( bulletins de paie \u00e9tablis \u00e0 compter du 01\/05\/2025) et n&rsquo;aurait pas \u00e9t\u00e9 actualis\u00e9e dans le&nbsp; classeur sur lequel vous travaillez.&nbsp; La feuille Pr\u00e9sentation [&hellip;]<\/p>\n<div class=\"likebtn_container\" style=\"\"><!-- LikeBtn.com BEGIN --><span class=\"likebtn-wrapper\"  data-identifier=\"page_5356\"  data-site_id=\"6663fc396fd08b3d0b514646\"  data-lang=\"fr\"  data-style=\"\"  data-unlike_allowed=\"\"  data-show_copyright=\"\"  data-item_url=\"https:\/\/sitepersojlc.fr\/?page_id=5356\"  data-item_title=\"Maquettes de bulletins de paie (2025)\"  data-item_date=\"2023-09-26T07:04:02+00:00\"  data-engine=\"WordPress\"  data-plugin_v=\"2.6.52\"  data-prx=\"https:\/\/sitepersojlc.fr\/wp-admin\/admin-ajax.php?action=likebtn_prx\"  data-event_handler=\"likebtn_eh\" ><\/span><!-- LikeBtn.com END --><\/div>","protected":false},"author":1,"featured_media":0,"parent":0,"menu_order":0,"comment_status":"closed","ping_status":"closed","template":"","meta":{"om_disable_all_campaigns":false,"_uag_custom_page_level_css":"","_monsterinsights_skip_tracking":false,"_monsterinsights_sitenote_active":false,"_monsterinsights_sitenote_note":"","_monsterinsights_sitenote_category":0,"_uf_show_specific_survey":0,"_uf_disable_surveys":false,"footnotes":""},"aioseo_notices":[],"uagb_featured_image_src":{"full":false,"thumbnail":false,"medium":false,"medium_large":false,"large":false,"1536x1536":false,"2048x2048":false},"uagb_author_info":{"display_name":"lechev.1910@gmail.com","author_link":"https:\/\/sitepersojlc.fr\/?author=1"},"uagb_comment_info":0,"uagb_excerpt":"Vous trouverez dans ce classeur une courte note explicative sur la fa\u00e7on de recopier la grille de TAUX NEUTRE applicable \u00e0 compter du 01\/05\/2025 dans le cas o\u00f9 celle-ci devrait s&rsquo;appliquer ( bulletins de paie \u00e9tablis \u00e0 compter du 01\/05\/2025) et n&rsquo;aurait pas \u00e9t\u00e9 actualis\u00e9e dans le&nbsp; classeur sur lequel vous travaillez.&nbsp; La feuille Pr\u00e9sentation\u2026","_links":{"self":[{"href":"https:\/\/sitepersojlc.fr\/index.php?rest_route=\/wp\/v2\/pages\/5356"}],"collection":[{"href":"https:\/\/sitepersojlc.fr\/index.php?rest_route=\/wp\/v2\/pages"}],"about":[{"href":"https:\/\/sitepersojlc.fr\/index.php?rest_route=\/wp\/v2\/types\/page"}],"author":[{"embeddable":true,"href":"https:\/\/sitepersojlc.fr\/index.php?rest_route=\/wp\/v2\/users\/1"}],"replies":[{"embeddable":true,"href":"https:\/\/sitepersojlc.fr\/index.php?rest_route=%2Fwp%2Fv2%2Fcomments&post=5356"}],"version-history":[{"count":132,"href":"https:\/\/sitepersojlc.fr\/index.php?rest_route=\/wp\/v2\/pages\/5356\/revisions"}],"predecessor-version":[{"id":13124,"href":"https:\/\/sitepersojlc.fr\/index.php?rest_route=\/wp\/v2\/pages\/5356\/revisions\/13124"}],"wp:attachment":[{"href":"https:\/\/sitepersojlc.fr\/index.php?rest_route=%2Fwp%2Fv2%2Fmedia&parent=5356"}],"curies":[{"name":"wp","href":"https:\/\/api.w.org\/{rel}","templated":true}]}}