{"id":2719,"date":"2023-01-24T13:12:13","date_gmt":"2023-01-24T13:12:13","guid":{"rendered":"https:\/\/sitepersojlc.fr\/?page_id=2719"},"modified":"2025-04-05T08:26:41","modified_gmt":"2025-04-05T08:26:41","slug":"presentation-generale-de-lamas","status":"publish","type":"page","link":"https:\/\/sitepersojlc.fr\/?page_id=2719","title":{"rendered":"Pr\u00e9sentation G\u00e9n\u00e9rale de l&rsquo;AMAS"},"content":{"rendered":"\n<p><img decoding=\"async\" loading=\"lazy\" class=\"aligncenter wp-image-9120 size-full\" src=\"https:\/\/sitepersojlc.fr\/wp-content\/uploads\/2025\/04\/LINGARAJA-TEMPLE-BUBHANESWAR.webp\" alt=\"\" width=\"1024\" height=\"682\" srcset=\"https:\/\/sitepersojlc.fr\/wp-content\/uploads\/2025\/04\/LINGARAJA-TEMPLE-BUBHANESWAR.webp 1024w, https:\/\/sitepersojlc.fr\/wp-content\/uploads\/2025\/04\/LINGARAJA-TEMPLE-BUBHANESWAR-300x200.webp 300w, https:\/\/sitepersojlc.fr\/wp-content\/uploads\/2025\/04\/LINGARAJA-TEMPLE-BUBHANESWAR-768x512.webp 768w\" sizes=\"(max-width: 1024px) 100vw, 1024px\" \/><\/p>\n\n\n\n\n\n\n\n<p>&nbsp;<\/p>\n<h3 style=\"text-align: center;\"><em>Les probl\u00e9matiques li\u00e9es au d\u00e9veloppement durable vous int\u00e9ressent ?&nbsp; Retrouvez sur le site <a href=\"https:\/\/clespourunavenirdurable.fr\">clespourunavenirdurable<\/a> des tas d&rsquo;infos<\/em><\/h3>\n<h4 style=\"text-align: justify;\">Ci-dessous une courte pr\u00e9sentation de l&rsquo;Acad\u00e9mie Mondiale des Arts et des Sciences<\/h4>\n<p>&nbsp;<\/p>\n\n\n\n<h3 style=\"text-align: justify;\"><em>L\u2019Acad\u00e9mie Mondiale des Arts et des Sciences<\/em> a \u00e9t\u00e9 cr\u00e9\u00e9e en 1960 en tant que r\u00e9seau non officiel de pas plus de 650 chercheurs de diverses cultures, nationalit\u00e9s et disciplines intellectuelles, \u00ab choisis pour leur \u00e9minence dans l\u2019art, les sciences naturelles et sociales et les sciences humaines\u00a0\u00bb. Ses activit\u00e9s se concentrent sur \u00ab les cons\u00e9quences sociales et les implications politiques de la connaissance \u00bb.<\/h3>\n\n\n\n<h3 style=\"text-align: justify;\"><em>L\u2019esprit de l\u2019Acad\u00e9mie<\/em> peut \u00eatre exprim\u00e9 dans les mots d\u2019Albert Einstein : \u00ab Les cr\u00e9ations de notre esprit seront une b\u00e9n\u00e9diction et non une mal\u00e9diction pour l\u2019humanit\u00e9. \u00bb Ses membres partagent l\u2019ambition (comme les fondateurs l\u2019ont dit dans leur Manifeste de 1960) \u00ab de red\u00e9couvrir le langage de la compr\u00e9hension mutuelle \u00bb, surmontant les diff\u00e9rences de tradition, de langue et de structure sociale qui, \u00e0 moins d\u2019\u00eatre fusionn\u00e9es par l\u2019imagination cr\u00e9atrice et l\u2019effort continu, dissolvent la communaut\u00e9 humaine latente dans querelles et diff\u00e9rends.<\/h3>\n\n\n\n<h3 style=\"text-align: justify;\"><em>\u00c0 cette fin, l\u2019Acad\u00e9mie sert de forum pour les<\/em> scientifiques, les artistes et les \u00e9rudits qui r\u00e9fl\u00e9chissent pour discuter des probl\u00e8mes vitaux de l\u2019humanit\u00e9 ind\u00e9pendamment des fronti\u00e8res ou des limites politiques, qu\u2019elles soient spirituelles ou physiques &#8211; un forum o\u00f9 ces probl\u00e8mes peuvent \u00eatre discut\u00e9s objectivement, scientifiquement, globalement, et \u00e0 l\u2019abri des int\u00e9r\u00eats particuliers ou des attachements r\u00e9gionaux.<\/h3>\n\n\n\n<h3 style=\"text-align: justify;\"><em>L\u2019Acad\u00e9mie Mondiale des Arts et des Sciences, <\/em>a d\u00e9clar\u00e9 que le Manifeste de 1960, \u00ab fonctionnera comme une universit\u00e9 mondiale informelle au plus haut niveau scientifique et \u00e9thique, dans laquelle une profonde compr\u00e9hension humaine et le sens le plus complet des responsabilit\u00e9s se rencontreront \u00bb.<\/h3>\n\n\n\n<h3 style=\"text-align: justify;\">N\u2019\u00e9tant plus en mesure de nous permettre le luxe de la concurrence et des conflits fond\u00e9s principalement sur des int\u00e9r\u00eats et des pr\u00e9jug\u00e9s nationaux, ethniques ou religieux, nous devons d\u2019urgence acqu\u00e9rir les connaissances et fa\u00e7onner les institutions, n\u00e9cessaires \u00e0 une gouvernance mondiale libre, \u00e9quitable et efficace.<\/h3>\n\n\n\n<p><\/p>\n\n\n\n<p><\/p>\n\n\n\n<p><\/p>\n\n\n\n<p><\/p>\n\n\n\n<p><\/p>\n\n\n\n<p><\/p>\n\n\n\n<p><\/p>\n\n\n\n<p><\/p>\n\n\n\n<p><\/p>\n\n\n\n<p><\/p>\n\n\n\n<p><\/p>\n\n\n\n<p><\/p>\n\n\n\n<p><\/p>\n<div class=\"likebtn_container\" style=\"\"><!-- LikeBtn.com BEGIN --><span class=\"likebtn-wrapper\"  data-identifier=\"page_2719\"  data-site_id=\"6663fc396fd08b3d0b514646\"  data-lang=\"fr\"  data-style=\"\"  data-unlike_allowed=\"\"  data-show_copyright=\"\"  data-item_url=\"https:\/\/sitepersojlc.fr\/?page_id=2719\"  data-item_title=\"Pr\u00e9sentation G\u00e9n\u00e9rale de l&#039;AMAS\"  data-item_date=\"2023-01-24T13:12:13+00:00\"  data-engine=\"WordPress\"  data-plugin_v=\"2.6.52\"  data-prx=\"https:\/\/sitepersojlc.fr\/wp-admin\/admin-ajax.php?action=likebtn_prx\"  data-event_handler=\"likebtn_eh\" ><\/span><!-- LikeBtn.com END --><\/div>","protected":false},"excerpt":{"rendered":"<p>&nbsp; Les probl\u00e9matiques li\u00e9es au d\u00e9veloppement durable vous int\u00e9ressent ?&nbsp; Retrouvez sur le site clespourunavenirdurable des tas d&rsquo;infos Ci-dessous une courte pr\u00e9sentation de l&rsquo;Acad\u00e9mie Mondiale des Arts et des Sciences &nbsp; L\u2019Acad\u00e9mie Mondiale des Arts et des Sciences a \u00e9t\u00e9 cr\u00e9\u00e9e en 1960 en tant que r\u00e9seau non officiel de pas plus de 650 chercheurs [&hellip;]<\/p>\n<div class=\"likebtn_container\" style=\"\"><!-- LikeBtn.com BEGIN --><span class=\"likebtn-wrapper\"  data-identifier=\"page_2719\"  data-site_id=\"6663fc396fd08b3d0b514646\"  data-lang=\"fr\"  data-style=\"\"  data-unlike_allowed=\"\"  data-show_copyright=\"\"  data-item_url=\"https:\/\/sitepersojlc.fr\/?page_id=2719\"  data-item_title=\"Pr\u00e9sentation G\u00e9n\u00e9rale de l&#039;AMAS\"  data-item_date=\"2023-01-24T13:12:13+00:00\"  data-engine=\"WordPress\"  data-plugin_v=\"2.6.52\"  data-prx=\"https:\/\/sitepersojlc.fr\/wp-admin\/admin-ajax.php?action=likebtn_prx\"  data-event_handler=\"likebtn_eh\" ><\/span><!-- LikeBtn.com END --><\/div>","protected":false},"author":1,"featured_media":0,"parent":0,"menu_order":0,"comment_status":"closed","ping_status":"closed","template":"","meta":{"om_disable_all_campaigns":false,"_uag_custom_page_level_css":"","_monsterinsights_skip_tracking":false,"_monsterinsights_sitenote_active":false,"_monsterinsights_sitenote_note":"","_monsterinsights_sitenote_category":0,"_uf_show_specific_survey":0,"_uf_disable_surveys":false,"footnotes":""},"aioseo_notices":[],"uagb_featured_image_src":{"full":false,"thumbnail":false,"medium":false,"medium_large":false,"large":false,"1536x1536":false,"2048x2048":false},"uagb_author_info":{"display_name":"lechev.1910@gmail.com","author_link":"https:\/\/sitepersojlc.fr\/?author=1"},"uagb_comment_info":0,"uagb_excerpt":"&nbsp; Les probl\u00e9matiques li\u00e9es au d\u00e9veloppement durable vous int\u00e9ressent ?&nbsp; Retrouvez sur le site clespourunavenirdurable des tas d&rsquo;infos Ci-dessous une courte pr\u00e9sentation de l&rsquo;Acad\u00e9mie Mondiale des Arts et des Sciences &nbsp; L\u2019Acad\u00e9mie Mondiale des Arts et des Sciences a \u00e9t\u00e9 cr\u00e9\u00e9e en 1960 en tant que r\u00e9seau non officiel de pas plus de 650 chercheurs\u2026","_links":{"self":[{"href":"https:\/\/sitepersojlc.fr\/index.php?rest_route=\/wp\/v2\/pages\/2719"}],"collection":[{"href":"https:\/\/sitepersojlc.fr\/index.php?rest_route=\/wp\/v2\/pages"}],"about":[{"href":"https:\/\/sitepersojlc.fr\/index.php?rest_route=\/wp\/v2\/types\/page"}],"author":[{"embeddable":true,"href":"https:\/\/sitepersojlc.fr\/index.php?rest_route=\/wp\/v2\/users\/1"}],"replies":[{"embeddable":true,"href":"https:\/\/sitepersojlc.fr\/index.php?rest_route=%2Fwp%2Fv2%2Fcomments&post=2719"}],"version-history":[{"count":12,"href":"https:\/\/sitepersojlc.fr\/index.php?rest_route=\/wp\/v2\/pages\/2719\/revisions"}],"predecessor-version":[{"id":9127,"href":"https:\/\/sitepersojlc.fr\/index.php?rest_route=\/wp\/v2\/pages\/2719\/revisions\/9127"}],"wp:attachment":[{"href":"https:\/\/sitepersojlc.fr\/index.php?rest_route=%2Fwp%2Fv2%2Fmedia&parent=2719"}],"curies":[{"name":"wp","href":"https:\/\/api.w.org\/{rel}","templated":true}]}}