{"id":13323,"date":"2026-02-10T13:35:29","date_gmt":"2026-02-10T13:35:29","guid":{"rendered":"https:\/\/sitepersojlc.fr\/?page_id=13323"},"modified":"2026-02-11T13:57:33","modified_gmt":"2026-02-11T13:57:33","slug":"apprenti-et-contrat-pro-2026","status":"publish","type":"page","link":"https:\/\/sitepersojlc.fr\/?page_id=13323","title":{"rendered":"Apprenti et Contrat Pro 2026"},"content":{"rendered":"\n<p><\/p>\n\n\n\n<h3 style=\"text-align: center;\">Contrat d&rsquo;apprentissage et Contrat de Professionnalisation 2026<\/h3>\n\n\n\n<h4>\u00a0<\/h4>\n<h4 style=\"text-align: center;\"><em>1.Comparaison contrat d&rsquo;apprentissage et contrat de professionnalisation\u00a0<\/em><\/h4>\n\n\n\n<p><\/p>\n\n\n\n<div class=\"wp-block-uagb-buttons uagb-buttons__outer-wrap uagb-btn__default-btn uagb-btn-tablet__default-btn uagb-btn-mobile__default-btn uagb-block-c4a99f3f\"><div class=\"uagb-buttons__wrap uagb-buttons-layout-wrap\">\n<div class=\"wp-block-uagb-buttons-child uagb-buttons__outer-wrap uagb-block-b15a8a72 wp-block-button is-style-outline\"><div class=\"uagb-button__wrapper\"><a class=\"uagb-buttons-repeater wp-block-button__link has-background has-text-color\" href=\"https:\/\/sitepersojlc.fr\/wp-content\/uploads\/2026\/02\/CONTRATS-COMPARAISON.zip\" onclick=\"return true;\" rel=\"follow noopener\" target=\"_self\"><div class=\"uagb-button__link\">Comparaison <\/div><\/a><\/div><\/div>\n<\/div><\/div>\n\n\n\n<p><\/p>\n\n\n\n<p><\/p>\n\n\n\n<h4 style=\"text-align: center;\"><em>2.Bulletins de paie des apprentis<\/em><\/h4>\n\n\n\n<p><\/p>\n\n\n\n<h4 class=\"wp-block-heading\" style=\"text-align: justify;\">Vous trouverez dans l\u2019exercice corrig\u00e9 qui suit les principales mesures \u00e0 conna\u00eetre pour \u00e9tablir le bulletin de paie d\u2019un apprenti (heures suppl\u00e9mentaires, salaire de base d\u00e9passant 50% du SMIC, avantage en nature nourriture)&nbsp;<\/h4>\n\n\n\n<p><a href=\"https:\/\/sitepersojlc.fr\/wp-content\/uploads\/2025\/05\/APRRENTI-1-ENONCE-2025.zip\"><\/a><\/p>\n\n\n\n<div class=\"wp-block-uagb-buttons uagb-buttons__outer-wrap uagb-btn__default-btn uagb-btn-tablet__default-btn uagb-btn-mobile__default-btn uagb-block-a7df9f12\"><div class=\"uagb-buttons__wrap uagb-buttons-layout-wrap\">\n<div class=\"wp-block-uagb-buttons-child uagb-buttons__outer-wrap uagb-block-fcc0c299 wp-block-button is-style-outline\"><div class=\"uagb-button__wrapper\"><a class=\"uagb-buttons-repeater wp-block-button__link has-background has-text-color\" href=\"https:\/\/sitepersojlc.fr\/wp-content\/uploads\/2026\/02\/APPRENTI-2026-1.zip\" onclick=\"return true;\" rel=\"follow noopener\" target=\"_self\"><div class=\"uagb-button__link\">Bulletin de Paie d&rsquo;un apprenti <\/div><\/a><\/div><\/div>\n<\/div><\/div>\n\n\n\n<p style=\"text-align: center;\"><em>Mis en ligne le 11\/02\/2026<\/em><\/p>\n\n\n\n<p><\/p>\n\n\n\n<p><\/p>\n\n\n\n<h4 class=\"wp-block-heading\" style=\"text-align: center;\"><em>3.Bulletin de Paie d\u2019un contrat de Professionnalisation ( moins de 45 ans)<\/em><\/h4>\n\n\n\n<p><a href=\"https:\/\/sitepersojlc.fr\/wp-content\/uploads\/2025\/05\/CONTRAT-DE-PROF-1-C-2025.zip\"><\/a><\/p>\n\n\n\n<div class=\"wp-block-uagb-buttons uagb-buttons__outer-wrap uagb-btn__default-btn uagb-btn-tablet__default-btn uagb-btn-mobile__default-btn uagb-block-0bc256cd\"><div class=\"uagb-buttons__wrap uagb-buttons-layout-wrap\">\n<div class=\"wp-block-uagb-buttons-child uagb-buttons__outer-wrap uagb-block-36431618 wp-block-button is-style-outline\"><div class=\"uagb-button__wrapper\"><a class=\"uagb-buttons-repeater wp-block-button__link has-background has-text-color\" href=\"https:\/\/sitepersojlc.fr\/wp-content\/uploads\/2026\/02\/CONTRAT-DE-PROFESSIONNALISATION-2026.zip\" onclick=\"return true;\" rel=\"follow noopener\" target=\"_self\"><div class=\"uagb-button__link\">Bulletin de Paie d&rsquo;un salari\u00e9 en Contrat de Professionnalisation <\/div><\/a><\/div><\/div>\n<\/div><\/div>\n\n\n\n<p><\/p>\n<div class=\"likebtn_container\" style=\"\"><!-- LikeBtn.com BEGIN --><span class=\"likebtn-wrapper\"  data-identifier=\"page_13323\"  data-site_id=\"6663fc396fd08b3d0b514646\"  data-lang=\"fr\"  data-style=\"\"  data-unlike_allowed=\"\"  data-show_copyright=\"\"  data-item_url=\"https:\/\/sitepersojlc.fr\/?page_id=13323\"  data-item_title=\"Apprenti et Contrat Pro 2026\"  data-item_date=\"2026-02-10T13:35:29+00:00\"  data-engine=\"WordPress\"  data-plugin_v=\"2.6.52\"  data-prx=\"https:\/\/sitepersojlc.fr\/wp-admin\/admin-ajax.php?action=likebtn_prx\"  data-event_handler=\"likebtn_eh\" ><\/span><!-- LikeBtn.com END --><\/div>","protected":false},"excerpt":{"rendered":"<p>Contrat d&rsquo;apprentissage et Contrat de Professionnalisation 2026 \u00a0 1.Comparaison contrat d&rsquo;apprentissage et contrat de professionnalisation\u00a0 2.Bulletins de paie des apprentis Vous trouverez dans l\u2019exercice corrig\u00e9 qui suit les principales mesures \u00e0 conna\u00eetre pour \u00e9tablir le bulletin de paie d\u2019un apprenti (heures suppl\u00e9mentaires, salaire de base d\u00e9passant 50% du SMIC, avantage en nature nourriture)&nbsp; Mis en [&hellip;]<\/p>\n<div class=\"likebtn_container\" style=\"\"><!-- LikeBtn.com BEGIN --><span class=\"likebtn-wrapper\"  data-identifier=\"page_13323\"  data-site_id=\"6663fc396fd08b3d0b514646\"  data-lang=\"fr\"  data-style=\"\"  data-unlike_allowed=\"\"  data-show_copyright=\"\"  data-item_url=\"https:\/\/sitepersojlc.fr\/?page_id=13323\"  data-item_title=\"Apprenti et Contrat Pro 2026\"  data-item_date=\"2026-02-10T13:35:29+00:00\"  data-engine=\"WordPress\"  data-plugin_v=\"2.6.52\"  data-prx=\"https:\/\/sitepersojlc.fr\/wp-admin\/admin-ajax.php?action=likebtn_prx\"  data-event_handler=\"likebtn_eh\" ><\/span><!-- LikeBtn.com END --><\/div>","protected":false},"author":1,"featured_media":0,"parent":0,"menu_order":0,"comment_status":"closed","ping_status":"closed","template":"","meta":{"om_disable_all_campaigns":false,"_uag_custom_page_level_css":"","_monsterinsights_skip_tracking":false,"_monsterinsights_sitenote_active":false,"_monsterinsights_sitenote_note":"","_monsterinsights_sitenote_category":0,"_uf_show_specific_survey":0,"_uf_disable_surveys":false,"footnotes":""},"aioseo_notices":[],"uagb_featured_image_src":{"full":false,"thumbnail":false,"medium":false,"medium_large":false,"large":false,"1536x1536":false,"2048x2048":false},"uagb_author_info":{"display_name":"lechev.1910@gmail.com","author_link":"https:\/\/sitepersojlc.fr\/?author=1"},"uagb_comment_info":0,"uagb_excerpt":"Contrat d&rsquo;apprentissage et Contrat de Professionnalisation 2026 \u00a0 1.Comparaison contrat d&rsquo;apprentissage et contrat de professionnalisation\u00a0 2.Bulletins de paie des apprentis Vous trouverez dans l\u2019exercice corrig\u00e9 qui suit les principales mesures \u00e0 conna\u00eetre pour \u00e9tablir le bulletin de paie d\u2019un apprenti (heures suppl\u00e9mentaires, salaire de base d\u00e9passant 50% du SMIC, avantage en nature nourriture)&nbsp; Mis en\u2026","_links":{"self":[{"href":"https:\/\/sitepersojlc.fr\/index.php?rest_route=\/wp\/v2\/pages\/13323"}],"collection":[{"href":"https:\/\/sitepersojlc.fr\/index.php?rest_route=\/wp\/v2\/pages"}],"about":[{"href":"https:\/\/sitepersojlc.fr\/index.php?rest_route=\/wp\/v2\/types\/page"}],"author":[{"embeddable":true,"href":"https:\/\/sitepersojlc.fr\/index.php?rest_route=\/wp\/v2\/users\/1"}],"replies":[{"embeddable":true,"href":"https:\/\/sitepersojlc.fr\/index.php?rest_route=%2Fwp%2Fv2%2Fcomments&post=13323"}],"version-history":[{"count":15,"href":"https:\/\/sitepersojlc.fr\/index.php?rest_route=\/wp\/v2\/pages\/13323\/revisions"}],"predecessor-version":[{"id":13376,"href":"https:\/\/sitepersojlc.fr\/index.php?rest_route=\/wp\/v2\/pages\/13323\/revisions\/13376"}],"wp:attachment":[{"href":"https:\/\/sitepersojlc.fr\/index.php?rest_route=%2Fwp%2Fv2%2Fmedia&parent=13323"}],"curies":[{"name":"wp","href":"https:\/\/api.w.org\/{rel}","templated":true}]}}