{"id":13301,"date":"2026-02-10T12:37:36","date_gmt":"2026-02-10T12:37:36","guid":{"rendered":"https:\/\/sitepersojlc.fr\/?page_id=13301"},"modified":"2026-02-10T13:13:18","modified_gmt":"2026-02-10T13:13:18","slug":"dirigeants-2026","status":"publish","type":"page","link":"https:\/\/sitepersojlc.fr\/?page_id=13301","title":{"rendered":"Dirigeants  (2026)"},"content":{"rendered":"\n<p><\/p>\n\n\n\n<h3 style=\"text-align: center;\">Dirigeants (2026)&nbsp;<\/h3>\n\n\n\n<p><\/p>\n\n\n\n<h4 class=\"wp-block-heading\" style=\"text-align: justify;\">Dans le fichier ci-dessous vous trouverez l\u2019essentiel des dispositions \u00e0 conna\u00eetre concernant les&nbsp; dirigeants dits \u00ab assimil\u00e9s salari\u00e9s \u00bb<\/h4>\n\n\n\n<p><a href=\"https:\/\/sitepersojlc.fr\/?page_id=6055#\"><\/a><\/p>\n\n\n\n<p><a href=\"https:\/\/sitepersojlc.fr\/wp-content\/uploads\/2025\/05\/Les-dirigeants-assimiles-salaries.zip\"><\/a><\/p>\n\n\n\n<div class=\"wp-block-uagb-buttons uagb-buttons__outer-wrap uagb-btn__default-btn uagb-btn-tablet__default-btn uagb-btn-mobile__default-btn uagb-block-fd5caa08\"><div class=\"uagb-buttons__wrap uagb-buttons-layout-wrap\">\n<div class=\"wp-block-uagb-buttons-child uagb-buttons__outer-wrap uagb-block-6a30f156 wp-block-button is-style-outline\"><div class=\"uagb-button__wrapper\"><a class=\"uagb-buttons-repeater wp-block-button__link has-background has-text-color\" href=\"https:\/\/sitepersojlc.fr\/wp-content\/uploads\/2026\/02\/Le-regime-social-du-dirigeant-assimile-salarie-2026.zip\" onclick=\"return true;\" rel=\"follow noopener\" target=\"_self\"><div class=\"uagb-button__link\">R\u00e9gime social des dirigeants assimil\u00e9s salari\u00e9s<\/div><\/a><\/div><\/div>\n<\/div><\/div>\n\n\n\n<p><\/p>\n\n\n\n<div class=\"wp-block-uagb-buttons uagb-buttons__outer-wrap uagb-btn__default-btn uagb-btn-tablet__default-btn uagb-btn-mobile__default-btn uagb-block-f62a68ea\"><div class=\"uagb-buttons__wrap uagb-buttons-layout-wrap\">\n<div class=\"wp-block-uagb-buttons-child uagb-buttons__outer-wrap uagb-block-67f14caa wp-block-button is-style-outline\"><div class=\"uagb-button__wrapper\"><a class=\"uagb-buttons-repeater wp-block-button__link has-background has-text-color\" href=\"https:\/\/sitepersojlc.fr\/wp-content\/uploads\/2026\/02\/Les-dirigeants-assimiles-salaries.zip\" onclick=\"return true;\" rel=\"follow noopener\" target=\"_self\"><div class=\"uagb-button__link\">R\u00e9sum\u00e9 r\u00e9gime social des dirigeants assimil\u00e9s salari\u00e9s<\/div><\/a><\/div><\/div>\n<\/div><\/div>\n\n\n\n<p><a href=\"https:\/\/sitepersojlc.fr\/wp-content\/uploads\/2025\/06\/Le-regime-social-du-dirigeant-assimile-salarie.zip\"><\/a><\/p>\n\n\n\n<p><\/p>\n\n\n\n<h4 class=\"wp-block-heading\" style=\"text-align: justify;\">Suivent ici 2 exemples de bulletins de paie : l\u2019un concerne un g\u00e9rant minoritaire de SARL n\u2019ayant pas de contrat de travail, percevant une\u00a0 indemnit\u00e9 de g\u00e9rance et b\u00e9n\u00e9ficiant d\u2019un avantage en nature logement ; l\u2019autre o\u00f9 le g\u00e9rant minoritaire d\u2019une SARL per\u00e7oit \u00e0 la fois une r\u00e9mun\u00e9ration en tant que salari\u00e9\u00a0 et une indemnit\u00e9 de g\u00e9rance<\/h4>\n\n\n\n<p><\/p>\n\n\n\n<p><\/p>\n\n\n\n<p><a href=\"https:\/\/sitepersojlc.fr\/wp-content\/uploads\/2023\/11\/REMUNERATION-GERANT-MINORITAIRE-SARL-PAS-DE-CONTRAT-DE-TRAVAIL.zip\"><\/a><\/p>\n\n\n\n<div class=\"wp-block-buttons is-layout-flex\"><\/div>\n\n\n\n<p><a href=\"https:\/\/sitepersojlc.fr\/wp-content\/uploads\/2025\/05\/INDEMNITE-DE-GERANCE-1-2025-1.zip\"><\/a><\/p>\n\n\n\n<div class=\"wp-block-uagb-buttons uagb-buttons__outer-wrap uagb-btn__default-btn uagb-btn-tablet__default-btn uagb-btn-mobile__default-btn uagb-block-2063003c\"><div class=\"uagb-buttons__wrap uagb-buttons-layout-wrap\">\n<div class=\"wp-block-uagb-buttons-child uagb-buttons__outer-wrap uagb-block-241fc3fa wp-block-button is-style-outline\"><div class=\"uagb-button__wrapper\"><a class=\"uagb-buttons-repeater wp-block-button__link has-background has-text-color\" href=\"https:\/\/sitepersojlc.fr\/wp-content\/uploads\/2026\/02\/INDEMNITES-DE-GRANCE-2026-1.zip\" onclick=\"return true;\" rel=\"follow noopener\" target=\"_self\"><div class=\"uagb-button__link\">Contrat de travail + Indemnit\u00e9 de G\u00e9rance <\/div><\/a><\/div><\/div>\n<\/div><\/div>\n\n\n\n<p>&nbsp;<\/p>\n\n\n\n<div class=\"wp-block-uagb-buttons uagb-buttons__outer-wrap uagb-btn__default-btn uagb-btn-tablet__default-btn uagb-btn-mobile__default-btn uagb-block-fb38ad66\"><div class=\"uagb-buttons__wrap uagb-buttons-layout-wrap\">\n<div class=\"wp-block-uagb-buttons-child uagb-buttons__outer-wrap uagb-block-caf774f3 wp-block-button is-style-outline\"><div class=\"uagb-button__wrapper\"><a class=\"uagb-buttons-repeater wp-block-button__link has-background has-text-color\" href=\"https:\/\/sitepersojlc.fr\/wp-content\/uploads\/2026\/02\/INDEMNITES-DE-GERANCE-SEULE-2026.zip\" onclick=\"return true;\" rel=\"follow noopener\" target=\"_self\"><div class=\"uagb-button__link\">Indemnit\u00e9 de g\u00e9rance seule <\/div><\/a><\/div><\/div>\n<\/div><\/div>\n\n\n\n<p><\/p>\n\n\n\n<p><\/p>\n\n\n\n<p><\/p>\n\n\n\n<p><\/p>\n\n\n\n<p><\/p>\n\n\n\n<p><\/p>\n<div class=\"likebtn_container\" style=\"\"><!-- LikeBtn.com BEGIN --><span class=\"likebtn-wrapper\"  data-identifier=\"page_13301\"  data-site_id=\"6663fc396fd08b3d0b514646\"  data-lang=\"fr\"  data-style=\"\"  data-unlike_allowed=\"\"  data-show_copyright=\"\"  data-item_url=\"https:\/\/sitepersojlc.fr\/?page_id=13301\"  data-item_title=\"Dirigeants (2026)\"  data-item_date=\"2026-02-10T12:37:36+00:00\"  data-engine=\"WordPress\"  data-plugin_v=\"2.6.52\"  data-prx=\"https:\/\/sitepersojlc.fr\/wp-admin\/admin-ajax.php?action=likebtn_prx\"  data-event_handler=\"likebtn_eh\" ><\/span><!-- LikeBtn.com END --><\/div>","protected":false},"excerpt":{"rendered":"<p>Dirigeants (2026)&nbsp; Dans le fichier ci-dessous vous trouverez l\u2019essentiel des dispositions \u00e0 conna\u00eetre concernant les&nbsp; dirigeants dits \u00ab assimil\u00e9s salari\u00e9s \u00bb Suivent ici 2 exemples de bulletins de paie : l\u2019un concerne un g\u00e9rant minoritaire de SARL n\u2019ayant pas de contrat de travail, percevant une\u00a0 indemnit\u00e9 de g\u00e9rance et b\u00e9n\u00e9ficiant d\u2019un avantage en nature logement [&hellip;]<\/p>\n<div class=\"likebtn_container\" style=\"\"><!-- LikeBtn.com BEGIN --><span class=\"likebtn-wrapper\"  data-identifier=\"page_13301\"  data-site_id=\"6663fc396fd08b3d0b514646\"  data-lang=\"fr\"  data-style=\"\"  data-unlike_allowed=\"\"  data-show_copyright=\"\"  data-item_url=\"https:\/\/sitepersojlc.fr\/?page_id=13301\"  data-item_title=\"Dirigeants (2026)\"  data-item_date=\"2026-02-10T12:37:36+00:00\"  data-engine=\"WordPress\"  data-plugin_v=\"2.6.52\"  data-prx=\"https:\/\/sitepersojlc.fr\/wp-admin\/admin-ajax.php?action=likebtn_prx\"  data-event_handler=\"likebtn_eh\" ><\/span><!-- LikeBtn.com END --><\/div>","protected":false},"author":1,"featured_media":0,"parent":0,"menu_order":0,"comment_status":"closed","ping_status":"closed","template":"","meta":{"om_disable_all_campaigns":false,"_uag_custom_page_level_css":"","_monsterinsights_skip_tracking":false,"_monsterinsights_sitenote_active":false,"_monsterinsights_sitenote_note":"","_monsterinsights_sitenote_category":0,"_uf_show_specific_survey":0,"_uf_disable_surveys":false,"footnotes":""},"aioseo_notices":[],"uagb_featured_image_src":{"full":false,"thumbnail":false,"medium":false,"medium_large":false,"large":false,"1536x1536":false,"2048x2048":false},"uagb_author_info":{"display_name":"lechev.1910@gmail.com","author_link":"https:\/\/sitepersojlc.fr\/?author=1"},"uagb_comment_info":0,"uagb_excerpt":"Dirigeants (2026)&nbsp; Dans le fichier ci-dessous vous trouverez l\u2019essentiel des dispositions \u00e0 conna\u00eetre concernant les&nbsp; dirigeants dits \u00ab assimil\u00e9s salari\u00e9s \u00bb Suivent ici 2 exemples de bulletins de paie : l\u2019un concerne un g\u00e9rant minoritaire de SARL n\u2019ayant pas de contrat de travail, percevant une\u00a0 indemnit\u00e9 de g\u00e9rance et b\u00e9n\u00e9ficiant d\u2019un avantage en nature logement\u2026","_links":{"self":[{"href":"https:\/\/sitepersojlc.fr\/index.php?rest_route=\/wp\/v2\/pages\/13301"}],"collection":[{"href":"https:\/\/sitepersojlc.fr\/index.php?rest_route=\/wp\/v2\/pages"}],"about":[{"href":"https:\/\/sitepersojlc.fr\/index.php?rest_route=\/wp\/v2\/types\/page"}],"author":[{"embeddable":true,"href":"https:\/\/sitepersojlc.fr\/index.php?rest_route=\/wp\/v2\/users\/1"}],"replies":[{"embeddable":true,"href":"https:\/\/sitepersojlc.fr\/index.php?rest_route=%2Fwp%2Fv2%2Fcomments&post=13301"}],"version-history":[{"count":9,"href":"https:\/\/sitepersojlc.fr\/index.php?rest_route=\/wp\/v2\/pages\/13301\/revisions"}],"predecessor-version":[{"id":13320,"href":"https:\/\/sitepersojlc.fr\/index.php?rest_route=\/wp\/v2\/pages\/13301\/revisions\/13320"}],"wp:attachment":[{"href":"https:\/\/sitepersojlc.fr\/index.php?rest_route=%2Fwp%2Fv2%2Fmedia&parent=13301"}],"curies":[{"name":"wp","href":"https:\/\/api.w.org\/{rel}","templated":true}]}}