{"id":13063,"date":"2026-01-26T16:34:33","date_gmt":"2026-01-26T16:34:33","guid":{"rendered":"https:\/\/sitepersojlc.fr\/?page_id=13063"},"modified":"2026-02-06T07:31:56","modified_gmt":"2026-02-06T07:31:56","slug":"btp-2026","status":"publish","type":"page","link":"https:\/\/sitepersojlc.fr\/?page_id=13063","title":{"rendered":"Cadres du B\u00e2timent   2026"},"content":{"rendered":"\n<p><\/p>\n\n\n\n<p><\/p>\n\n\n\n<h4 style=\"text-align: center;\">BTP 2026<\/h4>\n\n\n\n<p><\/p>\n\n\n\n<p><\/p>\n\n\n\n<div class=\"wp-block-uagb-buttons uagb-buttons__outer-wrap uagb-btn__default-btn uagb-btn-tablet__default-btn uagb-btn-mobile__default-btn uagb-block-27836d61\"><div class=\"uagb-buttons__wrap uagb-buttons-layout-wrap\">\n<div class=\"wp-block-uagb-buttons-child uagb-buttons__outer-wrap uagb-block-18458e34 wp-block-button is-style-outline\"><div class=\"uagb-button__wrapper\"><a class=\"uagb-buttons-repeater wp-block-button__link has-background has-text-color\" href=\"https:\/\/sitepersojlc.fr\/wp-content\/uploads\/2026\/01\/RGDU-2026-BTP-1.zip\" onclick=\"return true;\" rel=\"follow noopener\" target=\"_self\"><div class=\"uagb-button__link\">Matrice RGDU BTP <\/div><\/a><\/div><\/div>\n<\/div><\/div>\n\n\n\n<p><\/p>\n\n\n\n<h4 style=\"text-align: justify;\">Ci-dessous bulletin de paie d&rsquo;un cadre du B\u00e2timent dans une entreprise de la RP employant 51 salari\u00e9s. Heures suppl\u00e9mentaires ponctuelles<\/h4>\n\n\n\n<p><\/p>\n\n\n\n<div class=\"wp-block-uagb-buttons uagb-buttons__outer-wrap uagb-btn__default-btn uagb-btn-tablet__default-btn uagb-btn-mobile__default-btn uagb-block-6688392a\"><div class=\"uagb-buttons__wrap uagb-buttons-layout-wrap\">\n<div class=\"wp-block-uagb-buttons-child uagb-buttons__outer-wrap uagb-block-f5838083 wp-block-button is-style-outline\"><div class=\"uagb-button__wrapper\"><a class=\"uagb-buttons-repeater wp-block-button__link has-background has-text-color\" href=\"https:\/\/sitepersojlc.fr\/wp-content\/uploads\/2026\/02\/1.B-C-HSUPP-BP1-51-SAL.zip\" onclick=\"return true;\" rel=\"follow noopener\" target=\"_self\"><div class=\"uagb-button__link\">BP Comment\u00e9 Cadre du B\u00e2timent 51 sal <\/div><\/a><\/div><\/div>\n<\/div><\/div>\n\n\n\n<h6 style=\"text-align: center;\">Mis \u00e0 jour le 6\/02\/2026<\/h6>\n\n\n\n<div class=\"wp-block-uagb-buttons uagb-buttons__outer-wrap uagb-btn__default-btn uagb-btn-tablet__default-btn uagb-btn-mobile__default-btn uagb-block-0257a357\"><div class=\"uagb-buttons__wrap uagb-buttons-layout-wrap\">\n<div class=\"wp-block-uagb-buttons-child uagb-buttons__outer-wrap uagb-block-fe1d564b wp-block-button is-style-outline\"><div class=\"uagb-button__wrapper\"><a class=\"uagb-buttons-repeater wp-block-button__link has-background has-text-color\" href=\"https:\/\/sitepersojlc.fr\/wp-content\/uploads\/2026\/02\/BP-CADRE-B-2026-51-SAL-HSUPP.zip\" onclick=\"return true;\" rel=\"follow noopener\" target=\"_self\"><div class=\"uagb-button__link\">BP Cadre du B\u00e2timent 51 sal <\/div><\/a><\/div><\/div>\n<\/div><\/div>\n\n\n\n<h6 style=\"text-align: center;\">Mis \u00e0 jour le 6\/02\/2026<\/h6>\n\n\n\n<h4 style=\"text-align: justify;\">Ci-dessous bulletin de paie d&rsquo;un Cadre du B\u00e2timent dans une entreprise de la RP employant 9 salari\u00e9s. Heures suppl\u00e9mentaires structurelles&nbsp;<\/h4>\n\n\n\n<p><\/p>\n\n\n\n<p><\/p>\n\n\n\n<div class=\"wp-block-uagb-buttons uagb-buttons__outer-wrap uagb-btn__default-btn uagb-btn-tablet__default-btn uagb-btn-mobile__default-btn uagb-block-26efde44\"><div class=\"uagb-buttons__wrap uagb-buttons-layout-wrap\">\n<div class=\"wp-block-uagb-buttons-child uagb-buttons__outer-wrap uagb-block-be7bba7c wp-block-button is-style-outline\"><div class=\"uagb-button__wrapper\"><a class=\"uagb-buttons-repeater wp-block-button__link has-background has-text-color\" href=\"https:\/\/sitepersojlc.fr\/wp-content\/uploads\/2026\/02\/BP-CADRE-B-2026-9-sal.zip\" onclick=\"return true;\" rel=\"follow noopener\" target=\"_self\"><div class=\"uagb-button__link\">BP Cadre du B\u00e2timent 9 salari\u00e9s<\/div><\/a><\/div><\/div>\n<\/div><\/div>\n\n\n\n<h6 style=\"text-align: center;\">Mis \u00e0 jour le 06\/02\/2026<\/h6>\n\n\n\n<p><\/p>\n\n\n\n<h4 style=\"text-align: justify;\">Ci-dessous bulletin de paie d&rsquo;un Cadre du B\u00e2timent\u00a0 travaillant dans une entreprise dont le si\u00e8ge social est situ\u00e9 \u00e0 Saint-Brieuc dans les C\u00f4tes d&rsquo;Armor et qui effectue un d\u00e9placement professionnel de 1 semaine en r\u00e9gion parisienne. L&rsquo;entreprise dont les effectifs sont de 51 salari\u00e9s rembourse les frais engag\u00e9s sur la base d&rsquo;une allocation forfaitaire de 150 euros par jour ( hors remboursement au r\u00e9el du billet de train).\u00a0<\/h4>\n\n\n\n<p><\/p>\n\n\n\n<div class=\"wp-block-uagb-buttons uagb-buttons__outer-wrap uagb-btn__default-btn uagb-btn-tablet__default-btn uagb-btn-mobile__default-btn uagb-block-c3b1a43a\"><div class=\"uagb-buttons__wrap uagb-buttons-layout-wrap\">\n<div class=\"wp-block-uagb-buttons-child uagb-buttons__outer-wrap uagb-block-5f820c12 wp-block-button is-style-outline\"><div class=\"uagb-button__wrapper\"><a class=\"uagb-buttons-repeater wp-block-button__link has-background has-text-color\" href=\"https:\/\/sitepersojlc.fr\/wp-content\/uploads\/2026\/02\/1.B-C-FRAPSPROF-BP2-51-SAL-2026.zip\" onclick=\"return true;\" rel=\"follow noopener\" target=\"_self\"><div class=\"uagb-button__link\">Bulletin de Paie Comment\u00e9 2 <\/div><\/a><\/div><\/div>\n<\/div><\/div>\n\n\n\n<p><\/p>\n\n\n\n<div class=\"wp-block-uagb-buttons uagb-buttons__outer-wrap uagb-btn__default-btn uagb-btn-tablet__default-btn uagb-btn-mobile__default-btn uagb-block-d493cb7b\"><div class=\"uagb-buttons__wrap uagb-buttons-layout-wrap\">\n<div class=\"wp-block-uagb-buttons-child uagb-buttons__outer-wrap uagb-block-37ee2199 wp-block-button is-style-outline\"><div class=\"uagb-button__wrapper\"><a class=\"uagb-buttons-repeater wp-block-button__link has-background has-text-color\" href=\"https:\/\/sitepersojlc.fr\/wp-content\/uploads\/2026\/02\/BP-CADRE-B-2026-51-SAL-FPROF.zip\" onclick=\"return true;\" rel=\"follow noopener\" target=\"_self\"><div class=\"uagb-button__link\">Bulletin de Paie Frais Prof. Entreprise de 51 sal.<\/div><\/a><\/div><\/div>\n<\/div><\/div>\n\n\n\n<h6 style=\"text-align: center;\">Mis \u00e0 jour le 06\/02\/2026<\/h6>\n\n\n\n<p><\/p>\n\n\n\n<p><\/p>\n\n\n\n<p><\/p>\n\n\n\n<p><\/p>\n\n\n\n<p><\/p>\n\n\n\n<p><\/p>\n\n\n\n<p><\/p>\n<div class=\"likebtn_container\" style=\"\"><!-- LikeBtn.com BEGIN --><span class=\"likebtn-wrapper\"  data-identifier=\"page_13063\"  data-site_id=\"6663fc396fd08b3d0b514646\"  data-lang=\"fr\"  data-style=\"\"  data-unlike_allowed=\"\"  data-show_copyright=\"\"  data-item_url=\"https:\/\/sitepersojlc.fr\/?page_id=13063\"  data-item_title=\"Cadres du B\u00e2timent 2026\"  data-item_date=\"2026-01-26T16:34:33+00:00\"  data-engine=\"WordPress\"  data-plugin_v=\"2.6.52\"  data-prx=\"https:\/\/sitepersojlc.fr\/wp-admin\/admin-ajax.php?action=likebtn_prx\"  data-event_handler=\"likebtn_eh\" ><\/span><!-- LikeBtn.com END --><\/div>","protected":false},"excerpt":{"rendered":"<p>BTP 2026 Ci-dessous bulletin de paie d&rsquo;un cadre du B\u00e2timent dans une entreprise de la RP employant 51 salari\u00e9s. Heures suppl\u00e9mentaires ponctuelles Mis \u00e0 jour le 6\/02\/2026 Mis \u00e0 jour le 6\/02\/2026 Ci-dessous bulletin de paie d&rsquo;un Cadre du B\u00e2timent dans une entreprise de la RP employant 9 salari\u00e9s. Heures suppl\u00e9mentaires structurelles&nbsp; Mis \u00e0 jour [&hellip;]<\/p>\n<div class=\"likebtn_container\" style=\"\"><!-- LikeBtn.com BEGIN --><span class=\"likebtn-wrapper\"  data-identifier=\"page_13063\"  data-site_id=\"6663fc396fd08b3d0b514646\"  data-lang=\"fr\"  data-style=\"\"  data-unlike_allowed=\"\"  data-show_copyright=\"\"  data-item_url=\"https:\/\/sitepersojlc.fr\/?page_id=13063\"  data-item_title=\"Cadres du B\u00e2timent 2026\"  data-item_date=\"2026-01-26T16:34:33+00:00\"  data-engine=\"WordPress\"  data-plugin_v=\"2.6.52\"  data-prx=\"https:\/\/sitepersojlc.fr\/wp-admin\/admin-ajax.php?action=likebtn_prx\"  data-event_handler=\"likebtn_eh\" ><\/span><!-- LikeBtn.com END --><\/div>","protected":false},"author":1,"featured_media":0,"parent":0,"menu_order":0,"comment_status":"closed","ping_status":"closed","template":"","meta":{"om_disable_all_campaigns":false,"_uag_custom_page_level_css":"","_monsterinsights_skip_tracking":false,"_monsterinsights_sitenote_active":false,"_monsterinsights_sitenote_note":"","_monsterinsights_sitenote_category":0,"_uf_show_specific_survey":0,"_uf_disable_surveys":false,"footnotes":""},"aioseo_notices":[],"uagb_featured_image_src":{"full":false,"thumbnail":false,"medium":false,"medium_large":false,"large":false,"1536x1536":false,"2048x2048":false},"uagb_author_info":{"display_name":"lechev.1910@gmail.com","author_link":"https:\/\/sitepersojlc.fr\/?author=1"},"uagb_comment_info":0,"uagb_excerpt":"BTP 2026 Ci-dessous bulletin de paie d&rsquo;un cadre du B\u00e2timent dans une entreprise de la RP employant 51 salari\u00e9s. Heures suppl\u00e9mentaires ponctuelles Mis \u00e0 jour le 6\/02\/2026 Mis \u00e0 jour le 6\/02\/2026 Ci-dessous bulletin de paie d&rsquo;un Cadre du B\u00e2timent dans une entreprise de la RP employant 9 salari\u00e9s. Heures suppl\u00e9mentaires structurelles&nbsp; Mis \u00e0 jour\u2026","_links":{"self":[{"href":"https:\/\/sitepersojlc.fr\/index.php?rest_route=\/wp\/v2\/pages\/13063"}],"collection":[{"href":"https:\/\/sitepersojlc.fr\/index.php?rest_route=\/wp\/v2\/pages"}],"about":[{"href":"https:\/\/sitepersojlc.fr\/index.php?rest_route=\/wp\/v2\/types\/page"}],"author":[{"embeddable":true,"href":"https:\/\/sitepersojlc.fr\/index.php?rest_route=\/wp\/v2\/users\/1"}],"replies":[{"embeddable":true,"href":"https:\/\/sitepersojlc.fr\/index.php?rest_route=%2Fwp%2Fv2%2Fcomments&post=13063"}],"version-history":[{"count":27,"href":"https:\/\/sitepersojlc.fr\/index.php?rest_route=\/wp\/v2\/pages\/13063\/revisions"}],"predecessor-version":[{"id":13274,"href":"https:\/\/sitepersojlc.fr\/index.php?rest_route=\/wp\/v2\/pages\/13063\/revisions\/13274"}],"wp:attachment":[{"href":"https:\/\/sitepersojlc.fr\/index.php?rest_route=%2Fwp%2Fv2%2Fmedia&parent=13063"}],"curies":[{"name":"wp","href":"https:\/\/api.w.org\/{rel}","templated":true}]}}