{"id":12753,"date":"2026-01-13T15:59:44","date_gmt":"2026-01-13T15:59:44","guid":{"rendered":"https:\/\/sitepersojlc.fr\/?page_id=12753"},"modified":"2026-02-03T02:17:21","modified_gmt":"2026-02-03T02:17:21","slug":"avertissement","status":"publish","type":"page","link":"https:\/\/sitepersojlc.fr\/?page_id=12753","title":{"rendered":"A lire !!! Important"},"content":{"rendered":"\n<h3 style=\"text-align: center;\">Important !!!\u00a0<\/h3>\n<p style=\"text-align: center;\">Le\u00a0 13\/01\/2026<\/p>\n<h4>Les bulletins de paie propos\u00e9s \u00e0 ce jour sur 2026 sont provisoires en attendant une relecture .\u00a0<\/h4>\n<h4 style=\"text-align: justify;\">Les matrices RGDU\u00a0 figurant sur l&rsquo;ensemble des bulletins de paie sont d\u00e9sormais \u00e0 jour (<em>le 03\/02\/2026)<\/em><\/h4>\n<h4 style=\"text-align: center;\">\u00a0<\/h4>\n<h4 style=\"text-align: justify;\">Le taux neutre applicable\u00a0 en 2026 est celui qui \u00e9tait applicable depuis le 01\/05\/2025. Pas de modification donc sur les BP\u00a0 propos\u00e9s sur 2026<em> (le 03\/\/02\/2026)<\/em><\/h4>\n\n\n\n<p><\/p>\n\n\n\n<p>\u00a0<\/p>\n<p>Le <strong>16\/01\/2026<\/strong> au soir : dans la matrice de la RGDU quelques points de d\u00e9tail ont \u00e9t\u00e9 modifi\u00e9s :<\/p>\n<ol>\n<li>le coefficient est arrondi \u00e0 4 chiffres apr\u00e8s la virgule. La formule \u00e0 saisir dans la maquette \u00e0 la Ligne 44 est donc &lsquo;=ARRONDI(SI((C35+C43)=0,02;0;C35+C43);4)<\/li>\n<li style=\"text-align: justify;\">dans la cellule recevant les \u00ab\u00a0heures URSSAF\u00a0\u00bb celles-ci sont calcul\u00e9es en r\u00e9f\u00e9rence \u00e0 un horaire de 35*52\/12 ( et non 151,67 m\u00eame si ce\u00a0 montant est tol\u00e9r\u00e9 &#8211; il l&rsquo;\u00e9tait pour la r\u00e9duction g\u00e9n\u00e9rale de cotisations et devrait l&rsquo;\u00eatre pour la RGDU).\u00a0<\/li>\n<\/ol>\n<p>Le <strong>16\/01\/2026 :<\/strong> la Valeur Cible a \u00e9t\u00e9 mise \u00e0 jour<\/p>\n<p style=\"text-align: justify;\">Le <strong>16\/01\/2026<\/strong> : dans la matrice 2026 de la RGDU, dans les exercices d&rsquo;application la r\u00e9f\u00e9rence aux effectifs a \u00e9t\u00e9 corrig\u00e9e (r\u00e9f\u00e9rence absolue chang\u00e9e en r\u00e9f\u00e9rence relative puisque les effectifs sont diff\u00e9rents pour chaque cas \u00e9tudi\u00e9)<\/p>\n<p>Exemple : Cellule K35 =SI(F26&lt;50;$F$4*I35;$F$6*I35) Le test sur la cellule F26 permet de savoir si les effectifs sont ou non inf\u00e9rieurs \u00e0 50 salari\u00e9s.<\/p>\n<p>Cellule K56\u00a0 =SI(F47&lt;50;$F$4*I56;$F$6*I56) le test est effectu\u00e9 sur la cellule F47 dans laquelle les effectifs pour cet exemple ont \u00e9t\u00e9 saisis.\u00a0\u00a0<\/p>\n<p>La pr\u00e9c\u00e9dente formule faisait r\u00e9f\u00e9rence syst\u00e9matiquement\u00a0 aux effectifs de la cellule F12.<\/p>\n\n\n\n<p><\/p>\n\n\n\n<p><\/p>\n<div class=\"likebtn_container\" style=\"\"><!-- LikeBtn.com BEGIN --><span class=\"likebtn-wrapper\"  data-identifier=\"page_12753\"  data-site_id=\"6663fc396fd08b3d0b514646\"  data-lang=\"fr\"  data-style=\"\"  data-unlike_allowed=\"\"  data-show_copyright=\"\"  data-item_url=\"https:\/\/sitepersojlc.fr\/?page_id=12753\"  data-item_title=\"A lire !!! Important\"  data-item_date=\"2026-01-13T15:59:44+00:00\"  data-engine=\"WordPress\"  data-plugin_v=\"2.6.52\"  data-prx=\"https:\/\/sitepersojlc.fr\/wp-admin\/admin-ajax.php?action=likebtn_prx\"  data-event_handler=\"likebtn_eh\" ><\/span><!-- LikeBtn.com END --><\/div>","protected":false},"excerpt":{"rendered":"<p>Important !!!\u00a0 Le\u00a0 13\/01\/2026 Les bulletins de paie propos\u00e9s \u00e0 ce jour sur 2026 sont provisoires en attendant une relecture .\u00a0 Les matrices RGDU\u00a0 figurant sur l&rsquo;ensemble des bulletins de paie sont d\u00e9sormais \u00e0 jour (le 03\/02\/2026) \u00a0 Le taux neutre applicable\u00a0 en 2026 est celui qui \u00e9tait applicable depuis le 01\/05\/2025. Pas de modification [&hellip;]<\/p>\n<div class=\"likebtn_container\" style=\"\"><!-- LikeBtn.com BEGIN --><span class=\"likebtn-wrapper\"  data-identifier=\"page_12753\"  data-site_id=\"6663fc396fd08b3d0b514646\"  data-lang=\"fr\"  data-style=\"\"  data-unlike_allowed=\"\"  data-show_copyright=\"\"  data-item_url=\"https:\/\/sitepersojlc.fr\/?page_id=12753\"  data-item_title=\"A lire !!! Important\"  data-item_date=\"2026-01-13T15:59:44+00:00\"  data-engine=\"WordPress\"  data-plugin_v=\"2.6.52\"  data-prx=\"https:\/\/sitepersojlc.fr\/wp-admin\/admin-ajax.php?action=likebtn_prx\"  data-event_handler=\"likebtn_eh\" ><\/span><!-- LikeBtn.com END --><\/div>","protected":false},"author":1,"featured_media":0,"parent":0,"menu_order":0,"comment_status":"closed","ping_status":"closed","template":"","meta":{"om_disable_all_campaigns":false,"_uag_custom_page_level_css":"","_monsterinsights_skip_tracking":false,"_monsterinsights_sitenote_active":false,"_monsterinsights_sitenote_note":"","_monsterinsights_sitenote_category":0,"_uf_show_specific_survey":0,"_uf_disable_surveys":false,"footnotes":""},"aioseo_notices":[],"uagb_featured_image_src":{"full":false,"thumbnail":false,"medium":false,"medium_large":false,"large":false,"1536x1536":false,"2048x2048":false},"uagb_author_info":{"display_name":"lechev.1910@gmail.com","author_link":"https:\/\/sitepersojlc.fr\/?author=1"},"uagb_comment_info":0,"uagb_excerpt":"Important !!!\u00a0 Le\u00a0 13\/01\/2026 Les bulletins de paie propos\u00e9s \u00e0 ce jour sur 2026 sont provisoires en attendant une relecture .\u00a0 Les matrices RGDU\u00a0 figurant sur l&rsquo;ensemble des bulletins de paie sont d\u00e9sormais \u00e0 jour (le 03\/02\/2026) \u00a0 Le taux neutre applicable\u00a0 en 2026 est celui qui \u00e9tait applicable depuis le 01\/05\/2025. Pas de modification\u2026","_links":{"self":[{"href":"https:\/\/sitepersojlc.fr\/index.php?rest_route=\/wp\/v2\/pages\/12753"}],"collection":[{"href":"https:\/\/sitepersojlc.fr\/index.php?rest_route=\/wp\/v2\/pages"}],"about":[{"href":"https:\/\/sitepersojlc.fr\/index.php?rest_route=\/wp\/v2\/types\/page"}],"author":[{"embeddable":true,"href":"https:\/\/sitepersojlc.fr\/index.php?rest_route=\/wp\/v2\/users\/1"}],"replies":[{"embeddable":true,"href":"https:\/\/sitepersojlc.fr\/index.php?rest_route=%2Fwp%2Fv2%2Fcomments&post=12753"}],"version-history":[{"count":16,"href":"https:\/\/sitepersojlc.fr\/index.php?rest_route=\/wp\/v2\/pages\/12753\/revisions"}],"predecessor-version":[{"id":13152,"href":"https:\/\/sitepersojlc.fr\/index.php?rest_route=\/wp\/v2\/pages\/12753\/revisions\/13152"}],"wp:attachment":[{"href":"https:\/\/sitepersojlc.fr\/index.php?rest_route=%2Fwp%2Fv2%2Fmedia&parent=12753"}],"curies":[{"name":"wp","href":"https:\/\/api.w.org\/{rel}","templated":true}]}}