{"id":12610,"date":"2026-01-12T07:53:19","date_gmt":"2026-01-12T07:53:19","guid":{"rendered":"https:\/\/sitepersojlc.fr\/?page_id=12610"},"modified":"2026-02-12T07:59:31","modified_gmt":"2026-02-12T07:59:31","slug":"mesures-paie-2026","status":"publish","type":"page","link":"https:\/\/sitepersojlc.fr\/?page_id=12610","title":{"rendered":"Mesures Paie 2026"},"content":{"rendered":"\n<p><\/p>\n\n\n\n<h3 style=\"text-align: center;\">Mesures paie 2026<\/h3>\n\n\n\n<p><\/p>\n\n\n\n<p><\/p>\n\n\n\n<p><\/p>\n\n\n\n<p><\/p>\n\n\n\n<p><\/p>\n\n\n\n<p><\/p>\n\n\n\n<h3><strong>10\/02\/2026<\/strong><\/h3>\n<h3><strong>1. <\/strong>Taux Neutre<\/h3>\n<h4 style=\"text-align: justify;\">Le bar\u00e8me du Taux Neutre est d\u00e9sormais disponible pour sa version 2026 dans le bouton ci-dessous. Les fichiers d&rsquo;exercices\u00a0 sur 2026 pr\u00e9sentent pour la plupart le taux neutre selon sa version applicable avant le vote de la loi de finances 2026. Vous pouvez tr\u00e8s facilement effectuer la modification sur les classeurs sur lesquels vous travaillez. Il vous suffit simplement de recopier la feuille du taux neutre ci-dessous dans la feuille \u00ab\u00a0Taux Neutre\u00a0\u00bb\u00a0 du classeur\u00a0 que vous utilisez (copier \/ coller) et\u00a0 relier la cellule H11 (Base du PAS) de cette feuille\u00a0 \u00e0 la cellule F88 de votre Bulletin de Paie. Les feuilles Taux Neutre Mai et Taux Neutre Janvier peuvent donc d\u00e9sormais \u00eatre supprim\u00e9es.\u00a0<\/h4>\n<h4 style=\"text-align: justify;\">Le texte qui suit n&rsquo;est donc plus d&rsquo;actualit\u00e9 : \u00ab\u00a0Suite au rejet de projet de loi de finances pour 2026, le bar\u00e8me du pr\u00e9l\u00e8vement \u00e0 la source pour 2026 reste identique \u00e0 celui en vigueur en 2025. Il devrait \u00eatre revaloris\u00e9 (sauf gel du bar\u00e8me de l\u2019imp\u00f4t sur le revenu), d\u00e8s la publication d\u2019une loi de finances pour 2026.\u00a0\u00bb<\/h4>\n\n\n\n<p><\/p>\n\n\n\n<div class=\"wp-block-uagb-buttons uagb-buttons__outer-wrap uagb-btn__default-btn uagb-btn-tablet__default-btn uagb-btn-mobile__default-btn uagb-block-8e78f1e6\"><div class=\"uagb-buttons__wrap uagb-buttons-layout-wrap\">\n<div class=\"wp-block-uagb-buttons-child uagb-buttons__outer-wrap uagb-block-40dd932c wp-block-button is-style-outline\"><div class=\"uagb-button__wrapper\"><a class=\"uagb-buttons-repeater wp-block-button__link has-background has-text-color\" href=\"https:\/\/sitepersojlc.fr\/wp-content\/uploads\/2026\/02\/TAUX-NEUTRE-2026.zip\" onclick=\"return true;\" rel=\"follow noopener\" target=\"_self\"><div class=\"uagb-button__link\">Taux neutre 2026 <\/div><\/a><\/div><\/div>\n<\/div><\/div>\n\n\n\n<p><\/p>\n<div class=\"likebtn_container\" style=\"\"><!-- LikeBtn.com BEGIN --><span class=\"likebtn-wrapper\"  data-identifier=\"page_12610\"  data-site_id=\"6663fc396fd08b3d0b514646\"  data-lang=\"fr\"  data-style=\"\"  data-unlike_allowed=\"\"  data-show_copyright=\"\"  data-item_url=\"https:\/\/sitepersojlc.fr\/?page_id=12610\"  data-item_title=\"Mesures Paie 2026\"  data-item_date=\"2026-01-12T07:53:19+00:00\"  data-engine=\"WordPress\"  data-plugin_v=\"2.6.52\"  data-prx=\"https:\/\/sitepersojlc.fr\/wp-admin\/admin-ajax.php?action=likebtn_prx\"  data-event_handler=\"likebtn_eh\" ><\/span><!-- LikeBtn.com END --><\/div>","protected":false},"excerpt":{"rendered":"<p>Mesures paie 2026 10\/02\/2026 1. Taux Neutre Le bar\u00e8me du Taux Neutre est d\u00e9sormais disponible pour sa version 2026 dans le bouton ci-dessous. Les fichiers d&rsquo;exercices\u00a0 sur 2026 pr\u00e9sentent pour la plupart le taux neutre selon sa version applicable avant le vote de la loi de finances 2026. Vous pouvez tr\u00e8s facilement effectuer la modification [&hellip;]<\/p>\n<div class=\"likebtn_container\" style=\"\"><!-- LikeBtn.com BEGIN --><span class=\"likebtn-wrapper\"  data-identifier=\"page_12610\"  data-site_id=\"6663fc396fd08b3d0b514646\"  data-lang=\"fr\"  data-style=\"\"  data-unlike_allowed=\"\"  data-show_copyright=\"\"  data-item_url=\"https:\/\/sitepersojlc.fr\/?page_id=12610\"  data-item_title=\"Mesures Paie 2026\"  data-item_date=\"2026-01-12T07:53:19+00:00\"  data-engine=\"WordPress\"  data-plugin_v=\"2.6.52\"  data-prx=\"https:\/\/sitepersojlc.fr\/wp-admin\/admin-ajax.php?action=likebtn_prx\"  data-event_handler=\"likebtn_eh\" ><\/span><!-- LikeBtn.com END --><\/div>","protected":false},"author":1,"featured_media":0,"parent":0,"menu_order":0,"comment_status":"closed","ping_status":"closed","template":"","meta":{"om_disable_all_campaigns":false,"_uag_custom_page_level_css":"","_monsterinsights_skip_tracking":false,"_monsterinsights_sitenote_active":false,"_monsterinsights_sitenote_note":"","_monsterinsights_sitenote_category":0,"_uf_show_specific_survey":0,"_uf_disable_surveys":false,"footnotes":""},"aioseo_notices":[],"uagb_featured_image_src":{"full":false,"thumbnail":false,"medium":false,"medium_large":false,"large":false,"1536x1536":false,"2048x2048":false},"uagb_author_info":{"display_name":"lechev.1910@gmail.com","author_link":"https:\/\/sitepersojlc.fr\/?author=1"},"uagb_comment_info":0,"uagb_excerpt":"Mesures paie 2026 10\/02\/2026 1. Taux Neutre Le bar\u00e8me du Taux Neutre est d\u00e9sormais disponible pour sa version 2026 dans le bouton ci-dessous. Les fichiers d&rsquo;exercices\u00a0 sur 2026 pr\u00e9sentent pour la plupart le taux neutre selon sa version applicable avant le vote de la loi de finances 2026. Vous pouvez tr\u00e8s facilement effectuer la modification\u2026","_links":{"self":[{"href":"https:\/\/sitepersojlc.fr\/index.php?rest_route=\/wp\/v2\/pages\/12610"}],"collection":[{"href":"https:\/\/sitepersojlc.fr\/index.php?rest_route=\/wp\/v2\/pages"}],"about":[{"href":"https:\/\/sitepersojlc.fr\/index.php?rest_route=\/wp\/v2\/types\/page"}],"author":[{"embeddable":true,"href":"https:\/\/sitepersojlc.fr\/index.php?rest_route=\/wp\/v2\/users\/1"}],"replies":[{"embeddable":true,"href":"https:\/\/sitepersojlc.fr\/index.php?rest_route=%2Fwp%2Fv2%2Fcomments&post=12610"}],"version-history":[{"count":11,"href":"https:\/\/sitepersojlc.fr\/index.php?rest_route=\/wp\/v2\/pages\/12610\/revisions"}],"predecessor-version":[{"id":13391,"href":"https:\/\/sitepersojlc.fr\/index.php?rest_route=\/wp\/v2\/pages\/12610\/revisions\/13391"}],"wp:attachment":[{"href":"https:\/\/sitepersojlc.fr\/index.php?rest_route=%2Fwp%2Fv2%2Fmedia&parent=12610"}],"curies":[{"name":"wp","href":"https:\/\/api.w.org\/{rel}","templated":true}]}}