{"id":12487,"date":"2026-01-09T12:39:12","date_gmt":"2026-01-09T12:39:12","guid":{"rendered":"https:\/\/sitepersojlc.fr\/?page_id=12487"},"modified":"2026-02-02T09:38:42","modified_gmt":"2026-02-02T09:38:42","slug":"matrice-2026-bulletins-de-paie","status":"publish","type":"page","link":"https:\/\/sitepersojlc.fr\/?page_id=12487","title":{"rendered":"Matrice 2026 Bulletins de Paie"},"content":{"rendered":"\n<h3 style=\"text-align: center;\">Matrices 2026 Bulletins de Paie&nbsp;<\/h3>\n\n\n\n<p><\/p>\n\n\n\n<h6 style=\"text-align: center;\"><em>&nbsp;Mise \u00e0 jour RGDU&nbsp; effectu\u00e9e&nbsp;&nbsp;<\/em><\/h6>\n\n\n\n<p><\/p>\n\n\n\n<div class=\"wp-block-uagb-buttons uagb-buttons__outer-wrap uagb-btn__default-btn uagb-btn-tablet__default-btn uagb-btn-mobile__default-btn uagb-block-eaa724f3\"><div class=\"uagb-buttons__wrap uagb-buttons-layout-wrap\">\n<div class=\"wp-block-uagb-buttons-child uagb-buttons__outer-wrap uagb-block-27b2ed56 wp-block-button is-style-outline\"><div class=\"uagb-button__wrapper\"><a class=\"uagb-buttons-repeater wp-block-button__link has-background has-text-color\" href=\"https:\/\/sitepersojlc.fr\/wp-content\/uploads\/2026\/02\/PRESENTATION-DE-LA-MAQUETTE-2.zip\" onclick=\"return true;\" rel=\"follow noopener\" target=\"_self\"><div class=\"uagb-button__link\">Pr\u00e9sentation de la maquette sur 1 Mois isol\u00e9  <\/div><\/a><\/div><\/div>\n<\/div><\/div>\n\n\n\n<h6 style=\"text-align: center;\">Mise \u00e0 jour du fichier ci-dessus le 02\/02\/2026<\/h6>\n\n\n\n<div class=\"wp-block-uagb-buttons uagb-buttons__outer-wrap uagb-btn__default-btn uagb-btn-tablet__default-btn uagb-btn-mobile__default-btn uagb-block-3313f25a\"><div class=\"uagb-buttons__wrap uagb-buttons-layout-wrap\">\n<div class=\"wp-block-uagb-buttons-child uagb-buttons__outer-wrap uagb-block-bec6952f wp-block-button is-style-outline\"><div class=\"uagb-button__wrapper\"><a class=\"uagb-buttons-repeater wp-block-button__link has-background has-text-color\" href=\"https:\/\/sitepersojlc.fr\/wp-content\/uploads\/2026\/02\/MAQUETTE-BP-SUR-1-MOIS-ISOLE-2026.zip\" onclick=\"return true;\" rel=\"follow noopener\" target=\"_self\"><div class=\"uagb-button__link\">Matrice de base sur 1 mois isol\u00e9 <\/div><\/a><\/div><\/div>\n<\/div><\/div>\n\n\n\n<h6 style=\"text-align: center;\">Mise \u00e0 jour du fichier ci-dessus le 02\/02\/2026<\/h6>\n\n\n\n<p><\/p>\n\n\n\n<div class=\"wp-block-uagb-buttons uagb-buttons__outer-wrap uagb-btn__default-btn uagb-btn-tablet__default-btn uagb-btn-mobile__default-btn uagb-block-b9a0b563\"><div class=\"uagb-buttons__wrap uagb-buttons-layout-wrap\">\n<div class=\"wp-block-uagb-buttons-child uagb-buttons__outer-wrap uagb-block-6f1d1a44 wp-block-button is-style-outline\"><div class=\"uagb-button__wrapper\"><a class=\"uagb-buttons-repeater wp-block-button__link has-background has-text-color\" href=\"https:\/\/sitepersojlc.fr\/wp-content\/uploads\/2026\/01\/MAQUETTE-SUR-3-MOIS-2.zip\" onclick=\"return true;\" rel=\"follow noopener\" target=\"_self\"><div class=\"uagb-button__link\">Matrice  de Base sur 3 mois  <\/div><\/a><\/div><\/div>\n\n\n\n<div class=\"wp-block-uagb-buttons-child uagb-buttons__outer-wrap uagb-block-8fc8a458 wp-block-button is-style-outline\"><div class=\"uagb-button__wrapper\"><a class=\"uagb-buttons-repeater wp-block-button__link has-background has-text-color\" href=\"https:\/\/sitepersojlc.fr\/wp-content\/uploads\/2026\/01\/1.-CDD-COURT-CORRECTION-2026-9.zip\" onclick=\"return true;\" rel=\"follow noopener\" target=\"_self\"><div class=\"uagb-button__link\">Application 1 (CDD) <\/div><\/a><\/div><\/div>\n<\/div><\/div>\n\n\n\n<p><\/p>\n\n\n\n\n\n<p><\/p>\n\n\n\n<p><\/p>\n\n\n\n<div class=\"wp-block-uagb-buttons uagb-buttons__outer-wrap uagb-btn__default-btn uagb-btn-tablet__default-btn uagb-btn-mobile__default-btn uagb-block-bf80beab\"><div class=\"uagb-buttons__wrap uagb-buttons-layout-wrap\">\n<div class=\"wp-block-uagb-buttons-child uagb-buttons__outer-wrap uagb-block-220e97fa wp-block-button is-style-outline\"><div class=\"uagb-button__wrapper\"><a class=\"uagb-buttons-repeater wp-block-button__link has-background has-text-color\" href=\"https:\/\/sitepersojlc.fr\/wp-content\/uploads\/2026\/01\/EX-2-CDD-COURT-SUR-3-MOIS-2026-DEF-2.zip\" onclick=\"return true;\" rel=\"follow noopener\" target=\"_self\"><div class=\"uagb-button__link\">Application 2 (CDD)  <\/div><\/a><\/div><\/div>\n<\/div><\/div>\n\n\n\n<p><\/p>\n\n\n\n<p><\/p>\n\n\n\n<div class=\"wp-block-uagb-buttons uagb-buttons__outer-wrap uagb-btn__default-btn uagb-btn-tablet__default-btn uagb-btn-mobile__default-btn uagb-block-ed362a61\"><div class=\"uagb-buttons__wrap uagb-buttons-layout-wrap\">\n<div class=\"wp-block-uagb-buttons-child uagb-buttons__outer-wrap uagb-block-32b049a0 wp-block-button is-style-outline\"><div class=\"uagb-button__wrapper\"><a class=\"uagb-buttons-repeater wp-block-button__link has-background has-text-color\" href=\"https:\/\/sitepersojlc.fr\/wp-content\/uploads\/2026\/01\/MAQUETTE-SUR-3-MOIS-1-CET-1-2.zip\" onclick=\"return true;\" rel=\"follow noopener\" target=\"_self\"><div class=\"uagb-button__link\">Application 3 (CET) <\/div><\/a><\/div><\/div>\n<\/div><\/div>\n\n\n\n<p><\/p>\n\n\n\n<h4 style=\"text-align: justify;\">Dans l&rsquo;application ci-dessus vous verrez comment la matrice vous permet d&rsquo;effectuer les r\u00e9gularisations n\u00e9cessaires sur la CET lorsque le salaire brut varie de mois en mois au-dessus et au-dessous du plafond mensuel de la s\u00e9curit\u00e9 sociale<\/h4>\n\n\n\n<p><\/p>\n\n\n\n<p><\/p>\n\n\n\n<p><\/p>\n\n\n\n<p><\/p>\n\n\n\n<p><\/p>\n<div class=\"likebtn_container\" style=\"\"><!-- LikeBtn.com BEGIN --><span class=\"likebtn-wrapper\"  data-identifier=\"page_12487\"  data-site_id=\"6663fc396fd08b3d0b514646\"  data-lang=\"fr\"  data-style=\"\"  data-unlike_allowed=\"\"  data-show_copyright=\"\"  data-item_url=\"https:\/\/sitepersojlc.fr\/?page_id=12487\"  data-item_title=\"Matrice 2026 Bulletins de Paie\"  data-item_date=\"2026-01-09T12:39:12+00:00\"  data-engine=\"WordPress\"  data-plugin_v=\"2.6.52\"  data-prx=\"https:\/\/sitepersojlc.fr\/wp-admin\/admin-ajax.php?action=likebtn_prx\"  data-event_handler=\"likebtn_eh\" ><\/span><!-- LikeBtn.com END --><\/div>","protected":false},"excerpt":{"rendered":"<p>Matrices 2026 Bulletins de Paie&nbsp; &nbsp;Mise \u00e0 jour RGDU&nbsp; effectu\u00e9e&nbsp;&nbsp; Mise \u00e0 jour du fichier ci-dessus le 02\/02\/2026 Mise \u00e0 jour du fichier ci-dessus le 02\/02\/2026 Dans l&rsquo;application ci-dessus vous verrez comment la matrice vous permet d&rsquo;effectuer les r\u00e9gularisations n\u00e9cessaires sur la CET lorsque le salaire brut varie de mois en mois au-dessus et au-dessous [&hellip;]<\/p>\n<div class=\"likebtn_container\" style=\"\"><!-- LikeBtn.com BEGIN --><span class=\"likebtn-wrapper\"  data-identifier=\"page_12487\"  data-site_id=\"6663fc396fd08b3d0b514646\"  data-lang=\"fr\"  data-style=\"\"  data-unlike_allowed=\"\"  data-show_copyright=\"\"  data-item_url=\"https:\/\/sitepersojlc.fr\/?page_id=12487\"  data-item_title=\"Matrice 2026 Bulletins de Paie\"  data-item_date=\"2026-01-09T12:39:12+00:00\"  data-engine=\"WordPress\"  data-plugin_v=\"2.6.52\"  data-prx=\"https:\/\/sitepersojlc.fr\/wp-admin\/admin-ajax.php?action=likebtn_prx\"  data-event_handler=\"likebtn_eh\" ><\/span><!-- LikeBtn.com END --><\/div>","protected":false},"author":1,"featured_media":0,"parent":0,"menu_order":0,"comment_status":"closed","ping_status":"closed","template":"","meta":{"om_disable_all_campaigns":false,"_uag_custom_page_level_css":"","_monsterinsights_skip_tracking":false,"_monsterinsights_sitenote_active":false,"_monsterinsights_sitenote_note":"","_monsterinsights_sitenote_category":0,"_uf_show_specific_survey":0,"_uf_disable_surveys":false,"footnotes":""},"aioseo_notices":[],"uagb_featured_image_src":{"full":false,"thumbnail":false,"medium":false,"medium_large":false,"large":false,"1536x1536":false,"2048x2048":false},"uagb_author_info":{"display_name":"lechev.1910@gmail.com","author_link":"https:\/\/sitepersojlc.fr\/?author=1"},"uagb_comment_info":0,"uagb_excerpt":"Matrices 2026 Bulletins de Paie&nbsp; &nbsp;Mise \u00e0 jour RGDU&nbsp; effectu\u00e9e&nbsp;&nbsp; Mise \u00e0 jour du fichier ci-dessus le 02\/02\/2026 Mise \u00e0 jour du fichier ci-dessus le 02\/02\/2026 Dans l&rsquo;application ci-dessus vous verrez comment la matrice vous permet d&rsquo;effectuer les r\u00e9gularisations n\u00e9cessaires sur la CET lorsque le salaire brut varie de mois en mois au-dessus et au-dessous\u2026","_links":{"self":[{"href":"https:\/\/sitepersojlc.fr\/index.php?rest_route=\/wp\/v2\/pages\/12487"}],"collection":[{"href":"https:\/\/sitepersojlc.fr\/index.php?rest_route=\/wp\/v2\/pages"}],"about":[{"href":"https:\/\/sitepersojlc.fr\/index.php?rest_route=\/wp\/v2\/types\/page"}],"author":[{"embeddable":true,"href":"https:\/\/sitepersojlc.fr\/index.php?rest_route=\/wp\/v2\/users\/1"}],"replies":[{"embeddable":true,"href":"https:\/\/sitepersojlc.fr\/index.php?rest_route=%2Fwp%2Fv2%2Fcomments&post=12487"}],"version-history":[{"count":41,"href":"https:\/\/sitepersojlc.fr\/index.php?rest_route=\/wp\/v2\/pages\/12487\/revisions"}],"predecessor-version":[{"id":13140,"href":"https:\/\/sitepersojlc.fr\/index.php?rest_route=\/wp\/v2\/pages\/12487\/revisions\/13140"}],"wp:attachment":[{"href":"https:\/\/sitepersojlc.fr\/index.php?rest_route=%2Fwp%2Fv2%2Fmedia&parent=12487"}],"curies":[{"name":"wp","href":"https:\/\/api.w.org\/{rel}","templated":true}]}}