{"id":12479,"date":"2026-01-09T02:22:53","date_gmt":"2026-01-09T02:22:53","guid":{"rendered":"https:\/\/sitepersojlc.fr\/?page_id=12479"},"modified":"2026-01-11T03:44:33","modified_gmt":"2026-01-11T03:44:33","slug":"tome-1-2026-2","status":"publish","type":"page","link":"https:\/\/sitepersojlc.fr\/?page_id=12479","title":{"rendered":"Tome  1 2026"},"content":{"rendered":"\n<p><\/p>\n\n\n\n<h3 style=\"text-align: center;\">Tome 1<\/h3>\n\n\n\n<p><\/p>\n\n\n\n<figure class=\"wp-block-image aligncenter size-full is-resized\"><img decoding=\"async\" loading=\"lazy\" src=\"https:\/\/sitepersojlc.fr\/wp-content\/uploads\/2024\/01\/50dd03328f5feb4a75cb8fd0a7804b33_xxl_.jpg\" alt=\"\" class=\"wp-image-6917\" width=\"760\" height=\"423\" srcset=\"https:\/\/sitepersojlc.fr\/wp-content\/uploads\/2024\/01\/50dd03328f5feb4a75cb8fd0a7804b33_xxl_.jpg 640w, https:\/\/sitepersojlc.fr\/wp-content\/uploads\/2024\/01\/50dd03328f5feb4a75cb8fd0a7804b33_xxl_-300x167.jpg 300w\" sizes=\"(max-width: 760px) 100vw, 760px\" \/><\/figure>\n\n\n\n<p><\/p>\n\n\n\n<p><\/p>\n\n\n\n<div class=\"wp-block-uagb-buttons uagb-buttons__outer-wrap uagb-btn__default-btn uagb-btn-tablet__default-btn uagb-btn-mobile__default-btn uagb-block-e134806c\"><div class=\"uagb-buttons__wrap uagb-buttons-layout-wrap\">\n<div class=\"wp-block-uagb-buttons-child uagb-buttons__outer-wrap uagb-block-431933a3 wp-block-button is-style-outline\"><div class=\"uagb-button__wrapper\"><a class=\"uagb-buttons-repeater wp-block-button__link has-background has-text-color\" href=\"https:\/\/sitepersojlc.fr\/?page_id=6824\" onclick=\"return true;\" rel=\"follow noopener\" target=\"_self\"><div class=\"uagb-button__link\">Chapitres 1 &#8211; 2 &#8211; 3<\/div><\/a><\/div><\/div>\n<\/div><\/div>\n\n\n\n<div class=\"wp-block-uagb-buttons uagb-buttons__outer-wrap uagb-btn__default-btn uagb-btn-tablet__default-btn uagb-btn-mobile__default-btn uagb-block-d009140e\"><div class=\"uagb-buttons__wrap uagb-buttons-layout-wrap\"><\/div><\/div>\n\n\n\n<h4 style=\"text-align: justify;\"><strong>Chapitre 1<\/strong> : R\u00e9aliser sur Excel la trame d&rsquo;un bulletin de Paie conforme pour 2025 et 2026<\/h4>\n<h4 style=\"text-align: justify;\"><strong>Chapitre 2<\/strong> : Construire une table des taux (d\u00e9but)<\/h4>\n<h4 style=\"text-align: justify;\"><strong>Chapitre 3<\/strong> :&nbsp; La table des taux (suite) et le tableau de suivi du plafond de la s\u00e9curit\u00e9 sociale<\/h4>\n\n\n\n<p><\/p>\n\n\n\n<p><\/p>\n\n\n\n<div class=\"wp-block-uagb-buttons uagb-buttons__outer-wrap uagb-btn__default-btn uagb-btn-tablet__default-btn uagb-btn-mobile__default-btn uagb-block-e1a85a85\"><div class=\"uagb-buttons__wrap uagb-buttons-layout-wrap\">\n<div class=\"wp-block-uagb-buttons-child uagb-buttons__outer-wrap uagb-block-635fd796 wp-block-button is-style-outline\"><div class=\"uagb-button__wrapper\"><a class=\"uagb-buttons-repeater wp-block-button__link has-background has-text-color\" href=\"https:\/\/sitepersojlc.fr\/?page_id=8802\" onclick=\"return true;\" rel=\"follow noopener\" target=\"_self\"><div class=\"uagb-button__link\">Chapitres 4 -5 &#8211; 6<\/div><\/a><\/div><\/div>\n<\/div><\/div>\n\n\n\n<p><\/p>\n\n\n\n<h4 style=\"text-align: justify;\"><strong>Chapitres 4 et 5<\/strong> : Terminer la table des taux \/ Param\u00e9trage ligne par ligne du Bulletin de Paye<\/h4>\n<h4 style=\"text-align: justify;\"><strong>Chapitre 6 :<\/strong> Suivi Cotisation retraite et Gestion de la CET par l&rsquo;exemple.<\/h4>\n\n\n\n<p><\/p>\n\n\n\n<p><\/p>\n\n\n\n<div class=\"wp-block-uagb-buttons uagb-buttons__outer-wrap uagb-btn__default-btn uagb-btn-tablet__default-btn uagb-btn-mobile__default-btn uagb-block-614e61c7\"><div class=\"uagb-buttons__wrap uagb-buttons-layout-wrap\">\n<div class=\"wp-block-uagb-buttons-child uagb-buttons__outer-wrap uagb-block-0468946c wp-block-button is-style-outline\"><div class=\"uagb-button__wrapper\"><a class=\"uagb-buttons-repeater wp-block-button__link has-background has-text-color\" href=\"https:\/\/sitepersojlc.fr\/?page_id=8855\" onclick=\"return true;\" rel=\"follow noopener\" target=\"_self\"><div class=\"uagb-button__link\">Chapitres 7 &#8211; 8 &#8211; 9<\/div><\/a><\/div><\/div>\n<\/div><\/div>\n\n\n\n<p><\/p>\n\n\n\n<h4 style=\"text-align: justify;\"><strong>Chapitre 7<\/strong> : La R\u00e9duction G\u00e9n\u00e9rale de Cotisations Patronales Matrice et Tableaux de suivi<\/h4>\n<h4 style=\"text-align: justify;\"><strong>Chapitre 8<\/strong> : Tableau de suivi de la cotisation de 6% au titre de la maladie, maternit\u00e9, invalidit\u00e9, d\u00e9c\u00e8s<\/h4>\n<h4 style=\"text-align: justify;\"><strong>Chapitre 9<\/strong> : Tableau de suivi de la cotisation allocations familiales au taux major\u00e9 de 1,8%<\/h4>\n\n\n\n<p><\/p>\n\n\n\n<p><\/p>\n\n\n\n<p><\/p>\n\n\n\n<p><\/p>\n\n\n\n<div class=\"wp-block-uagb-buttons uagb-buttons__outer-wrap uagb-btn__default-btn uagb-btn-tablet__default-btn uagb-btn-mobile__default-btn uagb-block-ff5f1a96\"><div class=\"uagb-buttons__wrap uagb-buttons-layout-wrap\">\n<div class=\"wp-block-uagb-buttons-child uagb-buttons__outer-wrap uagb-block-f2c5f343 wp-block-button is-style-outline\"><div class=\"uagb-button__wrapper\"><a class=\"uagb-buttons-repeater wp-block-button__link has-background has-text-color\" href=\"https:\/\/sitepersojlc.fr\/?page_id=8866\" onclick=\"return true;\" rel=\"follow noopener\" target=\"_self\"><div class=\"uagb-button__link\">Chapitres 10 &#8211; 11<\/div><\/a><\/div><\/div>\n<\/div><\/div>\n\n\n\n<p><\/p>\n\n\n\n<p><\/p>\n\n\n\n<p><\/p>\n\n\n\n<h4 style=\"text-align: justify;\"><strong>Chapitres 10 et 11<\/strong> : La Table du Taux Neutre \/ La Feuille de Contr\u00f4le \/ Le Masque de Saisie \/ Premiers bulletins de Paie (cadres et non cadres)<\/h4>\n\n\n\n<p><\/p>\n\n\n\n<div class=\"wp-block-uagb-buttons uagb-buttons__outer-wrap uagb-btn__default-btn uagb-btn-tablet__default-btn uagb-btn-mobile__default-btn uagb-block-b788e576\"><div class=\"uagb-buttons__wrap uagb-buttons-layout-wrap\">\n<div class=\"wp-block-uagb-buttons-child uagb-buttons__outer-wrap uagb-block-4bcd93dd wp-block-button is-style-outline\"><div class=\"uagb-button__wrapper\"><a class=\"uagb-buttons-repeater wp-block-button__link has-background has-text-color\" href=\"https:\/\/sitepersojlc.fr\/?page_id=8870\" onclick=\"return true;\" rel=\"follow noopener\" target=\"_self\"><div class=\"uagb-button__link\">Chapitre12 : Les Heures Suppl\u00e9mentaires d\u00e9fiscalis\u00e9es <\/div><\/a><\/div><\/div>\n<\/div><\/div>\n\n\n\n<p><\/p>\n\n\n\n<p><\/p>\n\n\n\n<p><\/p>\n\n\n\n<p><\/p>\n\n\n\n<p><\/p>\n\n\n\n<p><\/p>\n\n\n\n<p><\/p>\n\n\n\n<p><\/p>\n\n\n\n<p><\/p>\n<div class=\"likebtn_container\" style=\"\"><!-- LikeBtn.com BEGIN --><span class=\"likebtn-wrapper\"  data-identifier=\"page_12479\"  data-site_id=\"6663fc396fd08b3d0b514646\"  data-lang=\"fr\"  data-style=\"\"  data-unlike_allowed=\"\"  data-show_copyright=\"\"  data-item_url=\"https:\/\/sitepersojlc.fr\/?page_id=12479\"  data-item_title=\"Tome 1 2026\"  data-item_date=\"2026-01-09T02:22:53+00:00\"  data-engine=\"WordPress\"  data-plugin_v=\"2.6.52\"  data-prx=\"https:\/\/sitepersojlc.fr\/wp-admin\/admin-ajax.php?action=likebtn_prx\"  data-event_handler=\"likebtn_eh\" ><\/span><!-- LikeBtn.com END --><\/div>","protected":false},"excerpt":{"rendered":"<p>Tome 1 Chapitre 1 : R\u00e9aliser sur Excel la trame d&rsquo;un bulletin de Paie conforme pour 2025 et 2026 Chapitre 2 : Construire une table des taux (d\u00e9but) Chapitre 3 :&nbsp; La table des taux (suite) et le tableau de suivi du plafond de la s\u00e9curit\u00e9 sociale Chapitres 4 et 5 : Terminer la table [&hellip;]<\/p>\n<div class=\"likebtn_container\" style=\"\"><!-- LikeBtn.com BEGIN --><span class=\"likebtn-wrapper\"  data-identifier=\"page_12479\"  data-site_id=\"6663fc396fd08b3d0b514646\"  data-lang=\"fr\"  data-style=\"\"  data-unlike_allowed=\"\"  data-show_copyright=\"\"  data-item_url=\"https:\/\/sitepersojlc.fr\/?page_id=12479\"  data-item_title=\"Tome 1 2026\"  data-item_date=\"2026-01-09T02:22:53+00:00\"  data-engine=\"WordPress\"  data-plugin_v=\"2.6.52\"  data-prx=\"https:\/\/sitepersojlc.fr\/wp-admin\/admin-ajax.php?action=likebtn_prx\"  data-event_handler=\"likebtn_eh\" ><\/span><!-- LikeBtn.com END --><\/div>","protected":false},"author":1,"featured_media":0,"parent":0,"menu_order":0,"comment_status":"closed","ping_status":"closed","template":"","meta":{"om_disable_all_campaigns":false,"_uag_custom_page_level_css":"","_monsterinsights_skip_tracking":false,"_monsterinsights_sitenote_active":false,"_monsterinsights_sitenote_note":"","_monsterinsights_sitenote_category":0,"_uf_show_specific_survey":0,"_uf_disable_surveys":false,"footnotes":""},"aioseo_notices":[],"uagb_featured_image_src":{"full":false,"thumbnail":false,"medium":false,"medium_large":false,"large":false,"1536x1536":false,"2048x2048":false},"uagb_author_info":{"display_name":"lechev.1910@gmail.com","author_link":"https:\/\/sitepersojlc.fr\/?author=1"},"uagb_comment_info":0,"uagb_excerpt":"Tome 1 Chapitre 1 : R\u00e9aliser sur Excel la trame d&rsquo;un bulletin de Paie conforme pour 2025 et 2026 Chapitre 2 : Construire une table des taux (d\u00e9but) Chapitre 3 :&nbsp; La table des taux (suite) et le tableau de suivi du plafond de la s\u00e9curit\u00e9 sociale Chapitres 4 et 5 : Terminer la table\u2026","_links":{"self":[{"href":"https:\/\/sitepersojlc.fr\/index.php?rest_route=\/wp\/v2\/pages\/12479"}],"collection":[{"href":"https:\/\/sitepersojlc.fr\/index.php?rest_route=\/wp\/v2\/pages"}],"about":[{"href":"https:\/\/sitepersojlc.fr\/index.php?rest_route=\/wp\/v2\/types\/page"}],"author":[{"embeddable":true,"href":"https:\/\/sitepersojlc.fr\/index.php?rest_route=\/wp\/v2\/users\/1"}],"replies":[{"embeddable":true,"href":"https:\/\/sitepersojlc.fr\/index.php?rest_route=%2Fwp%2Fv2%2Fcomments&post=12479"}],"version-history":[{"count":2,"href":"https:\/\/sitepersojlc.fr\/index.php?rest_route=\/wp\/v2\/pages\/12479\/revisions"}],"predecessor-version":[{"id":12556,"href":"https:\/\/sitepersojlc.fr\/index.php?rest_route=\/wp\/v2\/pages\/12479\/revisions\/12556"}],"wp:attachment":[{"href":"https:\/\/sitepersojlc.fr\/index.php?rest_route=%2Fwp%2Fv2%2Fmedia&parent=12479"}],"curies":[{"name":"wp","href":"https:\/\/api.w.org\/{rel}","templated":true}]}}