{"id":12365,"date":"2025-12-31T10:03:24","date_gmt":"2025-12-31T10:03:24","guid":{"rendered":"https:\/\/sitepersojlc.fr\/?page_id=12365"},"modified":"2026-01-11T03:47:37","modified_gmt":"2026-01-11T03:47:37","slug":"maquette-ijss-maladie-2026","status":"publish","type":"page","link":"https:\/\/sitepersojlc.fr\/?page_id=12365","title":{"rendered":"Matrice  IJSS Maladie 2026"},"content":{"rendered":"\n<p><\/p>\n\n\n\n<h3 style=\"text-align: center;\">Maquette IJSS Maladie 2026 Exercices d&rsquo;application&nbsp;<\/h3>\n\n\n\n<p><\/p>\n\n\n\n<p><\/p>\n\n\n\n<h4 style=\"text-align: justify;\">A travers\u00a0 ces 2\u00a0 exercices d&rsquo;application vous apprendrez \u00e0 utiliser la maquette de calcul automatis\u00e9 de l&rsquo;IJSS Maladie en 2026. Un rappel des principales mesures \u00e0 conna\u00eetre concernant les arr\u00eats maladie ainsi qu&rsquo;une explication d\u00e9taill\u00e9e de la maquette vous est donn\u00e9 par ailleurs dans \u00ab\u00a0El\u00e9ments de cours\u00a0\u00bb<\/h4>\n\n\n\n<p><\/p>\n\n\n\n<p><\/p>\n\n\n\n<div class=\"wp-block-uagb-buttons uagb-buttons__outer-wrap uagb-btn__default-btn uagb-btn-tablet__default-btn uagb-btn-mobile__default-btn uagb-block-1b08280d\"><div class=\"uagb-buttons__wrap uagb-buttons-layout-wrap\">\n<div class=\"wp-block-uagb-buttons-child uagb-buttons__outer-wrap uagb-block-b53890e3 wp-block-button is-style-outline\"><div class=\"uagb-button__wrapper\"><a class=\"uagb-buttons-repeater wp-block-button__link has-background has-text-color\" href=\"https:\/\/sitepersojlc.fr\/wp-content\/uploads\/2025\/12\/MAQUETTE-IJSS-MALADIE-2026-1.zip\" onclick=\"return true;\" rel=\"follow noopener\" target=\"_self\"><div class=\"uagb-button__link\">Maquette calcul IJSS Maladie <\/div><\/a><\/div><\/div>\n\n\n\n<div class=\"wp-block-uagb-buttons-child uagb-buttons__outer-wrap uagb-block-98544237 wp-block-button is-style-outline\"><div class=\"uagb-button__wrapper\"><a class=\"uagb-buttons-repeater wp-block-button__link has-background has-text-color\" href=\"https:\/\/sitepersojlc.fr\/wp-content\/uploads\/2025\/12\/1-EXERCICE-1-IJSS-MALADIE-2026-DEF3.zip\" onclick=\"return true;\" rel=\"follow noopener\" target=\"_self\"><div class=\"uagb-button__link\">El\u00e9ments de cours <\/div><\/a><\/div><\/div>\n<\/div><\/div>\n\n\n\n<p><\/p>\n\n\n\n<p><\/p>\n\n\n\n<p><\/p>\n\n\n\n<p><\/p>\n<div class=\"likebtn_container\" style=\"\"><!-- LikeBtn.com BEGIN --><span class=\"likebtn-wrapper\"  data-identifier=\"page_12365\"  data-site_id=\"6663fc396fd08b3d0b514646\"  data-lang=\"fr\"  data-style=\"\"  data-unlike_allowed=\"\"  data-show_copyright=\"\"  data-item_url=\"https:\/\/sitepersojlc.fr\/?page_id=12365\"  data-item_title=\"Matrice IJSS Maladie 2026\"  data-item_date=\"2025-12-31T10:03:24+00:00\"  data-engine=\"WordPress\"  data-plugin_v=\"2.6.52\"  data-prx=\"https:\/\/sitepersojlc.fr\/wp-admin\/admin-ajax.php?action=likebtn_prx\"  data-event_handler=\"likebtn_eh\" ><\/span><!-- LikeBtn.com END --><\/div>","protected":false},"excerpt":{"rendered":"<p>Maquette IJSS Maladie 2026 Exercices d&rsquo;application&nbsp; A travers\u00a0 ces 2\u00a0 exercices d&rsquo;application vous apprendrez \u00e0 utiliser la maquette de calcul automatis\u00e9 de l&rsquo;IJSS Maladie en 2026. Un rappel des principales mesures \u00e0 conna\u00eetre concernant les arr\u00eats maladie ainsi qu&rsquo;une explication d\u00e9taill\u00e9e de la maquette vous est donn\u00e9 par ailleurs dans \u00ab\u00a0El\u00e9ments de cours\u00a0\u00bb<\/p>\n<div class=\"likebtn_container\" style=\"\"><!-- LikeBtn.com BEGIN --><span class=\"likebtn-wrapper\"  data-identifier=\"page_12365\"  data-site_id=\"6663fc396fd08b3d0b514646\"  data-lang=\"fr\"  data-style=\"\"  data-unlike_allowed=\"\"  data-show_copyright=\"\"  data-item_url=\"https:\/\/sitepersojlc.fr\/?page_id=12365\"  data-item_title=\"Matrice IJSS Maladie 2026\"  data-item_date=\"2025-12-31T10:03:24+00:00\"  data-engine=\"WordPress\"  data-plugin_v=\"2.6.52\"  data-prx=\"https:\/\/sitepersojlc.fr\/wp-admin\/admin-ajax.php?action=likebtn_prx\"  data-event_handler=\"likebtn_eh\" ><\/span><!-- LikeBtn.com END --><\/div>","protected":false},"author":1,"featured_media":0,"parent":0,"menu_order":0,"comment_status":"closed","ping_status":"closed","template":"","meta":{"om_disable_all_campaigns":false,"_uag_custom_page_level_css":"","_monsterinsights_skip_tracking":false,"_monsterinsights_sitenote_active":false,"_monsterinsights_sitenote_note":"","_monsterinsights_sitenote_category":0,"_uf_show_specific_survey":0,"_uf_disable_surveys":false,"footnotes":""},"aioseo_notices":[],"uagb_featured_image_src":{"full":false,"thumbnail":false,"medium":false,"medium_large":false,"large":false,"1536x1536":false,"2048x2048":false},"uagb_author_info":{"display_name":"lechev.1910@gmail.com","author_link":"https:\/\/sitepersojlc.fr\/?author=1"},"uagb_comment_info":0,"uagb_excerpt":"Maquette IJSS Maladie 2026 Exercices d&rsquo;application&nbsp; A travers\u00a0 ces 2\u00a0 exercices d&rsquo;application vous apprendrez \u00e0 utiliser la maquette de calcul automatis\u00e9 de l&rsquo;IJSS Maladie en 2026. Un rappel des principales mesures \u00e0 conna\u00eetre concernant les arr\u00eats maladie ainsi qu&rsquo;une explication d\u00e9taill\u00e9e de la maquette vous est donn\u00e9 par ailleurs dans \u00ab\u00a0El\u00e9ments de cours\u00a0\u00bb","_links":{"self":[{"href":"https:\/\/sitepersojlc.fr\/index.php?rest_route=\/wp\/v2\/pages\/12365"}],"collection":[{"href":"https:\/\/sitepersojlc.fr\/index.php?rest_route=\/wp\/v2\/pages"}],"about":[{"href":"https:\/\/sitepersojlc.fr\/index.php?rest_route=\/wp\/v2\/types\/page"}],"author":[{"embeddable":true,"href":"https:\/\/sitepersojlc.fr\/index.php?rest_route=\/wp\/v2\/users\/1"}],"replies":[{"embeddable":true,"href":"https:\/\/sitepersojlc.fr\/index.php?rest_route=%2Fwp%2Fv2%2Fcomments&post=12365"}],"version-history":[{"count":10,"href":"https:\/\/sitepersojlc.fr\/index.php?rest_route=\/wp\/v2\/pages\/12365\/revisions"}],"predecessor-version":[{"id":12558,"href":"https:\/\/sitepersojlc.fr\/index.php?rest_route=\/wp\/v2\/pages\/12365\/revisions\/12558"}],"wp:attachment":[{"href":"https:\/\/sitepersojlc.fr\/index.php?rest_route=%2Fwp%2Fv2%2Fmedia&parent=12365"}],"curies":[{"name":"wp","href":"https:\/\/api.w.org\/{rel}","templated":true}]}}