{"id":12324,"date":"2025-12-29T18:38:12","date_gmt":"2025-12-29T18:38:12","guid":{"rendered":"https:\/\/sitepersojlc.fr\/?page_id=12324"},"modified":"2026-01-19T12:30:40","modified_gmt":"2026-01-19T12:30:40","slug":"valeur-cible-2026","status":"publish","type":"page","link":"https:\/\/sitepersojlc.fr\/?page_id=12324","title":{"rendered":"Valeur Cible 2026"},"content":{"rendered":"\n<p><\/p>\n\n\n\n<h3 style=\"text-align: center;\">Valeur Cible 2026<\/h3>\n\n\n\n<p><\/p>\n\n\n\n<h6 style=\"text-align: center;\"><em>RGDU mise \u00e0 jour le 19\/01\/2026<\/em><\/h6>\n\n\n\n<p><\/p>\n\n\n\n<h4 style=\"text-align: justify;\">Voici une pr\u00e9sentation du bulletin de paie 2026 (avec int\u00e9gration de la RGDU) appliqu\u00e9 \u00e0 l&rsquo;utilisation de la valeur cible sur Excel qui vous permet de passer d&rsquo;un net \u00e0 payer \u00e0 un salaire brut\u00a0<\/h4>\n\n\n\n<p><\/p>\n\n\n\n<div class=\"wp-block-uagb-buttons uagb-buttons__outer-wrap uagb-btn__default-btn uagb-btn-tablet__default-btn uagb-btn-mobile__default-btn uagb-block-0cb8ac43\"><div class=\"uagb-buttons__wrap uagb-buttons-layout-wrap\">\n<div class=\"wp-block-uagb-buttons-child uagb-buttons__outer-wrap uagb-block-a42ab3cc wp-block-button is-style-outline\"><div class=\"uagb-button__wrapper\"><a class=\"uagb-buttons-repeater wp-block-button__link has-background has-text-color\" href=\"https:\/\/sitepersojlc.fr\/wp-content\/uploads\/2026\/01\/1.-VALEUR-CIBLE-1-2026-3.zip\" onclick=\"return true;\" rel=\"follow noopener\" target=\"_self\"><div class=\"uagb-button__link\">Valeur Cible 1<\/div><\/a><\/div><\/div>\n\n\n\n<div class=\"wp-block-uagb-buttons-child uagb-buttons__outer-wrap uagb-block-a5d1a3dd wp-block-button is-style-outline\"><div class=\"uagb-button__wrapper\"><a class=\"uagb-buttons-repeater wp-block-button__link has-background has-text-color\" href=\"https:\/\/sitepersojlc.fr\/wp-content\/uploads\/2026\/01\/1.-VALEUR-CIBLE-2-2026-3.zip\" onclick=\"return true;\" rel=\"follow noopener\" target=\"_self\"><div class=\"uagb-button__link\">Valeur Cible 2<\/div><\/a><\/div><\/div>\n<\/div><\/div>\n\n\n\n<p class=\"has-text-align-center\"><\/p>\n\n\n\n<p class=\"has-text-align-center\"><\/p>\n<div class=\"likebtn_container\" style=\"\"><!-- LikeBtn.com BEGIN --><span class=\"likebtn-wrapper\"  data-identifier=\"page_12324\"  data-site_id=\"6663fc396fd08b3d0b514646\"  data-lang=\"fr\"  data-style=\"\"  data-unlike_allowed=\"\"  data-show_copyright=\"\"  data-item_url=\"https:\/\/sitepersojlc.fr\/?page_id=12324\"  data-item_title=\"Valeur Cible 2026\"  data-item_date=\"2025-12-29T18:38:12+00:00\"  data-engine=\"WordPress\"  data-plugin_v=\"2.6.52\"  data-prx=\"https:\/\/sitepersojlc.fr\/wp-admin\/admin-ajax.php?action=likebtn_prx\"  data-event_handler=\"likebtn_eh\" ><\/span><!-- LikeBtn.com END --><\/div>","protected":false},"excerpt":{"rendered":"<p>Valeur Cible 2026 RGDU mise \u00e0 jour le 19\/01\/2026 Voici une pr\u00e9sentation du bulletin de paie 2026 (avec int\u00e9gration de la RGDU) appliqu\u00e9 \u00e0 l&rsquo;utilisation de la valeur cible sur Excel qui vous permet de passer d&rsquo;un net \u00e0 payer \u00e0 un salaire brut\u00a0<\/p>\n<div class=\"likebtn_container\" style=\"\"><!-- LikeBtn.com BEGIN --><span class=\"likebtn-wrapper\"  data-identifier=\"page_12324\"  data-site_id=\"6663fc396fd08b3d0b514646\"  data-lang=\"fr\"  data-style=\"\"  data-unlike_allowed=\"\"  data-show_copyright=\"\"  data-item_url=\"https:\/\/sitepersojlc.fr\/?page_id=12324\"  data-item_title=\"Valeur Cible 2026\"  data-item_date=\"2025-12-29T18:38:12+00:00\"  data-engine=\"WordPress\"  data-plugin_v=\"2.6.52\"  data-prx=\"https:\/\/sitepersojlc.fr\/wp-admin\/admin-ajax.php?action=likebtn_prx\"  data-event_handler=\"likebtn_eh\" ><\/span><!-- LikeBtn.com END --><\/div>","protected":false},"author":1,"featured_media":0,"parent":0,"menu_order":0,"comment_status":"closed","ping_status":"closed","template":"","meta":{"om_disable_all_campaigns":false,"_uag_custom_page_level_css":"","_monsterinsights_skip_tracking":false,"_monsterinsights_sitenote_active":false,"_monsterinsights_sitenote_note":"","_monsterinsights_sitenote_category":0,"_uf_show_specific_survey":0,"_uf_disable_surveys":false,"footnotes":""},"aioseo_notices":[],"uagb_featured_image_src":{"full":false,"thumbnail":false,"medium":false,"medium_large":false,"large":false,"1536x1536":false,"2048x2048":false},"uagb_author_info":{"display_name":"lechev.1910@gmail.com","author_link":"https:\/\/sitepersojlc.fr\/?author=1"},"uagb_comment_info":0,"uagb_excerpt":"Valeur Cible 2026 RGDU mise \u00e0 jour le 19\/01\/2026 Voici une pr\u00e9sentation du bulletin de paie 2026 (avec int\u00e9gration de la RGDU) appliqu\u00e9 \u00e0 l&rsquo;utilisation de la valeur cible sur Excel qui vous permet de passer d&rsquo;un net \u00e0 payer \u00e0 un salaire brut\u00a0","_links":{"self":[{"href":"https:\/\/sitepersojlc.fr\/index.php?rest_route=\/wp\/v2\/pages\/12324"}],"collection":[{"href":"https:\/\/sitepersojlc.fr\/index.php?rest_route=\/wp\/v2\/pages"}],"about":[{"href":"https:\/\/sitepersojlc.fr\/index.php?rest_route=\/wp\/v2\/types\/page"}],"author":[{"embeddable":true,"href":"https:\/\/sitepersojlc.fr\/index.php?rest_route=\/wp\/v2\/users\/1"}],"replies":[{"embeddable":true,"href":"https:\/\/sitepersojlc.fr\/index.php?rest_route=%2Fwp%2Fv2%2Fcomments&post=12324"}],"version-history":[{"count":27,"href":"https:\/\/sitepersojlc.fr\/index.php?rest_route=\/wp\/v2\/pages\/12324\/revisions"}],"predecessor-version":[{"id":12941,"href":"https:\/\/sitepersojlc.fr\/index.php?rest_route=\/wp\/v2\/pages\/12324\/revisions\/12941"}],"wp:attachment":[{"href":"https:\/\/sitepersojlc.fr\/index.php?rest_route=%2Fwp%2Fv2%2Fmedia&parent=12324"}],"curies":[{"name":"wp","href":"https:\/\/api.w.org\/{rel}","templated":true}]}}