{"id":12314,"date":"2025-12-29T18:21:53","date_gmt":"2025-12-29T18:21:53","guid":{"rendered":"https:\/\/sitepersojlc.fr\/?page_id=12314"},"modified":"2026-01-16T19:43:18","modified_gmt":"2026-01-16T19:43:18","slug":"matrice-rgdu-2026","status":"publish","type":"page","link":"https:\/\/sitepersojlc.fr\/?page_id=12314","title":{"rendered":"Matrice RGDU 2026"},"content":{"rendered":"\n<p><\/p>\n\n\n\n<h3 style=\"text-align: center;\">Matrice RGDU 2026 &#8211; D\u00e9claration en DSN &#8211; Comptabilisation d&rsquo;un bulletin de paie<\/h3>\n\n\n\n<p><\/p>\n\n\n\n<p><\/p>\n\n\n\n<h4 style=\"text-align: justify;\">Je vous propose cette&nbsp; matrice de calcul de la RGDU&nbsp; (R\u00e9duction G\u00e9n\u00e9rale D\u00e9gressive Unique) avec quelques exercices d&rsquo;application. Sous r\u00e9serve de validation d\u00e9finitive apr\u00e8s recoupement avec&nbsp; d&rsquo;autres propositions&nbsp;&nbsp;<\/h4>\n\n\n\n<p><\/p>\n\n\n\n<div class=\"wp-block-uagb-buttons uagb-buttons__outer-wrap uagb-btn__default-btn uagb-btn-tablet__default-btn uagb-btn-mobile__default-btn uagb-block-d570cc0e\"><div class=\"uagb-buttons__wrap uagb-buttons-layout-wrap\">\n<div class=\"wp-block-uagb-buttons-child uagb-buttons__outer-wrap uagb-block-bfdc5042 wp-block-button is-style-outline\"><div class=\"uagb-button__wrapper\"><a class=\"uagb-buttons-repeater wp-block-button__link has-background has-text-color\" href=\"https:\/\/sitepersojlc.fr\/wp-content\/uploads\/2026\/01\/MAQUETTE-RGDU-2026-PROPOSITION-4.zip\" onclick=\"return true;\" rel=\"follow noopener\" target=\"_self\"><div class=\"uagb-button__link\">MATRICE RGDU  et EXERCICES CORRIGES <\/div><\/a><\/div><\/div>\n<\/div><\/div>\n\n\n\n<p style=\"text-align: center;\"><em>Suite au communiqu\u00e9 du BOSS du 31.12.2025 la matrice ci-dessus a \u00e9t\u00e9 mise \u00e0 jour et modifi\u00e9e&nbsp; le 14\/01\/2026&nbsp; puis le 16\/01\/2026 au soir. Voir \u00e0 ce sujet quelques pr\u00e9cisions dans le menu \u00ab\u00a0A Lire !!! Important \u00a0\u00bb&nbsp; le Journal des Mises \u00e0 Jour)<\/em><\/p>\n\n\n\n<p><\/p>\n\n\n\n<h4 style=\"text-align: justify;\">Retrouvez ci-dessous un dossier sur la comptabilisation des bulletins de paie.<\/h4>\n<h4 style=\"text-align: justify;\">Les gestionnaires de paie sont en effet g\u00e9n\u00e9ralement amen\u00e9s\u00a0 \u00e0 travailler en collaboration avec la comptabilit\u00e9 et il est bon d&rsquo;avoir quelques\u00a0 connaissances de base sur la fa\u00e7on dont les comptables abordent une fiche de paie.\u00a0<\/h4>\n<h4 style=\"text-align: justify;\">En relation avec la RGDU\u00a0 vous y trouverez la fa\u00e7on dont celle-ci est d\u00e9clar\u00e9e en DSN dans les feuilles <em>DISPATCH RGDU 2026\u00a0<\/em> &#8211; <em>DISPATCH et DSN<\/em>\u00a0 et <em>DSN URSSAF PREP\u00a0<\/em><\/h4>\n\n\n\n<p><\/p>\n\n\n\n<div class=\"wp-block-uagb-buttons uagb-buttons__outer-wrap uagb-btn__default-btn uagb-btn-tablet__default-btn uagb-btn-mobile__default-btn uagb-block-f31bb48a\"><div class=\"uagb-buttons__wrap uagb-buttons-layout-wrap\">\n<div class=\"wp-block-uagb-buttons-child uagb-buttons__outer-wrap uagb-block-ecde7683 wp-block-button is-style-outline\"><div class=\"uagb-button__wrapper\"><a class=\"uagb-buttons-repeater wp-block-button__link has-background has-text-color\" href=\"https:\/\/sitepersojlc.fr\/wp-content\/uploads\/2026\/01\/COMPTABILISATION-SUR-1-MOIS-ISOLE-2026.zip\" onclick=\"return true;\" rel=\"follow noopener\" target=\"_self\"><div class=\"uagb-button__link\">Comptabilisation d&rsquo;un bulletin de paie <\/div><\/a><\/div><\/div>\n<\/div><\/div>\n\n\n\n<p><\/p>\n\n\n\n<p><\/p>\n\n\n\n<p><\/p>\n<div class=\"likebtn_container\" style=\"\"><!-- LikeBtn.com BEGIN --><span class=\"likebtn-wrapper\"  data-identifier=\"page_12314\"  data-site_id=\"6663fc396fd08b3d0b514646\"  data-lang=\"fr\"  data-style=\"\"  data-unlike_allowed=\"\"  data-show_copyright=\"\"  data-item_url=\"https:\/\/sitepersojlc.fr\/?page_id=12314\"  data-item_title=\"Matrice RGDU 2026\"  data-item_date=\"2025-12-29T18:21:53+00:00\"  data-engine=\"WordPress\"  data-plugin_v=\"2.6.52\"  data-prx=\"https:\/\/sitepersojlc.fr\/wp-admin\/admin-ajax.php?action=likebtn_prx\"  data-event_handler=\"likebtn_eh\" ><\/span><!-- LikeBtn.com END --><\/div>","protected":false},"excerpt":{"rendered":"<p>Matrice RGDU 2026 &#8211; D\u00e9claration en DSN &#8211; Comptabilisation d&rsquo;un bulletin de paie Je vous propose cette&nbsp; matrice de calcul de la RGDU&nbsp; (R\u00e9duction G\u00e9n\u00e9rale D\u00e9gressive Unique) avec quelques exercices d&rsquo;application. Sous r\u00e9serve de validation d\u00e9finitive apr\u00e8s recoupement avec&nbsp; d&rsquo;autres propositions&nbsp;&nbsp; Suite au communiqu\u00e9 du BOSS du 31.12.2025 la matrice ci-dessus a \u00e9t\u00e9 mise \u00e0 [&hellip;]<\/p>\n<div class=\"likebtn_container\" style=\"\"><!-- LikeBtn.com BEGIN --><span class=\"likebtn-wrapper\"  data-identifier=\"page_12314\"  data-site_id=\"6663fc396fd08b3d0b514646\"  data-lang=\"fr\"  data-style=\"\"  data-unlike_allowed=\"\"  data-show_copyright=\"\"  data-item_url=\"https:\/\/sitepersojlc.fr\/?page_id=12314\"  data-item_title=\"Matrice RGDU 2026\"  data-item_date=\"2025-12-29T18:21:53+00:00\"  data-engine=\"WordPress\"  data-plugin_v=\"2.6.52\"  data-prx=\"https:\/\/sitepersojlc.fr\/wp-admin\/admin-ajax.php?action=likebtn_prx\"  data-event_handler=\"likebtn_eh\" ><\/span><!-- LikeBtn.com END --><\/div>","protected":false},"author":1,"featured_media":0,"parent":0,"menu_order":0,"comment_status":"closed","ping_status":"closed","template":"","meta":{"om_disable_all_campaigns":false,"_uag_custom_page_level_css":"","_monsterinsights_skip_tracking":false,"_monsterinsights_sitenote_active":false,"_monsterinsights_sitenote_note":"","_monsterinsights_sitenote_category":0,"_uf_show_specific_survey":0,"_uf_disable_surveys":false,"footnotes":""},"aioseo_notices":[],"uagb_featured_image_src":{"full":false,"thumbnail":false,"medium":false,"medium_large":false,"large":false,"1536x1536":false,"2048x2048":false},"uagb_author_info":{"display_name":"lechev.1910@gmail.com","author_link":"https:\/\/sitepersojlc.fr\/?author=1"},"uagb_comment_info":0,"uagb_excerpt":"Matrice RGDU 2026 &#8211; D\u00e9claration en DSN &#8211; Comptabilisation d&rsquo;un bulletin de paie Je vous propose cette&nbsp; matrice de calcul de la RGDU&nbsp; (R\u00e9duction G\u00e9n\u00e9rale D\u00e9gressive Unique) avec quelques exercices d&rsquo;application. Sous r\u00e9serve de validation d\u00e9finitive apr\u00e8s recoupement avec&nbsp; d&rsquo;autres propositions&nbsp;&nbsp; Suite au communiqu\u00e9 du BOSS du 31.12.2025 la matrice ci-dessus a \u00e9t\u00e9 mise \u00e0\u2026","_links":{"self":[{"href":"https:\/\/sitepersojlc.fr\/index.php?rest_route=\/wp\/v2\/pages\/12314"}],"collection":[{"href":"https:\/\/sitepersojlc.fr\/index.php?rest_route=\/wp\/v2\/pages"}],"about":[{"href":"https:\/\/sitepersojlc.fr\/index.php?rest_route=\/wp\/v2\/types\/page"}],"author":[{"embeddable":true,"href":"https:\/\/sitepersojlc.fr\/index.php?rest_route=\/wp\/v2\/users\/1"}],"replies":[{"embeddable":true,"href":"https:\/\/sitepersojlc.fr\/index.php?rest_route=%2Fwp%2Fv2%2Fcomments&post=12314"}],"version-history":[{"count":20,"href":"https:\/\/sitepersojlc.fr\/index.php?rest_route=\/wp\/v2\/pages\/12314\/revisions"}],"predecessor-version":[{"id":12926,"href":"https:\/\/sitepersojlc.fr\/index.php?rest_route=\/wp\/v2\/pages\/12314\/revisions\/12926"}],"wp:attachment":[{"href":"https:\/\/sitepersojlc.fr\/index.php?rest_route=%2Fwp%2Fv2%2Fmedia&parent=12314"}],"curies":[{"name":"wp","href":"https:\/\/api.w.org\/{rel}","templated":true}]}}