{"id":12261,"date":"2025-12-09T10:27:40","date_gmt":"2025-12-09T10:27:40","guid":{"rendered":"https:\/\/sitepersojlc.fr\/?page_id=12261"},"modified":"2026-01-19T22:13:08","modified_gmt":"2026-01-19T22:13:08","slug":"chapitre-12-les-heures-supplementaires-defiscalisees-5-exercices-dapplication-2025-2024","status":"publish","type":"page","link":"https:\/\/sitepersojlc.fr\/?page_id=12261","title":{"rendered":"Chapitre 12 : Les heures suppl\u00e9mentaires d\u00e9fiscalis\u00e9es (5 exercices d&rsquo;application) 2026"},"content":{"rendered":"\n<p><\/p>\n\n\n\n<h2 class=\"wp-block-heading has-text-align-center\"><strong>Chapitre 12<\/strong> : <strong>Les heures suppl\u00e9mentaires d\u00e9fiscalis\u00e9es<\/strong><\/h2>\n\n\n\n\n\n<p><\/p>\n\n\n\n\n\n<p><\/p>\n\n\n\n<figure class=\"wp-block-image size-full\"><img decoding=\"async\" loading=\"lazy\" width=\"750\" height=\"939\" src=\"https:\/\/sitepersojlc.fr\/wp-content\/uploads\/2026\/01\/484312862_1060127796148989_8220243211665015483_n.jpg\" alt=\"\" class=\"wp-image-12994\" srcset=\"https:\/\/sitepersojlc.fr\/wp-content\/uploads\/2026\/01\/484312862_1060127796148989_8220243211665015483_n.jpg 750w, https:\/\/sitepersojlc.fr\/wp-content\/uploads\/2026\/01\/484312862_1060127796148989_8220243211665015483_n-240x300.jpg 240w\" sizes=\"(max-width: 750px) 100vw, 750px\" \/><\/figure>\n\n\n\n<p><\/p>\n\n\n\n<p><\/p>\n\n\n\n<h5 style=\"text-align: center;\"><em>RGDU mise \u00e0 jour le 19\/01\/2026 (arrondi du coefficient \u00e0 4 chiffres apr\u00e8s la virgule)&nbsp;<\/em><\/h5>\n\n\n\n<p class=\"has-text-align-center\"><\/p>\n\n\n\n<p><\/p>\n\n\n\n<p><\/p>\n\n\n\n<h3 style=\"text-align: center;\">1. Comment calculer le nombre d&rsquo; heures suppl\u00e9mentaires effectu\u00e9es et sur quelle base appliquer la majoration ?&nbsp;<\/h3>\n\n\n\n<p><\/p>\n\n\n\n<div class=\"wp-block-buttons is-content-justification-center is-layout-flex wp-container-1\">\n<div class=\"wp-block-button has-custom-width wp-block-button__width-50 has-custom-font-size is-style-outline has-medium-font-size\"><a class=\"wp-block-button__link has-white-color has-vivid-red-background-color has-text-color has-background wp-element-button\" href=\"https:\/\/sitepersojlc.fr\/wp-content\/uploads\/2026\/01\/HEURES-SUPPLEMENTAIRES-PROBLEMATIQUES.zip\" style=\"border-radius:100px;padding-top:var(--wp--preset--spacing--20);padding-right:var(--wp--preset--spacing--20);padding-bottom:var(--wp--preset--spacing--20);padding-left:var(--wp--preset--spacing--20)\">Majoration applicable aux Heures Suppl\/  <\/a><\/div>\n<\/div>\n\n\n\n<p><\/p>\n\n\n\n<div class=\"wp-block-uagb-buttons uagb-buttons__outer-wrap uagb-btn__default-btn uagb-btn-tablet__default-btn uagb-btn-mobile__default-btn uagb-block-dc78e96f\"><div class=\"uagb-buttons__wrap uagb-buttons-layout-wrap\">\n<div class=\"wp-block-uagb-buttons-child uagb-buttons__outer-wrap uagb-block-70d7b4f2 wp-block-button is-style-outline\"><div class=\"uagb-button__wrapper\"><a class=\"uagb-buttons-repeater wp-block-button__link has-background has-text-color\" href=\"https:\/\/sitepersojlc.fr\/wp-content\/uploads\/2026\/01\/ABSENCES-ET-CALCUL-DU-NOMBRE-DHEURES-SUPPLEMENTAIRES.zip\" onclick=\"return true;\" rel=\"follow noopener\" target=\"_self\"><div class=\"uagb-button__link\">Absences et d\u00e9termination du nombre d&rsquo;heures suppl\/<\/div><\/a><\/div><\/div>\n<\/div><\/div>\n\n\n\n<p><\/p>\n\n\n\n<p style=\"text-align: center;\"><em>Mis en ligne le 05\/01\/2026<\/em><\/p>\n\n\n\n<p><\/p>\n\n\n\n<h3 style=\"text-align: center;\">2. Pr\u00e9sentation de la Feuille \u00ab\u00a0Heures Suppl\u00e9mentaires\u00a0\u00bb<\/h3>\n\n\n\n<p><\/p>\n\n\n\n<div class=\"wp-block-buttons has-custom-font-size has-medium-font-size is-content-justification-center is-layout-flex wp-container-2\">\n<div class=\"wp-block-button has-custom-width wp-block-button__width-50 is-style-outline\"><a class=\"wp-block-button__link has-white-color has-vivid-green-cyan-background-color has-text-color has-background wp-element-button\" href=\"https:\/\/sitepersojlc.fr\/wp-content\/uploads\/2026\/01\/APPLICATIONS-FEUILLE-HEURES-SUPPLEMENTAIRES-2026-3.zip\" style=\"border-radius:51px;padding-top:var(--wp--preset--spacing--30);padding-right:var(--wp--preset--spacing--30);padding-bottom:var(--wp--preset--spacing--30);padding-left:var(--wp--preset--spacing--30)\">Explication feuille HEURES SUPPLEMENTAIRES <\/a><\/div>\n<\/div>\n\n\n\n<p><\/p>\n\n\n\n<h3 style=\"text-align: center;\">3. Exercices d&rsquo;application sur la base CSG \/ CRDS<\/h3>\n\n\n\n\n\n<div class=\"wp-block-buttons is-content-justification-center is-layout-flex wp-container-3\">\n<div class=\"wp-block-button has-custom-width wp-block-button__width-50 has-custom-font-size is-style-outline has-medium-font-size\"><a class=\"wp-block-button__link has-white-color has-vivid-red-background-color has-text-color has-background wp-element-button\" href=\"https:\/\/sitepersojlc.fr\/wp-content\/uploads\/2026\/01\/ROUTINE-2026-DEF-1.zip\" style=\"border-radius:100px;padding-top:var(--wp--preset--spacing--20);padding-right:var(--wp--preset--spacing--20);padding-bottom:var(--wp--preset--spacing--20);padding-left:var(--wp--preset--spacing--20)\">T\u00e9l\u00e9charger le Fichier Excel <\/a><\/div>\n<\/div>\n\n\n\n<h5 style=\"text-align: center;\"><em>Classeur ci-dessus mis en ligne&nbsp; le 06\/01\/2026<\/em><\/h5>\n\n\n\n\n\n<p><\/p>\n\n\n\n<h3 style=\"text-align: center;\">4. Bulletins de paie : Exercice 1<\/h3>\n\n\n\n<p><\/p>\n\n\n\n<div class=\"wp-block-buttons is-content-justification-center is-layout-flex wp-container-4\">\n<div class=\"wp-block-button has-custom-width wp-block-button__width-25 has-custom-font-size is-style-outline has-medium-font-size\"><a class=\"wp-block-button__link has-white-color has-vivid-green-cyan-background-color has-text-color has-background wp-element-button\" href=\"https:\/\/sitepersojlc.fr\/wp-content\/uploads\/2026\/01\/1-NC-2000-FEUILLE-HEURES-SUPPLEMENTAIRES-2026-4.zip\" style=\"border-radius:59px;padding-top:0;padding-right:0;padding-bottom:0;padding-left:0\">Correction <\/a><\/div>\n<\/div>\n\n\n\n<p><\/p>\n\n\n\n<h3 style=\"text-align: center;\">5. Bulletins de paie : Exercice 2<\/h3>\n\n\n\n<p><a href=\"https:\/\/sitepersojlc.fr\/liens\/chapitre-8-les-heures-supplementaires-defiscalisees\/\">Voir la page<\/a><\/p>\n\n\n\n<div class=\"wp-block-buttons is-content-justification-center is-layout-flex wp-container-5\">\n<div class=\"wp-block-button has-custom-width wp-block-button__width-25 has-custom-font-size is-style-outline has-medium-font-size\"><a class=\"wp-block-button__link has-white-color has-vivid-green-cyan-background-color has-text-color has-background has-text-align-center wp-element-button\" href=\"https:\/\/sitepersojlc.fr\/wp-content\/uploads\/2026\/01\/2-NC-2400-FEUILLE-HEURES-SUPPLEMENTAIRES-2026-4.zip\" style=\"border-radius:39px;padding-top:0;padding-right:var(--wp--preset--spacing--20);padding-bottom:0;padding-left:var(--wp--preset--spacing--20)\">Correction <\/a><\/div>\n<\/div>\n\n\n\n<p><\/p>\n\n\n\n<h3 style=\"text-align: center;\">6. Bulletins de paie : Exercice 3<\/h3>\n\n\n\n<p><\/p>\n\n\n\n<h4 style=\"text-align: justify;\">Dans cet exercice vous trouverez un exemple de traitement de l&rsquo;absence en cas d&rsquo;heures suppl\u00e9mentaires structurelles&nbsp;<\/h4>\n\n\n\n<p><\/p>\n\n\n\n<div class=\"wp-block-buttons is-content-justification-center is-layout-flex wp-container-6\">\n<div class=\"wp-block-button has-custom-width wp-block-button__width-25 has-custom-font-size has-medium-font-size\"><a class=\"wp-block-button__link has-white-color has-vivid-green-cyan-background-color has-text-color has-background wp-element-button\" href=\"https:\/\/sitepersojlc.fr\/wp-content\/uploads\/2026\/01\/3-NC-192505-ABS-FEUILLE-HEURES-SUPPLEMENTAIRES-2026-4.zip\" style=\"border-radius:100px;padding-top:0;padding-right:0;padding-bottom:0;padding-left:0\">Correction <\/a><\/div>\n<\/div>\n\n\n\n<h6 style=\"text-align: center;\"><em>RGDU et coefficient mis \u00e0 jour le 19\/01\/2026<\/em><\/h6>\n\n\n\n<h3 style=\"text-align: center;\">7. Bulletins de paie : Exercice 4<\/h3>\n\n\n\n<p><\/p>\n\n\n\n<div class=\"wp-block-buttons is-content-justification-center is-layout-flex wp-container-7\">\n<div class=\"wp-block-button has-custom-width wp-block-button__width-25 has-custom-font-size is-style-outline has-medium-font-size\"><a class=\"wp-block-button__link has-white-color has-vivid-green-cyan-background-color has-text-color has-background wp-element-button\" href=\"https:\/\/sitepersojlc.fr\/wp-content\/uploads\/2026\/01\/4.-CADRE-ABS-FEUILLE-HEURES-SUPPLEMENTAIRES-2026-3.zip\" style=\"border-radius:91px;padding-top:0;padding-right:0;padding-bottom:0;padding-left:0\">Correction<\/a><\/div>\n<\/div>\n\n\n\n<p><\/p>\n\n\n\n<h6 style=\"text-align: center;\"><em>L&rsquo; exercice ci-dessus porte \u00e9galement&nbsp; sur des heures suppl\u00e9mentaires avec le cas d&rsquo;heures structurelles et une absence en cours de mois RGDU et coefficient mis \u00e0 jour le 19\/01\/2026<\/em><\/h6>\n\n\n\n<p><\/p>\n\n\n\n<h3 style=\"text-align: center;\">8. Bulletins de Paie : Exercice 5&nbsp;<\/h3>\n\n\n\n<p><\/p>\n\n\n\n<p><\/p>\n\n\n\n<div class=\"wp-block-uagb-buttons uagb-buttons__outer-wrap uagb-btn__default-btn uagb-btn-tablet__default-btn uagb-btn-mobile__default-btn uagb-block-89f80831\"><div class=\"uagb-buttons__wrap uagb-buttons-layout-wrap\">\n<div class=\"wp-block-uagb-buttons-child uagb-buttons__outer-wrap uagb-block-62fa13fc wp-block-button is-style-outline\"><div class=\"uagb-button__wrapper\"><a class=\"uagb-buttons-repeater wp-block-button__link has-background has-text-color\" href=\"https:\/\/sitepersojlc.fr\/wp-content\/uploads\/2026\/01\/EXERCICE-6-17000-2026-PREP-1.zip\" onclick=\"return true;\" rel=\"follow noopener\" target=\"_self\"><div class=\"uagb-button__link\">Correction <\/div><\/a><\/div><\/div>\n<\/div><\/div>\n\n\n\n<div class=\"wp-block-buttons is-content-justification-center is-layout-flex wp-container-8\"><\/div>\n\n\n\n\n\n<p><\/p>\n\n\n\n<p><\/p>\n\n\n\n<p><\/p>\n\n\n\n<p><\/p>\n\n\n\n<p><\/p>\n\n\n\n<p><\/p>\n\n\n\n<p><\/p>\n\n\n\n<p><\/p>\n\n\n\n<p><\/p>\n\n\n\n<p><\/p>\n\n\n\n<p><\/p>\n\n\n\n<p><\/p>\n\n\n\n<p><\/p>\n\n\n\n<p><\/p>\n\n\n\n<p><\/p>\n<div class=\"likebtn_container\" style=\"\"><!-- LikeBtn.com BEGIN --><span class=\"likebtn-wrapper\"  data-identifier=\"page_12261\"  data-site_id=\"6663fc396fd08b3d0b514646\"  data-lang=\"fr\"  data-style=\"\"  data-unlike_allowed=\"\"  data-show_copyright=\"\"  data-item_url=\"https:\/\/sitepersojlc.fr\/?page_id=12261\"  data-item_title=\"Chapitre 12 : Les heures suppl\u00e9mentaires d\u00e9fiscalis\u00e9es (5 exercices d&#039;application) 2026\"  data-item_date=\"2025-12-09T10:27:40+00:00\"  data-engine=\"WordPress\"  data-plugin_v=\"2.6.52\"  data-prx=\"https:\/\/sitepersojlc.fr\/wp-admin\/admin-ajax.php?action=likebtn_prx\"  data-event_handler=\"likebtn_eh\" ><\/span><!-- LikeBtn.com END --><\/div>","protected":false},"excerpt":{"rendered":"<p>Chapitre 12 : Les heures suppl\u00e9mentaires d\u00e9fiscalis\u00e9es RGDU mise \u00e0 jour le 19\/01\/2026 (arrondi du coefficient \u00e0 4 chiffres apr\u00e8s la virgule)&nbsp; 1. Comment calculer le nombre d&rsquo; heures suppl\u00e9mentaires effectu\u00e9es et sur quelle base appliquer la majoration ?&nbsp; Mis en ligne le 05\/01\/2026 2. Pr\u00e9sentation de la Feuille \u00ab\u00a0Heures Suppl\u00e9mentaires\u00a0\u00bb 3. Exercices d&rsquo;application sur [&hellip;]<\/p>\n<div class=\"likebtn_container\" style=\"\"><!-- LikeBtn.com BEGIN --><span class=\"likebtn-wrapper\"  data-identifier=\"page_12261\"  data-site_id=\"6663fc396fd08b3d0b514646\"  data-lang=\"fr\"  data-style=\"\"  data-unlike_allowed=\"\"  data-show_copyright=\"\"  data-item_url=\"https:\/\/sitepersojlc.fr\/?page_id=12261\"  data-item_title=\"Chapitre 12 : Les heures suppl\u00e9mentaires d\u00e9fiscalis\u00e9es (5 exercices d&#039;application) 2026\"  data-item_date=\"2025-12-09T10:27:40+00:00\"  data-engine=\"WordPress\"  data-plugin_v=\"2.6.52\"  data-prx=\"https:\/\/sitepersojlc.fr\/wp-admin\/admin-ajax.php?action=likebtn_prx\"  data-event_handler=\"likebtn_eh\" ><\/span><!-- LikeBtn.com END --><\/div>","protected":false},"author":1,"featured_media":0,"parent":3909,"menu_order":0,"comment_status":"closed","ping_status":"closed","template":"","meta":{"om_disable_all_campaigns":false,"_uag_custom_page_level_css":"","_monsterinsights_skip_tracking":false,"_monsterinsights_sitenote_active":false,"_monsterinsights_sitenote_note":"","_monsterinsights_sitenote_category":0,"_uf_show_specific_survey":0,"_uf_disable_surveys":false,"footnotes":""},"aioseo_notices":[],"uagb_featured_image_src":{"full":false,"thumbnail":false,"medium":false,"medium_large":false,"large":false,"1536x1536":false,"2048x2048":false},"uagb_author_info":{"display_name":"lechev.1910@gmail.com","author_link":"https:\/\/sitepersojlc.fr\/?author=1"},"uagb_comment_info":0,"uagb_excerpt":"Chapitre 12 : Les heures suppl\u00e9mentaires d\u00e9fiscalis\u00e9es RGDU mise \u00e0 jour le 19\/01\/2026 (arrondi du coefficient \u00e0 4 chiffres apr\u00e8s la virgule)&nbsp; 1. Comment calculer le nombre d&rsquo; heures suppl\u00e9mentaires effectu\u00e9es et sur quelle base appliquer la majoration ?&nbsp; Mis en ligne le 05\/01\/2026 2. Pr\u00e9sentation de la Feuille \u00ab\u00a0Heures Suppl\u00e9mentaires\u00a0\u00bb 3. Exercices d&rsquo;application sur\u2026","_links":{"self":[{"href":"https:\/\/sitepersojlc.fr\/index.php?rest_route=\/wp\/v2\/pages\/12261"}],"collection":[{"href":"https:\/\/sitepersojlc.fr\/index.php?rest_route=\/wp\/v2\/pages"}],"about":[{"href":"https:\/\/sitepersojlc.fr\/index.php?rest_route=\/wp\/v2\/types\/page"}],"author":[{"embeddable":true,"href":"https:\/\/sitepersojlc.fr\/index.php?rest_route=\/wp\/v2\/users\/1"}],"replies":[{"embeddable":true,"href":"https:\/\/sitepersojlc.fr\/index.php?rest_route=%2Fwp%2Fv2%2Fcomments&post=12261"}],"version-history":[{"count":44,"href":"https:\/\/sitepersojlc.fr\/index.php?rest_route=\/wp\/v2\/pages\/12261\/revisions"}],"predecessor-version":[{"id":13005,"href":"https:\/\/sitepersojlc.fr\/index.php?rest_route=\/wp\/v2\/pages\/12261\/revisions\/13005"}],"up":[{"embeddable":true,"href":"https:\/\/sitepersojlc.fr\/index.php?rest_route=\/wp\/v2\/pages\/3909"}],"wp:attachment":[{"href":"https:\/\/sitepersojlc.fr\/index.php?rest_route=%2Fwp%2Fv2%2Fmedia&parent=12261"}],"curies":[{"name":"wp","href":"https:\/\/api.w.org\/{rel}","templated":true}]}}