{"id":12223,"date":"2025-12-05T13:26:31","date_gmt":"2025-12-05T13:26:31","guid":{"rendered":"https:\/\/sitepersojlc.fr\/?page_id=12223"},"modified":"2026-02-12T08:48:03","modified_gmt":"2026-02-12T08:48:03","slug":"cdd-2025-2024","status":"publish","type":"page","link":"https:\/\/sitepersojlc.fr\/?page_id=12223","title":{"rendered":"CDD 2026"},"content":{"rendered":"\n<p><\/p>\n\n\n\n<figure class=\"wp-block-image size-large\"><img decoding=\"async\" loading=\"lazy\" width=\"1024\" height=\"512\" src=\"https:\/\/sitepersojlc.fr\/wp-content\/uploads\/2025\/05\/uluwatu-1024x512.jpg\" alt=\"\" class=\"wp-image-9954\" srcset=\"https:\/\/sitepersojlc.fr\/wp-content\/uploads\/2025\/05\/uluwatu-1024x512.jpg 1024w, https:\/\/sitepersojlc.fr\/wp-content\/uploads\/2025\/05\/uluwatu-300x150.jpg 300w, https:\/\/sitepersojlc.fr\/wp-content\/uploads\/2025\/05\/uluwatu-768x384.jpg 768w, https:\/\/sitepersojlc.fr\/wp-content\/uploads\/2025\/05\/uluwatu-1536x768.jpg 1536w, https:\/\/sitepersojlc.fr\/wp-content\/uploads\/2025\/05\/uluwatu.jpg 2000w\" sizes=\"(max-width: 1024px) 100vw, 1024px\" \/><\/figure>\n\n\n\n<p><\/p>\n\n\n\n<p><\/p>\n\n\n\n<h2 class=\"wp-block-heading\" style=\"text-align: center;\">Bulletins de paie des CDD<\/h2>\n<p><em>Mise \u00e0 jour RGDU le 19\/01\/2026&nbsp; &#8211; En attente param\u00e8tres Versement Sant\u00e9 pour le 3 eme exercice<\/em>&nbsp;<\/p>\n\n\n\n<h4 class=\"wp-block-heading\" style=\"text-align: justify;\">Dans ce premier exercice vous serez amen\u00e9 \u00e0 \u00e9tablir le bulletin de paie d\u2019un salari\u00e9 au terme de son CDD et \u00e0 pr\u00e9parer tous les documents que vous devez lui remettre. Vous calculerez donc l\u2019indemnit\u00e9 de fin de contrat ainsi que l\u2019indemnit\u00e9 compensatrice de cong\u00e9s pay\u00e9s en comparant la r\u00e8gle dite du 1.10 e et la r\u00e8gle du maintien de salaire. Vous veillerez \u00e9galement \u00e0 vous poser la question de la r\u00e9gularisation de la r\u00e9duction g\u00e9n\u00e9rale d\u00e9gressive unique. Un corrig\u00e9 d\u00e9taill\u00e9 vous est propos\u00e9.<\/h4>\n<p>&nbsp;<\/p>\n\n\n\n<p><a href=\"https:\/\/sitepersojlc.fr\/wp-content\/uploads\/2023\/09\/EXERCICE-1-CDD-COURT-PAIE-DE-DEPART-1-BP-ENONCE.zip\"><\/a><\/p>\n\n\n\n<div class=\"wp-block-uagb-buttons uagb-buttons__outer-wrap uagb-btn__default-btn uagb-btn-tablet__default-btn uagb-btn-mobile__default-btn uagb-block-c3b23c26\"><div class=\"uagb-buttons__wrap uagb-buttons-layout-wrap\">\n<div class=\"wp-block-uagb-buttons-child uagb-buttons__outer-wrap uagb-block-8b7be0cc wp-block-button is-style-outline\"><div class=\"uagb-button__wrapper\"><a class=\"uagb-buttons-repeater wp-block-button__link has-background has-text-color\" href=\"https:\/\/sitepersojlc.fr\/wp-content\/uploads\/2026\/02\/CDD-QUIZ-2.zip\" onclick=\"return true;\" rel=\"follow noopener\" target=\"_self\"><div class=\"uagb-button__link\">QCM CDD <\/div><\/a><\/div><\/div>\n<\/div><\/div>\n\n\n\n<p><\/p>\n\n\n\n<div class=\"wp-block-uagb-buttons uagb-buttons__outer-wrap uagb-btn__default-btn uagb-btn-tablet__default-btn uagb-btn-mobile__default-btn uagb-block-c4411ff0\"><div class=\"uagb-buttons__wrap uagb-buttons-layout-wrap\">\n<div class=\"wp-block-uagb-buttons-child uagb-buttons__outer-wrap uagb-block-0ecdddcc wp-block-button is-style-outline\"><div class=\"uagb-button__wrapper\"><a class=\"uagb-buttons-repeater wp-block-button__link has-background has-text-color\" href=\"https:\/\/sitepersojlc.fr\/wp-content\/uploads\/2026\/01\/1.-CDD-COURT-CORRECTION-2026-6.zip\" onclick=\"return true;\" rel=\"follow noopener\" target=\"_self\"><div class=\"uagb-button__link\">Correction Exercice 1<\/div><\/a><\/div><\/div>\n<\/div><\/div>\n\n\n\n<p><a href=\"https:\/\/sitepersojlc.fr\/wp-content\/uploads\/2023\/09\/EXERCICE-1-CDD-COURT-PAIE-DE-DEPART-1-BP-CORRECTION.zip\"><\/a><\/p>\n\n\n\n\n\n<h4>&nbsp;<\/h4>\n<h4 class=\"wp-block-heading\" style=\"text-align: justify;\">Dans ce deuxi\u00e8me exercice vous devrez \u00e9tablir les 3 bulletins de paie d\u2019un salari\u00e9 en CDD court (moins de 2 mois) \u00e0 cheval sur 3 mois. L\u2019entreprise pratique la r\u00e9gularisation progressive. Le salari\u00e9 ne b\u00e9n\u00e9ficie pas du versement sant\u00e9.<\/h4>\n\n\n\n<p><a href=\"https:\/\/sitepersojlc.fr\/wp-content\/uploads\/2023\/09\/EXRCICE-1-CDD-COURT-3-BULLETINS-DE-PAIE-ENONCE.zip\"><\/a><\/p>\n\n\n\n<div class=\"wp-block-uagb-buttons uagb-buttons__outer-wrap uagb-btn__default-btn uagb-btn-tablet__default-btn uagb-btn-mobile__default-btn uagb-block-e28dc5a7\"><div class=\"uagb-buttons__wrap uagb-buttons-layout-wrap\">\n<div class=\"wp-block-uagb-buttons-child uagb-buttons__outer-wrap uagb-block-a8efb9b4 wp-block-button is-style-outline\"><div class=\"uagb-button__wrapper\"><a class=\"uagb-buttons-repeater wp-block-button__link has-background has-text-color\" href=\"https:\/\/sitepersojlc.fr\/wp-content\/uploads\/2025\/04\/Contrats-courts-en-taux-neutres-2025.zip\" onclick=\"return true;\" rel=\"follow noopener\" target=\"_self\"><div class=\"uagb-button__link\">Particularit\u00e9 concernant  les Contrats courts <\/div><\/a><\/div><\/div>\n<\/div><\/div>\n\n\n\n<p><\/p>\n\n\n\n<p><\/p>\n\n\n\n<div class=\"wp-block-buttons is-content-justification-center is-layout-flex wp-container-1\">\n<div class=\"wp-block-button\"><a class=\"wp-block-button__link has-white-color has-vivid-red-background-color has-text-color has-background wp-element-button\" href=\"https:\/\/sitepersojlc.fr\/wp-content\/uploads\/2026\/01\/EX-2-CDD-COURT-SUR-3-MOIS-2026-DEF-3.zip\" style=\"border-radius:100px\">Correction Exercice 2 <\/a><\/div>\n<\/div>\n\n\n\n<p><a href=\"https:\/\/sitepersojlc.fr\/wp-content\/uploads\/2023\/09\/EXERCICE-2-CDD-COURT-3-BULLETINS-DE-PAIE-CORRECTION.zip\"><\/a><\/p>\n\n\n\n\n\n<h4>&nbsp;<\/h4>\n<h4 class=\"wp-block-heading\" style=\"text-align: justify;\">Dans ce troisi\u00e8me exercice on vous demande d\u2019\u00e9tablir les 2 Bulletins de Paie d\u2019un salari\u00e9 en CDD court b\u00e9n\u00e9ficiant du Versement sant\u00e9. L\u2019entreprise pratique la r\u00e9gularisation progressive. Cas de r\u00e9gularisation de la CET.<\/h4>\n<p>&nbsp;<\/p>\n\n\n\n<div class=\"wp-block-buttons is-content-justification-center is-layout-flex wp-container-2\">\n<div class=\"wp-block-button\"><a class=\"wp-block-button__link has-white-color has-vivid-red-background-color has-text-color has-background wp-element-button\" href=\"https:\/\/sitepersojlc.fr\/wp-content\/uploads\/2026\/02\/VERSEMENT-SANTE-2026-BP-def.zip\" style=\"border-radius:100px\">Correction Exercice 3<\/a><\/div>\n<\/div>\n\n\n\n<p><a href=\"https:\/\/sitepersojlc.fr\/wp-content\/uploads\/2023\/10\/EXERCICE-3-CDD-Verst-sante-2-BP-Correction.zip\"><\/a><\/p>\n\n\n\n\n\n<p style=\"text-align: center;\"><em>Mis en ligne le 11\/02\/2026<\/em><\/p>\n\n\n\n<h4>&nbsp;<\/h4>\n<h4 class=\"wp-block-heading\" style=\"text-align: justify;\">Dans cette fiche de synth\u00e8se vous retrouverez tout ce que vous avez besoin de savoir concernant le versement sant\u00e9 <em>(Mis en ligne le 11\/02\/2026)<\/em><\/h4>\n\n\n\n<p><a href=\"https:\/\/sitepersojlc.fr\/wp-content\/uploads\/2023\/09\/VERSEMENT-SANTE.zip\"><\/a><\/p>\n\n\n\n<div class=\"wp-block-buttons is-content-justification-center is-layout-flex wp-container-3\">\n<div class=\"wp-block-button\"><a class=\"wp-block-button__link has-white-color has-vivid-red-background-color has-text-color has-background wp-element-button\" href=\"https:\/\/sitepersojlc.fr\/wp-content\/uploads\/2026\/02\/VERSEMENT-SANTE-2026.zip\" style=\"border-radius:100px\">Versement sant\u00e9 <\/a><\/div>\n<\/div>\n\n\n\n<h4>\u00a0<\/h4>\n<h4 class=\"wp-block-heading\" style=\"text-align: center;\">Fiche de synth\u00e8se g\u00e9n\u00e9rale sur les CDD<\/h4>\n<p style=\"text-align: center;\"><em>(A venir ult\u00e9rieurement)<\/em><\/p>\n<p>\u00a0<\/p>\n\n\n\n<div class=\"wp-block-buttons is-content-justification-center is-layout-flex wp-container-4\">\n<div class=\"wp-block-button\"><a class=\"wp-block-button__link has-white-color has-vivid-green-cyan-background-color has-text-color has-background wp-element-button\" style=\"border-radius:100px\">Fiche de synth\u00e8se CDD <\/a><\/div>\n<\/div>\n\n\n\n<p><\/p>\n\n\n\n<p><\/p>\n\n\n\n<p><\/p>\n\n\n\n<p><\/p>\n<div class=\"likebtn_container\" style=\"\"><!-- LikeBtn.com BEGIN --><span class=\"likebtn-wrapper\"  data-identifier=\"page_12223\"  data-site_id=\"6663fc396fd08b3d0b514646\"  data-lang=\"fr\"  data-style=\"\"  data-unlike_allowed=\"\"  data-show_copyright=\"\"  data-item_url=\"https:\/\/sitepersojlc.fr\/?page_id=12223\"  data-item_title=\"CDD 2026\"  data-item_date=\"2025-12-05T13:26:31+00:00\"  data-engine=\"WordPress\"  data-plugin_v=\"2.6.52\"  data-prx=\"https:\/\/sitepersojlc.fr\/wp-admin\/admin-ajax.php?action=likebtn_prx\"  data-event_handler=\"likebtn_eh\" ><\/span><!-- LikeBtn.com END --><\/div>","protected":false},"excerpt":{"rendered":"<p>Bulletins de paie des CDD Mise \u00e0 jour RGDU le 19\/01\/2026&nbsp; &#8211; En attente param\u00e8tres Versement Sant\u00e9 pour le 3 eme exercice&nbsp; Dans ce premier exercice vous serez amen\u00e9 \u00e0 \u00e9tablir le bulletin de paie d\u2019un salari\u00e9 au terme de son CDD et \u00e0 pr\u00e9parer tous les documents que vous devez lui remettre. Vous calculerez [&hellip;]<\/p>\n<div class=\"likebtn_container\" style=\"\"><!-- LikeBtn.com BEGIN --><span class=\"likebtn-wrapper\"  data-identifier=\"page_12223\"  data-site_id=\"6663fc396fd08b3d0b514646\"  data-lang=\"fr\"  data-style=\"\"  data-unlike_allowed=\"\"  data-show_copyright=\"\"  data-item_url=\"https:\/\/sitepersojlc.fr\/?page_id=12223\"  data-item_title=\"CDD 2026\"  data-item_date=\"2025-12-05T13:26:31+00:00\"  data-engine=\"WordPress\"  data-plugin_v=\"2.6.52\"  data-prx=\"https:\/\/sitepersojlc.fr\/wp-admin\/admin-ajax.php?action=likebtn_prx\"  data-event_handler=\"likebtn_eh\" ><\/span><!-- LikeBtn.com END --><\/div>","protected":false},"author":1,"featured_media":0,"parent":0,"menu_order":0,"comment_status":"closed","ping_status":"closed","template":"","meta":{"om_disable_all_campaigns":false,"_uag_custom_page_level_css":"","_monsterinsights_skip_tracking":false,"_monsterinsights_sitenote_active":false,"_monsterinsights_sitenote_note":"","_monsterinsights_sitenote_category":0,"_uf_show_specific_survey":0,"_uf_disable_surveys":false,"footnotes":""},"aioseo_notices":[],"uagb_featured_image_src":{"full":false,"thumbnail":false,"medium":false,"medium_large":false,"large":false,"1536x1536":false,"2048x2048":false},"uagb_author_info":{"display_name":"lechev.1910@gmail.com","author_link":"https:\/\/sitepersojlc.fr\/?author=1"},"uagb_comment_info":0,"uagb_excerpt":"Bulletins de paie des CDD Mise \u00e0 jour RGDU le 19\/01\/2026&nbsp; &#8211; En attente param\u00e8tres Versement Sant\u00e9 pour le 3 eme exercice&nbsp; Dans ce premier exercice vous serez amen\u00e9 \u00e0 \u00e9tablir le bulletin de paie d\u2019un salari\u00e9 au terme de son CDD et \u00e0 pr\u00e9parer tous les documents que vous devez lui remettre. Vous calculerez\u2026","_links":{"self":[{"href":"https:\/\/sitepersojlc.fr\/index.php?rest_route=\/wp\/v2\/pages\/12223"}],"collection":[{"href":"https:\/\/sitepersojlc.fr\/index.php?rest_route=\/wp\/v2\/pages"}],"about":[{"href":"https:\/\/sitepersojlc.fr\/index.php?rest_route=\/wp\/v2\/types\/page"}],"author":[{"embeddable":true,"href":"https:\/\/sitepersojlc.fr\/index.php?rest_route=\/wp\/v2\/users\/1"}],"replies":[{"embeddable":true,"href":"https:\/\/sitepersojlc.fr\/index.php?rest_route=%2Fwp%2Fv2%2Fcomments&post=12223"}],"version-history":[{"count":17,"href":"https:\/\/sitepersojlc.fr\/index.php?rest_route=\/wp\/v2\/pages\/12223\/revisions"}],"predecessor-version":[{"id":13395,"href":"https:\/\/sitepersojlc.fr\/index.php?rest_route=\/wp\/v2\/pages\/12223\/revisions\/13395"}],"wp:attachment":[{"href":"https:\/\/sitepersojlc.fr\/index.php?rest_route=%2Fwp%2Fv2%2Fmedia&parent=12223"}],"curies":[{"name":"wp","href":"https:\/\/api.w.org\/{rel}","templated":true}]}}