{"id":12,"date":"2022-11-28T16:13:20","date_gmt":"2022-11-28T16:13:20","guid":{"rendered":"https:\/\/sitepersojlc.fr\/?page_id=12"},"modified":"2025-06-14T00:53:07","modified_gmt":"2025-06-14T00:53:07","slug":"notre-vision-2","status":"publish","type":"page","link":"https:\/\/sitepersojlc.fr\/?page_id=12","title":{"rendered":"Vision"},"content":{"rendered":"\n<p><\/p>\n\n\n\n<p><\/p>\n\n\n\n<h3 style=\"text-align: justify;\">Le monde a besoin d\u2019id\u00e9es directrices, d\u2019une vision, pour diriger plus efficacement nos capacit\u00e9s intellectuelles, morales et scientifiques pour la paix mondiale, la s\u00e9curit\u00e9 mondiale, la dignit\u00e9 humaine et la justice sociale<\/h3>\n\n\n\n<h3 style=\"text-align: justify;\">Aujourd\u2019hui, nous sommes confront\u00e9s \u00e0 une myriade de d\u00e9fis. Des r\u00e9alisations mat\u00e9rielles et technologiques sans pr\u00e9c\u00e9dent coexistent avec une pauvret\u00e9, une in\u00e9galit\u00e9 et une injustice inadmissibles et, dans certains cas, croissantes. Les progr\u00e8s de la science ont lib\u00e9r\u00e9 des pouvoirs remarquables, mais ces m\u00eames pouvoirs, tels qu\u2019ils sont actuellement exerc\u00e9s, menacent de saper l\u2019avenir m\u00eame de notre plan\u00e8te.<\/h3>\n\n\n\n<p><\/p>\n\n\n\n<h3 style=\"text-align: justify;\">L\u2019augmentation rapide des attentes a accru les frustrations et les tensions qui menacent le tissu de la soci\u00e9t\u00e9 mondiale. La prosp\u00e9rit\u00e9 elle-m\u00eame est devenue une source d\u2019instabilit\u00e9 et de destruction lorsqu\u2019elle est poursuivie sans garanties organisationnelles pour notre bien-\u00eatre collectif.<\/h3>\n\n\n\n<p><\/p>\n\n\n\n<h3 style=\"text-align: justify;\">N\u2019\u00e9tant plus en mesure de nous permettre le luxe de la concurrence et des conflits fond\u00e9s principalement sur des int\u00e9r\u00eats et des pr\u00e9jug\u00e9s nationaux, ethniques ou religieux, nous devons d\u2019urgence acqu\u00e9rir les connaissances et fa\u00e7onner les institutions, n\u00e9cessaires \u00e0 une gouvernance mondiale libre, \u00e9quitable et efficace.<\/h3>\n\n\n\n<p><\/p>\n\n\n\n<h3 style=\"text-align: justify;\">Jusqu\u2019\u00e0 r\u00e9cemment, l\u2019histoire a enregistr\u00e9 les actes de penseurs individuels cr\u00e9atifs et de dirigeants dynamiques qui ont modifi\u00e9 la voie du progr\u00e8s humain et laiss\u00e9 une marque durable sur la soci\u00e9t\u00e9. Au cours du dernier demi-si\u00e8cle, le r\u00f4le des pionniers a \u00e9t\u00e9 de plus en plus remplac\u00e9 par celui d\u2019organisations nouvelles et progressistes, dont les organisations internationales du syst\u00e8me des Nations Unies et des ONG telles que le Club de Rome, Pugwash et les M\u00e9decins internationaux pour la pr\u00e9vention de la guerre nucl\u00e9aire.<\/h3>\n<h3 style=\"text-align: justify;\">Ces organisations se distinguent parce qu\u2019elles sont inspir\u00e9es par des valeurs \u00e9lev\u00e9es et engag\u00e9es dans la r\u00e9alisation d\u2019objectifs pratiques, mais de grande port\u00e9e. C\u2019\u00e9tait sans doute l\u2019intention des fondateurs de l\u2019Acad\u00e9mie Mondiale des Arts et des Sciences (AMAS) lorsqu\u2019elle a cr\u00e9\u00e9 cette institution en 1960 en tant qu\u2019association transnationale pour explorer les pr\u00e9occupations majeures de l\u2019humanit\u00e9 dans un contexte non gouvernemental.<\/h3>\n\n\n\n<p><\/p>\n\n\n\n<h3 style=\"text-align: justify;\">Les fondateurs de l\u2019AMAS \u00e9taient motiv\u00e9s par un engagement \u00e9motionnel profond et un sens de la responsabilit\u00e9 pour travailler pour l\u2019am\u00e9lioration de toute l\u2019humanit\u00e9. Leur conviction primordiale \u00e9tait la n\u00e9cessit\u00e9 d\u2019un effort mondial uni pour contr\u00f4ler les forces de la science et de la technologie et gouverner l\u2019\u00e9volution pacifique de la soci\u00e9t\u00e9 humaine. Les conditions inhibitrices ont limit\u00e9 leur capacit\u00e9 \u00e0 traduire ces puissants motifs en action, mais ils conservent toujours leur pouvoir initial de r\u00e9alisation.<\/h3>\n\n\n\n<h3 style=\"text-align: justify;\">Aujourd\u2019hui, les circonstances sont plus propices, l\u2019environnement international est plus d\u00e9velopp\u00e9. Aucune organisation ne peut, \u00e0 elle seule exploiter la force motrice n\u00e9cessaire pour changer le monde, mais un groupe d\u2019organisations partageant les m\u00eames id\u00e9es et fond\u00e9es avec des intentions aussi puissantes peut devenir un aimant et un point focal pour projeter des id\u00e9es cr\u00e9atives qui poss\u00e8dent le dynamisme inh\u00e9rent \u00e0 l\u2019\u00e9panouissement personnel.<\/h3>\n<div class=\"likebtn_container\" style=\"\"><!-- LikeBtn.com BEGIN --><span class=\"likebtn-wrapper\"  data-identifier=\"page_12\"  data-site_id=\"6663fc396fd08b3d0b514646\"  data-lang=\"fr\"  data-style=\"\"  data-unlike_allowed=\"\"  data-show_copyright=\"\"  data-item_url=\"https:\/\/sitepersojlc.fr\/?page_id=12\"  data-item_title=\"Vision\"  data-item_date=\"2022-11-28T16:13:20+00:00\"  data-engine=\"WordPress\"  data-plugin_v=\"2.6.52\"  data-prx=\"https:\/\/sitepersojlc.fr\/wp-admin\/admin-ajax.php?action=likebtn_prx\"  data-event_handler=\"likebtn_eh\" ><\/span><!-- LikeBtn.com END --><\/div>","protected":false},"excerpt":{"rendered":"<p>Le monde a besoin d\u2019id\u00e9es directrices, d\u2019une vision, pour diriger plus efficacement nos capacit\u00e9s intellectuelles, morales et scientifiques pour la paix mondiale, la s\u00e9curit\u00e9 mondiale, la dignit\u00e9 humaine et la justice sociale Aujourd\u2019hui, nous sommes confront\u00e9s \u00e0 une myriade de d\u00e9fis. Des r\u00e9alisations mat\u00e9rielles et technologiques sans pr\u00e9c\u00e9dent coexistent avec une pauvret\u00e9, une in\u00e9galit\u00e9 et [&hellip;]<\/p>\n<div class=\"likebtn_container\" style=\"\"><!-- LikeBtn.com BEGIN --><span class=\"likebtn-wrapper\"  data-identifier=\"page_12\"  data-site_id=\"6663fc396fd08b3d0b514646\"  data-lang=\"fr\"  data-style=\"\"  data-unlike_allowed=\"\"  data-show_copyright=\"\"  data-item_url=\"https:\/\/sitepersojlc.fr\/?page_id=12\"  data-item_title=\"Vision\"  data-item_date=\"2022-11-28T16:13:20+00:00\"  data-engine=\"WordPress\"  data-plugin_v=\"2.6.52\"  data-prx=\"https:\/\/sitepersojlc.fr\/wp-admin\/admin-ajax.php?action=likebtn_prx\"  data-event_handler=\"likebtn_eh\" ><\/span><!-- LikeBtn.com END --><\/div>","protected":false},"author":1,"featured_media":0,"parent":0,"menu_order":0,"comment_status":"closed","ping_status":"closed","template":"","meta":{"om_disable_all_campaigns":false,"_uag_custom_page_level_css":"","_monsterinsights_skip_tracking":false,"_monsterinsights_sitenote_active":false,"_monsterinsights_sitenote_note":"","_monsterinsights_sitenote_category":0,"_uf_show_specific_survey":0,"_uf_disable_surveys":false,"footnotes":""},"aioseo_notices":[],"uagb_featured_image_src":{"full":false,"thumbnail":false,"medium":false,"medium_large":false,"large":false,"1536x1536":false,"2048x2048":false},"uagb_author_info":{"display_name":"lechev.1910@gmail.com","author_link":"https:\/\/sitepersojlc.fr\/?author=1"},"uagb_comment_info":0,"uagb_excerpt":"Le monde a besoin d\u2019id\u00e9es directrices, d\u2019une vision, pour diriger plus efficacement nos capacit\u00e9s intellectuelles, morales et scientifiques pour la paix mondiale, la s\u00e9curit\u00e9 mondiale, la dignit\u00e9 humaine et la justice sociale Aujourd\u2019hui, nous sommes confront\u00e9s \u00e0 une myriade de d\u00e9fis. Des r\u00e9alisations mat\u00e9rielles et technologiques sans pr\u00e9c\u00e9dent coexistent avec une pauvret\u00e9, une in\u00e9galit\u00e9 et\u2026","_links":{"self":[{"href":"https:\/\/sitepersojlc.fr\/index.php?rest_route=\/wp\/v2\/pages\/12"}],"collection":[{"href":"https:\/\/sitepersojlc.fr\/index.php?rest_route=\/wp\/v2\/pages"}],"about":[{"href":"https:\/\/sitepersojlc.fr\/index.php?rest_route=\/wp\/v2\/types\/page"}],"author":[{"embeddable":true,"href":"https:\/\/sitepersojlc.fr\/index.php?rest_route=\/wp\/v2\/users\/1"}],"replies":[{"embeddable":true,"href":"https:\/\/sitepersojlc.fr\/index.php?rest_route=%2Fwp%2Fv2%2Fcomments&post=12"}],"version-history":[{"count":36,"href":"https:\/\/sitepersojlc.fr\/index.php?rest_route=\/wp\/v2\/pages\/12\/revisions"}],"predecessor-version":[{"id":6615,"href":"https:\/\/sitepersojlc.fr\/index.php?rest_route=\/wp\/v2\/pages\/12\/revisions\/6615"}],"wp:attachment":[{"href":"https:\/\/sitepersojlc.fr\/index.php?rest_route=%2Fwp%2Fv2%2Fmedia&parent=12"}],"curies":[{"name":"wp","href":"https:\/\/api.w.org\/{rel}","templated":true}]}}