{"id":11892,"date":"2025-10-24T09:21:19","date_gmt":"2025-10-24T09:21:19","guid":{"rendered":"https:\/\/sitepersojlc.fr\/?page_id=11892"},"modified":"2026-01-27T07:41:57","modified_gmt":"2026-01-27T07:41:57","slug":"accident-de-trajet","status":"publish","type":"page","link":"https:\/\/sitepersojlc.fr\/?page_id=11892","title":{"rendered":"Accident de Trajet"},"content":{"rendered":"\n<p><\/p>\n\n\n\n<h3 style=\"text-align: center;\">Accident de Trajet<\/h3>\n\n\n\n<p><\/p>\n\n\n\n<figure class=\"wp-block-image size-full is-resized\"><img decoding=\"async\" loading=\"lazy\" src=\"https:\/\/sitepersojlc.fr\/wp-content\/uploads\/2024\/05\/440850531_972782661523843_8690516487171927986_n.jpg\" alt=\"\" class=\"wp-image-8656\" width=\"760\" height=\"937\" srcset=\"https:\/\/sitepersojlc.fr\/wp-content\/uploads\/2024\/05\/440850531_972782661523843_8690516487171927986_n.jpg 720w, https:\/\/sitepersojlc.fr\/wp-content\/uploads\/2024\/05\/440850531_972782661523843_8690516487171927986_n-243x300.jpg 243w\" sizes=\"(max-width: 760px) 100vw, 760px\" \/><\/figure>\n\n\n\n<p><\/p>\n\n\n\n<p><\/p>\n\n\n\n<h3 style=\"text-align: center;\"><strong>Exercice 1&nbsp;<\/strong><\/h3>\n<h4 style=\"text-align: justify;\">On vous demande d&rsquo;\u00e9tablir le Bulletin de Paie d&rsquo;un <strong>ouvrier du b\u00e2timent<\/strong> travaillant dans une entreprise dont le si\u00e8ge social se trouve \u00e0 Marseille relevant de l&rsquo;<strong>IDCC 1597.<\/strong> Il est victime d &lsquo;un a<strong>ccident de trajet l<\/strong>e 22\/09 et est en arr\u00eat de travail du 23\/09 \u00e0 la fin du mois.&nbsp;<\/h4>\n\n\n\n<p><\/p>\n\n\n\n<div class=\"wp-block-uagb-buttons uagb-buttons__outer-wrap uagb-btn__default-btn uagb-btn-tablet__default-btn uagb-btn-mobile__default-btn uagb-block-c26dae53\"><div class=\"uagb-buttons__wrap uagb-buttons-layout-wrap\">\n<div class=\"wp-block-uagb-buttons-child uagb-buttons__outer-wrap uagb-block-7d30ad39 wp-block-button is-style-outline\"><div class=\"uagb-button__wrapper\"><a class=\"uagb-buttons-repeater wp-block-button__link has-background has-text-color\" href=\"https:\/\/sitepersojlc.fr\/wp-content\/uploads\/2025\/10\/BP-2-ATRAJET-PACA.zip\" onclick=\"return true;\" rel=\"follow noopener\" target=\"_self\"><div class=\"uagb-button__link\">Bulletin de Paie Comment\u00e9 1 <\/div><\/a><\/div><\/div>\n<\/div><\/div>\n\n\n\n<p><\/p>\n\n\n\n<p><\/p>\n\n\n\n<h3 style=\"text-align: center;\"><strong>Exercice 2<\/strong>&nbsp;<\/h3>\n<h4 style=\"text-align: justify;\">Vous devez \u00e9tablir pour le mois de <strong>Septembre 2025&nbsp;<\/strong> le bulletin de paie d&rsquo;un&nbsp; <strong>ETAM<\/strong> travaillant dans une entreprise de 9 salari\u00e9s situ\u00e9e dans&nbsp; la <strong>R\u00e9gion Parisienne <\/strong>et&nbsp; relevant de l&rsquo;<strong>IDCC 2609<\/strong>. Il a un contrat de <strong>169 heures<\/strong>&nbsp; et&nbsp; est victime d&rsquo;un <strong>accident de trajet <\/strong>le<strong> Vendredi 05\/09 <\/strong>et est en arr\u00eat du<strong> Lundi 08\/09 <\/strong>au<strong> Vendredi 19\/09&nbsp;<\/strong><\/h4>\n\n\n\n<p><\/p>\n\n\n\n<p><\/p>\n\n\n\n<div class=\"wp-block-uagb-buttons uagb-buttons__outer-wrap uagb-btn__default-btn uagb-btn-tablet__default-btn uagb-btn-mobile__default-btn uagb-block-036c8710\"><div class=\"uagb-buttons__wrap uagb-buttons-layout-wrap\">\n<div class=\"wp-block-uagb-buttons-child uagb-buttons__outer-wrap uagb-block-35954014 wp-block-button is-style-outline\"><div class=\"uagb-button__wrapper\"><a class=\"uagb-buttons-repeater wp-block-button__link has-background has-text-color\" href=\"https:\/\/sitepersojlc.fr\/wp-content\/uploads\/2025\/10\/ETAM-ATRJET-1.zip\" onclick=\"return true;\" rel=\"follow noopener\" target=\"_self\"><div class=\"uagb-button__link\">Bulletin de Paie Comment\u00e9 2 <\/div><\/a><\/div><\/div>\n<\/div><\/div>\n\n\n\n<p><\/p>\n\n\n\n<h4 style=\"text-align: justify;\">A titre informatif et pour effectuer le cas \u00e9ch\u00e9ant la simulation du bulletin de paie, je vous joins la maquette sur laquelle j&rsquo;ai travaill\u00e9.<\/h4>\n\n\n\n<p><\/p>\n\n\n\n<p><\/p>\n\n\n\n<div class=\"wp-block-uagb-buttons uagb-buttons__outer-wrap uagb-btn__default-btn uagb-btn-tablet__default-btn uagb-btn-mobile__default-btn uagb-block-13179638\"><div class=\"uagb-buttons__wrap uagb-buttons-layout-wrap\">\n<div class=\"wp-block-uagb-buttons-child uagb-buttons__outer-wrap uagb-block-c60014de wp-block-button is-style-outline\"><div class=\"uagb-button__wrapper\"><a class=\"uagb-buttons-repeater wp-block-button__link has-background has-text-color\" href=\"https:\/\/sitepersojlc.fr\/wp-content\/uploads\/2025\/10\/MAQUETTE-ETAM-ABSENCE-POUR-ACCIDENT-DE-TRAJET-TM-1.zip\" onclick=\"return true;\" rel=\"follow noopener\" target=\"_self\"><div class=\"uagb-button__link\">Maquette de Travail ETAM <\/div><\/a><\/div><\/div>\n<\/div><\/div>\n\n\n\n<p><\/p>\n\n\n\n<p><\/p>\n\n\n\n<p><\/p>\n\n\n\n<p><\/p>\n\n\n\n<p><\/p>\n\n\n\n<p><\/p>\n\n\n\n<p><\/p>\n\n\n\n<p><\/p>\n<div class=\"likebtn_container\" style=\"\"><!-- LikeBtn.com BEGIN --><span class=\"likebtn-wrapper\"  data-identifier=\"page_11892\"  data-site_id=\"6663fc396fd08b3d0b514646\"  data-lang=\"fr\"  data-style=\"\"  data-unlike_allowed=\"\"  data-show_copyright=\"\"  data-item_url=\"https:\/\/sitepersojlc.fr\/?page_id=11892\"  data-item_title=\"Accident de Trajet\"  data-item_date=\"2025-10-24T09:21:19+00:00\"  data-engine=\"WordPress\"  data-plugin_v=\"2.6.52\"  data-prx=\"https:\/\/sitepersojlc.fr\/wp-admin\/admin-ajax.php?action=likebtn_prx\"  data-event_handler=\"likebtn_eh\" ><\/span><!-- LikeBtn.com END --><\/div>","protected":false},"excerpt":{"rendered":"<p>Accident de Trajet Exercice 1&nbsp; On vous demande d&rsquo;\u00e9tablir le Bulletin de Paie d&rsquo;un ouvrier du b\u00e2timent travaillant dans une entreprise dont le si\u00e8ge social se trouve \u00e0 Marseille relevant de l&rsquo;IDCC 1597. Il est victime d &lsquo;un accident de trajet le 22\/09 et est en arr\u00eat de travail du 23\/09 \u00e0 la fin du [&hellip;]<\/p>\n<div class=\"likebtn_container\" style=\"\"><!-- LikeBtn.com BEGIN --><span class=\"likebtn-wrapper\"  data-identifier=\"page_11892\"  data-site_id=\"6663fc396fd08b3d0b514646\"  data-lang=\"fr\"  data-style=\"\"  data-unlike_allowed=\"\"  data-show_copyright=\"\"  data-item_url=\"https:\/\/sitepersojlc.fr\/?page_id=11892\"  data-item_title=\"Accident de Trajet\"  data-item_date=\"2025-10-24T09:21:19+00:00\"  data-engine=\"WordPress\"  data-plugin_v=\"2.6.52\"  data-prx=\"https:\/\/sitepersojlc.fr\/wp-admin\/admin-ajax.php?action=likebtn_prx\"  data-event_handler=\"likebtn_eh\" ><\/span><!-- LikeBtn.com END --><\/div>","protected":false},"author":1,"featured_media":0,"parent":0,"menu_order":0,"comment_status":"closed","ping_status":"closed","template":"","meta":{"om_disable_all_campaigns":false,"_uag_custom_page_level_css":"","_monsterinsights_skip_tracking":false,"_monsterinsights_sitenote_active":false,"_monsterinsights_sitenote_note":"","_monsterinsights_sitenote_category":0,"_uf_show_specific_survey":0,"_uf_disable_surveys":false,"footnotes":""},"aioseo_notices":[],"uagb_featured_image_src":{"full":false,"thumbnail":false,"medium":false,"medium_large":false,"large":false,"1536x1536":false,"2048x2048":false},"uagb_author_info":{"display_name":"lechev.1910@gmail.com","author_link":"https:\/\/sitepersojlc.fr\/?author=1"},"uagb_comment_info":0,"uagb_excerpt":"Accident de Trajet Exercice 1&nbsp; On vous demande d&rsquo;\u00e9tablir le Bulletin de Paie d&rsquo;un ouvrier du b\u00e2timent travaillant dans une entreprise dont le si\u00e8ge social se trouve \u00e0 Marseille relevant de l&rsquo;IDCC 1597. Il est victime d &lsquo;un accident de trajet le 22\/09 et est en arr\u00eat de travail du 23\/09 \u00e0 la fin du\u2026","_links":{"self":[{"href":"https:\/\/sitepersojlc.fr\/index.php?rest_route=\/wp\/v2\/pages\/11892"}],"collection":[{"href":"https:\/\/sitepersojlc.fr\/index.php?rest_route=\/wp\/v2\/pages"}],"about":[{"href":"https:\/\/sitepersojlc.fr\/index.php?rest_route=\/wp\/v2\/types\/page"}],"author":[{"embeddable":true,"href":"https:\/\/sitepersojlc.fr\/index.php?rest_route=\/wp\/v2\/users\/1"}],"replies":[{"embeddable":true,"href":"https:\/\/sitepersojlc.fr\/index.php?rest_route=%2Fwp%2Fv2%2Fcomments&post=11892"}],"version-history":[{"count":16,"href":"https:\/\/sitepersojlc.fr\/index.php?rest_route=\/wp\/v2\/pages\/11892\/revisions"}],"predecessor-version":[{"id":13085,"href":"https:\/\/sitepersojlc.fr\/index.php?rest_route=\/wp\/v2\/pages\/11892\/revisions\/13085"}],"wp:attachment":[{"href":"https:\/\/sitepersojlc.fr\/index.php?rest_route=%2Fwp%2Fv2%2Fmedia&parent=11892"}],"curies":[{"name":"wp","href":"https:\/\/api.w.org\/{rel}","templated":true}]}}