{"id":11882,"date":"2025-10-24T09:14:55","date_gmt":"2025-10-24T09:14:55","guid":{"rendered":"https:\/\/sitepersojlc.fr\/?page_id=11882"},"modified":"2025-11-01T13:56:17","modified_gmt":"2025-11-01T13:56:17","slug":"chomage-intemperies","status":"publish","type":"page","link":"https:\/\/sitepersojlc.fr\/?page_id=11882","title":{"rendered":"Ch\u00f4mage Intemp\u00e9ries"},"content":{"rendered":"\n<p><\/p>\n\n\n\n<h3 style=\"text-align: center;\">Ch\u00f4mage Intemp\u00e9ries&nbsp;<\/h3>\n\n\n\n<p><\/p>\n\n\n\n<figure class=\"wp-block-image size-full\"><img decoding=\"async\" loading=\"lazy\" width=\"1024\" height=\"683\" src=\"https:\/\/sitepersojlc.fr\/wp-content\/uploads\/2024\/01\/17966785_278952799226515_4184797336844036181_o.jpg\" alt=\"\" class=\"wp-image-6993\" srcset=\"https:\/\/sitepersojlc.fr\/wp-content\/uploads\/2024\/01\/17966785_278952799226515_4184797336844036181_o.jpg 1024w, https:\/\/sitepersojlc.fr\/wp-content\/uploads\/2024\/01\/17966785_278952799226515_4184797336844036181_o-300x200.jpg 300w, https:\/\/sitepersojlc.fr\/wp-content\/uploads\/2024\/01\/17966785_278952799226515_4184797336844036181_o-768x512.jpg 768w\" sizes=\"(max-width: 1024px) 100vw, 1024px\" \/><\/figure>\n\n\n\n<p><\/p>\n\n\n\n<p><\/p>\n\n\n\n<h3 style=\"text-align: center;\">Exercice 1\u00a0<\/h3>\n<h4 style=\"text-align: justify;\">Un ouvrier du b\u00e2timent de coefficient 185 travaille dans une entreprise de la r\u00e9gion parisienne relevant de l&rsquo;IDCC 1597. Il est en ch\u00f4mage intemp\u00e9ries du 08\/09 au 12\/09. L&rsquo;entreprise applique la DFS. Etablir le Bulletin de Paie de Septembre.<\/h4>\n\n\n\n<p><\/p>\n\n\n\n<div class=\"wp-block-uagb-buttons uagb-buttons__outer-wrap uagb-btn__default-btn uagb-btn-tablet__default-btn uagb-btn-mobile__default-btn uagb-block-bba619c7\"><div class=\"uagb-buttons__wrap uagb-buttons-layout-wrap\">\n<div class=\"wp-block-uagb-buttons-child uagb-buttons__outer-wrap uagb-block-8ee67412 wp-block-button is-style-outline\"><div class=\"uagb-button__wrapper\"><a class=\"uagb-buttons-repeater wp-block-button__link has-background has-text-color\" href=\"https:\/\/sitepersojlc.fr\/wp-content\/uploads\/2025\/11\/BP-CHOMAGE-INTEMPERIES.zip\" onclick=\"return true;\" rel=\"follow noopener\" target=\"_self\"><div class=\"uagb-button__link\">BULLETIN DE PAIE COMMENTE 1<\/div><\/a><\/div><\/div>\n<\/div><\/div>\n\n\n\n<p><\/p>\n\n\n\n<p><\/p>\n\n\n\n<p><\/p>\n<div class=\"likebtn_container\" style=\"\"><!-- LikeBtn.com BEGIN --><span class=\"likebtn-wrapper\"  data-identifier=\"page_11882\"  data-site_id=\"6663fc396fd08b3d0b514646\"  data-lang=\"fr\"  data-style=\"\"  data-unlike_allowed=\"\"  data-show_copyright=\"\"  data-item_url=\"https:\/\/sitepersojlc.fr\/?page_id=11882\"  data-item_title=\"Ch\u00f4mage Intemp\u00e9ries\"  data-item_date=\"2025-10-24T09:14:55+00:00\"  data-engine=\"WordPress\"  data-plugin_v=\"2.6.52\"  data-prx=\"https:\/\/sitepersojlc.fr\/wp-admin\/admin-ajax.php?action=likebtn_prx\"  data-event_handler=\"likebtn_eh\" ><\/span><!-- LikeBtn.com END --><\/div>","protected":false},"excerpt":{"rendered":"<p>Ch\u00f4mage Intemp\u00e9ries&nbsp; Exercice 1\u00a0 Un ouvrier du b\u00e2timent de coefficient 185 travaille dans une entreprise de la r\u00e9gion parisienne relevant de l&rsquo;IDCC 1597. Il est en ch\u00f4mage intemp\u00e9ries du 08\/09 au 12\/09. L&rsquo;entreprise applique la DFS. Etablir le Bulletin de Paie de Septembre.<\/p>\n<div class=\"likebtn_container\" style=\"\"><!-- LikeBtn.com BEGIN --><span class=\"likebtn-wrapper\"  data-identifier=\"page_11882\"  data-site_id=\"6663fc396fd08b3d0b514646\"  data-lang=\"fr\"  data-style=\"\"  data-unlike_allowed=\"\"  data-show_copyright=\"\"  data-item_url=\"https:\/\/sitepersojlc.fr\/?page_id=11882\"  data-item_title=\"Ch\u00f4mage Intemp\u00e9ries\"  data-item_date=\"2025-10-24T09:14:55+00:00\"  data-engine=\"WordPress\"  data-plugin_v=\"2.6.52\"  data-prx=\"https:\/\/sitepersojlc.fr\/wp-admin\/admin-ajax.php?action=likebtn_prx\"  data-event_handler=\"likebtn_eh\" ><\/span><!-- LikeBtn.com END --><\/div>","protected":false},"author":1,"featured_media":0,"parent":0,"menu_order":0,"comment_status":"closed","ping_status":"closed","template":"","meta":{"om_disable_all_campaigns":false,"_uag_custom_page_level_css":"","_monsterinsights_skip_tracking":false,"_monsterinsights_sitenote_active":false,"_monsterinsights_sitenote_note":"","_monsterinsights_sitenote_category":0,"_uf_show_specific_survey":0,"_uf_disable_surveys":false,"footnotes":""},"aioseo_notices":[],"uagb_featured_image_src":{"full":false,"thumbnail":false,"medium":false,"medium_large":false,"large":false,"1536x1536":false,"2048x2048":false},"uagb_author_info":{"display_name":"lechev.1910@gmail.com","author_link":"https:\/\/sitepersojlc.fr\/?author=1"},"uagb_comment_info":0,"uagb_excerpt":"Ch\u00f4mage Intemp\u00e9ries&nbsp; Exercice 1\u00a0 Un ouvrier du b\u00e2timent de coefficient 185 travaille dans une entreprise de la r\u00e9gion parisienne relevant de l&rsquo;IDCC 1597. Il est en ch\u00f4mage intemp\u00e9ries du 08\/09 au 12\/09. L&rsquo;entreprise applique la DFS. Etablir le Bulletin de Paie de Septembre.","_links":{"self":[{"href":"https:\/\/sitepersojlc.fr\/index.php?rest_route=\/wp\/v2\/pages\/11882"}],"collection":[{"href":"https:\/\/sitepersojlc.fr\/index.php?rest_route=\/wp\/v2\/pages"}],"about":[{"href":"https:\/\/sitepersojlc.fr\/index.php?rest_route=\/wp\/v2\/types\/page"}],"author":[{"embeddable":true,"href":"https:\/\/sitepersojlc.fr\/index.php?rest_route=\/wp\/v2\/users\/1"}],"replies":[{"embeddable":true,"href":"https:\/\/sitepersojlc.fr\/index.php?rest_route=%2Fwp%2Fv2%2Fcomments&post=11882"}],"version-history":[{"count":4,"href":"https:\/\/sitepersojlc.fr\/index.php?rest_route=\/wp\/v2\/pages\/11882\/revisions"}],"predecessor-version":[{"id":12008,"href":"https:\/\/sitepersojlc.fr\/index.php?rest_route=\/wp\/v2\/pages\/11882\/revisions\/12008"}],"wp:attachment":[{"href":"https:\/\/sitepersojlc.fr\/index.php?rest_route=%2Fwp%2Fv2%2Fmedia&parent=11882"}],"curies":[{"name":"wp","href":"https:\/\/api.w.org\/{rel}","templated":true}]}}