{"id":11878,"date":"2025-10-24T09:13:03","date_gmt":"2025-10-24T09:13:03","guid":{"rendered":"https:\/\/sitepersojlc.fr\/?page_id=11878"},"modified":"2025-11-01T14:01:05","modified_gmt":"2025-11-01T14:01:05","slug":"maladie-non-professionnelle","status":"publish","type":"page","link":"https:\/\/sitepersojlc.fr\/?page_id=11878","title":{"rendered":"Maladie Non Professionnelle"},"content":{"rendered":"\n<p><\/p>\n\n\n\n<h3 style=\"text-align: center;\">Maladie Non Professionnelle<\/h3>\n\n\n\n<p><\/p>\n\n\n\n<figure class=\"wp-block-image size-large\"><img decoding=\"async\" loading=\"lazy\" width=\"1024\" height=\"512\" src=\"https:\/\/sitepersojlc.fr\/wp-content\/uploads\/2025\/05\/uluwatu-1024x512.jpg\" alt=\"\" class=\"wp-image-9954\" srcset=\"https:\/\/sitepersojlc.fr\/wp-content\/uploads\/2025\/05\/uluwatu-1024x512.jpg 1024w, https:\/\/sitepersojlc.fr\/wp-content\/uploads\/2025\/05\/uluwatu-300x150.jpg 300w, https:\/\/sitepersojlc.fr\/wp-content\/uploads\/2025\/05\/uluwatu-768x384.jpg 768w, https:\/\/sitepersojlc.fr\/wp-content\/uploads\/2025\/05\/uluwatu-1536x768.jpg 1536w, https:\/\/sitepersojlc.fr\/wp-content\/uploads\/2025\/05\/uluwatu.jpg 2000w\" sizes=\"(max-width: 1024px) 100vw, 1024px\" \/><\/figure>\n\n\n\n<p><\/p>\n\n\n\n<p><\/p>\n\n\n\n<h3 style=\"text-align: center;\">Exercice 1<\/h3>\n<h4 style=\"text-align: justify;\">Un <strong>ouvrier du b\u00e2timent<\/strong> de la R\u00e9gion Parisienne travaille dans une entreprise de <strong>9&nbsp; salari\u00e9s<\/strong> relevant de l&rsquo;IDCC 1596. Il est en <strong>arr\u00eat maladie<\/strong> ( non professionnelle) du Lundi <strong>08\/09\/2025<\/strong> au <strong>Dimanche 14\/09. <\/strong>L&#8217;employeur pratique la <strong>subrogation<\/strong> et les IJSS sont avanc\u00e9es au salari\u00e9 m\u00eame si elles n&rsquo;ont pas \u00e9t\u00e9 encore per\u00e7ues de la CPAM<\/h4>\n\n\n\n<p><\/p>\n\n\n\n<div class=\"wp-block-uagb-buttons uagb-buttons__outer-wrap uagb-btn__default-btn uagb-btn-tablet__default-btn uagb-btn-mobile__default-btn uagb-block-12da07a9\"><div class=\"uagb-buttons__wrap uagb-buttons-layout-wrap\">\n<div class=\"wp-block-uagb-buttons-child uagb-buttons__outer-wrap uagb-block-79d40325 wp-block-button is-style-outline\"><div class=\"uagb-button__wrapper\"><a class=\"uagb-buttons-repeater wp-block-button__link has-background has-text-color\" href=\"https:\/\/sitepersojlc.fr\/wp-content\/uploads\/2025\/10\/5-B-O-Maladie-SUBROG-1.zip\" onclick=\"return true;\" rel=\"follow noopener\" target=\"_self\"><div class=\"uagb-button__link\">Bulletin de Paie Comment\u00e9 1 <\/div><\/a><\/div><\/div>\n<\/div><\/div>\n\n\n\n<p><\/p>\n\n\n\n<h3 style=\"text-align: center;\">Exercice 2\u00a0<\/h3>\n<h4 style=\"text-align: justify;\">M\u00eames hypoth\u00e8ses que ci-dessus mais l&#8217;employeur\u00a0 reverse les IJSS au salari\u00e9 en <strong>diff\u00e9r\u00e9<\/strong> , une fois qu&rsquo;il les a per\u00e7ues.<\/h4>\n\n\n\n<p><\/p>\n\n\n\n<div class=\"wp-block-uagb-buttons uagb-buttons__outer-wrap uagb-btn__default-btn uagb-btn-tablet__default-btn uagb-btn-mobile__default-btn uagb-block-f4a72f16\"><div class=\"uagb-buttons__wrap uagb-buttons-layout-wrap\">\n<div class=\"wp-block-uagb-buttons-child uagb-buttons__outer-wrap uagb-block-c57a678c wp-block-button is-style-outline\"><div class=\"uagb-button__wrapper\"><a class=\"uagb-buttons-repeater wp-block-button__link has-background has-text-color\" href=\"https:\/\/sitepersojlc.fr\/wp-content\/uploads\/2025\/10\/BP-2-MALADIENP-IJSS-DIFF-1.zip\" onclick=\"return true;\" rel=\"follow noopener\" target=\"_self\"><div class=\"uagb-button__link\">Bulletin de Paie Comment\u00e9 2 <\/div><\/a><\/div><\/div>\n<\/div><\/div>\n\n\n\n<p><\/p>\n\n\n\n<p><\/p>\n\n\n\n<p><\/p>\n\n\n\n<p><\/p>\n\n\n\n<p><\/p>\n\n\n\n<p><\/p>\n\n\n\n<p><\/p>\n\n\n\n<p><\/p>\n<div class=\"likebtn_container\" style=\"\"><!-- LikeBtn.com BEGIN --><span class=\"likebtn-wrapper\"  data-identifier=\"page_11878\"  data-site_id=\"6663fc396fd08b3d0b514646\"  data-lang=\"fr\"  data-style=\"\"  data-unlike_allowed=\"\"  data-show_copyright=\"\"  data-item_url=\"https:\/\/sitepersojlc.fr\/?page_id=11878\"  data-item_title=\"Maladie Non Professionnelle\"  data-item_date=\"2025-10-24T09:13:03+00:00\"  data-engine=\"WordPress\"  data-plugin_v=\"2.6.52\"  data-prx=\"https:\/\/sitepersojlc.fr\/wp-admin\/admin-ajax.php?action=likebtn_prx\"  data-event_handler=\"likebtn_eh\" ><\/span><!-- LikeBtn.com END --><\/div>","protected":false},"excerpt":{"rendered":"<p>Maladie Non Professionnelle Exercice 1 Un ouvrier du b\u00e2timent de la R\u00e9gion Parisienne travaille dans une entreprise de 9&nbsp; salari\u00e9s relevant de l&rsquo;IDCC 1596. Il est en arr\u00eat maladie ( non professionnelle) du Lundi 08\/09\/2025 au Dimanche 14\/09. L&#8217;employeur pratique la subrogation et les IJSS sont avanc\u00e9es au salari\u00e9 m\u00eame si elles n&rsquo;ont pas \u00e9t\u00e9 [&hellip;]<\/p>\n<div class=\"likebtn_container\" style=\"\"><!-- LikeBtn.com BEGIN --><span class=\"likebtn-wrapper\"  data-identifier=\"page_11878\"  data-site_id=\"6663fc396fd08b3d0b514646\"  data-lang=\"fr\"  data-style=\"\"  data-unlike_allowed=\"\"  data-show_copyright=\"\"  data-item_url=\"https:\/\/sitepersojlc.fr\/?page_id=11878\"  data-item_title=\"Maladie Non Professionnelle\"  data-item_date=\"2025-10-24T09:13:03+00:00\"  data-engine=\"WordPress\"  data-plugin_v=\"2.6.52\"  data-prx=\"https:\/\/sitepersojlc.fr\/wp-admin\/admin-ajax.php?action=likebtn_prx\"  data-event_handler=\"likebtn_eh\" ><\/span><!-- LikeBtn.com END --><\/div>","protected":false},"author":1,"featured_media":0,"parent":0,"menu_order":0,"comment_status":"closed","ping_status":"closed","template":"","meta":{"om_disable_all_campaigns":false,"_uag_custom_page_level_css":"","_monsterinsights_skip_tracking":false,"_monsterinsights_sitenote_active":false,"_monsterinsights_sitenote_note":"","_monsterinsights_sitenote_category":0,"_uf_show_specific_survey":0,"_uf_disable_surveys":false,"footnotes":""},"aioseo_notices":[],"uagb_featured_image_src":{"full":false,"thumbnail":false,"medium":false,"medium_large":false,"large":false,"1536x1536":false,"2048x2048":false},"uagb_author_info":{"display_name":"lechev.1910@gmail.com","author_link":"https:\/\/sitepersojlc.fr\/?author=1"},"uagb_comment_info":0,"uagb_excerpt":"Maladie Non Professionnelle Exercice 1 Un ouvrier du b\u00e2timent de la R\u00e9gion Parisienne travaille dans une entreprise de 9&nbsp; salari\u00e9s relevant de l&rsquo;IDCC 1596. Il est en arr\u00eat maladie ( non professionnelle) du Lundi 08\/09\/2025 au Dimanche 14\/09. L&#8217;employeur pratique la subrogation et les IJSS sont avanc\u00e9es au salari\u00e9 m\u00eame si elles n&rsquo;ont pas \u00e9t\u00e9\u2026","_links":{"self":[{"href":"https:\/\/sitepersojlc.fr\/index.php?rest_route=\/wp\/v2\/pages\/11878"}],"collection":[{"href":"https:\/\/sitepersojlc.fr\/index.php?rest_route=\/wp\/v2\/pages"}],"about":[{"href":"https:\/\/sitepersojlc.fr\/index.php?rest_route=\/wp\/v2\/types\/page"}],"author":[{"embeddable":true,"href":"https:\/\/sitepersojlc.fr\/index.php?rest_route=\/wp\/v2\/users\/1"}],"replies":[{"embeddable":true,"href":"https:\/\/sitepersojlc.fr\/index.php?rest_route=%2Fwp%2Fv2%2Fcomments&post=11878"}],"version-history":[{"count":9,"href":"https:\/\/sitepersojlc.fr\/index.php?rest_route=\/wp\/v2\/pages\/11878\/revisions"}],"predecessor-version":[{"id":12011,"href":"https:\/\/sitepersojlc.fr\/index.php?rest_route=\/wp\/v2\/pages\/11878\/revisions\/12011"}],"wp:attachment":[{"href":"https:\/\/sitepersojlc.fr\/index.php?rest_route=%2Fwp%2Fv2%2Fmedia&parent=11878"}],"curies":[{"name":"wp","href":"https:\/\/api.w.org\/{rel}","templated":true}]}}