{"id":11625,"date":"2025-10-15T04:06:41","date_gmt":"2025-10-15T04:06:41","guid":{"rendered":"https:\/\/sitepersojlc.fr\/?page_id=11625"},"modified":"2025-11-12T12:07:40","modified_gmt":"2025-11-12T12:07:40","slug":"contrat-dapprentissage-du-btp","status":"publish","type":"page","link":"https:\/\/sitepersojlc.fr\/?page_id=11625","title":{"rendered":"Contrat d&rsquo;Apprentissage dans le BTP"},"content":{"rendered":"\n<p><\/p>\n\n\n\n<h3 style=\"text-align: center;\">Contrat d&rsquo;apprentissage dans le BTP&nbsp; : Bulletins de Paie<\/h3>\n\n\n\n<p><\/p>\n\n\n\n<p><\/p>\n\n\n\n<figure class=\"wp-block-image size-large\"><img decoding=\"async\" loading=\"lazy\" width=\"768\" height=\"1024\" src=\"https:\/\/sitepersojlc.fr\/wp-content\/uploads\/2025\/09\/IMG_0491-768x1024.jpg\" alt=\"\" class=\"wp-image-11508\" srcset=\"https:\/\/sitepersojlc.fr\/wp-content\/uploads\/2025\/09\/IMG_0491-768x1024.jpg 768w, https:\/\/sitepersojlc.fr\/wp-content\/uploads\/2025\/09\/IMG_0491-225x300.jpg 225w, https:\/\/sitepersojlc.fr\/wp-content\/uploads\/2025\/09\/IMG_0491-1152x1536.jpg 1152w, https:\/\/sitepersojlc.fr\/wp-content\/uploads\/2025\/09\/IMG_0491-1536x2048.jpg 1536w, https:\/\/sitepersojlc.fr\/wp-content\/uploads\/2025\/09\/IMG_0491-scaled.jpg 1920w\" sizes=\"(max-width: 768px) 100vw, 768px\" \/><\/figure>\n\n\n\n<p><\/p>\n\n\n\n<p><\/p>\n\n\n\n<div class=\"wp-block-uagb-buttons uagb-buttons__outer-wrap uagb-btn__default-btn uagb-btn-tablet__default-btn uagb-btn-mobile__default-btn uagb-block-8dfef654\"><div class=\"uagb-buttons__wrap uagb-buttons-layout-wrap\">\n<div class=\"wp-block-uagb-buttons-child uagb-buttons__outer-wrap uagb-block-d52f878f wp-block-button is-style-outline\"><div class=\"uagb-button__wrapper\"><a class=\"uagb-buttons-repeater wp-block-button__link has-background has-text-color\" href=\"https:\/\/sitepersojlc.fr\/wp-content\/uploads\/2025\/10\/EXONERATION-AIDES-CONTRAT-APPRENTISSAGE.zip\" onclick=\"return true;\" rel=\"follow noopener\" target=\"_self\"><div class=\"uagb-button__link\">Exon\u00e9ration de charges et aides <\/div><\/a><\/div><\/div>\n\n\n\n<div class=\"wp-block-uagb-buttons-child uagb-buttons__outer-wrap uagb-block-c28265bb wp-block-button is-style-outline\"><div class=\"uagb-button__wrapper\"><a class=\"uagb-buttons-repeater wp-block-button__link has-background has-text-color\" href=\"https:\/\/sitepersojlc.fr\/wp-content\/uploads\/2025\/10\/REMUNERATION-DES-APPRENTIS-BTP.zip\" onclick=\"return true;\" rel=\"follow noopener\" target=\"_self\"><div class=\"uagb-button__link\">Grille de r\u00e9mun\u00e9ration <\/div><\/a><\/div><\/div>\n<\/div><\/div>\n\n\n\n<p><\/p>\n\n\n\n<h3 style=\"text-align: center;\"><strong>Exercice 1<\/strong>&nbsp;<\/h3>\n<h4 style=\"text-align: justify;\">On vous demande d&rsquo;\u00e9tablir pour le mois de <strong>Septembre 2025<\/strong> le bulletin de paie d&rsquo;un ouvrier <strong>apprenti<\/strong> de Niveau 1 Position 2 Coefficient 170 \u00e2g\u00e9 de 17 ans&nbsp; &#8211;&nbsp; en premi\u00e8re ann\u00e9e d&rsquo;apprentissage. Il travaille dans une entreprise de la R\u00e9gion Parisienne du secteur du <strong>b\u00e2timent<\/strong> ayant <strong>9 salari\u00e9s<\/strong><\/h4>\n\n\n\n<p><\/p>\n\n\n\n<div class=\"wp-block-uagb-buttons uagb-buttons__outer-wrap uagb-btn__default-btn uagb-btn-tablet__default-btn uagb-btn-mobile__default-btn uagb-block-e006b9a3\"><div class=\"uagb-buttons__wrap uagb-buttons-layout-wrap\">\n<div class=\"wp-block-uagb-buttons-child uagb-buttons__outer-wrap uagb-block-0f717355 wp-block-button is-style-outline\"><div class=\"uagb-button__wrapper\"><a class=\"uagb-buttons-repeater wp-block-button__link has-background has-text-color\" href=\"https:\/\/sitepersojlc.fr\/wp-content\/uploads\/2025\/11\/BP-1-COMMENTE-APPRENTI-B-40-8-SAL-TM-2.zip\" onclick=\"return true;\" rel=\"follow noopener\" target=\"_self\"><div class=\"uagb-button__link\">Bulletin de Paie Comment\u00e9 1 <\/div><\/a><\/div><\/div>\n<\/div><\/div>\n\n\n\n<p><\/p>\n\n\n\n<h4 style=\"text-align: center;\"><strong>Exercice 2&nbsp;<\/strong><\/h4>\n<h4 style=\"text-align: justify;\">On vous demande d&rsquo;\u00e9tablir pour le mois de <strong>Janvier 2025<\/strong> le bulletin de paie d&rsquo;un ouvrier <strong>apprenti<\/strong> \u00e2g\u00e9 de <strong>20 ans<\/strong> en <strong>seconde ann\u00e9e d&rsquo;apprentissage.<\/strong> Il travaille dans une entreprise de la R\u00e9gion Parisienne de <strong>51 salari\u00e9s<\/strong> appartenant au secteur des <strong>Travaux Publics.&nbsp;<\/strong><\/h4>\n\n\n\n<p><\/p>\n\n\n\n<div class=\"wp-block-uagb-buttons uagb-buttons__outer-wrap uagb-btn__default-btn uagb-btn-tablet__default-btn uagb-btn-mobile__default-btn uagb-block-e31ecc2b\"><div class=\"uagb-buttons__wrap uagb-buttons-layout-wrap\">\n<div class=\"wp-block-uagb-buttons-child uagb-buttons__outer-wrap uagb-block-dd1982d1 wp-block-button is-style-outline\"><div class=\"uagb-button__wrapper\"><a class=\"uagb-buttons-repeater wp-block-button__link has-background has-text-color\" href=\"https:\/\/sitepersojlc.fr\/wp-content\/uploads\/2025\/11\/TP-BP-2-T-APPRENTI-JANVIER.zip\" onclick=\"return true;\" rel=\"follow noopener\" target=\"_self\"><div class=\"uagb-button__link\">Bulletin de Paie Comment\u00e9 2 <\/div><\/a><\/div><\/div>\n<\/div><\/div>\n\n\n\n<p><\/p>\n\n\n\n<h3 style=\"text-align: center;\"><strong>Exercice 3<\/strong><\/h3>\n<h4 style=\"text-align: justify;\">M\u00eames hypoth\u00e8ses que ci-dessus mais le bulletin de paie doit \u00eatre \u00e9tabli pour le mois de Septembre 2025&nbsp;<\/h4>\n\n\n\n<p><\/p>\n\n\n\n<p><\/p>\n\n\n\n<div class=\"wp-block-uagb-buttons uagb-buttons__outer-wrap uagb-btn__default-btn uagb-btn-tablet__default-btn uagb-btn-mobile__default-btn uagb-block-2351ea69\"><div class=\"uagb-buttons__wrap uagb-buttons-layout-wrap\">\n<div class=\"wp-block-uagb-buttons-child uagb-buttons__outer-wrap uagb-block-f2285274 wp-block-button is-style-outline\"><div class=\"uagb-button__wrapper\"><a class=\"uagb-buttons-repeater wp-block-button__link has-background has-text-color\" href=\"https:\/\/sitepersojlc.fr\/wp-content\/uploads\/2025\/11\/TP-BP-3-APPRENTI-51-SAL-SEPTEMBRE-1.zip\" onclick=\"return true;\" rel=\"follow noopener\" target=\"_self\"><div class=\"uagb-button__link\">Bulletin de Paie Comment\u00e9 3 <\/div><\/a><\/div><\/div>\n<\/div><\/div>\n\n\n\n<p><\/p>\n\n\n\n<p><\/p>\n\n\n\n<h3 style=\"text-align: center;\"><strong>Exercice 4<\/strong>\u00a0<\/h3>\n<h4 style=\"text-align: justify;\">On vous demande d&rsquo;\u00e9tablir pour le mois de <strong>Mai 2025<\/strong> le bulletin de paie d&rsquo;un apprenti \u00e2g\u00e9 de <strong>20 ans<\/strong>, en <strong>deuxi\u00e8me ann\u00e9e<\/strong> d&rsquo;apprentissage, travaillant dans une entreprise des Travaux Publics de la <strong>R\u00e9gion Parisienne<\/strong> relevant de l&rsquo;IDCC 1702.<\/h4>\n\n\n\n<p><\/p>\n\n\n\n<div class=\"wp-block-uagb-buttons uagb-buttons__outer-wrap uagb-btn__default-btn uagb-btn-tablet__default-btn uagb-btn-mobile__default-btn uagb-block-3400b705\"><div class=\"uagb-buttons__wrap uagb-buttons-layout-wrap\">\n<div class=\"wp-block-uagb-buttons-child uagb-buttons__outer-wrap uagb-block-ee2562ce wp-block-button is-style-outline\"><div class=\"uagb-button__wrapper\"><a class=\"uagb-buttons-repeater wp-block-button__link has-background has-text-color\" href=\"https:\/\/sitepersojlc.fr\/wp-content\/uploads\/2025\/11\/BP-4-APPRENTI-51-SAL-60-1.zip\" onclick=\"return true;\" rel=\"follow noopener\" target=\"_self\"><div class=\"uagb-button__link\">Bulletin de Paie Comment\u00e9 4<\/div><\/a><\/div><\/div>\n<\/div><\/div>\n\n\n\n<p><\/p>\n\n\n\n<p><\/p>\n\n\n\n<p><\/p>\n\n\n\n<p><\/p>\n\n\n\n<p><\/p>\n\n\n\n<p><\/p>\n\n\n\n<p><\/p>\n\n\n\n<p><\/p>\n\n\n\n<p><\/p>\n\n\n\n<p><\/p>\n\n\n\n<p><\/p>\n<div class=\"likebtn_container\" style=\"\"><!-- LikeBtn.com BEGIN --><span class=\"likebtn-wrapper\"  data-identifier=\"page_11625\"  data-site_id=\"6663fc396fd08b3d0b514646\"  data-lang=\"fr\"  data-style=\"\"  data-unlike_allowed=\"\"  data-show_copyright=\"\"  data-item_url=\"https:\/\/sitepersojlc.fr\/?page_id=11625\"  data-item_title=\"Contrat d&#039;Apprentissage dans le BTP\"  data-item_date=\"2025-10-15T04:06:41+00:00\"  data-engine=\"WordPress\"  data-plugin_v=\"2.6.52\"  data-prx=\"https:\/\/sitepersojlc.fr\/wp-admin\/admin-ajax.php?action=likebtn_prx\"  data-event_handler=\"likebtn_eh\" ><\/span><!-- LikeBtn.com END --><\/div>","protected":false},"excerpt":{"rendered":"<p>Contrat d&rsquo;apprentissage dans le BTP&nbsp; : Bulletins de Paie Exercice 1&nbsp; On vous demande d&rsquo;\u00e9tablir pour le mois de Septembre 2025 le bulletin de paie d&rsquo;un ouvrier apprenti de Niveau 1 Position 2 Coefficient 170 \u00e2g\u00e9 de 17 ans&nbsp; &#8211;&nbsp; en premi\u00e8re ann\u00e9e d&rsquo;apprentissage. Il travaille dans une entreprise de la R\u00e9gion Parisienne du secteur [&hellip;]<\/p>\n<div class=\"likebtn_container\" style=\"\"><!-- LikeBtn.com BEGIN --><span class=\"likebtn-wrapper\"  data-identifier=\"page_11625\"  data-site_id=\"6663fc396fd08b3d0b514646\"  data-lang=\"fr\"  data-style=\"\"  data-unlike_allowed=\"\"  data-show_copyright=\"\"  data-item_url=\"https:\/\/sitepersojlc.fr\/?page_id=11625\"  data-item_title=\"Contrat d&#039;Apprentissage dans le BTP\"  data-item_date=\"2025-10-15T04:06:41+00:00\"  data-engine=\"WordPress\"  data-plugin_v=\"2.6.52\"  data-prx=\"https:\/\/sitepersojlc.fr\/wp-admin\/admin-ajax.php?action=likebtn_prx\"  data-event_handler=\"likebtn_eh\" ><\/span><!-- LikeBtn.com END --><\/div>","protected":false},"author":1,"featured_media":0,"parent":0,"menu_order":0,"comment_status":"closed","ping_status":"closed","template":"","meta":{"om_disable_all_campaigns":false,"_uag_custom_page_level_css":"","_monsterinsights_skip_tracking":false,"_monsterinsights_sitenote_active":false,"_monsterinsights_sitenote_note":"","_monsterinsights_sitenote_category":0,"_uf_show_specific_survey":0,"_uf_disable_surveys":false,"footnotes":""},"aioseo_notices":[],"uagb_featured_image_src":{"full":false,"thumbnail":false,"medium":false,"medium_large":false,"large":false,"1536x1536":false,"2048x2048":false},"uagb_author_info":{"display_name":"lechev.1910@gmail.com","author_link":"https:\/\/sitepersojlc.fr\/?author=1"},"uagb_comment_info":0,"uagb_excerpt":"Contrat d&rsquo;apprentissage dans le BTP&nbsp; : Bulletins de Paie Exercice 1&nbsp; On vous demande d&rsquo;\u00e9tablir pour le mois de Septembre 2025 le bulletin de paie d&rsquo;un ouvrier apprenti de Niveau 1 Position 2 Coefficient 170 \u00e2g\u00e9 de 17 ans&nbsp; &#8211;&nbsp; en premi\u00e8re ann\u00e9e d&rsquo;apprentissage. Il travaille dans une entreprise de la R\u00e9gion Parisienne du secteur\u2026","_links":{"self":[{"href":"https:\/\/sitepersojlc.fr\/index.php?rest_route=\/wp\/v2\/pages\/11625"}],"collection":[{"href":"https:\/\/sitepersojlc.fr\/index.php?rest_route=\/wp\/v2\/pages"}],"about":[{"href":"https:\/\/sitepersojlc.fr\/index.php?rest_route=\/wp\/v2\/types\/page"}],"author":[{"embeddable":true,"href":"https:\/\/sitepersojlc.fr\/index.php?rest_route=\/wp\/v2\/users\/1"}],"replies":[{"embeddable":true,"href":"https:\/\/sitepersojlc.fr\/index.php?rest_route=%2Fwp%2Fv2%2Fcomments&post=11625"}],"version-history":[{"count":19,"href":"https:\/\/sitepersojlc.fr\/index.php?rest_route=\/wp\/v2\/pages\/11625\/revisions"}],"predecessor-version":[{"id":12118,"href":"https:\/\/sitepersojlc.fr\/index.php?rest_route=\/wp\/v2\/pages\/11625\/revisions\/12118"}],"wp:attachment":[{"href":"https:\/\/sitepersojlc.fr\/index.php?rest_route=%2Fwp%2Fv2%2Fmedia&parent=11625"}],"curies":[{"name":"wp","href":"https:\/\/api.w.org\/{rel}","templated":true}]}}