{"id":11185,"date":"2025-09-06T08:11:56","date_gmt":"2025-09-06T08:11:56","guid":{"rendered":"https:\/\/sitepersojlc.fr\/?page_id=11185"},"modified":"2026-01-30T09:15:10","modified_gmt":"2026-01-30T09:15:10","slug":"bulletins-de-paie-commentes-des-ouvriers-du-batiment-idcc-1596-2024","status":"publish","type":"page","link":"https:\/\/sitepersojlc.fr\/?page_id=11185","title":{"rendered":"3.Bulletins de Paie Comment\u00e9s des Ouvriers du b\u00e2timent IDCC 1597"},"content":{"rendered":"\n<p><\/p>\n\n\n\n<h4 style=\"text-align: center;\">3. Bulletins de Paie Comment\u00e9s des Ouvriers du B\u00e2timent relevant de l&rsquo; IDCC 1597<\/h4>\n\n\n\n<p><\/p>\n\n\n\n<figure class=\"wp-block-image size-full is-resized\"><img decoding=\"async\" loading=\"lazy\" src=\"https:\/\/sitepersojlc.fr\/wp-content\/uploads\/2025\/08\/Amitabha_HAR.jpg\" alt=\"\" class=\"wp-image-11099\" width=\"760\" height=\"928\"\/><\/figure>\n\n\n\n<p><\/p>\n\n\n\n<p><\/p>\n\n\n\n<h4 style=\"text-align: justify;\">Vous allez trouver sur cette page une s\u00e9rie d&rsquo;exercices corrig\u00e9s concernant les ouvriers du B\u00e2timent relevant de la&nbsp; \u00ab\u00a0<em>Convention Collective Nationale<\/em> <em>des ouvriers employ\u00e9s par des entreprises du b\u00e2timent&nbsp; non vis\u00e9es par le d\u00e9cret du 1er Mars 1962 c&rsquo;est \u00e0 dire&nbsp; occupant de plus de 10 salari\u00e9s\u00a0\u00bb&nbsp;<\/em><\/h4>\n<h4 style=\"text-align: center;\">&nbsp;<\/h4>\n<h4 style=\"text-align: justify;\">&nbsp;<\/h4>\n\n\n\n<div class=\"wp-block-uagb-buttons uagb-buttons__outer-wrap uagb-btn__default-btn uagb-btn-tablet__default-btn uagb-btn-mobile__default-btn uagb-block-3925f031\"><div class=\"uagb-buttons__wrap uagb-buttons-layout-wrap\">\n<div class=\"wp-block-uagb-buttons-child uagb-buttons__outer-wrap uagb-block-dc49166c wp-block-button is-style-outline\"><div class=\"uagb-button__wrapper\"><a class=\"uagb-buttons-repeater wp-block-button__link has-background has-text-color\" href=\"https:\/\/sitepersojlc.fr\/wp-content\/uploads\/2025\/09\/ccn-ouvriers-bat-plus10salaries-8-10-1990.pdf\" onclick=\"return true;\" rel=\"follow noopener\" target=\"_self\"><div class=\"uagb-button__link\">TEXTE CCN IDCC 1597<\/div><\/a><\/div><\/div>\n<\/div><\/div>\n\n\n\n<p><\/p>\n\n\n\n<div class=\"wp-block-uagb-buttons uagb-buttons__outer-wrap uagb-btn__default-btn uagb-btn-tablet__default-btn uagb-btn-mobile__default-btn uagb-block-63903fd5\"><div class=\"uagb-buttons__wrap uagb-buttons-layout-wrap\">\n<div class=\"wp-block-uagb-buttons-child uagb-buttons__outer-wrap uagb-block-40484271 wp-block-button is-style-outline\"><div class=\"uagb-button__wrapper\"><a class=\"uagb-buttons-repeater wp-block-button__link has-background has-text-color\" href=\"https:\/\/sitepersojlc.fr\/wp-content\/uploads\/2025\/10\/SYNTHSE-DES-COTISATIONS-IDCC-1597.zip\" onclick=\"return true;\" rel=\"follow noopener\" target=\"_self\"><div class=\"uagb-button__link\">SYNTHESE COTISATIONS IDCC 1597<\/div><\/a><\/div><\/div>\n<\/div><\/div>\n\n\n\n<p><\/p>\n\n\n\n<p><\/p>\n\n\n\n<h4 style=\"text-align: justify;\">Retrouvez ci-dessous la matrice simplifi\u00e9e d&rsquo;un ouvrier travaillant dans une entreprise relevant de l&rsquo;IDCC 1596 ( entreprises du b\u00e2timent employant jusqu&rsquo;\u00e0 10 salari\u00e9s) que vous pourrez utiliser <strong>avec quelques adaptations<\/strong> et en vous aidant des bulletins de paie corrig\u00e9s propos\u00e9s aux diff\u00e9rents cas propos\u00e9s dans ce chapitre &#8211; ainsi qu&rsquo;ult\u00e9rieurement aux bulletins de paie des ETAM&nbsp; tant du b\u00e2timent que des Travaux Publics&nbsp;&nbsp;<\/h4>\n\n\n\n<p><\/p>\n\n\n\n<p><\/p>\n\n\n\n<div class=\"wp-block-uagb-buttons uagb-buttons__outer-wrap uagb-btn__default-btn uagb-btn-tablet__default-btn uagb-btn-mobile__default-btn uagb-block-28e35aa7\"><div class=\"uagb-buttons__wrap uagb-buttons-layout-wrap\">\n<div class=\"wp-block-uagb-buttons-child uagb-buttons__outer-wrap uagb-block-536ca83a wp-block-button is-style-outline\"><div class=\"uagb-button__wrapper\"><a class=\"uagb-buttons-repeater wp-block-button__link has-background has-text-color\" href=\"\/\/sitepersojlc.fr\/wp-content\/uploads\/2025\/10\/MATRICE-NON-CADRE.zip\" onclick=\"return true;\" rel=\"follow noopener\" target=\"_self\"><div class=\"uagb-button__link\">Matrice Ouvriers \/ ETAM <\/div><\/a><\/div><\/div>\n<\/div><\/div>\n\n\n\n<p><\/p>\n\n\n\n<p><\/p>\n\n\n\n<p><\/p>\n\n\n\n<p><\/p>\n\n\n\n<h4 style=\"text-align: justify;\">Dans chaque fichier&nbsp; ci-dessous vous retrouverez un \u00e9nonc\u00e9 \/ corrig\u00e9, un bulletin de paie avec la justification d\u00e9taill\u00e9e des bases de calcul des cotisations et la documentation n\u00e9cessaire \u00e0 la compr\u00e9hension et \u00e0 l&rsquo;alimentation des donn\u00e9es sp\u00e9cifiques applicables ( par exemple le salaire minimum applicable \u00e0 la r\u00e9gion o\u00f9 se trouve le si\u00e8ge social de l&rsquo;entreprise&nbsp; ainsi que les indemnit\u00e9s de petit d\u00e9placement applicables)&nbsp;<\/h4>\n\n\n\n<p><\/p>\n\n\n\n<h3 style=\"text-align: center;\"><strong>Bulletin de Paie Comment\u00e9 1 IDCC 1597<\/strong><\/h3>\n\n\n\n<p><\/p>\n\n\n\n<p><\/p>\n\n\n\n<h4 style=\"text-align: justify;\">Dans cet exemple&nbsp; vous aurez \u00e0 \u00e9tablir le Bulletin de Paie d&rsquo;un salari\u00e9 de <strong>Niveau 1 Position 2 Coefficient 170<\/strong> travaillant dans une entreprise de <strong>51 salari\u00e9<\/strong>s dont le si\u00e8ge social se trouve \u00e0 <strong>Colombes<\/strong>. Le salari\u00e9 s&rsquo;\u00e9tant d\u00e9plac\u00e9 au cours du mois de Septembre on veut demande de d\u00e9terminer les <strong>indemnit\u00e9s de trajet<\/strong> auxquelles il peut pr\u00e9tendre et d&rsquo;\u00e9tablir le <strong>bulletin de paie de Septembre<\/strong>. Cas d&rsquo;application simple qui vous permet d&rsquo;appr\u00e9hender les diff\u00e9rentes&nbsp; particularit\u00e9s de la paie d&rsquo;un ouvrier du b\u00e2timent dans une entreprise de plus de 10 salari\u00e9s qui pratique la DFS en accord avec ses salari\u00e9s.&nbsp;<\/h4>\n\n\n\n<p><\/p>\n\n\n\n<p><\/p>\n\n\n\n<div class=\"wp-block-uagb-buttons uagb-buttons__outer-wrap uagb-btn__default-btn uagb-btn-tablet__default-btn uagb-btn-mobile__default-btn uagb-block-21a67e4c\"><div class=\"uagb-buttons__wrap uagb-buttons-layout-wrap\"><\/div><\/div>\n\n\n\n<div class=\"wp-block-uagb-buttons uagb-buttons__outer-wrap uagb-btn__default-btn uagb-btn-tablet__default-btn uagb-btn-mobile__default-btn uagb-block-1934c3e1\"><div class=\"uagb-buttons__wrap uagb-buttons-layout-wrap\">\n<div class=\"wp-block-uagb-buttons-child uagb-buttons__outer-wrap uagb-block-d933fb7a wp-block-button is-style-outline\"><div class=\"uagb-button__wrapper\"><a class=\"uagb-buttons-repeater wp-block-button__link has-background has-text-color\" href=\"https:\/\/sitepersojlc.fr\/wp-content\/uploads\/2025\/10\/1.B-O-ITRAJET-51-SAL-RP.zip\" onclick=\"return true;\" rel=\"follow noopener\" target=\"_self\"><div class=\"uagb-button__link\">Bulletin de Paie Comment\u00e9 1 IDCC 1597  <\/div><\/a><\/div><\/div>\n<\/div><\/div>\n\n\n\n<p><\/p>\n\n\n\n<p><\/p>\n\n\n\n<p>&nbsp;<\/p>\n<p>&nbsp;<\/p>\n\n\n\n<h4 style=\"text-align: center;\"><strong>Bulletin de Paie Comment\u00e9 2 IDCC 1597<\/strong><\/h4>\n\n\n\n<p><\/p>\n\n\n\n<h4 style=\"text-align: justify;\">Entreprise de <strong>51 salari\u00e9s<\/strong> relevant l&rsquo;<strong>IDCC 1597 <\/strong>situ\u00e9e en r\u00e9gion<strong> PACA. <\/strong>Un ouvrier de<strong>&nbsp; Niveau 1 Position 1 Coefficient 150<\/strong> a un contrat de 39 heures comportant donc des <strong>heures suppl\u00e9mentaires structurelles<\/strong> et effectue au cours du mois de Septembre des d\u00e9placements sur chantier donnant le droit \u00e0 une <strong>indemnit\u00e9 de trajet<\/strong><\/h4>\n\n\n\n<p><\/p>\n\n\n\n<div class=\"wp-block-uagb-buttons uagb-buttons__outer-wrap uagb-btn__default-btn uagb-btn-tablet__default-btn uagb-btn-mobile__default-btn uagb-block-e12e3f97\"><div class=\"uagb-buttons__wrap uagb-buttons-layout-wrap\">\n<div class=\"wp-block-uagb-buttons-child uagb-buttons__outer-wrap uagb-block-b1c297b2 wp-block-button is-style-outline\"><div class=\"uagb-button__wrapper\"><a class=\"uagb-buttons-repeater wp-block-button__link has-background has-text-color\" href=\"https:\/\/sitepersojlc.fr\/wp-content\/uploads\/2025\/10\/2.B-O-HSUPP-51-SAL-PACA.zip\" onclick=\"return true;\" rel=\"follow noopener\" target=\"_self\"><div class=\"uagb-button__link\">Bulletin de Paie Comment\u00e9 2 IDCC 1597<\/div><\/a><\/div><\/div>\n<\/div><\/div>\n\n\n\n<p><\/p>\n\n\n\n<div class=\"wp-block-uagb-buttons uagb-buttons__outer-wrap uagb-btn__default-btn uagb-btn-tablet__default-btn uagb-btn-mobile__default-btn uagb-block-f44e8e17\"><div class=\"uagb-buttons__wrap uagb-buttons-layout-wrap\"><\/div><\/div>\n\n\n\n<p><\/p>\n\n\n\n<p><\/p>\n\n\n\n\n\n<h4 style=\"text-align: center;\"><strong>Bulletin de Paie Comment\u00e9 3 IDCC&nbsp; 1597<\/strong><\/h4>\n\n\n\n<p><\/p>\n\n\n\n<h4 style=\"text-align: justify;\">Entreprise de 51 salari\u00e9s situ\u00e9e en R\u00e9gion PACA. Un ouvrier de <strong>Position 2 Coefficient 185 <\/strong>effectue des d\u00e9placements et a le droit \u00e0 une<strong> indemnit\u00e9 de trajet. <\/strong>Une<strong> prime d&rsquo;outillage <\/strong>lui est vers\u00e9e. Etablir son bulletin de paie sur le mois de <strong>Janvier 2025<\/strong>.<\/h4>\n\n\n\n<p><\/p>\n\n\n\n<div class=\"wp-block-uagb-buttons uagb-buttons__outer-wrap uagb-btn__default-btn uagb-btn-tablet__default-btn uagb-btn-mobile__default-btn uagb-block-21014f28\"><div class=\"uagb-buttons__wrap uagb-buttons-layout-wrap\">\n<div class=\"wp-block-uagb-buttons-child uagb-buttons__outer-wrap uagb-block-a698096a wp-block-button is-style-outline\"><div class=\"uagb-button__wrapper\"><a class=\"uagb-buttons-repeater wp-block-button__link has-background has-text-color\" href=\"https:\/\/sitepersojlc.fr\/wp-content\/uploads\/2025\/10\/BP3-PRIME-D-OUTILLAGE-ITRAJET-51-SAL.zip\" onclick=\"return true;\" rel=\"follow noopener\" target=\"_self\"><div class=\"uagb-button__link\">Bulletin de Paie Comment\u00e9  3 IDCC 1597<\/div><\/a><\/div><\/div>\n<\/div><\/div>\n\n\n\n<p><\/p>\n\n\n\n<h3 style=\"text-align: center;\"><strong>Bulletin de Paie Comment\u00e9 4 IDCC 1597\u00a0<\/strong><\/h3>\n<h4 style=\"text-align: justify;\">On vous demande d&rsquo;\u00e9tablir pour le mois de <strong>Janvier 2025<\/strong> le bulletin de paie d&rsquo;un ouvrier du b\u00e2timent\u00a0 de <strong>Coefficient 185<\/strong> <strong>Position 2<\/strong> travaillant dans une entreprise de <strong>51 salari\u00e9s<\/strong> dont le si\u00e8ge social se trouve \u00e0 <strong>Marseille.<\/strong> Ce salari\u00e9 per\u00e7oit au cours du mois une indemnit\u00e9 de trajet et une indemnit\u00e9 de panier.\u00a0<\/h4>\n\n\n\n<p><\/p>\n\n\n\n<p><\/p>\n\n\n\n<div class=\"wp-block-uagb-buttons uagb-buttons__outer-wrap uagb-btn__default-btn uagb-btn-tablet__default-btn uagb-btn-mobile__default-btn uagb-block-8442e350\"><div class=\"uagb-buttons__wrap uagb-buttons-layout-wrap\">\n<div class=\"wp-block-uagb-buttons-child uagb-buttons__outer-wrap uagb-block-cd1aea92 wp-block-button is-style-outline\"><div class=\"uagb-button__wrapper\"><a class=\"uagb-buttons-repeater wp-block-button__link has-background has-text-color\" href=\"https:\/\/sitepersojlc.fr\/wp-content\/uploads\/2025\/10\/BP3-PRIME-D-OUTILLAGE-ITRAJET-51-SAL.zip\" onclick=\"return true;\" rel=\"follow noopener\" target=\"_self\"><div class=\"uagb-button__link\">Bulletin de Paie Comment\u00e9 4 IDCC 1597 <\/div><\/a><\/div><\/div>\n<\/div><\/div>\n\n\n\n<p><\/p>\n\n\n\n<p><\/p>\n\n\n\n<p><\/p>\n\n\n\n<p><\/p>\n\n\n\n<p><\/p>\n\n\n\n<p><\/p>\n\n\n\n<p><\/p>\n\n\n\n<p><\/p>\n\n\n\n<p><\/p>\n\n\n\n<p><\/p>\n\n\n\n<p><\/p>\n\n\n\n<p><\/p>\n\n\n\n<p><\/p>\n\n\n\n<p><\/p>\n\n\n\n<p><\/p>\n\n\n\n<p><\/p>\n\n\n\n<p><\/p>\n\n\n\n<p><\/p>\n\n\n\n<p><\/p>\n\n\n\n<p><\/p>\n\n\n\n<p><\/p>\n\n\n\n<p><\/p>\n\n\n\n<p><\/p>\n\n\n\n<p><\/p>\n\n\n\n<p><\/p>\n\n\n\n<p><\/p>\n\n\n\n<p><\/p>\n\n\n\n<p><\/p>\n\n\n\n<p><\/p>\n\n\n\n<p><\/p>\n\n\n\n<p><\/p>\n\n\n\n<p><\/p>\n\n\n\n<p><\/p>\n<div class=\"likebtn_container\" style=\"\"><!-- LikeBtn.com BEGIN --><span class=\"likebtn-wrapper\"  data-identifier=\"page_11185\"  data-site_id=\"6663fc396fd08b3d0b514646\"  data-lang=\"fr\"  data-style=\"\"  data-unlike_allowed=\"\"  data-show_copyright=\"\"  data-item_url=\"https:\/\/sitepersojlc.fr\/?page_id=11185\"  data-item_title=\"3.Bulletins de Paie Comment\u00e9s des Ouvriers du b\u00e2timent IDCC 1597\"  data-item_date=\"2025-09-06T08:11:56+00:00\"  data-engine=\"WordPress\"  data-plugin_v=\"2.6.52\"  data-prx=\"https:\/\/sitepersojlc.fr\/wp-admin\/admin-ajax.php?action=likebtn_prx\"  data-event_handler=\"likebtn_eh\" ><\/span><!-- LikeBtn.com END --><\/div>","protected":false},"excerpt":{"rendered":"<p>3. Bulletins de Paie Comment\u00e9s des Ouvriers du B\u00e2timent relevant de l&rsquo; IDCC 1597 Vous allez trouver sur cette page une s\u00e9rie d&rsquo;exercices corrig\u00e9s concernant les ouvriers du B\u00e2timent relevant de la&nbsp; \u00ab\u00a0Convention Collective Nationale des ouvriers employ\u00e9s par des entreprises du b\u00e2timent&nbsp; non vis\u00e9es par le d\u00e9cret du 1er Mars 1962 c&rsquo;est \u00e0 dire&nbsp; [&hellip;]<\/p>\n<div class=\"likebtn_container\" style=\"\"><!-- LikeBtn.com BEGIN --><span class=\"likebtn-wrapper\"  data-identifier=\"page_11185\"  data-site_id=\"6663fc396fd08b3d0b514646\"  data-lang=\"fr\"  data-style=\"\"  data-unlike_allowed=\"\"  data-show_copyright=\"\"  data-item_url=\"https:\/\/sitepersojlc.fr\/?page_id=11185\"  data-item_title=\"3.Bulletins de Paie Comment\u00e9s des Ouvriers du b\u00e2timent IDCC 1597\"  data-item_date=\"2025-09-06T08:11:56+00:00\"  data-engine=\"WordPress\"  data-plugin_v=\"2.6.52\"  data-prx=\"https:\/\/sitepersojlc.fr\/wp-admin\/admin-ajax.php?action=likebtn_prx\"  data-event_handler=\"likebtn_eh\" ><\/span><!-- LikeBtn.com END --><\/div>","protected":false},"author":1,"featured_media":0,"parent":0,"menu_order":0,"comment_status":"closed","ping_status":"closed","template":"","meta":{"om_disable_all_campaigns":false,"_uag_custom_page_level_css":"","_monsterinsights_skip_tracking":false,"_monsterinsights_sitenote_active":false,"_monsterinsights_sitenote_note":"","_monsterinsights_sitenote_category":0,"_uf_show_specific_survey":0,"_uf_disable_surveys":false,"footnotes":""},"aioseo_notices":[],"uagb_featured_image_src":{"full":false,"thumbnail":false,"medium":false,"medium_large":false,"large":false,"1536x1536":false,"2048x2048":false},"uagb_author_info":{"display_name":"lechev.1910@gmail.com","author_link":"https:\/\/sitepersojlc.fr\/?author=1"},"uagb_comment_info":0,"uagb_excerpt":"3. Bulletins de Paie Comment\u00e9s des Ouvriers du B\u00e2timent relevant de l&rsquo; IDCC 1597 Vous allez trouver sur cette page une s\u00e9rie d&rsquo;exercices corrig\u00e9s concernant les ouvriers du B\u00e2timent relevant de la&nbsp; \u00ab\u00a0Convention Collective Nationale des ouvriers employ\u00e9s par des entreprises du b\u00e2timent&nbsp; non vis\u00e9es par le d\u00e9cret du 1er Mars 1962 c&rsquo;est \u00e0 dire&nbsp;\u2026","_links":{"self":[{"href":"https:\/\/sitepersojlc.fr\/index.php?rest_route=\/wp\/v2\/pages\/11185"}],"collection":[{"href":"https:\/\/sitepersojlc.fr\/index.php?rest_route=\/wp\/v2\/pages"}],"about":[{"href":"https:\/\/sitepersojlc.fr\/index.php?rest_route=\/wp\/v2\/types\/page"}],"author":[{"embeddable":true,"href":"https:\/\/sitepersojlc.fr\/index.php?rest_route=\/wp\/v2\/users\/1"}],"replies":[{"embeddable":true,"href":"https:\/\/sitepersojlc.fr\/index.php?rest_route=%2Fwp%2Fv2%2Fcomments&post=11185"}],"version-history":[{"count":35,"href":"https:\/\/sitepersojlc.fr\/index.php?rest_route=\/wp\/v2\/pages\/11185\/revisions"}],"predecessor-version":[{"id":13121,"href":"https:\/\/sitepersojlc.fr\/index.php?rest_route=\/wp\/v2\/pages\/11185\/revisions\/13121"}],"wp:attachment":[{"href":"https:\/\/sitepersojlc.fr\/index.php?rest_route=%2Fwp%2Fv2%2Fmedia&parent=11185"}],"curies":[{"name":"wp","href":"https:\/\/api.w.org\/{rel}","templated":true}]}}