{"id":11156,"date":"2025-08-30T17:25:52","date_gmt":"2025-08-30T17:25:52","guid":{"rendered":"https:\/\/sitepersojlc.fr\/?page_id=11156"},"modified":"2025-11-05T08:50:08","modified_gmt":"2025-11-05T08:50:08","slug":"bulletin-de-paie-commente-dun-ouvrier-des-travaux-publics","status":"publish","type":"page","link":"https:\/\/sitepersojlc.fr\/?page_id=11156","title":{"rendered":"5.Bulletins de Paie Comment\u00e9s Ouvriers  des Travaux Publics IDCC 1702"},"content":{"rendered":"\n<p><\/p>\n\n\n\n<figure class=\"wp-block-image size-full is-resized\"><img decoding=\"async\" loading=\"lazy\" src=\"https:\/\/sitepersojlc.fr\/wp-content\/uploads\/2024\/05\/438165331_973201214815321_7414381145375679527_n.jpg\" alt=\"\" class=\"wp-image-8651\" width=\"760\" height=\"932\" srcset=\"https:\/\/sitepersojlc.fr\/wp-content\/uploads\/2024\/05\/438165331_973201214815321_7414381145375679527_n.jpg 720w, https:\/\/sitepersojlc.fr\/wp-content\/uploads\/2024\/05\/438165331_973201214815321_7414381145375679527_n-245x300.jpg 245w\" sizes=\"(max-width: 760px) 100vw, 760px\" \/><\/figure>\n\n\n\n<p><\/p>\n\n\n\n<p><\/p>\n\n\n\n<div class=\"wp-block-uagb-buttons uagb-buttons__outer-wrap uagb-btn__default-btn uagb-btn-tablet__default-btn uagb-btn-mobile__default-btn uagb-block-11a2af22\"><div class=\"uagb-buttons__wrap uagb-buttons-layout-wrap\">\n<div class=\"wp-block-uagb-buttons-child uagb-buttons__outer-wrap uagb-block-9248b4a7 wp-block-button is-style-outline\"><div class=\"uagb-button__wrapper\"><a class=\"uagb-buttons-repeater wp-block-button__link has-background has-text-color\" href=\"https:\/\/sitepersojlc.fr\/wp-content\/uploads\/2025\/09\/ccn-ouvriers-tp-15-12-1992.pdf\" onclick=\"return true;\" rel=\"follow noopener\" target=\"_self\"><div class=\"uagb-button__link\">CCN IDCC 1702<\/div><\/a><\/div><\/div>\n<\/div><\/div>\n\n\n\n<p><\/p>\n\n\n\n<p><\/p>\n\n\n\n<div class=\"wp-block-uagb-buttons uagb-buttons__outer-wrap uagb-btn__default-btn uagb-btn-tablet__default-btn uagb-btn-mobile__default-btn uagb-block-e029f6b3\"><div class=\"uagb-buttons__wrap uagb-buttons-layout-wrap\">\n<div class=\"wp-block-uagb-buttons-child uagb-buttons__outer-wrap uagb-block-31fff895 wp-block-button is-style-outline\"><div class=\"uagb-button__wrapper\"><a class=\"uagb-buttons-repeater wp-block-button__link has-background has-text-color\" href=\"https:\/\/sitepersojlc.fr\/wp-content\/uploads\/2025\/10\/SYNTHESE-COTISATIONS-IDCC-1702.zip\" onclick=\"return true;\" rel=\"follow noopener\" target=\"_self\"><div class=\"uagb-button__link\">SYNTHESE DES COTISATIONS IDCC 1702<\/div><\/a><\/div><\/div>\n<\/div><\/div>\n\n\n\n<p><\/p>\n\n\n\n<p><\/p>\n\n\n\n<h3 style=\"text-align: center;\"><strong>Bulletin de Paie Comment\u00e9 1&nbsp;<\/strong><\/h3>\n\n\n\n<p><\/p>\n\n\n\n<h4 style=\"text-align: justify;\">Entreprise dont le Code APE est 4211 Z. Si\u00e8ge Social \u00e0 Colombes (92) . Effectifs 51 salari\u00e9s. Pas d&rsquo;application de la D\u00e9duction Forfaitaire Sp\u00e9cifique. Ouvrier Niveau 2 Position 2 Coefficient 140 . Horaires&nbsp; : 35 h . Absence: 2 jours pour convenances personnelles Indemnit\u00e9 de trajet Zone 4 .<\/h4>\n<h4 style=\"text-align: justify;\">Etablir le Bulletin de Paie de <strong>Septembre 2025<\/strong><\/h4>\n\n\n\n<p><\/p>\n\n\n\n<div class=\"wp-block-uagb-buttons uagb-buttons__outer-wrap uagb-btn__default-btn uagb-btn-tablet__default-btn uagb-btn-mobile__default-btn uagb-block-05ab2af4\"><div class=\"uagb-buttons__wrap uagb-buttons-layout-wrap\">\n<div class=\"wp-block-uagb-buttons-child uagb-buttons__outer-wrap uagb-block-d40ab32c wp-block-button is-style-outline\"><div class=\"uagb-button__wrapper\"><a class=\"uagb-buttons-repeater wp-block-button__link has-background has-text-color\" href=\"https:\/\/sitepersojlc.fr\/wp-content\/uploads\/2025\/10\/3.-.-TP-O-HSUPP-ITRAJET-51-SAL-RP.zip\" onclick=\"return true;\" rel=\"follow noopener\" target=\"_self\"><div class=\"uagb-button__link\">Bulletin de Paie Comment\u00e9  1<\/div><\/a><\/div><\/div>\n<\/div><\/div>\n\n\n\n<p><\/p>\n\n\n\n<div class=\"wp-block-uagb-buttons uagb-buttons__outer-wrap uagb-btn__default-btn uagb-btn-tablet__default-btn uagb-btn-mobile__default-btn uagb-block-d21bc55d\"><div class=\"uagb-buttons__wrap uagb-buttons-layout-wrap\"><\/div><\/div>\n\n\n\n<p><\/p>\n\n\n\n<p><\/p>\n\n\n\n<h3 style=\"text-align: center;\"><strong>Bulletin de Paie<\/strong> <strong>Comment\u00e9 2<\/strong>&nbsp;<\/h3>\n\n\n\n<p><\/p>\n\n\n\n<h4 style=\"text-align: justify;\">M\u00eames hypoth\u00e8ses que ci-dessus mais Application de la D\u00e9duction Forfaitaire Sp\u00e9cifique. Comparaison Application de la DFS et non application de la DFS<\/h4>\n\n\n\n<p><\/p>\n\n\n\n<p><\/p>\n\n\n\n<div class=\"wp-block-uagb-buttons uagb-buttons__outer-wrap uagb-btn__default-btn uagb-btn-tablet__default-btn uagb-btn-mobile__default-btn uagb-block-c90cf845\"><div class=\"uagb-buttons__wrap uagb-buttons-layout-wrap\">\n<div class=\"wp-block-uagb-buttons-child uagb-buttons__outer-wrap uagb-block-c00ab70a wp-block-button is-style-outline\"><div class=\"uagb-button__wrapper\"><a class=\"uagb-buttons-repeater wp-block-button__link has-background has-text-color\" href=\"https:\/\/sitepersojlc.fr\/wp-content\/uploads\/2025\/10\/TP-OUVRIER-51-SAL-DFS-ITRAJET-ABSENCES.zip\" onclick=\"return true;\" rel=\"follow noopener\" target=\"_self\"><div class=\"uagb-button__link\">Bulletin de Paie Comment\u00e9 2 <\/div><\/a><\/div><\/div>\n<\/div><\/div>\n\n\n\n\n\n<p>&nbsp;<\/p>\n<p>&nbsp;<\/p>\n\n\n\n<p><\/p>\n\n\n\n<p><\/p>\n\n\n\n<h3 style=\"text-align: center;\"><strong>Bulletin de Paie Comment\u00e9 3<\/strong><\/h3>\n\n\n\n<h4 style=\"text-align: justify;\">On vous demande d&rsquo;\u00e9tablir le bulletin de paie d&rsquo;un ouvrier, salari\u00e9 dans une entreprise de 9 salari\u00e9s situ\u00e9e en Bretagne, dans les C\u00f4tes d&rsquo;Armor, et dont l&rsquo;activit\u00e9 consiste en la cr\u00e9ation et en l&rsquo;entretien de canalisations d&rsquo;eau. Ce salari\u00e9 effectue au cours du mois de Mai 2025 des heures suppl\u00e9mentaires \u00e0 + 25% et des heures suppl\u00e9mentaires \u00e0 + 50%. Il est amen\u00e9 \u00e0 se d\u00e9placer sur chantier et per\u00e7oit une indemnit\u00e9 de trajet&nbsp;<\/h4>\n\n\n\n<p><\/p>\n\n\n\n<div class=\"wp-block-uagb-buttons uagb-buttons__outer-wrap uagb-btn__default-btn uagb-btn-tablet__default-btn uagb-btn-mobile__default-btn uagb-block-d91e7612\"><div class=\"uagb-buttons__wrap uagb-buttons-layout-wrap\">\n<div class=\"wp-block-uagb-buttons-child uagb-buttons__outer-wrap uagb-block-3ee5c53c wp-block-button is-style-outline\"><div class=\"uagb-button__wrapper\"><a class=\"uagb-buttons-repeater wp-block-button__link has-background has-text-color\" href=\"https:\/\/sitepersojlc.fr\/wp-content\/uploads\/2025\/10\/2-.-TP-O-HSUPP-ITRAJET-9-SAL.zip\" onclick=\"return true;\" rel=\"follow noopener\" target=\"_self\"><div class=\"uagb-button__link\">Bulletin de paie Comment\u00e9 3 <\/div><\/a><\/div><\/div>\n<\/div><\/div>\n\n\n\n<p><\/p>\n\n\n\n<h3 style=\"text-align: center;\">Bulletin de Paie Comment\u00e9 4\u00a0<\/h3>\n<h4 style=\"text-align: justify;\">Un salari\u00e9 ayant le statut d&rsquo;ouvrier travaille dans une entreprise de 49 salari\u00e9s du secteur des Travaux Publics situ\u00e9e en Bretagne.\u00a0 Il a un contrat de 169 heures qui comporte donc des heures suppl\u00e9mentaires structurelles. Il s&rsquo;absente en cours du mois de Septembre 1 semaine\u00a0 pour prendre des Cong\u00e9s Pay\u00e9s.\u00a0<\/h4>\n\n\n\n<p><\/p>\n\n\n\n<div class=\"wp-block-uagb-buttons uagb-buttons__outer-wrap uagb-btn__default-btn uagb-btn-tablet__default-btn uagb-btn-mobile__default-btn uagb-block-b20cf851\"><div class=\"uagb-buttons__wrap uagb-buttons-layout-wrap\">\n<div class=\"wp-block-uagb-buttons-child uagb-buttons__outer-wrap uagb-block-975ce906 wp-block-button is-style-outline\"><div class=\"uagb-button__wrapper\"><a class=\"uagb-buttons-repeater wp-block-button__link has-background has-text-color\" href=\"https:\/\/sitepersojlc.fr\/wp-content\/uploads\/2025\/10\/1.-TP-O-HSUPP-ABS-ITRAJET.zip\" onclick=\"return true;\" rel=\"follow noopener\" target=\"_self\"><div class=\"uagb-button__link\">Bulletin de Paie Comment\u00e9 4 <\/div><\/a><\/div><\/div>\n<\/div><\/div>\n\n\n\n<p><\/p>\n\n\n\n<p><\/p>\n\n\n\n<p><\/p>\n\n\n\n<p><\/p>\n\n\n\n<p><\/p>\n\n\n\n<p><\/p>\n\n\n\n<p><\/p>\n\n\n\n<p><\/p>\n\n\n\n<p><\/p>\n\n\n\n<p><\/p>\n\n\n\n<p><\/p>\n\n\n\n<p><\/p>\n\n\n\n<p><\/p>\n\n\n\n<p><\/p>\n\n\n\n<p><\/p>\n\n\n\n<p><\/p>\n\n\n\n<p><\/p>\n\n\n\n<p><\/p>\n\n\n\n<p><\/p>\n\n\n\n<p><\/p>\n<div class=\"likebtn_container\" style=\"\"><!-- LikeBtn.com BEGIN --><span class=\"likebtn-wrapper\"  data-identifier=\"page_11156\"  data-site_id=\"6663fc396fd08b3d0b514646\"  data-lang=\"fr\"  data-style=\"\"  data-unlike_allowed=\"\"  data-show_copyright=\"\"  data-item_url=\"https:\/\/sitepersojlc.fr\/?page_id=11156\"  data-item_title=\"5.Bulletins de Paie Comment\u00e9s Ouvriers des Travaux Publics IDCC 1702\"  data-item_date=\"2025-08-30T17:25:52+00:00\"  data-engine=\"WordPress\"  data-plugin_v=\"2.6.52\"  data-prx=\"https:\/\/sitepersojlc.fr\/wp-admin\/admin-ajax.php?action=likebtn_prx\"  data-event_handler=\"likebtn_eh\" ><\/span><!-- LikeBtn.com END --><\/div>","protected":false},"excerpt":{"rendered":"<p>Bulletin de Paie Comment\u00e9 1&nbsp; Entreprise dont le Code APE est 4211 Z. Si\u00e8ge Social \u00e0 Colombes (92) . Effectifs 51 salari\u00e9s. Pas d&rsquo;application de la D\u00e9duction Forfaitaire Sp\u00e9cifique. Ouvrier Niveau 2 Position 2 Coefficient 140 . Horaires&nbsp; : 35 h . Absence: 2 jours pour convenances personnelles Indemnit\u00e9 de trajet Zone 4 . Etablir [&hellip;]<\/p>\n<div class=\"likebtn_container\" style=\"\"><!-- LikeBtn.com BEGIN --><span class=\"likebtn-wrapper\"  data-identifier=\"page_11156\"  data-site_id=\"6663fc396fd08b3d0b514646\"  data-lang=\"fr\"  data-style=\"\"  data-unlike_allowed=\"\"  data-show_copyright=\"\"  data-item_url=\"https:\/\/sitepersojlc.fr\/?page_id=11156\"  data-item_title=\"5.Bulletins de Paie Comment\u00e9s Ouvriers des Travaux Publics IDCC 1702\"  data-item_date=\"2025-08-30T17:25:52+00:00\"  data-engine=\"WordPress\"  data-plugin_v=\"2.6.52\"  data-prx=\"https:\/\/sitepersojlc.fr\/wp-admin\/admin-ajax.php?action=likebtn_prx\"  data-event_handler=\"likebtn_eh\" ><\/span><!-- LikeBtn.com END --><\/div>","protected":false},"author":1,"featured_media":0,"parent":0,"menu_order":0,"comment_status":"closed","ping_status":"closed","template":"","meta":{"om_disable_all_campaigns":false,"_uag_custom_page_level_css":"","_monsterinsights_skip_tracking":false,"_monsterinsights_sitenote_active":false,"_monsterinsights_sitenote_note":"","_monsterinsights_sitenote_category":0,"_uf_show_specific_survey":0,"_uf_disable_surveys":false,"footnotes":""},"aioseo_notices":[],"uagb_featured_image_src":{"full":false,"thumbnail":false,"medium":false,"medium_large":false,"large":false,"1536x1536":false,"2048x2048":false},"uagb_author_info":{"display_name":"lechev.1910@gmail.com","author_link":"https:\/\/sitepersojlc.fr\/?author=1"},"uagb_comment_info":0,"uagb_excerpt":"Bulletin de Paie Comment\u00e9 1&nbsp; Entreprise dont le Code APE est 4211 Z. Si\u00e8ge Social \u00e0 Colombes (92) . Effectifs 51 salari\u00e9s. Pas d&rsquo;application de la D\u00e9duction Forfaitaire Sp\u00e9cifique. Ouvrier Niveau 2 Position 2 Coefficient 140 . Horaires&nbsp; : 35 h . Absence: 2 jours pour convenances personnelles Indemnit\u00e9 de trajet Zone 4 . Etablir\u2026","_links":{"self":[{"href":"https:\/\/sitepersojlc.fr\/index.php?rest_route=\/wp\/v2\/pages\/11156"}],"collection":[{"href":"https:\/\/sitepersojlc.fr\/index.php?rest_route=\/wp\/v2\/pages"}],"about":[{"href":"https:\/\/sitepersojlc.fr\/index.php?rest_route=\/wp\/v2\/types\/page"}],"author":[{"embeddable":true,"href":"https:\/\/sitepersojlc.fr\/index.php?rest_route=\/wp\/v2\/users\/1"}],"replies":[{"embeddable":true,"href":"https:\/\/sitepersojlc.fr\/index.php?rest_route=%2Fwp%2Fv2%2Fcomments&post=11156"}],"version-history":[{"count":33,"href":"https:\/\/sitepersojlc.fr\/index.php?rest_route=\/wp\/v2\/pages\/11156\/revisions"}],"predecessor-version":[{"id":11877,"href":"https:\/\/sitepersojlc.fr\/index.php?rest_route=\/wp\/v2\/pages\/11156\/revisions\/11877"}],"wp:attachment":[{"href":"https:\/\/sitepersojlc.fr\/index.php?rest_route=%2Fwp%2Fv2%2Fmedia&parent=11156"}],"curies":[{"name":"wp","href":"https:\/\/api.w.org\/{rel}","templated":true}]}}