{"id":11108,"date":"2025-08-07T17:05:28","date_gmt":"2025-08-07T17:05:28","guid":{"rendered":"https:\/\/sitepersojlc.fr\/?page_id=11108"},"modified":"2025-10-31T10:13:48","modified_gmt":"2025-10-31T10:13:48","slug":"bulletins-de-paie-des-cadres-des-travaux-publics","status":"publish","type":"page","link":"https:\/\/sitepersojlc.fr\/?page_id=11108","title":{"rendered":"2. Bulletins de Paie Comment\u00e9s des Cadres des Travaux Publics IDCC 3212 Brochure 3005 T4"},"content":{"rendered":"\n<p><\/p>\n\n\n\n<h3 style=\"text-align: center;\">2. Bulletins de Paie Comment\u00e9s des Cadres des Travaux Publics IDCC 3212&nbsp;<\/h3>\n<h4 style=\"text-align: center;\">&nbsp;<\/h4>\n\n\n\n<h3 style=\"text-align: justify;\">L&rsquo;ordre des Chapitres suit une progression p\u00e9dagogique&nbsp;<\/h3>\n\n\n\n<p><\/p>\n\n\n\n<p><\/p>\n\n\n\n<p><\/p>\n\n\n\n<figure class=\"wp-block-image size-large\"><img decoding=\"async\" loading=\"lazy\" width=\"781\" height=\"1024\" src=\"https:\/\/sitepersojlc.fr\/wp-content\/uploads\/2025\/08\/494198854_995199829469386_6580199442010197231_n-1-781x1024.jpg\" alt=\"\" class=\"wp-image-11114\" srcset=\"https:\/\/sitepersojlc.fr\/wp-content\/uploads\/2025\/08\/494198854_995199829469386_6580199442010197231_n-1-781x1024.jpg 781w, https:\/\/sitepersojlc.fr\/wp-content\/uploads\/2025\/08\/494198854_995199829469386_6580199442010197231_n-1-229x300.jpg 229w, https:\/\/sitepersojlc.fr\/wp-content\/uploads\/2025\/08\/494198854_995199829469386_6580199442010197231_n-1-768x1007.jpg 768w, https:\/\/sitepersojlc.fr\/wp-content\/uploads\/2025\/08\/494198854_995199829469386_6580199442010197231_n-1.jpg 843w\" sizes=\"(max-width: 781px) 100vw, 781px\" \/><\/figure>\n\n\n\n<p><\/p>\n\n\n\n<p><\/p>\n\n\n\n<p><\/p>\n\n\n\n<div class=\"wp-block-uagb-buttons uagb-buttons__outer-wrap uagb-btn__default-btn uagb-btn-tablet__default-btn uagb-btn-mobile__default-btn uagb-block-76ae3607\"><div class=\"uagb-buttons__wrap uagb-buttons-layout-wrap\">\n<div class=\"wp-block-uagb-buttons-child uagb-buttons__outer-wrap uagb-block-af8550be wp-block-button is-style-outline\"><div class=\"uagb-button__wrapper\"><a class=\"uagb-buttons-repeater wp-block-button__link has-background has-text-color\" href=\"https:\/\/sitepersojlc.fr\/wp-content\/uploads\/2025\/10\/Le-secteur-des-Travaux-Publics-2.zip\" onclick=\"return true;\" rel=\"follow noopener\" target=\"_self\"><div class=\"uagb-button__link\">Le SECTEUR DES TRAVAUX PUBLICS <\/div><\/a><\/div><\/div>\n<\/div><\/div>\n\n\n\n<p><\/p>\n\n\n\n<p><\/p>\n\n\n\n<div class=\"wp-block-uagb-buttons uagb-buttons__outer-wrap uagb-btn__default-btn uagb-btn-tablet__default-btn uagb-btn-mobile__default-btn uagb-block-463a528e\"><div class=\"uagb-buttons__wrap uagb-buttons-layout-wrap\">\n<div class=\"wp-block-uagb-buttons-child uagb-buttons__outer-wrap uagb-block-0762c617 wp-block-button is-style-outline\"><div class=\"uagb-button__wrapper\"><a class=\"uagb-buttons-repeater wp-block-button__link has-background has-text-color\" href=\"https:\/\/sitepersojlc.fr\/wp-content\/uploads\/2025\/10\/CCN-des-Cadres-des-Travaux-Publics-IDCC-3212.zip\" onclick=\"return true;\" rel=\"follow noopener\" target=\"_self\"><div class=\"uagb-button__link\">CCN IDCC 3212 <\/div><\/a><\/div><\/div>\n<\/div><\/div>\n\n\n\n<p><\/p>\n\n\n\n<p><\/p>\n\n\n\n<div class=\"wp-block-uagb-buttons uagb-buttons__outer-wrap uagb-btn__default-btn uagb-btn-tablet__default-btn uagb-btn-mobile__default-btn uagb-block-b7b8097d\"><div class=\"uagb-buttons__wrap uagb-buttons-layout-wrap\">\n<div class=\"wp-block-uagb-buttons-child uagb-buttons__outer-wrap uagb-block-a8902b66 wp-block-button is-style-outline\"><div class=\"uagb-button__wrapper\"><a class=\"uagb-buttons-repeater wp-block-button__link has-background has-text-color\" href=\"https:\/\/sitepersojlc.fr\/wp-content\/uploads\/2025\/10\/Lien-vers-le-texte-integral-de-la-CCN-des-cadres-des-Travaux-Publics-IDCC-3212.zip\" onclick=\"return true;\" rel=\"follow noopener\" target=\"_self\"><div class=\"uagb-button__link\">Texte de la CCN IDCC 3212 <\/div><\/a><\/div><\/div>\n<\/div><\/div>\n\n\n\n<p><\/p>\n\n\n\n<p><\/p>\n\n\n\n<div class=\"wp-block-uagb-buttons uagb-buttons__outer-wrap uagb-btn__default-btn uagb-btn-tablet__default-btn uagb-btn-mobile__default-btn uagb-block-e1608a57\"><div class=\"uagb-buttons__wrap uagb-buttons-layout-wrap\">\n<div class=\"wp-block-uagb-buttons-child uagb-buttons__outer-wrap uagb-block-26a45b3a wp-block-button is-style-outline\"><div class=\"uagb-button__wrapper\"><a class=\"uagb-buttons-repeater wp-block-button__link has-background has-text-color\" href=\"https:\/\/sitepersojlc.fr\/wp-content\/uploads\/2025\/10\/SALAIRES_MINIMA_CADRES_POUR_2025-1.zip\" onclick=\"return true;\" rel=\"follow noopener\" target=\"_self\"><div class=\"uagb-button__link\">SALAIRES MINIMAS 2025<\/div><\/a><\/div><\/div>\n<\/div><\/div>\n\n\n\n<p><\/p>\n\n\n\n<div class=\"wp-block-uagb-buttons uagb-buttons__outer-wrap uagb-btn__default-btn uagb-btn-tablet__default-btn uagb-btn-mobile__default-btn uagb-block-eca1cf24\"><div class=\"uagb-buttons__wrap uagb-buttons-layout-wrap\">\n<div class=\"wp-block-uagb-buttons-child uagb-buttons__outer-wrap uagb-block-a218f1df wp-block-button is-style-outline\"><div class=\"uagb-button__wrapper\"><a class=\"uagb-buttons-repeater wp-block-button__link has-background has-text-color\" href=\"https:\/\/sitepersojlc.fr\/wp-content\/uploads\/2025\/10\/TABLEAU-DES-COTISATIONS-IDCC-3212.zip\" onclick=\"return true;\" rel=\"follow noopener\" target=\"_self\"><div class=\"uagb-button__link\">SYNTHESE DES COTISATIONS IDCC 3212 <\/div><\/a><\/div><\/div>\n<\/div><\/div>\n\n\n\n<p><\/p>\n\n\n\n<div class=\"wp-block-uagb-buttons uagb-buttons__outer-wrap uagb-btn__default-btn uagb-btn-tablet__default-btn uagb-btn-mobile__default-btn uagb-block-1f80e182\"><div class=\"uagb-buttons__wrap uagb-buttons-layout-wrap\">\n<div class=\"wp-block-uagb-buttons-child uagb-buttons__outer-wrap uagb-block-e6e18e48 wp-block-button is-style-outline\"><div class=\"uagb-button__wrapper\"><a class=\"uagb-buttons-repeater wp-block-button__link has-background has-text-color\" href=\"#\" onclick=\"return false;\" rel=\"follow noopener\" target=\"_self\"><div class=\"uagb-button__link\">COTISATIONS FORMATION PROFESSIONNELLE ET CCCA BTP  <\/div><\/a><\/div><\/div>\n<\/div><\/div>\n\n\n\n<p><\/p>\n\n\n\n<p><\/p>\n\n\n\n<div class=\"wp-block-uagb-buttons uagb-buttons__outer-wrap uagb-btn__default-btn uagb-btn-tablet__default-btn uagb-btn-mobile__default-btn uagb-block-01d992fb\"><div class=\"uagb-buttons__wrap uagb-buttons-layout-wrap\">\n<div class=\"wp-block-uagb-buttons-child uagb-buttons__outer-wrap uagb-block-97b92653 wp-block-button is-style-outline\"><div class=\"uagb-button__wrapper\"><a class=\"uagb-buttons-repeater wp-block-button__link has-background has-text-color\" href=\"#\" onclick=\"return false;\" rel=\"follow noopener\" target=\"_self\"><div class=\"uagb-button__link\">ORGANISMES COLLECTEURS <\/div><\/a><\/div><\/div>\n<\/div><\/div>\n\n\n\n<p><\/p>\n\n\n\n<p><\/p>\n\n\n\n<div class=\"wp-block-uagb-buttons uagb-buttons__outer-wrap uagb-btn__default-btn uagb-btn-tablet__default-btn uagb-btn-mobile__default-btn uagb-block-6647ad0a\"><div class=\"uagb-buttons__wrap uagb-buttons-layout-wrap\">\n<div class=\"wp-block-uagb-buttons-child uagb-buttons__outer-wrap uagb-block-9f4f2d68 wp-block-button is-style-outline\"><div class=\"uagb-button__wrapper\"><a class=\"uagb-buttons-repeater wp-block-button__link has-background has-text-color\" href=\"#\" onclick=\"return false;\" rel=\"follow noopener\" target=\"_self\"><div class=\"uagb-button__link\">MAQUETTE CALCUL RGCP dans le BTP <\/div><\/a><\/div><\/div>\n<\/div><\/div>\n\n\n\n<p><\/p>\n\n\n\n<h4 style=\"text-align: center;\">Exercice&nbsp; 1<\/h4>\n<h4 style=\"text-align: justify;\">Cet exercice d&rsquo;introduction va vous permettre de vous familiariser avec la sp\u00e9cificit\u00e9 des cotisations applicables \u00e0 un cadre des Travaux Publics. Vous devrez \u00e9tablir le Bulletin de Paie pour Septembre 2025 d&rsquo;un Cadre&nbsp; de Coefficient C1 travaillant dans une entreprise de 8 salari\u00e9s situ\u00e9e \u00e0 Colombes (92). Cette entreprise a au cours de l&rsquo;ann\u00e9e civile pr\u00e9c\u00e9dente embauch\u00e9 3 apprentis dont la r\u00e9mun\u00e9ration repr\u00e9sente au moins 11% de la masse salariale brute de N-1.<\/h4>\n\n\n\n<p><\/p>\n\n\n\n<div class=\"wp-block-uagb-buttons uagb-buttons__outer-wrap uagb-btn__default-btn uagb-btn-tablet__default-btn uagb-btn-mobile__default-btn uagb-block-2c1eddf9\"><div class=\"uagb-buttons__wrap uagb-buttons-layout-wrap\">\n<div class=\"wp-block-uagb-buttons-child uagb-buttons__outer-wrap uagb-block-c0061767 wp-block-button is-style-outline\"><div class=\"uagb-button__wrapper\"><a class=\"uagb-buttons-repeater wp-block-button__link has-background has-text-color\" href=\"https:\/\/sitepersojlc.fr\/wp-content\/uploads\/2025\/10\/TP-BP1-C-8-SAL-1.zip\" onclick=\"return true;\" rel=\"follow noopener\" target=\"_self\"><div class=\"uagb-button__link\">BULLETIN DE PAIE 1<\/div><\/a><\/div><\/div>\n<\/div><\/div>\n\n\n\n<p><\/p>\n\n\n\n<p><\/p>\n\n\n\n<p><\/p>\n\n\n\n<h4 style=\"text-align: center;\">Exercice 2<\/h4>\n<h4 style=\"text-align: justify;\">Dans cet exercice on vous demande d&rsquo;\u00e9tablir le bulletin de paie de Septembre 2025 d&rsquo;un salari\u00e9 cadre de coefficient C1 travaillant dans une entreprise du secteur des Travaux Publics (Code APE 4213A) de 51 salari\u00e9s dont le si\u00e8ge social se trouve \u00e0 Saint-Brieuc dans les C\u00f4tes d&rsquo;Armor. Ce salari\u00e9 a un contrat de 169 heures comprenant donc 17,33 heures structurelles.&nbsp;<\/h4>\n\n\n\n<p><\/p>\n\n\n\n<div class=\"wp-block-uagb-buttons uagb-buttons__outer-wrap uagb-btn__default-btn uagb-btn-tablet__default-btn uagb-btn-mobile__default-btn uagb-block-1dfc6a3a\"><div class=\"uagb-buttons__wrap uagb-buttons-layout-wrap\">\n<div class=\"wp-block-uagb-buttons-child uagb-buttons__outer-wrap uagb-block-f978df02 wp-block-button is-style-outline\"><div class=\"uagb-button__wrapper\"><a class=\"uagb-buttons-repeater wp-block-button__link has-background has-text-color\" href=\"https:\/\/sitepersojlc.fr\/wp-content\/uploads\/2025\/10\/BP-2-C-TP-IDCC-2374.zip\" onclick=\"return true;\" rel=\"follow noopener\" target=\"_self\"><div class=\"uagb-button__link\">BULLETIN DE PAIE  2 <\/div><\/a><\/div><\/div>\n<\/div><\/div>\n\n\n\n<p><\/p>\n\n\n\n<p><\/p>\n\n\n\n<h3 style=\"text-align: center;\">Exercice 3&nbsp;<\/h3>\n<h4 style=\"text-align: justify;\">Dans cet exercice on vous demande d&rsquo;\u00e9tablir le bulletin de paie d&rsquo;un salari\u00e9 cadre d&rsquo;une entreprise des travaux publics de 8 salari\u00e9s situ\u00e9e \u00e0 Digne les Bains en r\u00e9gion PACA. Ce salari\u00e9 de coefficient B4 effectue au cours du mois de Septembre 2025 8 heures suppl\u00e9mentaires.&nbsp;<\/h4>\n<p>&nbsp;<\/p>\n\n\n\n<p><\/p>\n\n\n\n<div class=\"wp-block-uagb-buttons uagb-buttons__outer-wrap uagb-btn__default-btn uagb-btn-tablet__default-btn uagb-btn-mobile__default-btn uagb-block-12c3aa36\"><div class=\"uagb-buttons__wrap uagb-buttons-layout-wrap\">\n<div class=\"wp-block-uagb-buttons-child uagb-buttons__outer-wrap uagb-block-0b29fdf0 wp-block-button is-style-outline\"><div class=\"uagb-button__wrapper\"><a class=\"uagb-buttons-repeater wp-block-button__link has-background has-text-color\" href=\"https:\/\/sitepersojlc.fr\/wp-content\/uploads\/2025\/10\/C-TP-BP3-HSUPP.zip\" onclick=\"return true;\" rel=\"follow noopener\" target=\"_self\"><div class=\"uagb-button__link\">BULLETIN DE PAIE 3<\/div><\/a><\/div><\/div>\n<\/div><\/div>\n\n\n\n<p><\/p>\n\n\n\n<p><\/p>\n\n\n\n<h3 style=\"text-align: center;\">Exercice 4&nbsp;<\/h3>\n<h4 style=\"text-align: justify;\">Dans cet exercice on vous demande d&rsquo;\u00e9tablir le bulletin de paie de Septembre 2025 d&rsquo;un cadre des travaux publics de coefficient B2 qui travaille dans une entreprise de 51 salari\u00e9s dont le si\u00e8ge social se situe \u00e0 Colombes (92). Ce salari\u00e9 en accord avec son employeur s&rsquo;est absent\u00e9 4 jours en Septembre pour convenances personnelles.&nbsp;<\/h4>\n\n\n\n<p><\/p>\n\n\n\n<p><\/p>\n\n\n\n<div class=\"wp-block-uagb-buttons uagb-buttons__outer-wrap uagb-btn__default-btn uagb-btn-tablet__default-btn uagb-btn-mobile__default-btn uagb-block-f76c21e1\"><div class=\"uagb-buttons__wrap uagb-buttons-layout-wrap\">\n<div class=\"wp-block-uagb-buttons-child uagb-buttons__outer-wrap uagb-block-ea9e59f3 wp-block-button is-style-outline\"><div class=\"uagb-button__wrapper\"><a class=\"uagb-buttons-repeater wp-block-button__link has-background has-text-color\" href=\"https:\/\/sitepersojlc.fr\/wp-content\/uploads\/2025\/10\/BP-4-C-TP-ABSENCES-51-SAL.zip\" onclick=\"return true;\" rel=\"follow noopener\" target=\"_self\"><div class=\"uagb-button__link\">BULLETIN DE PAIE 4<\/div><\/a><\/div><\/div>\n<\/div><\/div>\n\n\n\n<p><\/p>\n\n\n\n<h3 style=\"text-align: center;\">Exercice 5&nbsp;<\/h3>\n<h4 style=\"text-align: justify;\">Dans cet exercice vous devrez \u00e9tablir le bulletin de paie d&rsquo;un cadre \u00e0 temps partiel (30 heures par semaine) de Coefficient C2 travaillant dans une entreprise de 25 salari\u00e9s situ\u00e9e dans la R\u00e9gion Parisienne (\u00e0 Colombes) . Ce salari\u00e9 effectue au cours du mois de Septembre 4 heures compl\u00e9mentaires .<\/h4>\n<h4 style=\"text-align: justify;\">&nbsp;<\/h4>\n\n\n\n<p><\/p>\n\n\n\n<p><\/p>\n\n\n\n<div class=\"wp-block-uagb-buttons uagb-buttons__outer-wrap uagb-btn__default-btn uagb-btn-tablet__default-btn uagb-btn-mobile__default-btn uagb-block-3e5dc9ed\"><div class=\"uagb-buttons__wrap uagb-buttons-layout-wrap\">\n<div class=\"wp-block-uagb-buttons-child uagb-buttons__outer-wrap uagb-block-e0c97879 wp-block-button is-style-outline\"><div class=\"uagb-button__wrapper\"><a class=\"uagb-buttons-repeater wp-block-button__link has-background has-text-color\" href=\"https:\/\/sitepersojlc.fr\/wp-content\/uploads\/2025\/10\/BP5-C-TP-TPARTIEL-51SAL-HCOMPL.zip\" onclick=\"return true;\" rel=\"follow noopener\" target=\"_self\"><div class=\"uagb-button__link\">BULLETIN DE PAIE 5 <\/div><\/a><\/div><\/div>\n<\/div><\/div>\n\n\n\n<p><\/p>\n\n\n\n<p><\/p>\n\n\n\n<h3 style=\"text-align: center;\">Exercice 6<\/h3>\n<h4 style=\"text-align: justify;\">Vous devez \u00e9tablir pour le mois de Septembre 2025 le bulletin de paie d&rsquo;un salari\u00e9 de la r\u00e9gion parisienne qui travaille dans une entreprise de 60 salari\u00e9s. Il a un contrat de 169 heures et un coefficient C2. IL per\u00e7oit au cours du mois de Septembre une prime de partage de la valeur de 6000 euros qui lui est vers\u00e9e directement &#8211; pas de placement sur un PEE)<\/h4>\n\n\n\n<p><\/p>\n\n\n\n<p><\/p>\n\n\n\n<div class=\"wp-block-uagb-buttons uagb-buttons__outer-wrap uagb-btn__default-btn uagb-btn-tablet__default-btn uagb-btn-mobile__default-btn uagb-block-31f03f70\"><div class=\"uagb-buttons__wrap uagb-buttons-layout-wrap\">\n<div class=\"wp-block-uagb-buttons-child uagb-buttons__outer-wrap uagb-block-5a45d392 wp-block-button is-style-outline\"><div class=\"uagb-button__wrapper\"><a class=\"uagb-buttons-repeater wp-block-button__link has-background has-text-color\" href=\"https:\/\/sitepersojlc.fr\/wp-content\/uploads\/2025\/10\/TP-CADRE-PPV-BP-6-TM.zip\" onclick=\"return true;\" rel=\"follow noopener\" target=\"_self\"><div class=\"uagb-button__link\">BULLETIN DE PAIE 6<\/div><\/a><\/div><\/div>\n<\/div><\/div>\n\n\n\n<p><\/p>\n\n\n\n<p><\/p>\n\n\n\n<p><\/p>\n\n\n\n<p><\/p>\n\n\n\n<p><\/p>\n\n\n\n<p><\/p>\n\n\n\n<p><\/p>\n\n\n\n<p><\/p>\n\n\n\n<p><\/p>\n\n\n\n<p><\/p>\n\n\n\n<p><\/p>\n\n\n\n<p><\/p>\n\n\n\n<p><\/p>\n\n\n\n<p><\/p>\n\n\n\n<p><\/p>\n\n\n\n<p><\/p>\n\n\n\n<p><\/p>\n\n\n\n<p><\/p>\n\n\n\n<p><\/p>\n<div class=\"likebtn_container\" style=\"\"><!-- LikeBtn.com BEGIN --><span class=\"likebtn-wrapper\"  data-identifier=\"page_11108\"  data-site_id=\"6663fc396fd08b3d0b514646\"  data-lang=\"fr\"  data-style=\"\"  data-unlike_allowed=\"\"  data-show_copyright=\"\"  data-item_url=\"https:\/\/sitepersojlc.fr\/?page_id=11108\"  data-item_title=\"2. Bulletins de Paie Comment\u00e9s des Cadres des Travaux Publics IDCC 3212 Brochure 3005 T4\"  data-item_date=\"2025-08-07T17:05:28+00:00\"  data-engine=\"WordPress\"  data-plugin_v=\"2.6.52\"  data-prx=\"https:\/\/sitepersojlc.fr\/wp-admin\/admin-ajax.php?action=likebtn_prx\"  data-event_handler=\"likebtn_eh\" ><\/span><!-- LikeBtn.com END --><\/div>","protected":false},"excerpt":{"rendered":"<p>2. Bulletins de Paie Comment\u00e9s des Cadres des Travaux Publics IDCC 3212&nbsp; &nbsp; L&rsquo;ordre des Chapitres suit une progression p\u00e9dagogique&nbsp; Exercice&nbsp; 1 Cet exercice d&rsquo;introduction va vous permettre de vous familiariser avec la sp\u00e9cificit\u00e9 des cotisations applicables \u00e0 un cadre des Travaux Publics. Vous devrez \u00e9tablir le Bulletin de Paie pour Septembre 2025 d&rsquo;un Cadre&nbsp; [&hellip;]<\/p>\n<div class=\"likebtn_container\" style=\"\"><!-- LikeBtn.com BEGIN --><span class=\"likebtn-wrapper\"  data-identifier=\"page_11108\"  data-site_id=\"6663fc396fd08b3d0b514646\"  data-lang=\"fr\"  data-style=\"\"  data-unlike_allowed=\"\"  data-show_copyright=\"\"  data-item_url=\"https:\/\/sitepersojlc.fr\/?page_id=11108\"  data-item_title=\"2. Bulletins de Paie Comment\u00e9s des Cadres des Travaux Publics IDCC 3212 Brochure 3005 T4\"  data-item_date=\"2025-08-07T17:05:28+00:00\"  data-engine=\"WordPress\"  data-plugin_v=\"2.6.52\"  data-prx=\"https:\/\/sitepersojlc.fr\/wp-admin\/admin-ajax.php?action=likebtn_prx\"  data-event_handler=\"likebtn_eh\" ><\/span><!-- LikeBtn.com END --><\/div>","protected":false},"author":1,"featured_media":0,"parent":0,"menu_order":0,"comment_status":"closed","ping_status":"closed","template":"","meta":{"om_disable_all_campaigns":false,"_uag_custom_page_level_css":"","_monsterinsights_skip_tracking":false,"_monsterinsights_sitenote_active":false,"_monsterinsights_sitenote_note":"","_monsterinsights_sitenote_category":0,"_uf_show_specific_survey":0,"_uf_disable_surveys":false,"footnotes":""},"aioseo_notices":[],"uagb_featured_image_src":{"full":false,"thumbnail":false,"medium":false,"medium_large":false,"large":false,"1536x1536":false,"2048x2048":false},"uagb_author_info":{"display_name":"lechev.1910@gmail.com","author_link":"https:\/\/sitepersojlc.fr\/?author=1"},"uagb_comment_info":0,"uagb_excerpt":"2. Bulletins de Paie Comment\u00e9s des Cadres des Travaux Publics IDCC 3212&nbsp; &nbsp; L&rsquo;ordre des Chapitres suit une progression p\u00e9dagogique&nbsp; Exercice&nbsp; 1 Cet exercice d&rsquo;introduction va vous permettre de vous familiariser avec la sp\u00e9cificit\u00e9 des cotisations applicables \u00e0 un cadre des Travaux Publics. Vous devrez \u00e9tablir le Bulletin de Paie pour Septembre 2025 d&rsquo;un Cadre&nbsp;\u2026","_links":{"self":[{"href":"https:\/\/sitepersojlc.fr\/index.php?rest_route=\/wp\/v2\/pages\/11108"}],"collection":[{"href":"https:\/\/sitepersojlc.fr\/index.php?rest_route=\/wp\/v2\/pages"}],"about":[{"href":"https:\/\/sitepersojlc.fr\/index.php?rest_route=\/wp\/v2\/types\/page"}],"author":[{"embeddable":true,"href":"https:\/\/sitepersojlc.fr\/index.php?rest_route=\/wp\/v2\/users\/1"}],"replies":[{"embeddable":true,"href":"https:\/\/sitepersojlc.fr\/index.php?rest_route=%2Fwp%2Fv2%2Fcomments&post=11108"}],"version-history":[{"count":63,"href":"https:\/\/sitepersojlc.fr\/index.php?rest_route=\/wp\/v2\/pages\/11108\/revisions"}],"predecessor-version":[{"id":11827,"href":"https:\/\/sitepersojlc.fr\/index.php?rest_route=\/wp\/v2\/pages\/11108\/revisions\/11827"}],"wp:attachment":[{"href":"https:\/\/sitepersojlc.fr\/index.php?rest_route=%2Fwp%2Fv2%2Fmedia&parent=11108"}],"curies":[{"name":"wp","href":"https:\/\/api.w.org\/{rel}","templated":true}]}}