{"id":11090,"date":"2025-08-07T16:52:58","date_gmt":"2025-08-07T16:52:58","guid":{"rendered":"https:\/\/sitepersojlc.fr\/?page_id=11090"},"modified":"2025-11-08T11:36:41","modified_gmt":"2025-11-08T11:36:41","slug":"bulletins-de-paie-des-etam-du-batiment","status":"publish","type":"page","link":"https:\/\/sitepersojlc.fr\/?page_id=11090","title":{"rendered":"6.Bulletins de Paie Comment\u00e9s des Etam du B\u00e2timent IDCC 2609"},"content":{"rendered":"\n<p><\/p>\n\n\n\n<h3 style=\"text-align: justify;\">6. Bulletins de Paie Comment\u00e9s des ETAM du B\u00e2timent IDCC 2609&nbsp; (Page en pr\u00e9paration)&nbsp;<\/h3>\n\n\n\n<p><\/p>\n\n\n\n<h3 style=\"text-align: justify;\">L&rsquo;ordre des chapitres suit une progression p\u00e9dagogique&nbsp;<\/h3>\n\n\n\n<p><\/p>\n\n\n\n<p><\/p>\n\n\n\n<figure class=\"wp-block-image size-full\"><img decoding=\"async\" loading=\"lazy\" width=\"1000\" height=\"481\" src=\"https:\/\/sitepersojlc.fr\/wp-content\/uploads\/2025\/08\/526758881_122129311466856254_2451507996912079190_n.jpg\" alt=\"\" class=\"wp-image-11102\" srcset=\"https:\/\/sitepersojlc.fr\/wp-content\/uploads\/2025\/08\/526758881_122129311466856254_2451507996912079190_n.jpg 1000w, https:\/\/sitepersojlc.fr\/wp-content\/uploads\/2025\/08\/526758881_122129311466856254_2451507996912079190_n-300x144.jpg 300w, https:\/\/sitepersojlc.fr\/wp-content\/uploads\/2025\/08\/526758881_122129311466856254_2451507996912079190_n-768x369.jpg 768w\" sizes=\"(max-width: 1000px) 100vw, 1000px\" \/><\/figure>\n\n\n\n<p><\/p>\n\n\n\n<p><\/p>\n\n\n\n<div class=\"wp-block-uagb-buttons uagb-buttons__outer-wrap uagb-btn__default-btn uagb-btn-tablet__default-btn uagb-btn-mobile__default-btn uagb-block-3ea38821\"><div class=\"uagb-buttons__wrap uagb-buttons-layout-wrap\">\n<div class=\"wp-block-uagb-buttons-child uagb-buttons__outer-wrap uagb-block-3b78384e wp-block-button is-style-outline\"><div class=\"uagb-button__wrapper\"><a class=\"uagb-buttons-repeater wp-block-button__link has-background has-text-color\" href=\"https:\/\/sitepersojlc.fr\/wp-content\/uploads\/2025\/10\/La-CCN-des-ETAM-du-Batiment-IDCC-2609.zip\" onclick=\"return true;\" rel=\"follow noopener\" target=\"_self\"><div class=\"uagb-button__link\">Pr\u00e9sentation de la CCN 2609<\/div><\/a><\/div><\/div>\n<\/div><\/div>\n\n\n\n<p><\/p>\n\n\n\n<div class=\"wp-block-uagb-buttons uagb-buttons__outer-wrap uagb-btn__default-btn uagb-btn-tablet__default-btn uagb-btn-mobile__default-btn uagb-block-065e2d8f\"><div class=\"uagb-buttons__wrap uagb-buttons-layout-wrap\">\n<div class=\"wp-block-uagb-buttons-child uagb-buttons__outer-wrap uagb-block-75168c05 wp-block-button is-style-outline\"><div class=\"uagb-button__wrapper\"><a class=\"uagb-buttons-repeater wp-block-button__link has-background has-text-color\" href=\"https:\/\/sitepersojlc.fr\/wp-content\/uploads\/2025\/09\/ccn-etam-batiment-2006.pdf\" onclick=\"return true;\" rel=\"follow noopener\" target=\"_self\"><div class=\"uagb-button__link\">Texte de la CCN 2609<\/div><\/a><\/div><\/div>\n<\/div><\/div>\n\n\n\n<p><\/p>\n\n\n\n<div class=\"wp-block-uagb-buttons uagb-buttons__outer-wrap uagb-btn__default-btn uagb-btn-tablet__default-btn uagb-btn-mobile__default-btn uagb-block-ec2d6197\"><div class=\"uagb-buttons__wrap uagb-buttons-layout-wrap\">\n<div class=\"wp-block-uagb-buttons-child uagb-buttons__outer-wrap uagb-block-3d2d502d wp-block-button is-style-outline\"><div class=\"uagb-button__wrapper\"><a class=\"uagb-buttons-repeater wp-block-button__link has-background has-text-color\" href=\"https:\/\/sitepersojlc.fr\/wp-content\/uploads\/2025\/10\/SYNTHESE-COTISATIONS-IDCC-2609.zip\" onclick=\"return true;\" rel=\"follow noopener\" target=\"_self\"><div class=\"uagb-button__link\">SYYNTHESE COTISATIONS ETAM DU BATIMENT <\/div><\/a><\/div><\/div>\n<\/div><\/div>\n\n\n\n<p><\/p>\n\n\n\n<p><\/p>\n\n\n\n<p><\/p>\n\n\n\n<h3 style=\"text-align: center;\"><strong>Exercice<\/strong> <strong>1&nbsp;<\/strong><\/h3>\n<h4 style=\"text-align: justify;\">Dans ce premier exercice vous serez amen\u00e9 \u00e0 \u00e9tablir le bulletin de paie d&rsquo;un <strong>ETAM BUREAU<\/strong> du b\u00e2timent de <strong>Position D<\/strong> dans la grille des salaires &#8211; qui travaille dans une entreprise de <strong>51 salari\u00e9s<\/strong> situ\u00e9e dans les <strong>C\u00f4tes d&rsquo;Armor<\/strong>. La DFS ne lui est pas applicable. Exercice d&rsquo;introduction qui vous permet de vous familiariser avec les sp\u00e9cificit\u00e9s du bulletin de paie d&rsquo;un ETAM&nbsp;<\/h4>\n\n\n\n<p><\/p>\n\n\n\n<div class=\"wp-block-uagb-buttons uagb-buttons__outer-wrap uagb-btn__default-btn uagb-btn-tablet__default-btn uagb-btn-mobile__default-btn uagb-block-8aafb02d\"><div class=\"uagb-buttons__wrap uagb-buttons-layout-wrap\">\n<div class=\"wp-block-uagb-buttons-child uagb-buttons__outer-wrap uagb-block-0bd88cdf wp-block-button is-style-outline\"><div class=\"uagb-button__wrapper\"><a class=\"uagb-buttons-repeater wp-block-button__link has-background has-text-color\" href=\"https:\/\/sitepersojlc.fr\/wp-content\/uploads\/2025\/10\/BP-1-ETAM-BUREAU-B-IDCC-2609-51-SAL-2.zip\" onclick=\"return true;\" rel=\"follow noopener\" target=\"_self\"><div class=\"uagb-button__link\">BULLETIN DE PAIE COMMENTE  1<\/div><\/a><\/div><\/div>\n<\/div><\/div>\n\n\n\n<p><\/p>\n\n\n\n<h3 style=\"text-align: center;\"><strong>Exercice 2<\/strong>&nbsp;<\/h3>\n<h4 style=\"text-align: justify;\">Dans ce deuxi\u00e8me exercice on vous demande d&rsquo;\u00e9tablir le bulletin de paie d&rsquo;un <strong>ETAM BUREAU<\/strong>&nbsp; de Position D dans la grille hi\u00e9rarchique &#8211; qui travaille dans une entreprise de <strong>+ de 50 salari\u00e9s<\/strong> situ\u00e9e \u00e0 Saint-Brieuc dans les <strong>C\u00f4tes d&rsquo;Armor<\/strong>. Il per\u00e7oit au cours de ce mois&nbsp; une <strong>prime de partage de la valeu<\/strong>r a de <strong>6000 euros<\/strong> dont 3000 euros lui sont vers\u00e9s directement. Les autres 3000 euros sont plac\u00e9s sur un plan d&rsquo;\u00e9pargne d&rsquo;entreprise.&nbsp;&nbsp;<\/h4>\n\n\n\n<p><\/p>\n\n\n\n<div class=\"wp-block-uagb-buttons uagb-buttons__outer-wrap uagb-btn__default-btn uagb-btn-tablet__default-btn uagb-btn-mobile__default-btn uagb-block-f84099ea\"><div class=\"uagb-buttons__wrap uagb-buttons-layout-wrap\">\n<div class=\"wp-block-uagb-buttons-child uagb-buttons__outer-wrap uagb-block-79924350 wp-block-button is-style-outline\"><div class=\"uagb-button__wrapper\"><a class=\"uagb-buttons-repeater wp-block-button__link has-background has-text-color\" href=\"https:\/\/sitepersojlc.fr\/wp-content\/uploads\/2025\/10\/BP-2-ETAM-BUREAU-PPV-2.zip\" onclick=\"return true;\" rel=\"follow noopener\" target=\"_self\"><div class=\"uagb-button__link\">BULLETIN DE PAIE COMMENTE 2<\/div><\/a><\/div><\/div>\n<\/div><\/div>\n\n\n\n<p><\/p>\n\n\n\n<div class=\"wp-block-uagb-buttons uagb-buttons__outer-wrap uagb-btn__default-btn uagb-btn-tablet__default-btn uagb-btn-mobile__default-btn uagb-block-89823bde\"><div class=\"uagb-buttons__wrap uagb-buttons-layout-wrap\">\n<div class=\"wp-block-uagb-buttons-child uagb-buttons__outer-wrap uagb-block-14aef496 wp-block-button is-style-outline\"><div class=\"uagb-button__wrapper\"><a class=\"uagb-buttons-repeater wp-block-button__link has-background has-text-color\" href=\"https:\/\/sitepersojlc.fr\/wp-content\/uploads\/2025\/10\/PRIME-DE-PARTAGE-DE-LA-VALEUR.zip\" onclick=\"return true;\" rel=\"follow noopener\" target=\"_self\"><div class=\"uagb-button__link\">PRIME DE PARTAGE DE LA VALEUR <\/div><\/a><\/div><\/div>\n<\/div><\/div>\n\n\n\n<p><\/p>\n\n\n\n<h3 style=\"text-align: center;\"><strong>Exercice 3<\/strong><\/h3>\n<h4 style=\"text-align: justify;\">Un <strong>ETAM de Niveau F<\/strong> travaille dans une entreprise de <strong>8 salari\u00e9s<\/strong>, situ\u00e9e en&nbsp; <strong>R\u00e9gion Parisienn<\/strong>e (92). Il&nbsp; a un contrat de <strong>169 heures<\/strong> par mois&nbsp; et a \u00e9t\u00e9 absent au cours du mois de Septembre 2 journ\u00e9es de 8 heures. Il b\u00e9n\u00e9ficie de <strong>Tickets Restaurant<\/strong> d&rsquo;une&nbsp; valeur faciale de 12,5 avec une participation de l&#8217;employeur \u00e0 hauteur de 60% (7,50).&nbsp;&nbsp;<\/h4>\n\n\n\n<p><\/p>\n\n\n\n<p><\/p>\n\n\n\n<div class=\"wp-block-uagb-buttons uagb-buttons__outer-wrap uagb-btn__default-btn uagb-btn-tablet__default-btn uagb-btn-mobile__default-btn uagb-block-7f34cf97\"><div class=\"uagb-buttons__wrap uagb-buttons-layout-wrap\">\n<div class=\"wp-block-uagb-buttons-child uagb-buttons__outer-wrap uagb-block-60660bc8 wp-block-button is-style-outline\"><div class=\"uagb-button__wrapper\"><a class=\"uagb-buttons-repeater wp-block-button__link has-background has-text-color\" href=\"https:\/\/sitepersojlc.fr\/wp-content\/uploads\/2025\/10\/BP-3-HSUPP-ABSENCE-TR-TM-8-SAL.zip\" onclick=\"return true;\" rel=\"follow noopener\" target=\"_self\"><div class=\"uagb-button__link\">BULLETIN DE PAIE COMMENTE   3 <\/div><\/a><\/div><\/div>\n<\/div><\/div>\n\n\n\n<p><\/p>\n\n\n\n<h3 style=\"text-align: center;\"><strong>Exercice 4<\/strong>&nbsp;<\/h3>\n<h4 style=\"text-align: justify;\">Un <strong>ETAM&nbsp; de Niveau E<\/strong> travaille dans une entreprise de la <strong>R\u00e9gion Parisienne<\/strong> qui compte <strong>8 salari\u00e9s<\/strong>. Il a un contrat de <strong>169 heures.<\/strong> Il s&rsquo;absente au cours du mois de Janvier <strong>1 journ\u00e9e<\/strong> pour convenances personnelles. Au cours du mois de <strong>Janvier<\/strong> il part en <strong>d\u00e9placement&nbsp; professionnel<\/strong> 2 journ\u00e9es et&nbsp; se voit contraint de prendre 2 repas de midi dans un restaurant. Son entreprise lui verse une indemnit\u00e9 forfaitaire de <strong>20 euros par repas<\/strong>. Par ailleurs il b\u00e9n\u00e9ficie de Tickets Restaurant d&rsquo;une valeur faciale de 12,5 pris en charge \u00e0 60% par l&#8217;employeur.&nbsp; L&rsquo;entreprise b\u00e9n\u00e9fice d&rsquo;une condition d&rsquo;exemption de la taxe d&rsquo;apprentissage.&nbsp;&nbsp;<\/h4>\n\n\n\n<p><\/p>\n\n\n\n<div class=\"wp-block-uagb-buttons uagb-buttons__outer-wrap uagb-btn__default-btn uagb-btn-tablet__default-btn uagb-btn-mobile__default-btn uagb-block-152622da\"><div class=\"uagb-buttons__wrap uagb-buttons-layout-wrap\">\n<div class=\"wp-block-uagb-buttons-child uagb-buttons__outer-wrap uagb-block-0e7e775d wp-block-button is-style-outline\"><div class=\"uagb-button__wrapper\"><a class=\"uagb-buttons-repeater wp-block-button__link has-background has-text-color\" href=\"https:\/\/sitepersojlc.fr\/wp-content\/uploads\/2025\/10\/BP-4-ETAM-AN-NOURRITURE-8-SAL-T.zip\" onclick=\"return true;\" rel=\"follow noopener\" target=\"_self\"><div class=\"uagb-button__link\">BULLETIN DE PAIE COMMENTE 4 <\/div><\/a><\/div><\/div>\n<\/div><\/div>\n\n\n\n<p><\/p>\n\n\n\n<p><\/p>\n\n\n\n<h3 style=\"text-align: center;\"><strong>Exercice 5\u00a0<\/strong><\/h3>\n<h4 style=\"text-align: justify;\">Bien que la <strong>DFS<\/strong> ne soit pas normalement applicable aux ETAM, elle peut l&rsquo;\u00eatre en vertu par exemple d&rsquo;un accord d&rsquo;entreprise ou d&rsquo;un usage pour les <strong>ETAM Chantier<\/strong>. Nous avons ici \u00e0 \u00e9tablir le bulletin de paie d&rsquo;un salari\u00e9 \u00e0 qui une entreprise de <strong>25 salari\u00e9s<\/strong> situ\u00e9e en <strong>R\u00e9gion Parisienne<\/strong> verse une <strong>indemnit\u00e9 de trajet<\/strong> de 100 euros.\u00a0<\/h4>\n\n\n\n<p><\/p>\n\n\n\n<div class=\"wp-block-uagb-buttons uagb-buttons__outer-wrap uagb-btn__default-btn uagb-btn-tablet__default-btn uagb-btn-mobile__default-btn uagb-block-8216b6c7\"><div class=\"uagb-buttons__wrap uagb-buttons-layout-wrap\">\n<div class=\"wp-block-uagb-buttons-child uagb-buttons__outer-wrap uagb-block-43ad6f21 wp-block-button is-style-outline\"><div class=\"uagb-button__wrapper\"><a class=\"uagb-buttons-repeater wp-block-button__link has-background has-text-color\" href=\"https:\/\/sitepersojlc.fr\/wp-content\/uploads\/2025\/10\/INDEMNITE-DE-TRAJET-RESUME-1.zip\" onclick=\"return true;\" rel=\"follow noopener\" target=\"_self\"><div class=\"uagb-button__link\">Indemnit\u00e9 de Trajet <\/div><\/a><\/div><\/div>\n<\/div><\/div>\n\n\n\n<p><\/p>\n\n\n\n<div class=\"wp-block-uagb-buttons uagb-buttons__outer-wrap uagb-btn__default-btn uagb-btn-tablet__default-btn uagb-btn-mobile__default-btn uagb-block-79c12772\"><div class=\"uagb-buttons__wrap uagb-buttons-layout-wrap\">\n<div class=\"wp-block-uagb-buttons-child uagb-buttons__outer-wrap uagb-block-39caf4f6 wp-block-button is-style-outline\"><div class=\"uagb-button__wrapper\"><a class=\"uagb-buttons-repeater wp-block-button__link has-background has-text-color\" href=\"https:\/\/sitepersojlc.fr\/wp-content\/uploads\/2025\/10\/BP-5-.-B-ETAM-CHANTIER-ITRAJET.zip\" onclick=\"return true;\" rel=\"follow noopener\" target=\"_self\"><div class=\"uagb-button__link\">BULLETIN DE PAIE COMMENTE 5<\/div><\/a><\/div><\/div>\n<\/div><\/div>\n\n\n\n<p><\/p>\n\n\n\n<p><\/p>\n\n\n\n<p><\/p>\n\n\n\n<p><\/p>\n\n\n\n<p><\/p>\n\n\n\n<p><\/p>\n\n\n\n<p><\/p>\n\n\n\n<p><\/p>\n\n\n\n<p><\/p>\n\n\n\n<p><\/p>\n\n\n\n<p><\/p>\n\n\n\n<p><\/p>\n\n\n\n<p><\/p>\n\n\n\n<p><\/p>\n\n\n\n<p><\/p>\n\n\n\n<p><\/p>\n\n\n\n<p><\/p>\n\n\n\n<p><\/p>\n\n\n\n<p><\/p>\n\n\n\n<p><\/p>\n\n\n\n<p><\/p>\n\n\n\n<p><\/p>\n\n\n\n<p><\/p>\n\n\n\n<p><\/p>\n\n\n\n<p><\/p>\n\n\n\n<p><\/p>\n\n\n\n<p><\/p>\n<div class=\"likebtn_container\" style=\"\"><!-- LikeBtn.com BEGIN --><span class=\"likebtn-wrapper\"  data-identifier=\"page_11090\"  data-site_id=\"6663fc396fd08b3d0b514646\"  data-lang=\"fr\"  data-style=\"\"  data-unlike_allowed=\"\"  data-show_copyright=\"\"  data-item_url=\"https:\/\/sitepersojlc.fr\/?page_id=11090\"  data-item_title=\"6.Bulletins de Paie Comment\u00e9s des Etam du B\u00e2timent IDCC 2609\"  data-item_date=\"2025-08-07T16:52:58+00:00\"  data-engine=\"WordPress\"  data-plugin_v=\"2.6.52\"  data-prx=\"https:\/\/sitepersojlc.fr\/wp-admin\/admin-ajax.php?action=likebtn_prx\"  data-event_handler=\"likebtn_eh\" ><\/span><!-- LikeBtn.com END --><\/div>","protected":false},"excerpt":{"rendered":"<p>6. Bulletins de Paie Comment\u00e9s des ETAM du B\u00e2timent IDCC 2609&nbsp; (Page en pr\u00e9paration)&nbsp; L&rsquo;ordre des chapitres suit une progression p\u00e9dagogique&nbsp; Exercice 1&nbsp; Dans ce premier exercice vous serez amen\u00e9 \u00e0 \u00e9tablir le bulletin de paie d&rsquo;un ETAM BUREAU du b\u00e2timent de Position D dans la grille des salaires &#8211; qui travaille dans une entreprise [&hellip;]<\/p>\n<div class=\"likebtn_container\" style=\"\"><!-- LikeBtn.com BEGIN --><span class=\"likebtn-wrapper\"  data-identifier=\"page_11090\"  data-site_id=\"6663fc396fd08b3d0b514646\"  data-lang=\"fr\"  data-style=\"\"  data-unlike_allowed=\"\"  data-show_copyright=\"\"  data-item_url=\"https:\/\/sitepersojlc.fr\/?page_id=11090\"  data-item_title=\"6.Bulletins de Paie Comment\u00e9s des Etam du B\u00e2timent IDCC 2609\"  data-item_date=\"2025-08-07T16:52:58+00:00\"  data-engine=\"WordPress\"  data-plugin_v=\"2.6.52\"  data-prx=\"https:\/\/sitepersojlc.fr\/wp-admin\/admin-ajax.php?action=likebtn_prx\"  data-event_handler=\"likebtn_eh\" ><\/span><!-- LikeBtn.com END --><\/div>","protected":false},"author":1,"featured_media":0,"parent":0,"menu_order":0,"comment_status":"closed","ping_status":"closed","template":"","meta":{"om_disable_all_campaigns":false,"_uag_custom_page_level_css":"","_monsterinsights_skip_tracking":false,"_monsterinsights_sitenote_active":false,"_monsterinsights_sitenote_note":"","_monsterinsights_sitenote_category":0,"_uf_show_specific_survey":0,"_uf_disable_surveys":false,"footnotes":""},"aioseo_notices":[],"uagb_featured_image_src":{"full":false,"thumbnail":false,"medium":false,"medium_large":false,"large":false,"1536x1536":false,"2048x2048":false},"uagb_author_info":{"display_name":"lechev.1910@gmail.com","author_link":"https:\/\/sitepersojlc.fr\/?author=1"},"uagb_comment_info":0,"uagb_excerpt":"6. Bulletins de Paie Comment\u00e9s des ETAM du B\u00e2timent IDCC 2609&nbsp; (Page en pr\u00e9paration)&nbsp; L&rsquo;ordre des chapitres suit une progression p\u00e9dagogique&nbsp; Exercice 1&nbsp; Dans ce premier exercice vous serez amen\u00e9 \u00e0 \u00e9tablir le bulletin de paie d&rsquo;un ETAM BUREAU du b\u00e2timent de Position D dans la grille des salaires &#8211; qui travaille dans une entreprise\u2026","_links":{"self":[{"href":"https:\/\/sitepersojlc.fr\/index.php?rest_route=\/wp\/v2\/pages\/11090"}],"collection":[{"href":"https:\/\/sitepersojlc.fr\/index.php?rest_route=\/wp\/v2\/pages"}],"about":[{"href":"https:\/\/sitepersojlc.fr\/index.php?rest_route=\/wp\/v2\/types\/page"}],"author":[{"embeddable":true,"href":"https:\/\/sitepersojlc.fr\/index.php?rest_route=\/wp\/v2\/users\/1"}],"replies":[{"embeddable":true,"href":"https:\/\/sitepersojlc.fr\/index.php?rest_route=%2Fwp%2Fv2%2Fcomments&post=11090"}],"version-history":[{"count":44,"href":"https:\/\/sitepersojlc.fr\/index.php?rest_route=\/wp\/v2\/pages\/11090\/revisions"}],"predecessor-version":[{"id":11794,"href":"https:\/\/sitepersojlc.fr\/index.php?rest_route=\/wp\/v2\/pages\/11090\/revisions\/11794"}],"wp:attachment":[{"href":"https:\/\/sitepersojlc.fr\/index.php?rest_route=%2Fwp%2Fv2%2Fmedia&parent=11090"}],"curies":[{"name":"wp","href":"https:\/\/api.w.org\/{rel}","templated":true}]}}