{"id":11048,"date":"2025-07-06T09:10:26","date_gmt":"2025-07-06T09:10:26","guid":{"rendered":"https:\/\/sitepersojlc.fr\/?page_id=11048"},"modified":"2025-11-01T13:57:50","modified_gmt":"2025-11-01T13:57:50","slug":"paie-dans-le-btp","status":"publish","type":"page","link":"https:\/\/sitepersojlc.fr\/?page_id=11048","title":{"rendered":"Paie 2025 du  BTP"},"content":{"rendered":"\n<p><\/p>\n\n\n\n<p><\/p>\n\n\n\n<figure class=\"wp-block-image size-large is-resized\"><img decoding=\"async\" loading=\"lazy\" src=\"https:\/\/sitepersojlc.fr\/wp-content\/uploads\/2025\/07\/463223719_8459040857498345_8863191772927611589_n-1024x576.jpg\" alt=\"\" class=\"wp-image-11050\" width=\"760\" height=\"427\" srcset=\"https:\/\/sitepersojlc.fr\/wp-content\/uploads\/2025\/07\/463223719_8459040857498345_8863191772927611589_n-1024x576.jpg 1024w, https:\/\/sitepersojlc.fr\/wp-content\/uploads\/2025\/07\/463223719_8459040857498345_8863191772927611589_n-300x169.jpg 300w, https:\/\/sitepersojlc.fr\/wp-content\/uploads\/2025\/07\/463223719_8459040857498345_8863191772927611589_n-768x432.jpg 768w, https:\/\/sitepersojlc.fr\/wp-content\/uploads\/2025\/07\/463223719_8459040857498345_8863191772927611589_n-1536x864.jpg 1536w, https:\/\/sitepersojlc.fr\/wp-content\/uploads\/2025\/07\/463223719_8459040857498345_8863191772927611589_n.jpg 2048w\" sizes=\"(max-width: 760px) 100vw, 760px\" \/><\/figure>\n\n\n\n<p><\/p>\n\n\n\n<p><\/p>\n\n\n\n<p><\/p>\n\n\n\n<h4 style=\"text-align: justify;\">L&rsquo;\u00e9tude de la&nbsp; Paie du BTP s&rsquo;inscrit dans le cadre du Programme de formation de Gestionnaire de paie dans le module \u00ab\u00a0Paies Sp\u00e9cifiques\u00a0\u00bb g\u00e9n\u00e9ralement abord\u00e9 en fin de formation. Cette \u00e9tude suppose en effet un certain nombre de pr\u00e9-requis n\u00e9cessaires \u00e0 sa bonne compr\u00e9hension. Ce n&rsquo;est donc pas un module accessible aux d\u00e9butants qui pourront cependant&nbsp; le cas \u00e9ch\u00e9ant se pr\u00e9parer en prenant connaissance des&nbsp; pr\u00e9sentations g\u00e9n\u00e9rales ( conventions collectives applicables, diff\u00e9renciation entre&nbsp; les secteurs du b\u00e2timent et des travaux publics, distinction gros oeuvre \/ second oeuvre, indemnit\u00e9s de petit d\u00e9placement &#8211; de trajet, de repas et de transport)&nbsp;<\/h4>\n\n\n\n<p><\/p>\n\n\n\n<p><\/p>\n\n\n\n<h3 style=\"text-align: center;\"><strong>Source documentaire&nbsp;&nbsp;<\/strong><\/h3>\n\n\n\n<p><\/p>\n\n\n\n<h3 style=\"text-align: center;\">Boostez votre CV en apprenant la paie du BTP<\/h3>\n\n\n\n<p><\/p>\n\n\n\n<h4 style=\"text-align: justify;\">Pr\u00e9sentation g\u00e9n\u00e9rale des particularit\u00e9s du secteur du BTP : Conventions Collectives applicables, Grilles de salaires, Grille des Indemnit\u00e9s de Trajet, de Transport et des Primes de Panier suivant les r\u00e9gions, les caisses de cotisations et les&nbsp; principales cotisations des Entreprises&nbsp; ainsi que leur base de calcul.&nbsp;<\/h4>\n\n\n\n<p><\/p>\n\n\n\n<p><\/p>\n\n\n\n<div class=\"wp-block-uagb-buttons uagb-buttons__outer-wrap uagb-btn__default-btn uagb-btn-tablet__default-btn uagb-btn-mobile__default-btn uagb-block-57d392b3\"><div class=\"uagb-buttons__wrap uagb-buttons-layout-wrap\">\n<div class=\"wp-block-uagb-buttons-child uagb-buttons__outer-wrap uagb-block-9048b3f5 wp-block-button is-style-outline\"><div class=\"uagb-button__wrapper\"><a class=\"uagb-buttons-repeater wp-block-button__link has-background has-text-color\" href=\"https:\/\/sitepersojlc.fr\/wp-content\/uploads\/2025\/09\/CCN-BTP.zip\" onclick=\"return true;\" rel=\"follow noopener\" target=\"_self\"><div class=\"uagb-button__link\">Les Conventions Collectives applicables dans le secteur du BTP <\/div><\/a><\/div><\/div>\n<\/div><\/div>\n\n\n\n<p><\/p>\n\n\n\n<div class=\"wp-block-uagb-buttons uagb-buttons__outer-wrap uagb-btn__default-btn uagb-btn-tablet__default-btn uagb-btn-mobile__default-btn uagb-block-b75ebf54\"><div class=\"uagb-buttons__wrap uagb-buttons-layout-wrap\">\n<div class=\"wp-block-uagb-buttons-child uagb-buttons__outer-wrap uagb-block-86649f06 wp-block-button is-style-outline\"><div class=\"uagb-button__wrapper\"><a class=\"uagb-buttons-repeater wp-block-button__link has-background has-text-color\" href=\"https:\/\/sitepersojlc.fr\/wp-content\/uploads\/2025\/09\/SALAIRE-MINIMA-2025-BATIMENT-2025-IDCC-1596.zip\" onclick=\"return true;\" rel=\"follow noopener\" target=\"_self\"><div class=\"uagb-button__link\"> Grilles de Salaires Minima 2025 des Ouvriers du B\u00e2timent  par r\u00e9gions  ( mis \u00e0 jour en novembre 2024)  <\/div><\/a><\/div><\/div>\n<\/div><\/div>\n\n\n\n<p><\/p>\n\n\n\n<div class=\"wp-block-uagb-buttons uagb-buttons__outer-wrap uagb-btn__default-btn uagb-btn-tablet__default-btn uagb-btn-mobile__default-btn uagb-block-e6baabba\"><div class=\"uagb-buttons__wrap uagb-buttons-layout-wrap\">\n<div class=\"wp-block-uagb-buttons-child uagb-buttons__outer-wrap uagb-block-a39b7909 wp-block-button is-style-outline\"><div class=\"uagb-button__wrapper\"><a class=\"uagb-buttons-repeater wp-block-button__link has-background has-text-color\" href=\"https:\/\/sitepersojlc.fr\/wp-content\/uploads\/2025\/09\/2025_07_29_salaires_etam_batiment.pdf\" onclick=\"return true;\" rel=\"follow noopener\" target=\"_self\"><div class=\"uagb-button__link\">Grilles de Salaires Minima 2025 des ETAM du B\u00e2timent par r\u00e9gions <\/div><\/a><\/div><\/div>\n<\/div><\/div>\n\n\n\n<p><\/p>\n\n\n\n<p><\/p>\n\n\n\n<div class=\"wp-block-uagb-buttons uagb-buttons__outer-wrap uagb-btn__default-btn uagb-btn-tablet__default-btn uagb-btn-mobile__default-btn uagb-block-bfdbb970\"><div class=\"uagb-buttons__wrap uagb-buttons-layout-wrap\">\n<div class=\"wp-block-uagb-buttons-child uagb-buttons__outer-wrap uagb-block-169d20fb wp-block-button is-style-outline\"><div class=\"uagb-button__wrapper\"><a class=\"uagb-buttons-repeater wp-block-button__link has-background has-text-color\" href=\"https:\/\/sitepersojlc.fr\/wp-content\/uploads\/2025\/09\/2024_02_01_salaires_cadres_batiment.pdf\" onclick=\"return true;\" rel=\"follow noopener\" target=\"_self\"><div class=\"uagb-button__link\">Grille des Salaires Minima 2025 des Cadres du B\u00e2timent <\/div><\/a><\/div><\/div>\n<\/div><\/div>\n\n\n\n<p><\/p>\n\n\n\n<p><\/p>\n\n\n\n<div class=\"wp-block-uagb-buttons uagb-buttons__outer-wrap uagb-btn__default-btn uagb-btn-tablet__default-btn uagb-btn-mobile__default-btn uagb-block-30f35cfd\"><div class=\"uagb-buttons__wrap uagb-buttons-layout-wrap\">\n<div class=\"wp-block-uagb-buttons-child uagb-buttons__outer-wrap uagb-block-3490050c wp-block-button is-style-outline\"><div class=\"uagb-button__wrapper\"><a class=\"uagb-buttons-repeater wp-block-button__link has-background has-text-color\" href=\"https:\/\/sitepersojlc.fr\/wp-content\/uploads\/2025\/09\/2025_07_29_indemnites_petits_deplacements-BATIMENT.pdf\" onclick=\"return true;\" rel=\"follow noopener\" target=\"_self\"><div class=\"uagb-button__link\">Grilles des  Indemnit\u00e9s de petit d\u00e9placement 2025 des ouvriers du B\u00e2timent applicables par r\u00e9gion <\/div><\/a><\/div><\/div>\n<\/div><\/div>\n\n\n\n<p><\/p>\n\n\n\n<div class=\"wp-block-uagb-buttons uagb-buttons__outer-wrap uagb-btn__default-btn uagb-btn-tablet__default-btn uagb-btn-mobile__default-btn uagb-block-269e771d\"><div class=\"uagb-buttons__wrap uagb-buttons-layout-wrap\"><\/div><\/div>\n\n\n\n<h4 style=\"text-align: justify;\">Les&nbsp; Grilles des Salaires Minima 2025 et des Indemnit\u00e9s de Petit D\u00e9placement 2025 &#8211; applicables aux <strong>Ouvriers<\/strong> et aux <strong>ETAM des Travaux Publics<\/strong> &#8211; par r\u00e9gion &#8211; sont disponibles \u00e0 l&rsquo;adresse suivante&nbsp;<\/h4>\n<p>https:\/\/www.fntp.fr\/salaires-minima-et-ipd-pour-2025\/<\/p>\n\n\n\n<div class=\"wp-block-uagb-buttons uagb-buttons__outer-wrap uagb-btn__default-btn uagb-btn-tablet__default-btn uagb-btn-mobile__default-btn uagb-block-6fc3a2b5\"><div class=\"uagb-buttons__wrap uagb-buttons-layout-wrap\"><\/div><\/div>\n\n\n\n<p><\/p>\n\n\n\n<div class=\"wp-block-uagb-buttons uagb-buttons__outer-wrap uagb-btn__default-btn uagb-btn-tablet__default-btn uagb-btn-mobile__default-btn uagb-block-4e83a79e\"><div class=\"uagb-buttons__wrap uagb-buttons-layout-wrap\">\n<div class=\"wp-block-uagb-buttons-child uagb-buttons__outer-wrap uagb-block-e53ad0eb wp-block-button is-style-outline\"><div class=\"uagb-button__wrapper\"><a class=\"uagb-buttons-repeater wp-block-button__link has-background has-text-color\" href=\"https:\/\/sitepersojlc.fr\/wp-content\/uploads\/2025\/09\/SALAIRES_MINIMA_CADRES_POUR_2025-1-TP.pdf\" onclick=\"return true;\" rel=\"follow noopener\" target=\"_self\"><div class=\"uagb-button__link\">Grille des Salaires Minima applicables en 2025 pour les Cadres des Travaux Publics <\/div><\/a><\/div><\/div>\n<\/div><\/div>\n\n\n\n<p><\/p>\n\n\n\n<p><\/p>\n\n\n\n<div class=\"wp-block-uagb-buttons uagb-buttons__outer-wrap uagb-btn__default-btn uagb-btn-tablet__default-btn uagb-btn-mobile__default-btn uagb-block-f07961de\"><div class=\"uagb-buttons__wrap uagb-buttons-layout-wrap\"><\/div><\/div>\n\n\n\n<h4 style=\"text-align: center;\">Le fichier ci-dessous a \u00e9t\u00e9 t\u00e9l\u00e9charg\u00e9 le 31\/10\/2025&nbsp;<\/h4>\n\n\n\n<p><\/p>\n\n\n\n<p><\/p>\n\n\n\n<div class=\"wp-block-uagb-buttons uagb-buttons__outer-wrap uagb-btn__default-btn uagb-btn-tablet__default-btn uagb-btn-mobile__default-btn uagb-block-8b3d15e0\"><div class=\"uagb-buttons__wrap uagb-buttons-layout-wrap\">\n<div class=\"wp-block-uagb-buttons-child uagb-buttons__outer-wrap uagb-block-dbeec3cb wp-block-button is-style-outline\"><div class=\"uagb-button__wrapper\"><a class=\"uagb-buttons-repeater wp-block-button__link has-background has-text-color\" href=\"https:\/\/sitepersojlc.fr\/wp-content\/uploads\/2025\/10\/SYNTHESE-COTISATIONS-BTP.zip\" onclick=\"return true;\" rel=\"follow noopener\" target=\"_self\"><div class=\"uagb-button__link\">Les organismes collecteurs des Cotisations dans le BTP <\/div><\/a><\/div><\/div>\n<\/div><\/div>\n\n\n\n<p><\/p>\n\n\n\n<h4 style=\"text-align: justify;\">Retrouvez ci-dessous la matrice simplifi\u00e9e d&rsquo;un bulletin de paie Cadre . Elle ne pr\u00e9tend pas automatiser toutes les situations possibles mais avec quelques adaptations vous pourrez&nbsp; simuler les bulletins de paie corrig\u00e9s qui vous sont propos\u00e9s et l&rsquo;adapter aux salari\u00e9s Cadres des Travaux Publics .&nbsp;<\/h4>\n\n\n\n<p><\/p>\n\n\n\n<div class=\"wp-block-uagb-buttons uagb-buttons__outer-wrap uagb-btn__default-btn uagb-btn-tablet__default-btn uagb-btn-mobile__default-btn uagb-block-437378e6\"><div class=\"uagb-buttons__wrap uagb-buttons-layout-wrap\">\n<div class=\"wp-block-uagb-buttons-child uagb-buttons__outer-wrap uagb-block-3ff0b971 wp-block-button is-style-outline\"><div class=\"uagb-button__wrapper\"><a class=\"uagb-buttons-repeater wp-block-button__link has-background has-text-color\" href=\"https:\/\/sitepersojlc.fr\/wp-content\/uploads\/2025\/10\/MAQUETTE-CADRE-B-2.zip\" onclick=\"return true;\" rel=\"follow noopener\" target=\"_self\"><div class=\"uagb-button__link\">Matrice Cadre d&rsquo;un Bulletin de Paie <\/div><\/a><\/div><\/div>\n<\/div><\/div>\n\n\n\n<p><\/p>\n\n\n\n<p><\/p>\n\n\n\n<h4>Ci-dessous une matrice de travail pour les Non cadres (ouvriers et ETAM) Initialement con\u00e7ue pour un ouvrier du b\u00e2timent travaillant dans une entreprise jusqu&rsquo;\u00e0 10 salari\u00e9s vous pourrez l&rsquo;adapter \u00e0 partir des corrections propos\u00e9es aux entreprises de + de 10 salari\u00e9s du b\u00e2timent\u00a0 ainsi qu&rsquo;au entreprises des Travaux Publics &#8211; ainsi qu&rsquo;aux ETAM\u00a0<\/h4>\n\n\n\n<p><\/p>\n\n\n\n<div class=\"wp-block-uagb-buttons uagb-buttons__outer-wrap uagb-btn__default-btn uagb-btn-tablet__default-btn uagb-btn-mobile__default-btn uagb-block-c3bc9389\"><div class=\"uagb-buttons__wrap uagb-buttons-layout-wrap\">\n<div class=\"wp-block-uagb-buttons-child uagb-buttons__outer-wrap uagb-block-1389adf5 wp-block-button is-style-outline\"><div class=\"uagb-button__wrapper\"><a class=\"uagb-buttons-repeater wp-block-button__link has-background has-text-color\" href=\"https:\/\/sitepersojlc.fr\/wp-content\/uploads\/2025\/10\/MATRICE-NON-CADRE.zip\" onclick=\"return true;\" rel=\"follow noopener\" target=\"_self\"><div class=\"uagb-button__link\">Matrice Non Cadre (Ouvriers et ETAM) <\/div><\/a><\/div><\/div>\n<\/div><\/div>\n\n\n\n<p><\/p>\n\n\n\n<p><\/p>\n\n\n\n<p><\/p>\n\n\n\n<p><\/p>\n\n\n\n<p><\/p>\n\n\n\n<p><\/p>\n\n\n\n<p><\/p>\n\n\n\n<p><\/p>\n\n\n\n<p><\/p>\n\n\n\n<p><\/p>\n\n\n\n<p><\/p>\n\n\n\n<p><\/p>\n\n\n\n<p><\/p>\n\n\n\n<p><\/p>\n\n\n\n<p><\/p>\n\n\n\n<p><\/p>\n\n\n\n<p><\/p>\n\n\n\n<p><\/p>\n\n\n\n<p><\/p>\n\n\n\n<p><\/p>\n<div class=\"likebtn_container\" style=\"\"><!-- LikeBtn.com BEGIN --><span class=\"likebtn-wrapper\"  data-identifier=\"page_11048\"  data-site_id=\"6663fc396fd08b3d0b514646\"  data-lang=\"fr\"  data-style=\"\"  data-unlike_allowed=\"\"  data-show_copyright=\"\"  data-item_url=\"https:\/\/sitepersojlc.fr\/?page_id=11048\"  data-item_title=\"Paie 2025 du BTP\"  data-item_date=\"2025-07-06T09:10:26+00:00\"  data-engine=\"WordPress\"  data-plugin_v=\"2.6.52\"  data-prx=\"https:\/\/sitepersojlc.fr\/wp-admin\/admin-ajax.php?action=likebtn_prx\"  data-event_handler=\"likebtn_eh\" ><\/span><!-- LikeBtn.com END --><\/div>","protected":false},"excerpt":{"rendered":"<p>L&rsquo;\u00e9tude de la&nbsp; Paie du BTP s&rsquo;inscrit dans le cadre du Programme de formation de Gestionnaire de paie dans le module \u00ab\u00a0Paies Sp\u00e9cifiques\u00a0\u00bb g\u00e9n\u00e9ralement abord\u00e9 en fin de formation. Cette \u00e9tude suppose en effet un certain nombre de pr\u00e9-requis n\u00e9cessaires \u00e0 sa bonne compr\u00e9hension. Ce n&rsquo;est donc pas un module accessible aux d\u00e9butants qui pourront [&hellip;]<\/p>\n<div class=\"likebtn_container\" style=\"\"><!-- LikeBtn.com BEGIN --><span class=\"likebtn-wrapper\"  data-identifier=\"page_11048\"  data-site_id=\"6663fc396fd08b3d0b514646\"  data-lang=\"fr\"  data-style=\"\"  data-unlike_allowed=\"\"  data-show_copyright=\"\"  data-item_url=\"https:\/\/sitepersojlc.fr\/?page_id=11048\"  data-item_title=\"Paie 2025 du BTP\"  data-item_date=\"2025-07-06T09:10:26+00:00\"  data-engine=\"WordPress\"  data-plugin_v=\"2.6.52\"  data-prx=\"https:\/\/sitepersojlc.fr\/wp-admin\/admin-ajax.php?action=likebtn_prx\"  data-event_handler=\"likebtn_eh\" ><\/span><!-- LikeBtn.com END --><\/div>","protected":false},"author":1,"featured_media":0,"parent":0,"menu_order":0,"comment_status":"closed","ping_status":"closed","template":"","meta":{"om_disable_all_campaigns":false,"_uag_custom_page_level_css":"","_monsterinsights_skip_tracking":false,"_monsterinsights_sitenote_active":false,"_monsterinsights_sitenote_note":"","_monsterinsights_sitenote_category":0,"_uf_show_specific_survey":0,"_uf_disable_surveys":false,"footnotes":""},"aioseo_notices":[],"uagb_featured_image_src":{"full":false,"thumbnail":false,"medium":false,"medium_large":false,"large":false,"1536x1536":false,"2048x2048":false},"uagb_author_info":{"display_name":"lechev.1910@gmail.com","author_link":"https:\/\/sitepersojlc.fr\/?author=1"},"uagb_comment_info":0,"uagb_excerpt":"L&rsquo;\u00e9tude de la&nbsp; Paie du BTP s&rsquo;inscrit dans le cadre du Programme de formation de Gestionnaire de paie dans le module \u00ab\u00a0Paies Sp\u00e9cifiques\u00a0\u00bb g\u00e9n\u00e9ralement abord\u00e9 en fin de formation. Cette \u00e9tude suppose en effet un certain nombre de pr\u00e9-requis n\u00e9cessaires \u00e0 sa bonne compr\u00e9hension. Ce n&rsquo;est donc pas un module accessible aux d\u00e9butants qui pourront\u2026","_links":{"self":[{"href":"https:\/\/sitepersojlc.fr\/index.php?rest_route=\/wp\/v2\/pages\/11048"}],"collection":[{"href":"https:\/\/sitepersojlc.fr\/index.php?rest_route=\/wp\/v2\/pages"}],"about":[{"href":"https:\/\/sitepersojlc.fr\/index.php?rest_route=\/wp\/v2\/types\/page"}],"author":[{"embeddable":true,"href":"https:\/\/sitepersojlc.fr\/index.php?rest_route=\/wp\/v2\/users\/1"}],"replies":[{"embeddable":true,"href":"https:\/\/sitepersojlc.fr\/index.php?rest_route=%2Fwp%2Fv2%2Fcomments&post=11048"}],"version-history":[{"count":45,"href":"https:\/\/sitepersojlc.fr\/index.php?rest_route=\/wp\/v2\/pages\/11048\/revisions"}],"predecessor-version":[{"id":12010,"href":"https:\/\/sitepersojlc.fr\/index.php?rest_route=\/wp\/v2\/pages\/11048\/revisions\/12010"}],"wp:attachment":[{"href":"https:\/\/sitepersojlc.fr\/index.php?rest_route=%2Fwp%2Fv2%2Fmedia&parent=11048"}],"curies":[{"name":"wp","href":"https:\/\/api.w.org\/{rel}","templated":true}]}}