{"id":11021,"date":"2025-06-29T01:30:33","date_gmt":"2025-06-29T01:30:33","guid":{"rendered":"https:\/\/sitepersojlc.fr\/?page_id=11021"},"modified":"2025-10-17T18:39:24","modified_gmt":"2025-10-17T18:39:24","slug":"acceder-aux-fichiers-2024","status":"publish","type":"page","link":"https:\/\/sitepersojlc.fr\/?page_id=11021","title":{"rendered":"Acc\u00e9der aux Fichiers 2025"},"content":{"rendered":"\n<p><br><img decoding=\"async\" loading=\"lazy\" class=\"alignnone size-medium wp-image-11050 aligncenter\" src=\"https:\/\/sitepersojlc.fr\/wp-content\/uploads\/2025\/07\/463223719_8459040857498345_8863191772927611589_n-300x169.jpg\" alt=\"\" width=\"300\" height=\"169\" srcset=\"https:\/\/sitepersojlc.fr\/wp-content\/uploads\/2025\/07\/463223719_8459040857498345_8863191772927611589_n-300x169.jpg 300w, https:\/\/sitepersojlc.fr\/wp-content\/uploads\/2025\/07\/463223719_8459040857498345_8863191772927611589_n-1024x576.jpg 1024w, https:\/\/sitepersojlc.fr\/wp-content\/uploads\/2025\/07\/463223719_8459040857498345_8863191772927611589_n-768x432.jpg 768w, https:\/\/sitepersojlc.fr\/wp-content\/uploads\/2025\/07\/463223719_8459040857498345_8863191772927611589_n-1536x864.jpg 1536w, https:\/\/sitepersojlc.fr\/wp-content\/uploads\/2025\/07\/463223719_8459040857498345_8863191772927611589_n.jpg 2048w\" sizes=\"(max-width: 300px) 100vw, 300px\" \/><\/p>\n<p>&nbsp;<\/p>\n\n\n\n<div class=\"wp-block-uagb-buttons uagb-buttons__outer-wrap uagb-btn__default-btn uagb-btn-tablet__default-btn uagb-btn-mobile__default-btn uagb-block-fd5bc143\"><div class=\"uagb-buttons__wrap uagb-buttons-layout-wrap\">\n<div class=\"wp-block-uagb-buttons-child uagb-buttons__outer-wrap uagb-block-c0be59d2 wp-block-button is-style-outline\"><div class=\"uagb-button__wrapper\"><a class=\"uagb-buttons-repeater wp-block-button__link has-background has-text-color\" href=\"https:\/\/sitepersojlc.fr\/wp-content\/uploads\/2025\/06\/Copie-de-FICHIERS-PRESENTS-SUR-LE-SITE.zip\" onclick=\"return true;\" rel=\"follow noopener\" target=\"_self\"><div class=\"uagb-button__link\">Bulletins de paie pr\u00e9sents dans le menu Paie 2025<\/div><\/a><\/div><\/div>\n<\/div><\/div>\n\n\n\n<h2 style=\"text-align: center;\">\u00a0<\/h2>\n<h3 style=\"text-align: justify;\"><em>V<\/em>ous pouvez acc\u00e9der aux fichiers pr\u00e9sents dans le menu Paie 2025 ( plus de 70 bulletins de Paie avec un corrig\u00e9 d\u00e9taill\u00e9 et une trentaine de maquettes) GRATUITEMENT.\u00a0<\/h3>\n<h3 style=\"text-align: justify;\">Afin de soutenir la mise \u00e0 jour de ce site vous pouvez si vous le d\u00e9sirez\u00a0 faire un don\u00a0 en utilisant le formulaire de paiement ci-dessous.\u00a0<\/h3>\n<h3 style=\"text-align: justify;\">\u00a0<\/h3>\n<p>\u00a0<\/p>\n\n\n\n\n\n<h2 class=\"wp-block-heading\" style=\"text-align: center;\"><strong>Formulaire d&rsquo;acceptation des CGU et lien vers la page de paiement (s\u00e9curis\u00e9 !!!)&nbsp;<br><\/strong><\/h2>\n<p>&nbsp;<\/p>\n\n\n\n<h3 style=\"text-align: justify;\">Dans le formulaire ci-joint veuillez recopier le texte suivant :<\/h3>\n<h3 style=\"text-align: justify;\">\u00ab\u00a0Je d\u00e9sire effectuer un don de&nbsp; 2 euros&nbsp;&nbsp;<\/h3>\n<h3 style=\"text-align: justify;\">J\u2019accepte les principes \u00e9nonc\u00e9s dans les CGU et je m\u2019engage \u00e0 les respecter.\u00a0\u00bb<\/h3>\n<h3 style=\"text-align: justify;\">Une fois le formulaire envoy\u00e9, effectuez votre paiement en cliquant sur le bouton rose ci-dessous.<\/h3>\n<p>&nbsp;<\/p>\n\n\n\n<div class=\"wp-block-buttons is-content-justification-center is-layout-flex wp-container-1\">\n<div class=\"wp-block-button\"><a class=\"wp-block-button__link has-white-color has-vivid-green-cyan-background-color has-text-color has-background has-text-align-center wp-element-button\" href=\"https:\/\/sitepersojlc.fr\/wp-content\/uploads\/2025\/07\/EX-2-CDD-COURT-SUR-3-MOIS.zip\" style=\"border-radius:100px\">Exemple de correction propos\u00e9e (CDD Court )<\/a><\/div>\n<\/div>\n\n\n\n<p><\/p>\n\n\n\n<p><\/p>\n\n\n\n<p><\/p>\n\n\n\n<h4 style=\"text-align: center;\">Compl\u00e9tez le formulaire ci-dessous puis effectuez votre paiement.&nbsp;<\/h4>\n\n\n\n<div class=\"wp-block-uagb-forms uagb-forms__outer-wrap uagb-block-76514f1a uagb-forms__medium-btn\"><form class=\"uagb-forms-main-form\" method=\"post\" autocomplete=\"on\" name=\"uagb-form-76514f1a\">\n<div class=\"wp-block-uagb-forms-email uagb-forms-email-wrap uagb-forms-field-set uagb-block-ffa9056c\"><div class=\"uagb-forms-email-label obligatoire uagb-forms-input-label\" id=\"ffa9056c\"><mark class=\"kt-highlight\">E<strong>-mail<\/strong><\/mark><\/div><input type=\"email\" class=\"uagb-forms-email-input uagb-forms-input\" placeholder=\"exemple@mail.com\" required name=\"ffa9056c\" autocomplete=\"email\"\/><\/div>\n\n\n\n<div class=\"wp-block-uagb-forms-textarea uagb-forms-textarea-wrap uagb-forms-field-set uagb-block-143d4f34\"><div class=\"uagb-forms-textarea-label obligatoire uagb-forms-input-label\" id=\"143d4f34\"><mark class=\"kt-highlight\">Message<\/mark><\/div><textarea required class=\"uagb-forms-textarea-input uagb-forms-input\" rows=\"4\" placeholder=\"Saisissez votre message\" name=\"143d4f34\" autocomplete=\"off\"><\/textarea><\/div>\n<div class=\"uagb-forms-form-hidden-data\"><input type=\"hidden\" class=\"uagb_forms_form_label\" value=\"Formulaire Spectra\"\/><input type=\"hidden\" class=\"uagb_forms_form_id\" value=\"uagb-form-76514f1a\"\/><\/div><div class=\"uagb-form-reacaptcha-error-76514f1a\"><\/div><div class=\"uagb-forms-main-submit-button-wrap wp-block-button\"><button class=\"uagb-forms-main-submit-button wp-block-button__link\"><div class=\"uagb-forms-main-submit-button-text\">Envoyer<\/div><\/button><\/div><\/form><div class=\"uagb-forms-success-message-76514f1a uagb-forms-submit-message-hide\"><span>Le formulaire a bien \u00e9t\u00e9 envoy\u00e9\u00a0!<\/span><\/div><div class=\"uagb-forms-failed-message-76514f1a uagb-forms-submit-message-hide\"><span>Une erreur s\u2019est produite lors de l\u2019envoi du formulaire. Veuillez v\u00e9rifier \u00e0 nouveau tous les champs du formulaire.<\/span><\/div><\/div>\n\n\n\n<div class=\"wp-block-uagb-buttons uagb-buttons__outer-wrap uagb-btn__default-btn uagb-btn-tablet__default-btn uagb-btn-mobile__default-btn uagb-block-95ccae37\"><div class=\"uagb-buttons__wrap uagb-buttons-layout-wrap\">\n<div class=\"wp-block-uagb-buttons-child uagb-buttons__outer-wrap uagb-block-63f04526 wp-block-button is-style-outline\"><div class=\"uagb-button__wrapper\"><a class=\"uagb-buttons-repeater wp-block-button__link has-background has-text-color\" href=\"https:\/\/buy.stripe.com\/8x29AT9A3cQ33i1ed0grS0d\" onclick=\"return true;\" rel=\"follow noopener\" target=\"_self\"><div class=\"uagb-button__link\">Lien de Paiement <\/div><\/a><\/div><\/div>\n<\/div><\/div>\n\n\n\n\n\n<div class=\"wp-block-uagb-buttons uagb-buttons__outer-wrap uagb-btn__default-btn uagb-btn-tablet__default-btn uagb-btn-mobile__default-btn uagb-block-0337573d\"><div class=\"uagb-buttons__wrap uagb-buttons-layout-wrap\"><\/div><\/div>\n\n\n\n<h3 style=\"text-align: center;\">Pour toute question, vous pouvez me contacter \u00e0 l&rsquo;adresse\u00a0\u00bbsitepersojlc@yahoo.com\u00a0\u00bb.<\/h3>\n\n\n\n<p><\/p>\n\n\n\n<p><\/p>\n\n\n\n<p><\/p>\n\n\n\n<p><\/p>\n\n\n\n<p><\/p>\n<div class=\"likebtn_container\" style=\"\"><!-- LikeBtn.com BEGIN --><span class=\"likebtn-wrapper\"  data-identifier=\"page_11021\"  data-site_id=\"6663fc396fd08b3d0b514646\"  data-lang=\"fr\"  data-style=\"\"  data-unlike_allowed=\"\"  data-show_copyright=\"\"  data-item_url=\"https:\/\/sitepersojlc.fr\/?page_id=11021\"  data-item_title=\"Acc\u00e9der aux Fichiers 2025\"  data-item_date=\"2025-06-29T01:30:33+00:00\"  data-engine=\"WordPress\"  data-plugin_v=\"2.6.52\"  data-prx=\"https:\/\/sitepersojlc.fr\/wp-admin\/admin-ajax.php?action=likebtn_prx\"  data-event_handler=\"likebtn_eh\" ><\/span><!-- LikeBtn.com END --><\/div>","protected":false},"excerpt":{"rendered":"<p>&nbsp; \u00a0 Vous pouvez acc\u00e9der aux fichiers pr\u00e9sents dans le menu Paie 2025 ( plus de 70 bulletins de Paie avec un corrig\u00e9 d\u00e9taill\u00e9 et une trentaine de maquettes) GRATUITEMENT.\u00a0 Afin de soutenir la mise \u00e0 jour de ce site vous pouvez si vous le d\u00e9sirez\u00a0 faire un don\u00a0 en utilisant le formulaire de paiement [&hellip;]<\/p>\n<div class=\"likebtn_container\" style=\"\"><!-- LikeBtn.com BEGIN --><span class=\"likebtn-wrapper\"  data-identifier=\"page_11021\"  data-site_id=\"6663fc396fd08b3d0b514646\"  data-lang=\"fr\"  data-style=\"\"  data-unlike_allowed=\"\"  data-show_copyright=\"\"  data-item_url=\"https:\/\/sitepersojlc.fr\/?page_id=11021\"  data-item_title=\"Acc\u00e9der aux Fichiers 2025\"  data-item_date=\"2025-06-29T01:30:33+00:00\"  data-engine=\"WordPress\"  data-plugin_v=\"2.6.52\"  data-prx=\"https:\/\/sitepersojlc.fr\/wp-admin\/admin-ajax.php?action=likebtn_prx\"  data-event_handler=\"likebtn_eh\" ><\/span><!-- LikeBtn.com END --><\/div>","protected":false},"author":1,"featured_media":0,"parent":0,"menu_order":0,"comment_status":"closed","ping_status":"closed","template":"","meta":{"om_disable_all_campaigns":false,"_uag_custom_page_level_css":"","_monsterinsights_skip_tracking":false,"_monsterinsights_sitenote_active":false,"_monsterinsights_sitenote_note":"","_monsterinsights_sitenote_category":0,"_uf_show_specific_survey":0,"_uf_disable_surveys":false,"footnotes":""},"aioseo_notices":[],"uagb_featured_image_src":{"full":false,"thumbnail":false,"medium":false,"medium_large":false,"large":false,"1536x1536":false,"2048x2048":false},"uagb_author_info":{"display_name":"lechev.1910@gmail.com","author_link":"https:\/\/sitepersojlc.fr\/?author=1"},"uagb_comment_info":0,"uagb_excerpt":"&nbsp; \u00a0 Vous pouvez acc\u00e9der aux fichiers pr\u00e9sents dans le menu Paie 2025 ( plus de 70 bulletins de Paie avec un corrig\u00e9 d\u00e9taill\u00e9 et une trentaine de maquettes) GRATUITEMENT.\u00a0 Afin de soutenir la mise \u00e0 jour de ce site vous pouvez si vous le d\u00e9sirez\u00a0 faire un don\u00a0 en utilisant le formulaire de paiement\u2026","_links":{"self":[{"href":"https:\/\/sitepersojlc.fr\/index.php?rest_route=\/wp\/v2\/pages\/11021"}],"collection":[{"href":"https:\/\/sitepersojlc.fr\/index.php?rest_route=\/wp\/v2\/pages"}],"about":[{"href":"https:\/\/sitepersojlc.fr\/index.php?rest_route=\/wp\/v2\/types\/page"}],"author":[{"embeddable":true,"href":"https:\/\/sitepersojlc.fr\/index.php?rest_route=\/wp\/v2\/users\/1"}],"replies":[{"embeddable":true,"href":"https:\/\/sitepersojlc.fr\/index.php?rest_route=%2Fwp%2Fv2%2Fcomments&post=11021"}],"version-history":[{"count":13,"href":"https:\/\/sitepersojlc.fr\/index.php?rest_route=\/wp\/v2\/pages\/11021\/revisions"}],"predecessor-version":[{"id":11680,"href":"https:\/\/sitepersojlc.fr\/index.php?rest_route=\/wp\/v2\/pages\/11021\/revisions\/11680"}],"wp:attachment":[{"href":"https:\/\/sitepersojlc.fr\/index.php?rest_route=%2Fwp%2Fv2%2Fmedia&parent=11021"}],"curies":[{"name":"wp","href":"https:\/\/api.w.org\/{rel}","templated":true}]}}