{"id":11013,"date":"2025-06-29T01:20:56","date_gmt":"2025-06-29T01:20:56","guid":{"rendered":"https:\/\/sitepersojlc.fr\/?page_id=11013"},"modified":"2026-02-03T15:59:05","modified_gmt":"2026-02-03T15:59:05","slug":"presentation-2024","status":"publish","type":"page","link":"https:\/\/sitepersojlc.fr\/?page_id=11013","title":{"rendered":"Pr\u00e9sentation 2025"},"content":{"rendered":"\n<p><\/p>\n\n\n\n<h4 style=\"text-align: center;\">Cliquez sur \u00a0\u00bb Menu Principal \u00a0\u00bb pour la mise \u00e0 jour 2026<\/h4>\n\n\n\n<p><\/p>\n\n\n\n<figure class=\"wp-block-image size-large\"><img decoding=\"async\" loading=\"lazy\" width=\"768\" height=\"1024\" src=\"https:\/\/sitepersojlc.fr\/wp-content\/uploads\/2024\/04\/IMG_5100-768x1024.jpg\" alt=\"\" class=\"wp-image-8598\" srcset=\"https:\/\/sitepersojlc.fr\/wp-content\/uploads\/2024\/04\/IMG_5100-768x1024.jpg 768w, https:\/\/sitepersojlc.fr\/wp-content\/uploads\/2024\/04\/IMG_5100-225x300.jpg 225w, https:\/\/sitepersojlc.fr\/wp-content\/uploads\/2024\/04\/IMG_5100-1152x1536.jpg 1152w, https:\/\/sitepersojlc.fr\/wp-content\/uploads\/2024\/04\/IMG_5100-1536x2048.jpg 1536w, https:\/\/sitepersojlc.fr\/wp-content\/uploads\/2024\/04\/IMG_5100-scaled.jpg 1920w\" sizes=\"(max-width: 768px) 100vw, 768px\" \/><\/figure>\n\n\n\n<p><\/p>\n\n\n\n<p><\/p>\n\n\n\n<p><\/p>\n\n\n\n<p><\/p>\n\n\n\n\n\n<p><\/p>\n\n\n\n<div class=\"wp-block-buttons is-content-justification-center is-layout-flex wp-container-1\"><\/div>\n\n\n\n<div id=\"paypal-container-EE6GJWGX3JJSL\"><\/div>\n<script>\n  paypal.HostedButtons({\n    hostedButtonId: \"EE6GJWGX3JJSL\",\n  }).render(\"#paypal-container-EE6GJWGX3JJSL\")\n<\/script>\n\n\n\n\n\n<p><\/p>\n\n\n\n<p><\/p>\n\n\n\n<p><\/p>\n\n\n\n<p><\/p>\n\n\n\n<div class=\"wp-block-uagb-buttons uagb-buttons__outer-wrap uagb-btn__default-btn uagb-btn-tablet__default-btn uagb-btn-mobile__default-btn uagb-block-d580416a\"><div class=\"uagb-buttons__wrap uagb-buttons-layout-wrap\"><\/div><\/div>\n\n\n\n<h2 style=\"text-align: center;\">Pr\u00e9sentation<\/h2>\n\n\n\n<p><\/p>\n\n\n\n<h4 style=\"text-align: justify;\">Ce site s\u2019adresse tant aux d\u00e9butants sur Excel &#8211; qui trouveront outre un Glossaire des principales fonctions d\u2019Excel utiles pour d\u00e9buter, les explications d\u00e9taill\u00e9es n\u00e9cessaires qui leur permettront de construire la trame d\u2019un bulletin de paie au format applicable \u00e0 compter de Juillet 2023 ( <strong>conforme en 2025<\/strong> ) et une table des taux mise \u00e0 jour au 01\/05\/2025 &#8211; qu\u2019aux utilisateurs plus aguerris qui aborderont alors les probl\u00e9matiques principales de la paie sous l\u2019angle d\u2019exercices corrig\u00e9s faisant appel \u00e0 Excel- et couvrant peu ou prou le programme de formation des gestionnaires de paie.&nbsp; Ainsi vous serez amen\u00e9<\/h4>\n<ul>\n<li>\n<h4>\u00e0 \u00e9tablir les diff\u00e9rents tableaux de suivi utilis\u00e9s en paie<\/h4>\n<ul>\n<li>\n<h4>suivi des TA\/T1, T2, TB; T1+T2, TA+TB\u2013 en abordant \u00e9galement la probl\u00e9matique particuli\u00e8re de la CET \u2013<\/h4>\n<\/li>\n<li>\n<h4>suivi de la limite de 2,25 SMIC applicable \u00e0 la cotisation S\u00e9curit\u00e9 Sociale, Maladie, Maternit\u00e9 Invalidit\u00e9, d\u00e9c\u00e8s de 6%<\/h4>\n<\/li>\n<li>\n<h4>suivi de la limite de 3,3 SMIC applicable \u00e0 la cotisation allocations familiales au taux major\u00e9 de 1,8 %<\/h4>\n<\/li>\n<li>\n<h4>suivi de la R\u00e9duction G\u00e9n\u00e9rale de Cotisations applicable aux salaires inf\u00e9rieurs \u00e0 1,6 SMIC.<\/h4>\n<\/li>\n<li>\n<h4>Ces diff\u00e9rents tableaux \u00e9tant \u00e9tudi\u00e9s tant en r\u00e9gularisation progressive qu\u2019en r\u00e9gularisation de fin d\u2019ann\u00e9e)<\/h4>\n<\/li>\n<\/ul>\n<\/li>\n<\/ul>\n\n\n\n<p><\/p>\n\n\n\n\n\n<h4 style=\"text-align: justify;\">Vous apprendrez \u00e9galement comment<\/h4>\n<ul>\n<li>\n<h4 style=\"text-align: justify;\">param\u00e9trer un bulletin de paie pour qu\u2019il s\u2019applique \u00e0 la fois aux cadres et aux non cadres, et ce quels que soient les effectifs de l\u2019entreprise et le salaire du mois.<\/h4>\n<\/li>\n<li style=\"text-align: justify;\">\n<h4>Construire un masque de saisie dans lequel vous r\u00e9unirez toutes les informations n\u00e9cessaires propres \u00e0 l\u2019entreprise ( les effectifs, la d\u00e9nomination sociale, le code APE, l\u2019\u00e9ventuelle convention collective applicable\u2026 et au salari\u00e9 ( son nom , son pr\u00e9nom , la fonction occup\u00e9e\u2026le salaire de base, les heures URSSAF, les \u00e9ventuelles heures suppl\u00e9mentaires ou compl\u00e9mentaires effectu\u00e9es, le plafond mensuel de la s\u00e9curit\u00e9 sociale applicable) &#8211; avant qu\u2019elles ne soient automatiquement report\u00e9es dans le ou les bulletins de paie que vous devrez \u00e9tablir.<\/h4>\n<\/li>\n<li>\n<h4>Relier un bulletin de paie \u00e0 une table des taux neutres applicables \u00e0 la demande d\u2019un salari\u00e9.<\/h4>\n<\/li>\n<\/ul>\n<h4>Vous apprendrez \u00e9galement<\/h4>\n<ul>\n<li>\n<h4 style=\"text-align: justify;\">Comment traiter les heures suppl\u00e9mentaires d\u00e9fiscalis\u00e9es<\/h4>\n<\/li>\n<li style=\"text-align: justify;\">\n<h4>Comment traiter les absences<\/h4>\n<\/li>\n<li style=\"text-align: justify;\">\n<h4>Comment traiter les cong\u00e9s pay\u00e9s<\/h4>\n<\/li>\n<li style=\"text-align: justify;\">\n<h4>\u00c9tablir la paie de d\u00e9part d\u2019un salari\u00e9 (fin de CDD, ou licenciement dans le cadre d\u2019une rupture conventionnelle collective ou individuelle, d\u2019un d\u00e9part en retraite ou d\u2019une mise \u00e0 la retraite, avec les cons\u00e9quences sociales et fiscales que cela g\u00e9n\u00e8re)<\/h4>\n<\/li>\n<li style=\"text-align: justify;\">\n<h4>Effectuer une saisie sur salaire, d\u00e9terminer la fraction du salaire saisissable et relativement insaisissable<\/h4>\n<\/li>\n<li>\n<h4 style=\"text-align: justify;\">Etablir le bulletin de paie d\u2019un salari\u00e9 en CDD court, b\u00e9n\u00e9ficiant ou non du versement sant\u00e9. Temps partiel&nbsp;<\/h4>\n<\/li>\n<li>\n<h4 style=\"text-align: justify;\">Etablir le bulletin de paie d\u2019un salari\u00e9 en arr\u00eat maladie non professionnelle, en maternit\u00e9, victime d\u2019un accident du travail, d\u2019une maladie professionnelle, d\u2019un accident de trajet \u2013 et ce, que l\u2019entreprise pratique ou non la subrogation.<\/h4>\n<\/li>\n<li>\n<h4 style=\"text-align: justify;\">Construire pas \u00e0 pas une trame de calcul automatis\u00e9 des IJSS maladie, maternit\u00e9 et accident du travail<\/h4>\n<\/li>\n<li>\n<h4 style=\"text-align: justify;\">Utiliser la valeur cible pour passer d&rsquo;un net \u00e0 payer \u00e0 un salaire brut ( ce qui est utile lorsque une entreprise maintient le salaire net en cas de maladie par exemple, ou dans le cas de l&rsquo;activit\u00e9 partielle)<\/h4>\n<\/li>\n<\/ul>\n<h4 style=\"text-align: justify;\">Pour les plus avanc\u00e9s d\u2019entre vous, vous trouverez \u00e9galement les annales corrig\u00e9es de 3 sujets (actualis\u00e9s en 2025) propos\u00e9s au \u00ab\u00a0Troph\u00e9e de la Paie\u00a0\u00bb.<\/h4>\n<h4 style=\"text-align: justify;\">Le contenu de ce site est \u00e9volutif et d\u2019autres probl\u00e9matiques seront trait\u00e9es progressivement et mises en ligne ( paies sp\u00e9cifiques, comptabilisation des bulletins de paie, ducs et codes ctp\u2026)<\/h4>\n<h4 style=\"text-align: justify;\">Le principe est donc de conjuguer l\u2019apprentissage d\u2019Excel et celui de la paie \u00e0 travers des exercices corrig\u00e9s d\u00e9taill\u00e9s et un rappel des notions essentielles \u00e0 conna\u00eetre.<\/h4>\n<h4 style=\"text-align: justify;\">Ce site r\u00e9unit <strong>100&nbsp; bulletins de paie<\/strong> soigneusement expliqu\u00e9s et une trentaine de maquettes.Cf le lien ci-dessous pour le contenu d\u00e9taill\u00e9 ( liste des fichiers chapitre par chapitre)&nbsp;<\/h4>\n<h4 style=\"text-align: justify;\">Vous pouvez acc\u00e9der GRATUITEMENT aux fichiers de la paie 2024 et aux fichiers 2025 <strong>.&nbsp;<\/strong><\/h4>\n<h4 style=\"text-align: justify;\">Le site&nbsp; est le compl\u00e9ment en <strong>2025<\/strong> du Livre \u00ab\u00a0<em>Excel pour la Paie : <\/em><em>Exercices corrig\u00e9s sur la paie Initiation et Approfondissements\u00a0\u00bb <\/em>en vente sur Amazon sous forme d&rsquo;e-book &#8211;&nbsp; au prix de <strong>9,99<\/strong> euros <a href=\"https:\/\/www.amazon.fr\/Excel-pour-Paie-2025-Approfondissements-ebook\/dp\/B0FC6RNXQZ\/ref=sr_1_1?__mk_fr_FR=%C3%85M%C3%85%C5%BD%C3%95%C3%91&amp;crid=5XZE419MLV1U&amp;dib=eyJ2IjoiMSJ9.2LDCZZqIt9GFUA5vxYjJnl8_bmsUoIyXnUbl9uKuYJHGjHj071QN20LucGBJIEps.-VU5d0ZMojXGKpNPKNerkrW1gUEhIdzdiAbcW2TxZ18&amp;dib_tag=se&amp;keywords=jacques+le+chevanton&amp;qid=1770133915&amp;sprefix=jacques+le+chevanton%2Caps%2C377&amp;sr=8-1\">(Excel pour la Paie 2025 : Exercices corrig\u00e9s sur la paie Initiation et Approfondissements: A jour des modifications intervenues au 01\/05\/2025 eBook : LE CHEVANTON, Jacques: Amazon.fr: Boutique Kindle)<\/a><\/h4>\n<h4 style=\"text-align: justify;\">\u2013 <em><strong>mais peut aussi se suffire \u00e0 lui-m\u00eame si vous recherchez simplement des exercices corrig\u00e9s.<\/strong><\/em><\/h4>\n<h4 style=\"text-align: justify;\">Ceux d&rsquo;entre vous qui d\u00e9sireraient la version WORD du livre peuvent le faire en cliquant sur \u00ab\u00a0Menu Principal\u00a0\u00bb . Vous avez un bouton de paiement <strong>Paypal<\/strong> en bas de page et quelques explications compl\u00e9mentaires.&nbsp;<\/h4>\n<h4 style=\"text-align: justify;\">Ce site ne se substitue en rien \u00e0 un cours th\u00e9orique et exhaustif mais part du principe qu\u2019un <strong>exercice parfaitement travaill\u00e9, de fa\u00e7on approfondie vous apprendra l\u2019essentiel sur la probl\u00e9matique abord\u00e9e<\/strong> et vous permettra de r\u00e9soudre les cas que vous pourrez \u00eatre amen\u00e9 \u00e0 traiter dans un contexte d\u2019examen ou de contr\u00f4le des connaissances.<\/h4>\n\n\n\n<p><\/p>\n\n\n\n<figure class=\"wp-block-image size-full is-resized\"><img decoding=\"async\" loading=\"lazy\" src=\"https:\/\/sitepersojlc.fr\/wp-content\/uploads\/2025\/06\/image-3.png\" alt=\"\" class=\"wp-image-11005\" width=\"760\" height=\"1200\" srcset=\"https:\/\/sitepersojlc.fr\/wp-content\/uploads\/2025\/06\/image-3.png 332w, https:\/\/sitepersojlc.fr\/wp-content\/uploads\/2025\/06\/image-3-190x300.png 190w\" sizes=\"(max-width: 760px) 100vw, 760px\" \/><\/figure>\n\n\n\n<p><\/p>\n\n\n\n<h4 style=\"text-align: justify;\">Ci-dessous en t\u00e9l\u00e9chargement&nbsp; les 2 fichiers suivants :<\/h4>\n\n\n\n<p><\/p>\n\n\n\n<div class=\"wp-block-buttons is-layout-flex\">\n<div class=\"wp-block-button has-custom-width wp-block-button__width-50 has-custom-font-size is-style-outline has-medium-font-size\"><a class=\"wp-block-button__link has-white-color has-vivid-red-background-color has-text-color has-background wp-element-button\" href=\"https:\/\/sitepersojlc.fr\/wp-content\/uploads\/2023\/09\/COMPLEMENTAUGLOSSAIRE.zip\" style=\"border-radius:87px\">Compl\u00e9ment au Glossaire <\/a><\/div>\n\n\n\n<div class=\"wp-block-button has-custom-width wp-block-button__width-50 has-custom-font-size is-style-outline has-medium-font-size\"><a class=\"wp-block-button__link has-white-color has-vivid-red-background-color has-text-color has-background wp-element-button\" href=\"https:\/\/sitepersojlc.fr\/wp-content\/uploads\/2025\/05\/2025.-LE-PMSS-SUR-1-MOIS-ISOLE-ET-REGULARISATION-EN-FIN-DANNEE-CORRECTION1-1.zip\" style=\"border-radius:87px\">Le PMSS sur 1 mois isol\u00e9 <\/a><\/div>\n<\/div>\n\n\n\n<p><\/p>\n\n\n\n<p><\/p>\n\n\n\n<h4>&nbsp;<\/h4>\n<h4 style=\"text-align: justify;\">Ainsi que la liste des fichiers pr\u00e9sents sur le site, d\u00e9taill\u00e9e chapitre par chapitre<\/h4>\n<p>&nbsp;<\/p>\n\n\n\n<p><\/p>\n\n\n\n<div class=\"wp-block-buttons is-layout-flex\">\n<div class=\"wp-block-button has-custom-width wp-block-button__width-100 has-custom-font-size has-medium-font-size\"><a class=\"wp-block-button__link has-white-color has-vivid-cyan-blue-background-color has-text-color has-background wp-element-button\" href=\"https:\/\/sitepersojlc.fr\/wp-content\/uploads\/2023\/11\/FICHIERS-PRESENTS-SUR-LE-SITE.zip\" style=\"border-radius:87px\">Liste des fichiers Chapitre par Chapitre <\/a><\/div>\n<\/div>\n\n\n\n<p><\/p>\n\n\n\n<p><\/p>\n\n\n\n<div class=\"wp-block-uagb-buttons uagb-buttons__outer-wrap uagb-btn__default-btn uagb-btn-tablet__default-btn uagb-btn-mobile__default-btn uagb-block-18bc8107\"><div class=\"uagb-buttons__wrap uagb-buttons-layout-wrap\">\n<div class=\"wp-block-uagb-buttons-child uagb-buttons__outer-wrap uagb-block-2e2abe0f wp-block-button is-style-outline\"><div class=\"uagb-button__wrapper\"><a class=\"uagb-buttons-repeater wp-block-button__link has-background has-text-color\" href=\"https:\/\/sitepersojlc.fr\/wp-content\/uploads\/2025\/07\/EX-2-CDD-COURT-SUR-3-MOIS.zip\" onclick=\"return true;\" rel=\"follow noopener\" target=\"_self\"><div class=\"uagb-button__link\">Exemple de correction propos\u00e9e (CDD Court) <\/div><\/a><\/div><\/div>\n<\/div><\/div>\n\n\n\n<p><\/p>\n\n\n\n<p><\/p>\n\n\n\n<h4 style=\"text-align: justify;\">&nbsp;<\/h4>\n<h4 style=\"text-align: justify;\">Pour ceux que cela int\u00e9resse vous pourrez vous accorder un moment de d\u00e9tente et&nbsp; lire quelques articles sur les probl\u00e9matiques du d\u00e9veloppement durable (et d&rsquo;autres encore) \u00e9crits par des chercheurs et des universitaires de renom, le plus souvent membres de l&rsquo;Acad\u00e9mie Mondiale des Arts et des Sciences.<\/h4>\n<h4 style=\"text-align: justify;\">N&rsquo;h\u00e9sitez pas \u00e0 me faire part de vos remarques. (adresse sitepersojlc@yahoo.com)<\/h4>\n\n\n\n<p><\/p>\n\n\n\n<p><\/p>\n\n\n\n\n\n<p><\/p>\n\n\n\n<p><\/p>\n<div class=\"likebtn_container\" style=\"\"><!-- LikeBtn.com BEGIN --><span class=\"likebtn-wrapper\"  data-identifier=\"page_11013\"  data-site_id=\"6663fc396fd08b3d0b514646\"  data-lang=\"fr\"  data-style=\"\"  data-unlike_allowed=\"\"  data-show_copyright=\"\"  data-item_url=\"https:\/\/sitepersojlc.fr\/?page_id=11013\"  data-item_title=\"Pr\u00e9sentation 2025\"  data-item_date=\"2025-06-29T01:20:56+00:00\"  data-engine=\"WordPress\"  data-plugin_v=\"2.6.52\"  data-prx=\"https:\/\/sitepersojlc.fr\/wp-admin\/admin-ajax.php?action=likebtn_prx\"  data-event_handler=\"likebtn_eh\" ><\/span><!-- LikeBtn.com END --><\/div>","protected":false},"excerpt":{"rendered":"<p>Cliquez sur \u00a0\u00bb Menu Principal \u00a0\u00bb pour la mise \u00e0 jour 2026 Pr\u00e9sentation Ce site s\u2019adresse tant aux d\u00e9butants sur Excel &#8211; qui trouveront outre un Glossaire des principales fonctions d\u2019Excel utiles pour d\u00e9buter, les explications d\u00e9taill\u00e9es n\u00e9cessaires qui leur permettront de construire la trame d\u2019un bulletin de paie au format applicable \u00e0 compter de [&hellip;]<\/p>\n<div class=\"likebtn_container\" style=\"\"><!-- LikeBtn.com BEGIN --><span class=\"likebtn-wrapper\"  data-identifier=\"page_11013\"  data-site_id=\"6663fc396fd08b3d0b514646\"  data-lang=\"fr\"  data-style=\"\"  data-unlike_allowed=\"\"  data-show_copyright=\"\"  data-item_url=\"https:\/\/sitepersojlc.fr\/?page_id=11013\"  data-item_title=\"Pr\u00e9sentation 2025\"  data-item_date=\"2025-06-29T01:20:56+00:00\"  data-engine=\"WordPress\"  data-plugin_v=\"2.6.52\"  data-prx=\"https:\/\/sitepersojlc.fr\/wp-admin\/admin-ajax.php?action=likebtn_prx\"  data-event_handler=\"likebtn_eh\" ><\/span><!-- LikeBtn.com END --><\/div>","protected":false},"author":1,"featured_media":0,"parent":0,"menu_order":0,"comment_status":"closed","ping_status":"closed","template":"","meta":{"om_disable_all_campaigns":false,"_uag_custom_page_level_css":"","_monsterinsights_skip_tracking":false,"_monsterinsights_sitenote_active":false,"_monsterinsights_sitenote_note":"","_monsterinsights_sitenote_category":0,"_uf_show_specific_survey":0,"_uf_disable_surveys":false,"footnotes":""},"aioseo_notices":[],"uagb_featured_image_src":{"full":false,"thumbnail":false,"medium":false,"medium_large":false,"large":false,"1536x1536":false,"2048x2048":false},"uagb_author_info":{"display_name":"lechev.1910@gmail.com","author_link":"https:\/\/sitepersojlc.fr\/?author=1"},"uagb_comment_info":0,"uagb_excerpt":"Cliquez sur \u00a0\u00bb Menu Principal \u00a0\u00bb pour la mise \u00e0 jour 2026 Pr\u00e9sentation Ce site s\u2019adresse tant aux d\u00e9butants sur Excel &#8211; qui trouveront outre un Glossaire des principales fonctions d\u2019Excel utiles pour d\u00e9buter, les explications d\u00e9taill\u00e9es n\u00e9cessaires qui leur permettront de construire la trame d\u2019un bulletin de paie au format applicable \u00e0 compter de\u2026","_links":{"self":[{"href":"https:\/\/sitepersojlc.fr\/index.php?rest_route=\/wp\/v2\/pages\/11013"}],"collection":[{"href":"https:\/\/sitepersojlc.fr\/index.php?rest_route=\/wp\/v2\/pages"}],"about":[{"href":"https:\/\/sitepersojlc.fr\/index.php?rest_route=\/wp\/v2\/types\/page"}],"author":[{"embeddable":true,"href":"https:\/\/sitepersojlc.fr\/index.php?rest_route=\/wp\/v2\/users\/1"}],"replies":[{"embeddable":true,"href":"https:\/\/sitepersojlc.fr\/index.php?rest_route=%2Fwp%2Fv2%2Fcomments&post=11013"}],"version-history":[{"count":31,"href":"https:\/\/sitepersojlc.fr\/index.php?rest_route=\/wp\/v2\/pages\/11013\/revisions"}],"predecessor-version":[{"id":13201,"href":"https:\/\/sitepersojlc.fr\/index.php?rest_route=\/wp\/v2\/pages\/11013\/revisions\/13201"}],"wp:attachment":[{"href":"https:\/\/sitepersojlc.fr\/index.php?rest_route=%2Fwp%2Fv2%2Fmedia&parent=11013"}],"curies":[{"name":"wp","href":"https:\/\/api.w.org\/{rel}","templated":true}]}}