{"id":10188,"date":"2025-05-13T15:42:23","date_gmt":"2025-05-13T15:42:23","guid":{"rendered":"https:\/\/sitepersojlc.fr\/?page_id=10188"},"modified":"2025-10-17T18:31:03","modified_gmt":"2025-10-17T18:31:03","slug":"taux-neutre","status":"publish","type":"page","link":"https:\/\/sitepersojlc.fr\/?page_id=10188","title":{"rendered":"Taux Neutre 2025"},"content":{"rendered":"\n<p><\/p>\n\n\n\n<figure class=\"wp-block-image size-full is-resized\"><img decoding=\"async\" loading=\"lazy\" src=\"https:\/\/sitepersojlc.fr\/wp-content\/uploads\/2025\/05\/temple-uluwatu-paysage-culture-falaise.jpg\" alt=\"\" class=\"wp-image-9930\" width=\"760\" height=\"504\" srcset=\"https:\/\/sitepersojlc.fr\/wp-content\/uploads\/2025\/05\/temple-uluwatu-paysage-culture-falaise.jpg 600w, https:\/\/sitepersojlc.fr\/wp-content\/uploads\/2025\/05\/temple-uluwatu-paysage-culture-falaise-300x199.jpg 300w\" sizes=\"(max-width: 760px) 100vw, 760px\" \/><\/figure>\n\n\n\n<p><\/p>\n\n\n\n<p><\/p>\n\n\n\n<h4 style=\"text-align: justify;\">Si dans un classeur vous constatez que la grille de taux neutre propos\u00e9e n&rsquo;est pas la bonne vous avez 2 solutions pour rem\u00e9dier au probl\u00e8me.<\/h4>\n<h4 style=\"text-align: justify;\">L&rsquo;une tr\u00e8s simple (solution 2 dans le fichier propos\u00e9 ci-dessous) consiste \u00e0 faire un simple COPIER \/ COLLER<\/h4>\n<h4 style=\"text-align: justify;\">L&rsquo;autre un peu plus longue (solution 1 dans le fichier propos\u00e9 ci-dessous) mais qui a le m\u00e9rite de vous apprendre \u00e0 manipuler des liens entre classeurs.<\/h4>\n\n\n\n<p><\/p>\n\n\n\n<p><\/p>\n\n\n\n<div class=\"wp-block-buttons is-layout-flex\"><\/div>\n\n\n\n<div class=\"wp-block-uagb-buttons uagb-buttons__outer-wrap uagb-btn__default-btn uagb-btn-tablet__default-btn uagb-btn-mobile__default-btn uagb-block-47644b5a\"><div class=\"uagb-buttons__wrap uagb-buttons-layout-wrap\">\n<div class=\"wp-block-uagb-buttons-child uagb-buttons__outer-wrap uagb-block-8e767e6c wp-block-button is-style-outline\"><div class=\"uagb-button__wrapper\"><a class=\"uagb-buttons-repeater wp-block-button__link has-background has-text-color\" href=\"https:\/\/sitepersojlc.fr\/wp-content\/uploads\/2025\/05\/AUTOMATISATION-TAUX-NEUTRE-DANS-CLASSEUR.zip\" onclick=\"return true;\" rel=\"follow noopener\" target=\"_self\"><div class=\"uagb-button__link\">Introduire une table de taux neutre automatis\u00e9e <\/div><\/a><\/div><\/div>\n<\/div><\/div>\n\n\n\n<p><\/p>\n\n\n\n<p><\/p>\n\n\n\n<p><\/p>\n\n\n\n<h4 style=\"text-align: justify;\">Comment automatiser la grille de taux neutre utilis\u00e9e dans la maquette de bulletin de paie sur un mois isol\u00e9 de fa\u00e7on \u00e0 renvoyer la grille applicable avant le 01\/05\/2025 ou \u00e0 compter du 01\/05\/2025 selon les hypoth\u00e8ses pos\u00e9es. Retrouvez dans le fichier ci-dessous le d\u00e9tail des explications.<\/h4>\n<h4 style=\"text-align: justify;\">N\u2019h\u00e9sitez pas \u00e0 me faire part de vos remarques. (adresse : sitepersojlc@yahoo.com)<\/h4>\n\n\n\n<p><\/p>\n\n\n\n<p><\/p>\n\n\n\n<div class=\"wp-block-uagb-buttons uagb-buttons__outer-wrap uagb-btn__default-btn uagb-btn-tablet__default-btn uagb-btn-mobile__default-btn uagb-block-8c5158d8\"><div class=\"uagb-buttons__wrap uagb-buttons-layout-wrap\">\n<div class=\"wp-block-uagb-buttons-child uagb-buttons__outer-wrap uagb-block-0f85f207 wp-block-button is-style-outline\"><div class=\"uagb-button__wrapper\"><a class=\"uagb-buttons-repeater wp-block-button__link has-background has-text-color\" href=\"https:\/\/sitepersojlc.fr\/wp-content\/uploads\/2025\/05\/EXPLICATION-TAUX-NEUTRE.zip\" onclick=\"return true;\" rel=\"follow noopener\" target=\"_self\"><div class=\"uagb-button__link\">Taux Neutre 2025 <\/div><\/a><\/div><\/div>\n<\/div><\/div>\n<div class=\"likebtn_container\" style=\"\"><!-- LikeBtn.com BEGIN --><span class=\"likebtn-wrapper\"  data-identifier=\"page_10188\"  data-site_id=\"6663fc396fd08b3d0b514646\"  data-lang=\"fr\"  data-style=\"\"  data-unlike_allowed=\"\"  data-show_copyright=\"\"  data-item_url=\"https:\/\/sitepersojlc.fr\/?page_id=10188\"  data-item_title=\"Taux Neutre 2025\"  data-item_date=\"2025-05-13T15:42:23+00:00\"  data-engine=\"WordPress\"  data-plugin_v=\"2.6.52\"  data-prx=\"https:\/\/sitepersojlc.fr\/wp-admin\/admin-ajax.php?action=likebtn_prx\"  data-event_handler=\"likebtn_eh\" ><\/span><!-- LikeBtn.com END --><\/div>","protected":false},"excerpt":{"rendered":"<p>Si dans un classeur vous constatez que la grille de taux neutre propos\u00e9e n&rsquo;est pas la bonne vous avez 2 solutions pour rem\u00e9dier au probl\u00e8me. L&rsquo;une tr\u00e8s simple (solution 2 dans le fichier propos\u00e9 ci-dessous) consiste \u00e0 faire un simple COPIER \/ COLLER L&rsquo;autre un peu plus longue (solution 1 dans le fichier propos\u00e9 ci-dessous) [&hellip;]<\/p>\n<div class=\"likebtn_container\" style=\"\"><!-- LikeBtn.com BEGIN --><span class=\"likebtn-wrapper\"  data-identifier=\"page_10188\"  data-site_id=\"6663fc396fd08b3d0b514646\"  data-lang=\"fr\"  data-style=\"\"  data-unlike_allowed=\"\"  data-show_copyright=\"\"  data-item_url=\"https:\/\/sitepersojlc.fr\/?page_id=10188\"  data-item_title=\"Taux Neutre 2025\"  data-item_date=\"2025-05-13T15:42:23+00:00\"  data-engine=\"WordPress\"  data-plugin_v=\"2.6.52\"  data-prx=\"https:\/\/sitepersojlc.fr\/wp-admin\/admin-ajax.php?action=likebtn_prx\"  data-event_handler=\"likebtn_eh\" ><\/span><!-- LikeBtn.com END --><\/div>","protected":false},"author":1,"featured_media":0,"parent":0,"menu_order":0,"comment_status":"closed","ping_status":"closed","template":"","meta":{"om_disable_all_campaigns":false,"_uag_custom_page_level_css":"","_monsterinsights_skip_tracking":false,"_monsterinsights_sitenote_active":false,"_monsterinsights_sitenote_note":"","_monsterinsights_sitenote_category":0,"_uf_show_specific_survey":0,"_uf_disable_surveys":false,"footnotes":""},"aioseo_notices":[],"uagb_featured_image_src":{"full":false,"thumbnail":false,"medium":false,"medium_large":false,"large":false,"1536x1536":false,"2048x2048":false},"uagb_author_info":{"display_name":"lechev.1910@gmail.com","author_link":"https:\/\/sitepersojlc.fr\/?author=1"},"uagb_comment_info":0,"uagb_excerpt":"Si dans un classeur vous constatez que la grille de taux neutre propos\u00e9e n&rsquo;est pas la bonne vous avez 2 solutions pour rem\u00e9dier au probl\u00e8me. L&rsquo;une tr\u00e8s simple (solution 2 dans le fichier propos\u00e9 ci-dessous) consiste \u00e0 faire un simple COPIER \/ COLLER L&rsquo;autre un peu plus longue (solution 1 dans le fichier propos\u00e9 ci-dessous)\u2026","_links":{"self":[{"href":"https:\/\/sitepersojlc.fr\/index.php?rest_route=\/wp\/v2\/pages\/10188"}],"collection":[{"href":"https:\/\/sitepersojlc.fr\/index.php?rest_route=\/wp\/v2\/pages"}],"about":[{"href":"https:\/\/sitepersojlc.fr\/index.php?rest_route=\/wp\/v2\/types\/page"}],"author":[{"embeddable":true,"href":"https:\/\/sitepersojlc.fr\/index.php?rest_route=\/wp\/v2\/users\/1"}],"replies":[{"embeddable":true,"href":"https:\/\/sitepersojlc.fr\/index.php?rest_route=%2Fwp%2Fv2%2Fcomments&post=10188"}],"version-history":[{"count":9,"href":"https:\/\/sitepersojlc.fr\/index.php?rest_route=\/wp\/v2\/pages\/10188\/revisions"}],"predecessor-version":[{"id":10261,"href":"https:\/\/sitepersojlc.fr\/index.php?rest_route=\/wp\/v2\/pages\/10188\/revisions\/10261"}],"wp:attachment":[{"href":"https:\/\/sitepersojlc.fr\/index.php?rest_route=%2Fwp%2Fv2%2Fmedia&parent=10188"}],"curies":[{"name":"wp","href":"https:\/\/api.w.org\/{rel}","templated":true}]}}